{"id":7518,"date":"2023-02-01T14:01:41","date_gmt":"2023-02-01T14:01:41","guid":{"rendered":"https:\/\/moverdb.com\/?page_id=7518"},"modified":"2026-01-08T15:23:44","modified_gmt":"2026-01-08T15:23:44","slug":"moving-companies-honduras","status":"publish","type":"page","link":"https:\/\/moverdb.com\/et\/moving-companies\/moving-companies-honduras\/","title":{"rendered":"2 parimat rahvusvahelist kolimisfirmat Hondurases"},"content":{"rendered":"<p>Kolimine v\u00f5ib olla keeruline ja stressirohke aeg, nii et kui te plaanite kolida Hondurasse, Hondurasest v\u00f5i Hondurase piires, siis v\u00f5ite vajada abi <a href=\"https:\/\/moverdb.com\/et\/moving-companies\/\" data-internallinksmanager029f6b8e52c=\"79\" title=\"Top 25 rahvusvahelist kolimisfirmat Internetis\">kolimisfirma<\/a>. Allpool oleme koostanud nimekirja Hondurases asuvatest <a href=\"https:\/\/moverdb.com\/et\/international-removals\/\" data-internallinksmanager029f6b8e52c=\"27\" title=\"36 Parimad rahvusvahelised kolimisfirmad \u00dchendkuningriigis\">kolimisfirmad<\/a> mis on liikmed <a href=\"https:\/\/moverdb.com\/et\/iam\/\" data-internallinksmanager029f6b8e52c=\"23\" title=\"Rahvusvaheline kolijate assotsiatsioon (IAM) Selgitatud\">Rahvusvaheline kolijate assotsiatsioon<\/a> (IAM) ja\/v\u00f5i <a href=\"https:\/\/moverdb.com\/et\/fidi-faim\/\" data-internallinksmanager029f6b8e52c=\"16\" title=\"FIDI &amp; FAIM (FIDI akrediteeritud rahvusvaheline kolija) selgitatud\">FIDI<\/a> akrediteeritud rahvusvaheline kolija (FAIM), kes v\u00f5iks aidata teie kolimisel.<\/p>\n<h2><strong>1. Mudanzas International<\/strong><\/h2>\n<p><img loading=\"lazy\" decoding=\"async\" class=\"alignnone size-full wp-image-7471\" src=\"https:\/\/moverdb.com\/wp-content\/uploads\/Mudanzas-International-moving-company.png\" alt=\"Mudanzas Rahvusvaheline kolimisfirma\" width=\"1440\" height=\"681\" data-wp-pid=\"7471\" srcset=\"https:\/\/moverdb.com\/wp-content\/uploads\/Mudanzas-International-moving-company.png 1440w, https:\/\/moverdb.com\/wp-content\/uploads\/Mudanzas-International-moving-company-300x142.png 300w, https:\/\/moverdb.com\/wp-content\/uploads\/Mudanzas-International-moving-company-1024x484.png 1024w, https:\/\/moverdb.com\/wp-content\/uploads\/Mudanzas-International-moving-company-18x9.png 18w, https:\/\/moverdb.com\/wp-content\/uploads\/Mudanzas-International-moving-company-600x284.png 600w\" sizes=\"auto, (max-width: 1440px) 100vw, 1440px\" \/><\/p>\n<ul>\n<li>Riiklikud liikumised<\/li>\n<li>Rahvusvahelised liikumised<\/li>\n<li>Kodumajapidamiste kolimised<\/li>\n<li>Ukselt-uksele teenus<\/li>\n<li>Professionaalne pakkimisteenus<\/li>\n<li>Omane s\u00f5idukipark<\/li>\n<li>Maantee-, mere- ja \u00f5huvedu<\/li>\n<li>Tollitoetus<\/li>\n<li>S\u00f5iduki transport<\/li>\n<li>Ladustamisv\u00f5imaluste valik<\/li>\n<\/ul>\n<p>Mudanzas International on rahvusvaheline kolimis-, pakkimis- ja ladustamisettev\u00f5te, millel on \u00fcle 25 aasta pikkune kogemus. Nad on IAMi liige, kellel on 32-aastane kogemus, mis annab neile juurdep\u00e4\u00e4su rahvusvahelisele kolimisagentide v\u00f5rgustikule, et aidata kolimistel v\u00e4lismaal.<\/p>\n<p>Mudanzas International pakub personaalset kolimisteenust riigisisesteks ja rahvusvahelisteks kolimisteks ukselt-uksele teenusega. Nad pakuvad professionaalset pakkimisteenust, et kaitsta teie asju transportimisel. Nad v\u00f5ivad korraldada maanteeveo oma autopargiga, \u00f5hu- ja meretranspordi ning pakkuda tuge tolliteenuste osutamisel. Nad v\u00f5ivad pakkuda ka s\u00f5idukite ja mootorrataste transporti.<\/p>\n<p>Veebileht: <a href=\"http:\/\/www.mudanzasinternational.net\" target=\"_blank\" rel=\"noopener\">http:\/\/www.mudanzasinternational.net<\/a><\/p>\n<h2><strong>2. Mudanzas Airlift<\/strong><\/h2>\n<p><img loading=\"lazy\" decoding=\"async\" class=\"alignnone size-full wp-image-7470\" src=\"https:\/\/moverdb.com\/wp-content\/uploads\/Mudanzas-Airlift-international-moving-company.png\" alt=\"Mudanzas Airlift rahvusvaheline kolimisfirma\" width=\"1440\" height=\"678\" data-wp-pid=\"7470\" srcset=\"https:\/\/moverdb.com\/wp-content\/uploads\/Mudanzas-Airlift-international-moving-company.png 1440w, https:\/\/moverdb.com\/wp-content\/uploads\/Mudanzas-Airlift-international-moving-company-300x141.png 300w, https:\/\/moverdb.com\/wp-content\/uploads\/Mudanzas-Airlift-international-moving-company-1024x482.png 1024w, https:\/\/moverdb.com\/wp-content\/uploads\/Mudanzas-Airlift-international-moving-company-18x8.png 18w, https:\/\/moverdb.com\/wp-content\/uploads\/Mudanzas-Airlift-international-moving-company-600x283.png 600w\" sizes=\"auto, (max-width: 1440px) 100vw, 1440px\" \/><\/p>\n<ul>\n<li>Riiklikud liikumised<\/li>\n<li>Rahvusvahelised liikumised<\/li>\n<li>Kodumajapidamiste kolimised<\/li>\n<li>Ukselt-uksele teenus<\/li>\n<li>Pakkimisteenus<\/li>\n<li>Transpordi korraldamine<\/li>\n<li>Tollivormistus<\/li>\n<li>S\u00f5iduki transport<\/li>\n<li>Kindlustus<\/li>\n<li>Ladustamisteenus<\/li>\n<\/ul>\n<p>Mudanzas Airlift on 1963. aastal asutatud rahvusvaheline kolimis-, transpordi- ja logistikafirma. Nende peakontor asub Tegucigalpas ja filiaal San Pedro Sula linnas. Nad on IAMi liige, mis annab neile rahvusvahelise kolimisagentide v\u00f5rgustiku.<\/p>\n<p>Mudanzas Airlift pakub kolimiseelset \u00fclevaatust, et aidata hinnata teie vajadusi. Nad pakuvad ukselt-uksele v\u00f5i ukselt-uksele<a href=\"https:\/\/moverdb.com\/et\/top-49-container-ports\/\" data-internallinksmanager029f6b8e52c=\"80\" title=\"Top 49 suurimat ja tihedaima liiklusega konteinersadamat 2025. aastal\">sadam<\/a> teenus, mis sisaldab pakkimis- ja pakkimisteenust, et kaitsta teie esemeid kolimise ajal. Nad korraldavad teie asjade transpordi ning aitavad tollivormistuse ja kindlustusega. Samuti pakuvad nad s\u00f5idukitransporti ja ladustamislahendusi, kui te neid vajate.<\/p>\n<p>Veebileht: <a href=\"http:\/\/www.mudanzasairlift.com\" target=\"_blank\" rel=\"noopener\">http:\/\/www.mudanzasairlift.com<\/a><\/p>","protected":false},"excerpt":{"rendered":"<p>Moving can be a complicated and stressful time so if you are planning a move to, from or within Honduras, you may want the help of a moving company. Below we have compiled a list of Honduras based removal companies that are members of the International Association of Movers (IAM) and\/or FIDI Accredited International Mover [&hellip;]<\/p>\n","protected":false},"author":4,"featured_media":0,"parent":190,"menu_order":0,"comment_status":"closed","ping_status":"closed","template":"","meta":{"_genesis_hide_title":false,"_genesis_hide_breadcrumbs":false,"_genesis_hide_singular_image":false,"_genesis_hide_footer_widgets":false,"_genesis_custom_body_class":"","_genesis_custom_post_class":"","_genesis_layout":"","footnotes":""},"class_list":{"0":"post-7518","1":"page","2":"type-page","3":"status-publish","5":"entry","6":"has-post-thumbnail"},"_links":{"self":[{"href":"https:\/\/moverdb.com\/et\/wp-json\/wp\/v2\/pages\/7518","targetHints":{"allow":["GET"]}}],"collection":[{"href":"https:\/\/moverdb.com\/et\/wp-json\/wp\/v2\/pages"}],"about":[{"href":"https:\/\/moverdb.com\/et\/wp-json\/wp\/v2\/types\/page"}],"author":[{"embeddable":true,"href":"https:\/\/moverdb.com\/et\/wp-json\/wp\/v2\/users\/4"}],"replies":[{"embeddable":true,"href":"https:\/\/moverdb.com\/et\/wp-json\/wp\/v2\/comments?post=7518"}],"version-history":[{"count":1,"href":"https:\/\/moverdb.com\/et\/wp-json\/wp\/v2\/pages\/7518\/revisions"}],"predecessor-version":[{"id":7519,"href":"https:\/\/moverdb.com\/et\/wp-json\/wp\/v2\/pages\/7518\/revisions\/7519"}],"up":[{"embeddable":true,"href":"https:\/\/moverdb.com\/et\/wp-json\/wp\/v2\/pages\/190"}],"wp:attachment":[{"href":"https:\/\/moverdb.com\/et\/wp-json\/wp\/v2\/media?parent=7518"}],"curies":[{"name":"wp","href":"https:\/\/api.w.org\/{rel}","templated":true}]}}