{"id":7516,"date":"2023-02-01T14:01:04","date_gmt":"2023-02-01T14:01:04","guid":{"rendered":"https:\/\/moverdb.com\/?page_id=7516"},"modified":"2026-01-08T15:29:56","modified_gmt":"2026-01-08T15:29:56","slug":"moving-companies-guyana","status":"publish","type":"page","link":"https:\/\/moverdb.com\/et\/moving-companies\/moving-companies-guyana\/","title":{"rendered":"Parimad rahvusvahelised kolimisfirmad Guyanas"},"content":{"rendered":"<p>Kui te plaanite kolida Guyana v\u00f5i Guyana piires, v\u00f5ite vajada abi kolimisel. Professionaalne <a href=\"https:\/\/moverdb.com\/et\/moving-companies\/\" data-internallinksmanager029f6b8e52c=\"79\" title=\"Top 25 rahvusvahelist kolimisfirmat Internetis\">kolimisfirmad<\/a> v\u00f5ib v\u00e4hendada pakkimise, planeerimise ja kolimise korraldamisega kaasnevat t\u00f6\u00f6mahtu. Allpool oleme koostanud nimekirja Guyana p\u00f5hinevatest <a href=\"https:\/\/moverdb.com\/et\/international-removals\/\" data-internallinksmanager029f6b8e52c=\"27\" title=\"36 Parimad rahvusvahelised kolimisfirmad \u00dchendkuningriigis\">kolimisfirmad<\/a> mis on liikmed <a href=\"https:\/\/moverdb.com\/et\/iam\/\" data-internallinksmanager029f6b8e52c=\"23\" title=\"Rahvusvaheline kolijate assotsiatsioon (IAM) Selgitatud\">Rahvusvaheline kolijate assotsiatsioon<\/a> (IAM) ja\/v\u00f5i <a href=\"https:\/\/moverdb.com\/et\/fidi-faim\/\" data-internallinksmanager029f6b8e52c=\"16\" title=\"FIDI &amp; FAIM (FIDI akrediteeritud rahvusvaheline kolija) selgitatud\">FIDI<\/a> akrediteeritud rahvusvaheline kolija (FAIM), kes v\u00f5iks teid teie kolimisel aidata.<\/p>\n<p><strong>Guywillship<\/strong><\/p>\n<p><img loading=\"lazy\" decoding=\"async\" class=\"alignnone size-full wp-image-7448\" src=\"https:\/\/moverdb.com\/wp-content\/uploads\/Guywillship-international-moving-company.png\" alt=\"Guywillship rahvusvaheline kolimisfirma\" width=\"1440\" height=\"679\" data-wp-pid=\"7448\" srcset=\"https:\/\/moverdb.com\/wp-content\/uploads\/Guywillship-international-moving-company.png 1440w, https:\/\/moverdb.com\/wp-content\/uploads\/Guywillship-international-moving-company-300x141.png 300w, https:\/\/moverdb.com\/wp-content\/uploads\/Guywillship-international-moving-company-1024x483.png 1024w, https:\/\/moverdb.com\/wp-content\/uploads\/Guywillship-international-moving-company-18x8.png 18w, https:\/\/moverdb.com\/wp-content\/uploads\/Guywillship-international-moving-company-600x283.png 600w\" sizes=\"auto, (max-width: 1440px) 100vw, 1440px\" \/><\/p>\n<ul>\n<li>Pakub ainult pealev\u00f5tmis- ja kohaletoimetamisteenust<\/li>\n<li>Spetsialiseerub j\u00e4rgmistele valdkondadele <a href=\"https:\/\/moverdb.com\/et\/moving-to-the-united-states\/\" data-internallinksmanager029f6b8e52c=\"94\" title=\"Kolimine Ameerika \u00dchendriikidesse? 2022 Elamiskulud ja kolimisn\u00f5uanded\">USA<\/a> Kariibi mere saadetised<\/li>\n<li>\u00dclemeremaade liikumised<\/li>\n<li>Kodumajapidamiste kolimised<\/li>\n<li>Kaubavedu<\/li>\n<li>Ukselt-uksele teenus<\/li>\n<li>Maantee-, mere- ja \u00f5hutransport<\/li>\n<li>Nutikas j\u00e4lgimine<\/li>\n<li>Saadetiste konsolideerimine<\/li>\n<li>IAMi liige<\/li>\n<\/ul>\n<p>Guywillship on laevandus- ja logistikaagent, kes on spetsialiseerunud kaupade liikumisele USA ja Kariibi mere vahel. Neil on \u00fcle 30 aasta kogemust kaupade liikumisel. Nad on IAMi liige, mis annab neile juurdep\u00e4\u00e4su rahvusvaheliste kolimisagentide v\u00f5rgustikule, et pakkuda oma teenuseid.<\/p>\n<p>Guywillship pakub ukselt-uksele pealev\u00f5tmis- ja kohaletoimetamisteenust, mis sobib neile, kes kolivad. Nad pakuvad \u00f5hu- ja meretransporti, mida nad on teostanud \u00fcle 200 000. Nad pakuvad t\u00e4pset j\u00e4lgimisv\u00f5imalust spetsiaalse pilveinfrastruktuuriga, mis hoiab teid oma saadetisega kursis.<\/p>\n<p>Veebileht: <a href=\"http:\/\/www.guywillship.com\" target=\"_blank\" rel=\"noopener\">http:\/\/www.guywillship.com<\/a><\/p>","protected":false},"excerpt":{"rendered":"<p>If you are planning a move to or from Guyana, or within Guyana, you may want some help with your move. Professional moving companies can reduce the work needed by packing, planning and organising your move. Below we have compiled a list of Guyana based removal companies that are members of the International Association of [&hellip;]<\/p>\n","protected":false},"author":4,"featured_media":0,"parent":190,"menu_order":0,"comment_status":"closed","ping_status":"closed","template":"","meta":{"_genesis_hide_title":false,"_genesis_hide_breadcrumbs":false,"_genesis_hide_singular_image":false,"_genesis_hide_footer_widgets":false,"_genesis_custom_body_class":"","_genesis_custom_post_class":"","_genesis_layout":"","footnotes":""},"class_list":{"0":"post-7516","1":"page","2":"type-page","3":"status-publish","5":"entry","6":"has-post-thumbnail"},"_links":{"self":[{"href":"https:\/\/moverdb.com\/et\/wp-json\/wp\/v2\/pages\/7516","targetHints":{"allow":["GET"]}}],"collection":[{"href":"https:\/\/moverdb.com\/et\/wp-json\/wp\/v2\/pages"}],"about":[{"href":"https:\/\/moverdb.com\/et\/wp-json\/wp\/v2\/types\/page"}],"author":[{"embeddable":true,"href":"https:\/\/moverdb.com\/et\/wp-json\/wp\/v2\/users\/4"}],"replies":[{"embeddable":true,"href":"https:\/\/moverdb.com\/et\/wp-json\/wp\/v2\/comments?post=7516"}],"version-history":[{"count":1,"href":"https:\/\/moverdb.com\/et\/wp-json\/wp\/v2\/pages\/7516\/revisions"}],"predecessor-version":[{"id":7517,"href":"https:\/\/moverdb.com\/et\/wp-json\/wp\/v2\/pages\/7516\/revisions\/7517"}],"up":[{"embeddable":true,"href":"https:\/\/moverdb.com\/et\/wp-json\/wp\/v2\/pages\/190"}],"wp:attachment":[{"href":"https:\/\/moverdb.com\/et\/wp-json\/wp\/v2\/media?parent=7516"}],"curies":[{"name":"wp","href":"https:\/\/api.w.org\/{rel}","templated":true}]}}