{"id":7514,"date":"2023-02-01T14:00:27","date_gmt":"2023-02-01T14:00:27","guid":{"rendered":"https:\/\/moverdb.com\/?page_id=7514"},"modified":"2026-01-08T15:23:43","modified_gmt":"2026-01-08T15:23:43","slug":"moving-companies-guinea","status":"publish","type":"page","link":"https:\/\/moverdb.com\/et\/moving-companies\/moving-companies-guinea\/","title":{"rendered":"2 Parimad rahvusvahelised kolimisfirmad Guineas"},"content":{"rendered":"<p>Kui plaanite kolimist, olgu see siis teie kodu v\u00f5i kontor, v\u00f5ib see olla stressirohke aeg, kus tuleb hallata palju logistikat ja paberimajandust. Siinkohal ongi vaja v\u00f5tta t\u00f6\u00f6le <a href=\"https:\/\/moverdb.com\/et\/moving-companies\/\" data-internallinksmanager029f6b8e52c=\"79\" title=\"Top 25 rahvusvahelist kolimisfirmat Internetis\">kolimisfirma<\/a> v\u00f5ib aidata koormust leevendada. Allpool oleme koostanud nimekirja Guinea-p\u00f5histest <a href=\"https:\/\/moverdb.com\/et\/international-removals\/\" data-internallinksmanager029f6b8e52c=\"27\" title=\"36 Parimad rahvusvahelised kolimisfirmad \u00dchendkuningriigis\">kolimisfirmad<\/a> mis on liikmed <a href=\"https:\/\/moverdb.com\/et\/iam\/\" data-internallinksmanager029f6b8e52c=\"23\" title=\"Rahvusvaheline kolijate assotsiatsioon (IAM) Selgitatud\">Rahvusvaheline kolijate assotsiatsioon<\/a> (IAM) ja\/v\u00f5i <a href=\"https:\/\/moverdb.com\/et\/fidi-faim\/\" data-internallinksmanager029f6b8e52c=\"16\" title=\"FIDI &amp; FAIM (FIDI akrediteeritud rahvusvaheline kolija) selgitatud\">FIDI<\/a> akrediteeritud rahvusvaheline kolija (FAIM), kes v\u00f5iks aidata teie kolimisel.<\/p>\n<h2><strong>1. Soguifret<\/strong><\/h2>\n<p><img loading=\"lazy\" decoding=\"async\" class=\"alignnone size-full wp-image-7489\" src=\"https:\/\/moverdb.com\/wp-content\/uploads\/Soguifret-international-moving-company.png\" alt=\"Soguifret rahvusvaheline kolimisfirma\" width=\"1440\" height=\"679\" data-wp-pid=\"7489\" srcset=\"https:\/\/moverdb.com\/wp-content\/uploads\/Soguifret-international-moving-company.png 1440w, https:\/\/moverdb.com\/wp-content\/uploads\/Soguifret-international-moving-company-300x141.png 300w, https:\/\/moverdb.com\/wp-content\/uploads\/Soguifret-international-moving-company-1024x483.png 1024w, https:\/\/moverdb.com\/wp-content\/uploads\/Soguifret-international-moving-company-18x8.png 18w, https:\/\/moverdb.com\/wp-content\/uploads\/Soguifret-international-moving-company-600x283.png 600w\" sizes=\"auto, (max-width: 1440px) 100vw, 1440px\" \/><\/p>\n<ul>\n<li>Riiklikud liikumised<\/li>\n<li>Rahvusvahelised liikumised<\/li>\n<li>Kodumajapidamiste kolimised<\/li>\n<li>Kontori kolimised<\/li>\n<li>Ukselt-uksele teenus<\/li>\n<li>Pakkimisteenus<\/li>\n<li>Konteinerite valik<\/li>\n<li>Transpordi korraldamine<\/li>\n<li>Tollivormistus<\/li>\n<li>Rahvusvahelised v\u00f5rgustikud<\/li>\n<\/ul>\n<p>Soguifret on 1989. aastal Guineas asutatud kolimis- ja ekspedeerimisfirma. Nad kuuluvad 120 riiki h\u00f5lmavasse Universal Freight Organisation'i ja on IAMi liige, kes on juba 34 aastat tegutsenud ja katab 170 riiki. Oma v\u00f5rgustike kaudu teevad nad koost\u00f6\u00f6d rahvusvaheliste kolimisklientidega.<\/p>\n<p>Soguifret pakub kodumajapidamistele ja kontoritele riiklikke ja rahvusvahelisi kolimisteenuseid uksest-ukseni. Nad teenindavad mitmesuguseid inimesi, sealhulgas saatkondi ja rahukorpust. Nad pakuvad erinevaid konteinervariante, mille hulka kuuluvad nii v\u00e4iksemad kui ka t\u00e4ielikud konteinerid. Nad korraldavad teie asjade transpordi ja teostavad tollivormistuse.<\/p>\n<p>Veebileht: <a href=\"http:\/\/www.soguifret.com\" target=\"_blank\" rel=\"noopener\">http:\/\/www.soguifret.com<\/a><\/p>\n<h2><strong>2. JVK<\/strong><\/h2>\n<p><img loading=\"lazy\" decoding=\"async\" class=\"alignnone size-full wp-image-7459\" src=\"https:\/\/moverdb.com\/wp-content\/uploads\/JVK-Guinea-international-moving-company.png\" alt=\"JVK Guinea rahvusvaheline kolimisfirma\" width=\"1440\" height=\"680\" data-wp-pid=\"7459\" srcset=\"https:\/\/moverdb.com\/wp-content\/uploads\/JVK-Guinea-international-moving-company.png 1440w, https:\/\/moverdb.com\/wp-content\/uploads\/JVK-Guinea-international-moving-company-300x142.png 300w, https:\/\/moverdb.com\/wp-content\/uploads\/JVK-Guinea-international-moving-company-1024x484.png 1024w, https:\/\/moverdb.com\/wp-content\/uploads\/JVK-Guinea-international-moving-company-18x9.png 18w, https:\/\/moverdb.com\/wp-content\/uploads\/JVK-Guinea-international-moving-company-600x283.png 600w\" sizes=\"auto, (max-width: 1440px) 100vw, 1440px\" \/><\/p>\n<ul>\n<li>Riiklikud liikumised<\/li>\n<li>Rahvusvahelised liikumised<\/li>\n<li>\u00dcmberpaigutamise teenus<\/li>\n<li>Kodumajapidamiste kolimised<\/li>\n<li>Kontori kolimised<\/li>\n<li>Pakkimisteenus<\/li>\n<li>Kvaliteetsed pakkematerjalid<\/li>\n<li>Maantee-, mere- ja \u00f5hutransport<\/li>\n<li>Tolliformaalsused<\/li>\n<li>L\u00fchi- ja pikaajalised ladustamisv\u00f5imalused<\/li>\n<\/ul>\n<p>JVK on rahvusvaheline kolimis- ja \u00fcmberpaigutamisettev\u00f5te, millel on kontorite v\u00f5rgustik kogu Aafrikas, Aasias ja Vaikse ookeani piirkonnas. Neil on kontor Conakrys, Guineas, kuid nad on asutatud aastal <a href=\"https:\/\/moverdb.com\/et\/moving-to-thailand\/\" data-internallinksmanager029f6b8e52c=\"318\" title=\"Kolimine Taisse? 2023 elamiskulud ja kolimisn\u00f5uanded\">Tai<\/a> 1979. aastal. Nad on IAMi liige, kellel on rahvusvaheliste kolimisagentide v\u00f5rgustik, et aidata seal, kus neil ei ole katvust.<\/p>\n<p>JVK pakub kolimiseelset k\u00fcsitlust, et hinnata teie kolimisvajadusi, koostada kolimisettepanek ja planeerida teie kolimist. Nad pakuvad ukselt-uksele teenust, mis h\u00f5lmab teie asjade turvalist pakkimist, kasutades kvaliteetseid materjale ja spetsiaalseid kastid habraste esemete jaoks. Nad korraldavad transpordi maantee-, mere- v\u00f5i \u00f5hutranspordi ja koordineerivad tolliformaalsusi.<\/p>\n<p>Veebileht: <a href=\"http:\/\/www.jvkpacific.com\" target=\"_blank\" rel=\"noopener\">http:\/\/www.jvkpacific.com<\/a><\/p>","protected":false},"excerpt":{"rendered":"<p>When you are planning a move whether that is your home or office, it can be stressful time with a lot of logistics to manage and paperwork. This is where employing a moving company can help to ease the burden. Below we have compiled a list of Guinea based removal companies that are members of [&hellip;]<\/p>\n","protected":false},"author":4,"featured_media":0,"parent":190,"menu_order":0,"comment_status":"closed","ping_status":"closed","template":"","meta":{"_genesis_hide_title":false,"_genesis_hide_breadcrumbs":false,"_genesis_hide_singular_image":false,"_genesis_hide_footer_widgets":false,"_genesis_custom_body_class":"","_genesis_custom_post_class":"","_genesis_layout":"","footnotes":""},"class_list":{"0":"post-7514","1":"page","2":"type-page","3":"status-publish","5":"entry","6":"has-post-thumbnail"},"_links":{"self":[{"href":"https:\/\/moverdb.com\/et\/wp-json\/wp\/v2\/pages\/7514","targetHints":{"allow":["GET"]}}],"collection":[{"href":"https:\/\/moverdb.com\/et\/wp-json\/wp\/v2\/pages"}],"about":[{"href":"https:\/\/moverdb.com\/et\/wp-json\/wp\/v2\/types\/page"}],"author":[{"embeddable":true,"href":"https:\/\/moverdb.com\/et\/wp-json\/wp\/v2\/users\/4"}],"replies":[{"embeddable":true,"href":"https:\/\/moverdb.com\/et\/wp-json\/wp\/v2\/comments?post=7514"}],"version-history":[{"count":1,"href":"https:\/\/moverdb.com\/et\/wp-json\/wp\/v2\/pages\/7514\/revisions"}],"predecessor-version":[{"id":7515,"href":"https:\/\/moverdb.com\/et\/wp-json\/wp\/v2\/pages\/7514\/revisions\/7515"}],"up":[{"embeddable":true,"href":"https:\/\/moverdb.com\/et\/wp-json\/wp\/v2\/pages\/190"}],"wp:attachment":[{"href":"https:\/\/moverdb.com\/et\/wp-json\/wp\/v2\/media?parent=7514"}],"curies":[{"name":"wp","href":"https:\/\/api.w.org\/{rel}","templated":true}]}}