{"id":7512,"date":"2023-02-01T13:59:57","date_gmt":"2023-02-01T13:59:57","guid":{"rendered":"https:\/\/moverdb.com\/?page_id=7512"},"modified":"2026-01-08T15:24:16","modified_gmt":"2026-01-08T15:24:16","slug":"moving-companies-guatemala","status":"publish","type":"page","link":"https:\/\/moverdb.com\/et\/moving-companies\/moving-companies-guatemala\/","title":{"rendered":"3 parimat rahvusvahelist kolimisfirmat Guatemalas"},"content":{"rendered":"<p>Kas te liigute Guatemalasse, sealt v\u00f5i Guatemala piires? Siis v\u00f5ib teid huvitada teenusepakkuja teenused <a href=\"https:\/\/moverdb.com\/et\/moving-companies\/\" data-internallinksmanager029f6b8e52c=\"79\" title=\"Top 25 rahvusvahelist kolimisfirmat Internetis\">kolimisfirma<\/a> mis aitab pakkimise, transpordi ja tolliformaalsustega. Allpool oleme koostanud nimekirja Guatemalas asuvatest ettev\u00f5tetest. <a href=\"https:\/\/moverdb.com\/et\/international-removals\/\" data-internallinksmanager029f6b8e52c=\"27\" title=\"36 Parimad rahvusvahelised kolimisfirmad \u00dchendkuningriigis\">kolimisfirmad<\/a> mis on liikmed <a href=\"https:\/\/moverdb.com\/et\/iam\/\" data-internallinksmanager029f6b8e52c=\"23\" title=\"Rahvusvaheline kolijate assotsiatsioon (IAM) Selgitatud\">Rahvusvaheline kolijate assotsiatsioon<\/a> (IAM) ja\/v\u00f5i <a href=\"https:\/\/moverdb.com\/et\/fidi-faim\/\" data-internallinksmanager029f6b8e52c=\"16\" title=\"FIDI &amp; FAIM (FIDI akrediteeritud rahvusvaheline kolija) selgitatud\">FIDI<\/a> akrediteeritud rahvusvaheline kolija (FAIM), kes v\u00f5iks teid teie kolimisel aidata.<\/p>\n<h2><strong>1. Brizmud<\/strong><\/h2>\n<p><img loading=\"lazy\" decoding=\"async\" class=\"alignnone size-full wp-image-7422\" src=\"https:\/\/moverdb.com\/wp-content\/uploads\/Brizmud-international-moving-company.png\" alt=\"Brizmud rahvusvaheline kolimisfirma\" width=\"1440\" height=\"686\" data-wp-pid=\"7422\" srcset=\"https:\/\/moverdb.com\/wp-content\/uploads\/Brizmud-international-moving-company.png 1440w, https:\/\/moverdb.com\/wp-content\/uploads\/Brizmud-international-moving-company-300x143.png 300w, https:\/\/moverdb.com\/wp-content\/uploads\/Brizmud-international-moving-company-1024x488.png 1024w, https:\/\/moverdb.com\/wp-content\/uploads\/Brizmud-international-moving-company-18x9.png 18w, https:\/\/moverdb.com\/wp-content\/uploads\/Brizmud-international-moving-company-600x286.png 600w\" sizes=\"auto, (max-width: 1440px) 100vw, 1440px\" \/><\/p>\n<ul>\n<li>Riiklikud kolimised<\/li>\n<li>Rahvusvahelised kolimised<\/li>\n<li>\u00dcmberpaigutamise teenused<\/li>\n<li>Kodumajapidamiste kolimised<\/li>\n<li>Pakkimisteenused<\/li>\n<li>Maantee-, mere- ja \u00f5hutransport<\/li>\n<li>Tolli paberid<\/li>\n<li>Kunstiteoste transport<\/li>\n<li>Rahvusvaheliste esindajate v\u00f5rgustik<\/li>\n<li>Ladustamisv\u00f5imalused<\/li>\n<\/ul>\n<p>Brizmud on Guatemala kohalik ja rahvusvaheline kolimisfirma. Nad pakuvad kodumajapidamistele kolimis- ja \u00fcmberpaigutamisteenuseid. Neil on kvalifitseeritud tarnijate ja agentide v\u00f5rgustik, mis v\u00f5imaldab neil tegutseda ka teistes riikides. Nad on IAMi liige, kellel on viieaastane tegevusperiood.<\/p>\n<p>Brizmud pakub oma klientidele individuaalset hooldust, mis h\u00f5lmab ka kolimispakkumiste kohandamist vastavalt klientide vajadustele. Nad pakuvad mitmesuguseid kolimisteenuseid, mis h\u00f5lmavad teie asjade turvalist pakkimist, maantee-, mere- v\u00f5i \u00f5hutranspordi korraldamist ja tolliabi paberimajanduse t\u00e4itmisel. Samuti pakuvad nad soovi korral ladustamisv\u00f5imalusi.<\/p>\n<p>Veebileht: <a href=\"https:\/\/brizmud.com\/\" target=\"_blank\" rel=\"noopener\">https:\/\/brizmud.com\/<\/a><\/p>\n<h2><strong>2. Intermud<\/strong><\/h2>\n<p><img loading=\"lazy\" decoding=\"async\" class=\"alignnone size-full wp-image-7457\" src=\"https:\/\/moverdb.com\/wp-content\/uploads\/Intermud-international-moving-company.png\" alt=\"Intermud rahvusvaheline kolimisfirma\" width=\"1440\" height=\"683\" data-wp-pid=\"7457\" srcset=\"https:\/\/moverdb.com\/wp-content\/uploads\/Intermud-international-moving-company.png 1440w, https:\/\/moverdb.com\/wp-content\/uploads\/Intermud-international-moving-company-300x142.png 300w, https:\/\/moverdb.com\/wp-content\/uploads\/Intermud-international-moving-company-1024x486.png 1024w, https:\/\/moverdb.com\/wp-content\/uploads\/Intermud-international-moving-company-18x9.png 18w, https:\/\/moverdb.com\/wp-content\/uploads\/Intermud-international-moving-company-600x285.png 600w\" sizes=\"auto, (max-width: 1440px) 100vw, 1440px\" \/><\/p>\n<ul>\n<li>Riiklikud liikumised<\/li>\n<li>Rahvusvahelised liikumised<\/li>\n<li>Elamu kolimine<\/li>\n<li>Kontori kolimised<\/li>\n<li>\u00dcmber kolimise n\u00f5uanded<\/li>\n<li>Pakkimisteenused<\/li>\n<li>M\u00f6\u00f6bli lahtiv\u00f5tmine ja kokkupanek<\/li>\n<li>Transport maismaa-, mere- ja \u00f5hutranspordiga<\/li>\n<li>Tollitoetus<\/li>\n<li>Ladustamisv\u00f5imalused<\/li>\n<\/ul>\n<p>Intermud on kolimis- ja logistikafirma, millel on \u00fcle 35 aasta kogemust inimeste kolimisega ja mis asub Guatemalas. Nad on IAMi liige, kellel on 40-aastane tegevus ja kes on FIDI poolt akrediteeritud. Oma liikmesuse kaudu on neil juurdep\u00e4\u00e4s rahvusvahelisele kolimisagentide v\u00f5rgustikule, mis toetab neid v\u00e4lismaal toimuvatel kolimistel.<\/p>\n<p>Intermud pakub nii elamu- kui ka kontorikorraldust nii kohalikul kui ka rahvusvahelisel tasandil. Elamuklientidele pakuvad nad pakkimis- ja lahtipakkimisteenust, ajutist m\u00f6\u00f6bli rentimist ja ladustamisv\u00f5imalusi. Kontori kolimiste puhul pakuvad nad teenuseid alates v\u00e4ikestest kontoritest kuni suurte hooneteni, mis h\u00f5lmavad pakkimis- ja lahtipakkimisteenuseid, m\u00f6\u00f6bli demonteerimist ja kokkupanekut ning elektroonikaseadmete turvalist pakkimist.<\/p>\n<p>Veebileht: <a href=\"http:\/\/www.intermud.com\" target=\"_blank\" rel=\"noopener\">http:\/\/www.intermud.com<\/a><\/p>\n<h2><strong>3. \u0160veitsi globaalsed kolijad<\/strong><\/h2>\n<p><img loading=\"lazy\" decoding=\"async\" class=\"alignnone size-full wp-image-7493\" src=\"https:\/\/moverdb.com\/wp-content\/uploads\/Swiss-Global-Movers-international-moving-company.png\" alt=\"Swiss Global Movers rahvusvaheline kolimisfirma\" width=\"1440\" height=\"683\" data-wp-pid=\"7493\" srcset=\"https:\/\/moverdb.com\/wp-content\/uploads\/Swiss-Global-Movers-international-moving-company.png 1440w, https:\/\/moverdb.com\/wp-content\/uploads\/Swiss-Global-Movers-international-moving-company-300x142.png 300w, https:\/\/moverdb.com\/wp-content\/uploads\/Swiss-Global-Movers-international-moving-company-1024x486.png 1024w, https:\/\/moverdb.com\/wp-content\/uploads\/Swiss-Global-Movers-international-moving-company-18x9.png 18w, https:\/\/moverdb.com\/wp-content\/uploads\/Swiss-Global-Movers-international-moving-company-600x285.png 600w\" sizes=\"auto, (max-width: 1440px) 100vw, 1440px\" \/><\/p>\n<ul>\n<li>Kohalikud kolimised<\/li>\n<li>Rahvusvahelised liikumised<\/li>\n<li>Kodumajapidamiste kolimised<\/li>\n<li>Ettev\u00f5tte liikumised<\/li>\n<li>Ukselt-uksele lahendused<\/li>\n<li>Kvalifitseeritud t\u00f6\u00f6tajad<\/li>\n<li>Pakkimisteenus<\/li>\n<li>Transpordi korraldamine<\/li>\n<li>Tolliteenused<\/li>\n<li>Ladustamisv\u00f5imalused<\/li>\n<\/ul>\n<p>Swiss Global Movers on Guatemala Citys asuv kolimis- ja logistikateenuse pakkuja, kellel on \u00fcle 20 aasta pikkune kogemus. Nad teevad koost\u00f6\u00f6d teistega, et pakkuda k\u00f5ikeh\u00f5lmavat teenust \u00fclemaailmse katvusega. Nad on IAMi liige, kellel on 42-aastane tegevusperiood.<\/p>\n<p>Swiss Global Movers pakub kvalifitseeritud t\u00f6\u00f6tajaid, kes n\u00f5ustavad teid ja abistavad teid kolimise planeerimisel. Nad pakuvad ukselt-uksele teenust, mis h\u00f5lmab pakkimis- ja lahtipakkimisteenust ning v\u00f5ivad vajadusel pakkuda ajutist ladustamist. Nad korraldavad teie asjade transpordi, sealhulgas impordi- ja ekspordiprotsesside haldamise koos tolliteenustega.<\/p>\n<p>Veebileht: <a href=\"https:\/\/swissglobalmovers.com.gt\/\" target=\"_blank\" rel=\"noopener\">https:\/\/swissglobalmovers.com.gt\/<\/a><\/p>","protected":false},"excerpt":{"rendered":"<p>Are you moving to or from, or within Guatemala? Then you might be interested in the services of a moving company that can assist with packing, transportation and customs formalities. Below we have compiled a list of Guatemala based removal companies that are members of the International Association of Movers (IAM) and\/or FIDI Accredited International [&hellip;]<\/p>\n","protected":false},"author":4,"featured_media":0,"parent":190,"menu_order":0,"comment_status":"closed","ping_status":"closed","template":"","meta":{"_genesis_hide_title":false,"_genesis_hide_breadcrumbs":false,"_genesis_hide_singular_image":false,"_genesis_hide_footer_widgets":false,"_genesis_custom_body_class":"","_genesis_custom_post_class":"","_genesis_layout":"","footnotes":""},"class_list":{"0":"post-7512","1":"page","2":"type-page","3":"status-publish","5":"entry","6":"has-post-thumbnail"},"_links":{"self":[{"href":"https:\/\/moverdb.com\/et\/wp-json\/wp\/v2\/pages\/7512","targetHints":{"allow":["GET"]}}],"collection":[{"href":"https:\/\/moverdb.com\/et\/wp-json\/wp\/v2\/pages"}],"about":[{"href":"https:\/\/moverdb.com\/et\/wp-json\/wp\/v2\/types\/page"}],"author":[{"embeddable":true,"href":"https:\/\/moverdb.com\/et\/wp-json\/wp\/v2\/users\/4"}],"replies":[{"embeddable":true,"href":"https:\/\/moverdb.com\/et\/wp-json\/wp\/v2\/comments?post=7512"}],"version-history":[{"count":1,"href":"https:\/\/moverdb.com\/et\/wp-json\/wp\/v2\/pages\/7512\/revisions"}],"predecessor-version":[{"id":7513,"href":"https:\/\/moverdb.com\/et\/wp-json\/wp\/v2\/pages\/7512\/revisions\/7513"}],"up":[{"embeddable":true,"href":"https:\/\/moverdb.com\/et\/wp-json\/wp\/v2\/pages\/190"}],"wp:attachment":[{"href":"https:\/\/moverdb.com\/et\/wp-json\/wp\/v2\/media?parent=7512"}],"curies":[{"name":"wp","href":"https:\/\/api.w.org\/{rel}","templated":true}]}}