{"id":6046,"date":"2023-02-01T13:44:41","date_gmt":"2023-02-01T13:44:41","guid":{"rendered":"https:\/\/moverdb.com\/?page_id=6046"},"modified":"2026-01-08T15:25:06","modified_gmt":"2026-01-08T15:25:06","slug":"moving-companies-ethiopia","status":"publish","type":"page","link":"https:\/\/moverdb.com\/et\/moving-companies\/moving-companies-ethiopia\/","title":{"rendered":"5 parimat rahvusvahelist kolimisfirmat Etioopias"},"content":{"rendered":"<p>Kolimine on kiire ja stressirohke aeg, eriti kui te liigute \u00fchest riigist teise, seega v\u00f5ib kolimisfirma abi olla. <a href=\"https:\/\/moverdb.com\/et\/moving-companies\/\" data-internallinksmanager029f6b8e52c=\"79\" title=\"Top 25 rahvusvahelist kolimisfirmat Internetis\">Kolimisfirmad<\/a> saab abistada paberimajanduses ja transpordi korraldamisel. Allpool oleme koostanud nimekirja Etioopia reisijatest. <a href=\"https:\/\/moverdb.com\/et\/international-removals\/\" data-internallinksmanager029f6b8e52c=\"27\" title=\"36 Parimad rahvusvahelised kolimisfirmad \u00dchendkuningriigis\">kolimisfirmad<\/a> mis on liikmed <a href=\"https:\/\/moverdb.com\/et\/iam\/\" data-internallinksmanager029f6b8e52c=\"23\" title=\"Rahvusvaheline kolijate assotsiatsioon (IAM) Selgitatud\">Rahvusvaheline kolijate assotsiatsioon<\/a> (IAM) ja\/v\u00f5i <a href=\"https:\/\/moverdb.com\/et\/fidi-faim\/\" data-internallinksmanager029f6b8e52c=\"16\" title=\"FIDI &amp; FAIM (FIDI akrediteeritud rahvusvaheline kolija) selgitatud\">FIDI<\/a> akrediteeritud rahvusvaheline kolija (FAIM), kes v\u00f5iks teid teie kolimisel aidata.<\/p>\n<div id=\"ez-toc-container\" class=\"ez-toc-v2_0_82_2 ez-toc-wrap-left counter-hierarchy ez-toc-counter ez-toc-transparent ez-toc-container-direction\">\n<div class=\"ez-toc-title-container\">\n<p class=\"ez-toc-title\" style=\"cursor:inherit\">Jaotised<\/p>\n<span class=\"ez-toc-title-toggle\"><a href=\"#\" class=\"ez-toc-pull-right ez-toc-btn ez-toc-btn-xs ez-toc-btn-default ez-toc-toggle\" aria-label=\"Sisukorra vaheldumine\"><span class=\"ez-toc-js-icon-con\"><span class=\"\"><span class=\"eztoc-hide\" style=\"display:none;\">Toggle<\/span><span class=\"ez-toc-icon-toggle-span\"><svg style=\"fill: #999;color:#999\" xmlns=\"http:\/\/www.w3.org\/2000\/svg\" class=\"list-377408\" width=\"20px\" height=\"20px\" viewbox=\"0 0 24 24\" fill=\"none\"><path d=\"M6 6H4v2h2V6zm14 0H8v2h12V6zM4 11h2v2H4v-2zm16 0H8v2h12v-2zM4 16h2v2H4v-2zm16 0H8v2h12v-2z\" fill=\"currentColor\"><\/path><\/svg><svg style=\"fill: #999;color:#999\" class=\"arrow-unsorted-368013\" xmlns=\"http:\/\/www.w3.org\/2000\/svg\" width=\"10px\" height=\"10px\" viewbox=\"0 0 24 24\" version=\"1.2\" baseprofile=\"tiny\"><path d=\"M18.2 9.3l-6.2-6.3-6.2 6.3c-.2.2-.3.4-.3.7s.1.5.3.7c.2.2.4.3.7.3h11c.3 0 .5-.1.7-.3.2-.2.3-.5.3-.7s-.1-.5-.3-.7zM5.8 14.7l6.2 6.3 6.2-6.3c.2-.2.3-.5.3-.7s-.1-.5-.3-.7c-.2-.2-.4-.3-.7-.3h-11c-.3 0-.5.1-.7.3-.2.2-.3.5-.3.7s.1.5.3.7z\"\/><\/svg><\/span><\/span><\/span><\/a><\/span><\/div>\n<nav><ul class='ez-toc-list ez-toc-list-level-1 eztoc-toggle-hide-by-default' ><li class='ez-toc-page-1 ez-toc-heading-level-2'><a class=\"ez-toc-link ez-toc-heading-1\" href=\"https:\/\/moverdb.com\/et\/moving-companies\/moving-companies-ethiopia\/#1_Melehk_Logistics\" >1. Melehk Logistika<\/a><\/li><li class='ez-toc-page-1 ez-toc-heading-level-2'><a class=\"ez-toc-link ez-toc-heading-2\" href=\"https:\/\/moverdb.com\/et\/moving-companies\/moving-companies-ethiopia\/#2_Move_One\" >2. Liigu \u00fcks<\/a><\/li><li class='ez-toc-page-1 ez-toc-heading-level-2'><a class=\"ez-toc-link ez-toc-heading-3\" href=\"https:\/\/moverdb.com\/et\/moving-companies\/moving-companies-ethiopia\/#3_Panafric_Global\" >3. Panafric Global<\/a><\/li><li class='ez-toc-page-1 ez-toc-heading-level-2'><a class=\"ez-toc-link ez-toc-heading-4\" href=\"https:\/\/moverdb.com\/et\/moving-companies\/moving-companies-ethiopia\/#4_Segon_Marill_Movers\" >4. Segon Marill Movers<\/a><\/li><li class='ez-toc-page-1 ez-toc-heading-level-2'><a class=\"ez-toc-link ez-toc-heading-5\" href=\"https:\/\/moverdb.com\/et\/moving-companies\/moving-companies-ethiopia\/#5_Solomon_Zewdu_Shipping_and_Freight_Forwarding\" >5. Solomon Zewdu laevandus ja ekspedeerimine<\/a><\/li><\/ul><\/nav><\/div>\n<h2><span class=\"ez-toc-section\" id=\"1_Melehk_Logistics\"><\/span><strong>1. Melehk Logistika<\/strong><span class=\"ez-toc-section-end\"><\/span><\/h2>\n<p><img loading=\"lazy\" decoding=\"async\" class=\"alignnone size-full wp-image-5971\" src=\"https:\/\/moverdb.com\/wp-content\/uploads\/Melehk-Logistics-international-moving-company.png\" alt=\"Melehk Logistics rahvusvaheline kolimisfirma\" width=\"1440\" height=\"674\" data-wp-pid=\"5971\" srcset=\"https:\/\/moverdb.com\/wp-content\/uploads\/Melehk-Logistics-international-moving-company.png 1440w, https:\/\/moverdb.com\/wp-content\/uploads\/Melehk-Logistics-international-moving-company-300x140.png 300w, https:\/\/moverdb.com\/wp-content\/uploads\/Melehk-Logistics-international-moving-company-1024x479.png 1024w, https:\/\/moverdb.com\/wp-content\/uploads\/Melehk-Logistics-international-moving-company-18x8.png 18w, https:\/\/moverdb.com\/wp-content\/uploads\/Melehk-Logistics-international-moving-company-600x281.png 600w\" sizes=\"auto, (max-width: 1440px) 100vw, 1440px\" \/><\/p>\n<ul>\n<li>Kohalikud ja riiklikud liikumised<\/li>\n<li>Rahvusvahelised liikumised<\/li>\n<li>Kodumajapidamiste \u00fcmberpaigutamine<\/li>\n<li>Isikup\u00e4rastatud ja kohandatud teenus<\/li>\n<li>Spetsiaalne kolimise koordinaator<\/li>\n<li>Korraldame ja haldame teie kolimise k\u00f5iki aspekte<\/li>\n<li>Maantee-, mere- ja \u00f5huvedu<\/li>\n<li>Tollimaaklerlus<\/li>\n<li>Rahvusvahelised partnerlused<\/li>\n<li>Ladustamisv\u00f5imalused<\/li>\n<\/ul>\n<p>Melehk Logistics on 2011. aastal Ginchi Trading nime all asutatud ekspedeerimis- ja logistikafirma, mis pakub Etioopia piires, Etioopiasse ja Etioopiast v\u00e4lja liikuvaid teenuseid. Nad teevad koost\u00f6\u00f6d rahvusvahelise kolimisv\u00f5rgustikuga, et pakkuda kolimisteenuseid kogu maailmas. Nad on IAMi liige, kellel on 9 aastat teenust.<\/p>\n<p>Melehk Logistics pakub majapidamiste rahvusvahelisi \u00fcmberpaigutusi \u00fcle kogu maailma ja pakub spetsiaalset kolimise koordinaatorit. Nad pakuvad individuaalseid ja kohandatud teenuseid, mis korraldavad teie kolimise k\u00f5iki aspekte, hallates teie kolimist t\u00f5husalt. Nad pakuvad kaubaveov\u00f5imalusi, mis h\u00f5lmavad maantee-, \u00f5hu- ja meretransporti koos tollimaakleri toetusega.<\/p>\n<p>Veebileht: <a href=\"http:\/\/www.melehk.com\" target=\"_blank\" rel=\"noopener\">http:\/\/www.melehk.com<\/a><\/p>\n<h2><span class=\"ez-toc-section\" id=\"2_Move_One\"><\/span><strong>2. Liigu \u00fcks<\/strong><span class=\"ez-toc-section-end\"><\/span><\/h2>\n<p><img loading=\"lazy\" decoding=\"async\" class=\"alignnone size-full wp-image-5974\" src=\"https:\/\/moverdb.com\/wp-content\/uploads\/Move-One-Ethiopia-international-moving-company.png\" alt=\"Move One Etioopia rahvusvaheline kolimisfirma\" width=\"1440\" height=\"667\" data-wp-pid=\"5974\" srcset=\"https:\/\/moverdb.com\/wp-content\/uploads\/Move-One-Ethiopia-international-moving-company.png 1440w, https:\/\/moverdb.com\/wp-content\/uploads\/Move-One-Ethiopia-international-moving-company-300x139.png 300w, https:\/\/moverdb.com\/wp-content\/uploads\/Move-One-Ethiopia-international-moving-company-1024x474.png 1024w, https:\/\/moverdb.com\/wp-content\/uploads\/Move-One-Ethiopia-international-moving-company-18x8.png 18w, https:\/\/moverdb.com\/wp-content\/uploads\/Move-One-Ethiopia-international-moving-company-600x278.png 600w\" sizes=\"auto, (max-width: 1440px) 100vw, 1440px\" \/><\/p>\n<ul>\n<li>Riiklikud liikumised<\/li>\n<li>Rahvusvahelised liikumised<\/li>\n<li>Kodumajapidamiste kolimised<\/li>\n<li>Kaubanduslikud k\u00e4igud<\/li>\n<li>Pakkimisteenus<\/li>\n<li>Maismaa-, mere- ja \u00f5huvedu<\/li>\n<li>Tollimaaklerlus<\/li>\n<li>Viisa- ja sisser\u00e4ndeteenused<\/li>\n<li>Lemmikloomade saatmine<\/li>\n<li>Turvaline ladustamine<\/li>\n<\/ul>\n<p>Move One on 1992. aastal asutatud rahvusvaheline kolimisfirma, millel on kontorid Euroopas, Aafrikas ja Aasias, sealhulgas kontor Etioopias Addis Abebas. Nad teevad koost\u00f6\u00f6d rahvusvaheliste partneritega, et korraldada kolimisi v\u00e4ljaspool oma tegevuspiirkonda. Nad on IAMi liige, kes on Etioopias tegutsenud 8 aastat.<\/p>\n<p>Move One teenindab erinevaid sektoreid, sealhulgas kaubanduslikku jaem\u00fc\u00fcgisektorit, diplomaatilist kogukonda, kohalikke valitsusasutusi ja v\u00e4lismaa t\u00f6\u00f6v\u00f5tjaid. Nad pakuvad ekspordipakendamist, et kaitsta teie asju ja korraldada vedu maismaal, \u00f5hus ja merel koos tollimaakleriga. Nad pakuvad ka lisateenuseid, sealhulgas abi viisa- ja sisser\u00e4ndega seotud k\u00fcsimustes ning lemmikloomade vedu.<\/p>\n<p>Veebileht: <a href=\"http:\/\/www.moveoneinc.com\/ethiopia\" target=\"_blank\" rel=\"noopener\">http:\/\/www.moveoneinc.com\/ethiopia<\/a><\/p>\n<h2><span class=\"ez-toc-section\" id=\"3_Panafric_Global\"><\/span><strong>3. Panafric Global<\/strong><span class=\"ez-toc-section-end\"><\/span><\/h2>\n<p><img loading=\"lazy\" decoding=\"async\" class=\"alignnone size-full wp-image-5990\" src=\"https:\/\/moverdb.com\/wp-content\/uploads\/Panafric-Global-international-moving-company.png\" alt=\"Panafric Global rahvusvaheline kolimisfirma\" width=\"1440\" height=\"674\" data-wp-pid=\"5990\" srcset=\"https:\/\/moverdb.com\/wp-content\/uploads\/Panafric-Global-international-moving-company.png 1440w, https:\/\/moverdb.com\/wp-content\/uploads\/Panafric-Global-international-moving-company-300x140.png 300w, https:\/\/moverdb.com\/wp-content\/uploads\/Panafric-Global-international-moving-company-1024x479.png 1024w, https:\/\/moverdb.com\/wp-content\/uploads\/Panafric-Global-international-moving-company-18x8.png 18w, https:\/\/moverdb.com\/wp-content\/uploads\/Panafric-Global-international-moving-company-600x281.png 600w\" sizes=\"auto, (max-width: 1440px) 100vw, 1440px\" \/><\/p>\n<ul>\n<li>Rahvusvahelised liikumised<\/li>\n<li>Kodumajapidamiste kolimised<\/li>\n<li>Kommertsprojektid<\/li>\n<li>\u00dcmberpaigutamise teenus<\/li>\n<li>L\u00e4biviidud lahendus<\/li>\n<li>Maismaa-, mere- ja \u00f5huvedu<\/li>\n<li>Tolli- ja dokumentatsiooniabi<\/li>\n<li>Abi sisseseadmisel<\/li>\n<li>Kaubakindlustus<\/li>\n<li>Ladustamislahendused<\/li>\n<\/ul>\n<p>Panafric Global on 1993. aastal Addisis asutatud multimodaalne transpordi- ja logistikaettev\u00f5te, millel on viis filiaali lennujaamas, Kality, Adama, Hawassa ja <a href=\"https:\/\/moverdb.com\/et\/moving-companies\/moving-companies-djibouti\/\" data-internallinksmanager029f6b8e52c=\"220\" title=\"Parimad rahvusvahelised kolimisfirmad Djiboutis\">Djibouti<\/a>. Nad pakuvad kolimis- ja \u00fcmberpaigutamisteenuseid Etioopias, Etioopiasse ja Etioopiast. Nad on IAMi liige 29-aastase tegevusega.<\/p>\n<p>Panafric Global pakub ukselt-uksele teenust k\u00f5ikjal maailmas. Nad pakuvad maismaa-, \u00f5hu- ja meretransporti koos tugiteenustega, mis aitavad tolli ja dokumentidega. Nad pakuvad kolimisteenuseid, mis aitavad sisseelamisel, sealhulgas koolide leidmisel, s\u00f5idukite hankimisel ning kommunaalteenuste ja kindlustuse seadistamisel.<\/p>\n<p>Veebileht: <a href=\"http:\/\/www.panafricglobal.com\" target=\"_blank\" rel=\"noopener\">http:\/\/www.panafricglobal.com<\/a><\/p>\n<h2><span class=\"ez-toc-section\" id=\"4_Segon_Marill_Movers\"><\/span><strong>4. Segon Marill Movers<\/strong><span class=\"ez-toc-section-end\"><\/span><\/h2>\n<p><img loading=\"lazy\" decoding=\"async\" class=\"alignnone size-full wp-image-6002\" src=\"https:\/\/moverdb.com\/wp-content\/uploads\/Segon-Marill-Movers-international-moving-company.png\" alt=\"Segon Marill Movers rahvusvaheline kolimisfirma\" width=\"1440\" height=\"681\" data-wp-pid=\"6002\" srcset=\"https:\/\/moverdb.com\/wp-content\/uploads\/Segon-Marill-Movers-international-moving-company.png 1440w, https:\/\/moverdb.com\/wp-content\/uploads\/Segon-Marill-Movers-international-moving-company-300x142.png 300w, https:\/\/moverdb.com\/wp-content\/uploads\/Segon-Marill-Movers-international-moving-company-1024x484.png 1024w, https:\/\/moverdb.com\/wp-content\/uploads\/Segon-Marill-Movers-international-moving-company-18x9.png 18w, https:\/\/moverdb.com\/wp-content\/uploads\/Segon-Marill-Movers-international-moving-company-600x284.png 600w\" sizes=\"auto, (max-width: 1440px) 100vw, 1440px\" \/><\/p>\n<ul>\n<li>Riiklikud liikumised<\/li>\n<li>Rahvusvahelised liikumised<\/li>\n<li>Kodumajapidamiste kolimised<\/li>\n<li>Ettev\u00f5tte liikumised<\/li>\n<li>\u00dcmberpaigutamise teenus<\/li>\n<li>Pakkimisteenus<\/li>\n<li>Maismaa-, mere- ja \u00f5hutransport<\/li>\n<li>Sisseseadmisteenused<\/li>\n<li>Maja ja koolide otsingud<\/li>\n<li>Turvaline ladustamine<\/li>\n<\/ul>\n<p>Segon Marill Movers on 21 aastat tagasi asutatud rahvusvaheline kolimis- ja ladustamisettev\u00f5te. Nad teevad koost\u00f6\u00f6d 50 partneragendiga, et pakkuda oma teenuseid kogu maailmas. Nad on IAMi liige 31 aasta pikkuse tegutsemisaja jooksul.<\/p>\n<p>Segon Marill Movers pakub personaalset kolimisteenust koos pakkimisteenusega, mis kasutab teie asjade kaitsmiseks kvaliteetset tehnikat ja materjale. Nad korraldavad transpordi maismaa-, mere- v\u00f5i \u00f5hutranspordi ja kasutavad vajadusel partneragentide abi. Nende kolimisteenused aitavad teil uues riigis sisse elada, mis h\u00f5lmab tutvumisreisi, abi kodu ja kooli otsimisel, samuti abi lahkumisteenuste osutamisel.<\/p>\n<p>Veebileht: <a href=\"http:\/\/www.segon-marill.com\" target=\"_blank\" rel=\"noopener\">http:\/\/www.segon-marill.com<\/a><\/p>\n<h2><span class=\"ez-toc-section\" id=\"5_Solomon_Zewdu_Shipping_and_Freight_Forwarding\"><\/span><strong>5. Solomon Zewdu laevandus ja ekspedeerimine<\/strong><span class=\"ez-toc-section-end\"><\/span><\/h2>\n<p><img loading=\"lazy\" decoding=\"async\" class=\"alignnone size-full wp-image-6047\" src=\"https:\/\/moverdb.com\/wp-content\/uploads\/Solomon-Zewdu-international-moving-company.png\" alt=\"Solomon Zewdu rahvusvaheline kolimisfirma\" width=\"1440\" height=\"682\" data-wp-pid=\"6047\" srcset=\"https:\/\/moverdb.com\/wp-content\/uploads\/Solomon-Zewdu-international-moving-company.png 1440w, https:\/\/moverdb.com\/wp-content\/uploads\/Solomon-Zewdu-international-moving-company-300x142.png 300w, https:\/\/moverdb.com\/wp-content\/uploads\/Solomon-Zewdu-international-moving-company-1024x485.png 1024w, https:\/\/moverdb.com\/wp-content\/uploads\/Solomon-Zewdu-international-moving-company-18x9.png 18w, https:\/\/moverdb.com\/wp-content\/uploads\/Solomon-Zewdu-international-moving-company-600x284.png 600w\" sizes=\"auto, (max-width: 1440px) 100vw, 1440px\" \/><\/p>\n<ul>\n<li>Kohalikud ja riiklikud liikumised<\/li>\n<li>Rahvusvahelised liikumised<\/li>\n<li>Kodumajapidamiste kolimised<\/li>\n<li>Kontori \u00fcmberpaigutamine<\/li>\n<li>Ukselt-uksele teenus<\/li>\n<li>Pakkimisteenus<\/li>\n<li>Maismaa-, mere- ja \u00f5hutransport<\/li>\n<li>Tollivormistus<\/li>\n<li>S\u00f5iduki transport<\/li>\n<li>Ladustamisv\u00f5imalused<\/li>\n<\/ul>\n<p>Solomon Zewdu Shipping and Freight Forwarding on kolimis-, kauba- ja ekspedeerimisfirma, millel on \u00fcle 20 aasta kogemust kolimisteenuste pakkumisel. Nad teevad koost\u00f6\u00f6d v\u00e4lismaiste partneritega, et pakkuda rahvusvahelisi kolimisi. Nad on IAMi liige 22-aastase tegutsemisaja jooksul.<\/p>\n<p>Solomon Zewdu laevandus ja ekspedeerimine pakub kodumajapidamistele ja kontoritele uksest-ukseni kolimis- ja \u00fcmberpaigutamisteenust. Nad pakuvad pakkimis- ja lahtipakkimisteenust, et kaitsta teie asju, ning korraldavad transporditeenuseid maismaal, kasutades oma laevastikku, merel v\u00f5i \u00f5hus koos tollivormistusega. Nad v\u00f5ivad aidata ka s\u00f5idukite transportimisel ja ladustamisel.<\/p>\n<p>Veebileht: <a href=\"http:\/\/www.solomontransit.com\" target=\"_blank\" rel=\"noopener\">http:\/\/www.solomontransit.com<\/a><\/p>","protected":false},"excerpt":{"rendered":"<p>Moving is a busy and stressful time especially if you are moving between countries so getting some support from a moving company can help. Moving companies can assist with navigating the paperwork and arranging transportation. Below we have compiled a list of Ethiopian removal companies that are members of the International Association of Movers (IAM) [&hellip;]<\/p>\n","protected":false},"author":4,"featured_media":0,"parent":190,"menu_order":0,"comment_status":"closed","ping_status":"closed","template":"","meta":{"_genesis_hide_title":false,"_genesis_hide_breadcrumbs":false,"_genesis_hide_singular_image":false,"_genesis_hide_footer_widgets":false,"_genesis_custom_body_class":"","_genesis_custom_post_class":"","_genesis_layout":"","footnotes":""},"class_list":{"0":"post-6046","1":"page","2":"type-page","3":"status-publish","5":"entry","6":"has-post-thumbnail"},"_links":{"self":[{"href":"https:\/\/moverdb.com\/et\/wp-json\/wp\/v2\/pages\/6046","targetHints":{"allow":["GET"]}}],"collection":[{"href":"https:\/\/moverdb.com\/et\/wp-json\/wp\/v2\/pages"}],"about":[{"href":"https:\/\/moverdb.com\/et\/wp-json\/wp\/v2\/types\/page"}],"author":[{"embeddable":true,"href":"https:\/\/moverdb.com\/et\/wp-json\/wp\/v2\/users\/4"}],"replies":[{"embeddable":true,"href":"https:\/\/moverdb.com\/et\/wp-json\/wp\/v2\/comments?post=6046"}],"version-history":[{"count":1,"href":"https:\/\/moverdb.com\/et\/wp-json\/wp\/v2\/pages\/6046\/revisions"}],"predecessor-version":[{"id":6048,"href":"https:\/\/moverdb.com\/et\/wp-json\/wp\/v2\/pages\/6046\/revisions\/6048"}],"up":[{"embeddable":true,"href":"https:\/\/moverdb.com\/et\/wp-json\/wp\/v2\/pages\/190"}],"wp:attachment":[{"href":"https:\/\/moverdb.com\/et\/wp-json\/wp\/v2\/media?parent=6046"}],"curies":[{"name":"wp","href":"https:\/\/api.w.org\/{rel}","templated":true}]}}