{"id":6043,"date":"2023-02-01T13:40:56","date_gmt":"2023-02-01T13:40:56","guid":{"rendered":"https:\/\/moverdb.com\/?page_id=6043"},"modified":"2026-01-08T15:24:40","modified_gmt":"2026-01-08T15:24:40","slug":"moving-companies-estonia","status":"publish","type":"page","link":"https:\/\/moverdb.com\/et\/moving-companies\/moving-companies-estonia\/","title":{"rendered":"4 parimat rahvusvahelist kolimisfirmat Eestis"},"content":{"rendered":"<p>Kolimine v\u00f5ib olla stressirohke aeg, olgu selleks siis kodu v\u00f5i ettev\u00f5tte kolimine. Paljud inimesed v\u00f5tavad t\u00f6\u00f6le <a href=\"https:\/\/moverdb.com\/et\/moving-companies\/\" data-internallinksmanager029f6b8e52c=\"79\" title=\"Top 25 rahvusvahelist kolimisfirmat Internetis\">kolimisfirma<\/a> kuna nad suudavad teie asju turvaliselt teisaldada ja v\u00e4hendada teie kolimisega seotud stressi. Allj\u00e4rgnevalt oleme koostanud nimekirja Eesti <a href=\"https:\/\/moverdb.com\/et\/international-removals\/\" data-internallinksmanager029f6b8e52c=\"27\" title=\"36 Parimad rahvusvahelised kolimisfirmad \u00dchendkuningriigis\">kolimisfirmad<\/a> mis on liikmed <a href=\"https:\/\/moverdb.com\/et\/iam\/\" data-internallinksmanager029f6b8e52c=\"23\" title=\"Rahvusvaheline kolijate assotsiatsioon (IAM) Selgitatud\">Rahvusvaheline kolijate assotsiatsioon<\/a> (IAM) ja\/v\u00f5i <a href=\"https:\/\/moverdb.com\/et\/fidi-faim\/\" data-internallinksmanager029f6b8e52c=\"16\" title=\"FIDI &amp; FAIM (FIDI akrediteeritud rahvusvaheline kolija) selgitatud\">FIDI<\/a> akrediteeritud rahvusvaheline kolija (FAIM), kes v\u00f5iks aidata teie kolimisel.<\/p>\n<div id=\"ez-toc-container\" class=\"ez-toc-v2_0_83 ez-toc-wrap-left counter-hierarchy ez-toc-counter ez-toc-transparent ez-toc-container-direction\">\n<div class=\"ez-toc-title-container\">\n<p class=\"ez-toc-title\" style=\"cursor:inherit\">Jaotised<\/p>\n<span class=\"ez-toc-title-toggle\"><a href=\"#\" class=\"ez-toc-pull-right ez-toc-btn ez-toc-btn-xs ez-toc-btn-default ez-toc-toggle\" aria-label=\"Sisukorra vaheldumine\"><span class=\"ez-toc-js-icon-con\"><span class=\"\"><span class=\"eztoc-hide\" style=\"display:none;\">Toggle<\/span><span class=\"ez-toc-icon-toggle-span\"><svg style=\"fill: #999;color:#999\" xmlns=\"http:\/\/www.w3.org\/2000\/svg\" class=\"list-377408\" width=\"20px\" height=\"20px\" viewbox=\"0 0 24 24\" fill=\"none\"><path d=\"M6 6H4v2h2V6zm14 0H8v2h12V6zM4 11h2v2H4v-2zm16 0H8v2h12v-2zM4 16h2v2H4v-2zm16 0H8v2h12v-2z\" fill=\"currentColor\"><\/path><\/svg><svg style=\"fill: #999;color:#999\" class=\"arrow-unsorted-368013\" xmlns=\"http:\/\/www.w3.org\/2000\/svg\" width=\"10px\" height=\"10px\" viewbox=\"0 0 24 24\" version=\"1.2\" baseprofile=\"tiny\"><path d=\"M18.2 9.3l-6.2-6.3-6.2 6.3c-.2.2-.3.4-.3.7s.1.5.3.7c.2.2.4.3.7.3h11c.3 0 .5-.1.7-.3.2-.2.3-.5.3-.7s-.1-.5-.3-.7zM5.8 14.7l6.2 6.3 6.2-6.3c.2-.2.3-.5.3-.7s-.1-.5-.3-.7c-.2-.2-.4-.3-.7-.3h-11c-.3 0-.5.1-.7.3-.2.2-.3.5-.3.7s.1.5.3.7z\"\/><\/svg><\/span><\/span><\/span><\/a><\/span><\/div>\n<nav><ul class='ez-toc-list ez-toc-list-level-1 eztoc-toggle-hide-by-default' ><li class='ez-toc-page-1 ez-toc-heading-level-2'><a class=\"ez-toc-link ez-toc-heading-1\" href=\"https:\/\/moverdb.com\/et\/moving-companies\/moving-companies-estonia\/#1_Adduco\" >1. Adduco<\/a><\/li><li class='ez-toc-page-1 ez-toc-heading-level-2'><a class=\"ez-toc-link ez-toc-heading-2\" href=\"https:\/\/moverdb.com\/et\/moving-companies\/moving-companies-estonia\/#2_AVA_Express\" >2. AVA Express<\/a><\/li><li class='ez-toc-page-1 ez-toc-heading-level-2'><a class=\"ez-toc-link ez-toc-heading-3\" href=\"https:\/\/moverdb.com\/et\/moving-companies\/moving-companies-estonia\/#3_MoveMaster\" >3. MoveMaster<\/a><\/li><li class='ez-toc-page-1 ez-toc-heading-level-2'><a class=\"ez-toc-link ez-toc-heading-4\" href=\"https:\/\/moverdb.com\/et\/moving-companies\/moving-companies-estonia\/#4_KLG_Estonia\" >4. KLG Eesti<\/a><\/li><li class='ez-toc-page-1 ez-toc-heading-level-2'><a class=\"ez-toc-link ez-toc-heading-5\" href=\"https:\/\/moverdb.com\/et\/moving-companies\/moving-companies-estonia\/#Other_Useful_Guides_to_Estonia\" >Muud kasulikud Eesti reisijuhid<\/a><\/li><\/ul><\/nav><\/div>\n<h2><span class=\"ez-toc-section\" id=\"1_Adduco\"><\/span><strong>1. Adduco<\/strong><span class=\"ez-toc-section-end\"><\/span><\/h2>\n<p><img loading=\"lazy\" decoding=\"async\" class=\"alignnone size-full wp-image-6044\" src=\"https:\/\/moverdb.com\/wp-content\/uploads\/Adduco-international-moving-company.png\" alt=\"Adduco rahvusvaheline kolimisfirma\" width=\"1440\" height=\"629\" data-wp-pid=\"6044\" srcset=\"https:\/\/moverdb.com\/wp-content\/uploads\/Adduco-international-moving-company.png 1440w, https:\/\/moverdb.com\/wp-content\/uploads\/Adduco-international-moving-company-300x131.png 300w, https:\/\/moverdb.com\/wp-content\/uploads\/Adduco-international-moving-company-1024x447.png 1024w, https:\/\/moverdb.com\/wp-content\/uploads\/Adduco-international-moving-company-18x8.png 18w, https:\/\/moverdb.com\/wp-content\/uploads\/Adduco-international-moving-company-600x262.png 600w\" sizes=\"auto, (max-width: 1440px) 100vw, 1440px\" \/><\/p>\n<ul>\n<li>Raskete esemete liikumine<\/li>\n<li>Rahvusvahelised liikumised<\/li>\n<li>Kodumajapidamiste kolimised<\/li>\n<li>Ettev\u00f5tte liikumine<\/li>\n<li>Pakkimisteenus<\/li>\n<li>Planeerige oma marsruut ja transport<\/li>\n<li>Toetus koos dokumentatsiooniga<\/li>\n<li>Fine art transport<\/li>\n<li>Kindlustus<\/li>\n<li>Ladustamislahendused<\/li>\n<\/ul>\n<p>Adduco on kolimisteenuse pakkuja, mis on aidanud inimesi kolida alates 2006. aastast ning neil on kontorid Tallinnas ja Tartus. Nad on IAM-i liige, kellel on 16 aastat kogemust, mis annab neile ligip\u00e4\u00e4su rahvusvahelisele kolimisagentide v\u00f5rgustikule, et aidata \u00fclemaailmsete kolimiste puhul.<\/p>\n<p>Adduco pakub kolimisteenust, mis h\u00f5lmab ka r\u00e4mpsu \u00e4ravedamise teenust, et aidata teil v\u00e4hendada kolimisel kaasa v\u00f5etavate asjade mahtu. Nad korraldavad hoolikalt teie kolimist, planeerivad teie marsruudi ning valmistavad ette vajalikud dokumendid ja kindlustuse. Samuti pakivad nad teie asjad turvaliselt kokku ja transpordivad need enne sihtkohas lahtipakkimist.<\/p>\n<p>Veebileht: <a href=\"https:\/\/adduco.ee\/en\/\" target=\"_blank\" rel=\"noopener\">https:\/\/adduco.ee\/en\/<\/a><\/p>\n<h2><span class=\"ez-toc-section\" id=\"2_AVA_Express\"><\/span><strong>2. AVA Express<\/strong><span class=\"ez-toc-section-end\"><\/span><\/h2>\n<p><img loading=\"lazy\" decoding=\"async\" class=\"alignnone size-full wp-image-5928\" src=\"https:\/\/moverdb.com\/wp-content\/uploads\/AVA-Express-international-moving-company.png\" alt=\"AVA Express rahvusvaheline kolimisfirma\" width=\"1440\" height=\"712\" data-wp-pid=\"5928\" srcset=\"https:\/\/moverdb.com\/wp-content\/uploads\/AVA-Express-international-moving-company.png 1440w, https:\/\/moverdb.com\/wp-content\/uploads\/AVA-Express-international-moving-company-300x148.png 300w, https:\/\/moverdb.com\/wp-content\/uploads\/AVA-Express-international-moving-company-1024x506.png 1024w, https:\/\/moverdb.com\/wp-content\/uploads\/AVA-Express-international-moving-company-18x9.png 18w, https:\/\/moverdb.com\/wp-content\/uploads\/AVA-Express-international-moving-company-600x297.png 600w\" sizes=\"auto, (max-width: 1440px) 100vw, 1440px\" \/><\/p>\n<ul>\n<li>Riiklikud liikumised<\/li>\n<li>Rahvusvahelised liikumised<\/li>\n<li>Kodumajapidamiste kolimised<\/li>\n<li>Kontori kolimised<\/li>\n<li>Spetsiaaltransport ja -varustus<\/li>\n<li>Pakkimisteenused<\/li>\n<li>Transpordi korraldus<\/li>\n<li>Raskete esemete teisaldamine<\/li>\n<li>Kunsti transportimine<\/li>\n<li>Vahepealsed ladustamislahendused<\/li>\n<\/ul>\n<p>AVA Express on Eesti kolimisfirma, millel on \u00fcle 20 aasta kogemust kodu- ja kontorikolimiste korraldamisel. Nad teevad koost\u00f6\u00f6d rahvusvaheliste kolimisagentidega, et pakkuda \u00fclemaailmseid kolimisi ja nad on IAMi liige. Neil on oma autopark, mis teostab kolimisi j\u00e4rgmistes riikides. <a href=\"https:\/\/moverdb.com\/et\/moving-to-estonia\/\" data-internallinksmanager029f6b8e52c=\"430\" title=\"Eestisse kolimine? 2023 elamiskulud ja kolimisn\u00f5uanded\">Eesti<\/a>.<\/p>\n<p>AVA Express pakub kodumajapidamistele ja ettev\u00f5tetele individuaalset hinnapakkumist oma kolimisteenuste kohta. Nad pakuvad k\u00f5ik pakkimismaterjalid teie kolimiseks ja vajadusel pakivad teie asjad teie eest. Nad korraldavad teie asjade, sealhulgas kunstiteoste ja raskete esemete turvalise transpordi teie sihtkohta Eestis v\u00f5i rahvusvaheliselt.<\/p>\n<p>Veebileht: <a href=\"http:\/\/www.ava.ee\" target=\"_blank\" rel=\"noopener\">http:\/\/www.ava.ee<\/a><\/p>\n<h2><span class=\"ez-toc-section\" id=\"3_MoveMaster\"><\/span><strong>3. MoveMaster<\/strong><span class=\"ez-toc-section-end\"><\/span><\/h2>\n<p><img loading=\"lazy\" decoding=\"async\" class=\"alignnone size-full wp-image-5976\" src=\"https:\/\/moverdb.com\/wp-content\/uploads\/MoveMaster-international-moving-company.png\" alt=\"MoveMaster rahvusvaheline kolimisfirma\" width=\"1440\" height=\"713\" data-wp-pid=\"5976\" srcset=\"https:\/\/moverdb.com\/wp-content\/uploads\/MoveMaster-international-moving-company.png 1440w, https:\/\/moverdb.com\/wp-content\/uploads\/MoveMaster-international-moving-company-300x149.png 300w, https:\/\/moverdb.com\/wp-content\/uploads\/MoveMaster-international-moving-company-1024x507.png 1024w, https:\/\/moverdb.com\/wp-content\/uploads\/MoveMaster-international-moving-company-18x9.png 18w, https:\/\/moverdb.com\/wp-content\/uploads\/MoveMaster-international-moving-company-600x297.png 600w\" sizes=\"auto, (max-width: 1440px) 100vw, 1440px\" \/><\/p>\n<ul>\n<li>Kohalikud ja riiklikud liikumised<\/li>\n<li>Rahvusvahelised liikumised<\/li>\n<li>Elamu kolimine<\/li>\n<li>Ettev\u00f5tte liikumised<\/li>\n<li>Individuaalne l\u00e4henemine<\/li>\n<li>Pakkimisteenus<\/li>\n<li>Maismaa-, mere- ja \u00f5hutransport<\/li>\n<li>Kunstiesemete transport<\/li>\n<li>Kindlustus<\/li>\n<li>Ladustamisv\u00f5imalused<\/li>\n<\/ul>\n<p>MoveMaster on Tallinnas asuv Eesti kolimisfirma, millel on 39-aastane kogemus tuhandete kolimiste l\u00e4biviimisel 147 riigis. Nad teevad koost\u00f6\u00f6d koost\u00f6\u00f6partneritega suuremates linnades, et aidata kolimistel v\u00e4ljaspool oma piirkonda ja nad on IAMi liige.<\/p>\n<p>MoveMaster pakub individuaalset l\u00e4henemist oma kolimisteenustele, mis h\u00f5lmab kolimiseelset \u00fclevaatust Tallinnas, et koostada k\u00f5ige sobivam kolimisplaan. Nad pakuvad pakkimisteenust, kasutades kvaliteetseid pakkematerjale, et kaitsta teie asju, demonteerida m\u00f6\u00f6blit ja panna m\u00f6\u00f6bel saabumisel uuesti kokku. Nad korraldavad transpordi maismaa-, mere- ja \u00f5hutranspordi, samuti pakuvad nad tuge tollideklaratsioonide ja kindlustuse puhul.<\/p>\n<p>Veebileht: <a href=\"http:\/\/www.movemaster.ee\" target=\"_blank\" rel=\"noopener\">http:\/\/www.movemaster.ee<\/a><\/p>\n<h2><span class=\"ez-toc-section\" id=\"4_KLG_Estonia\"><\/span><strong>4. KLG Eesti<\/strong><span class=\"ez-toc-section-end\"><\/span><\/h2>\n<p><img loading=\"lazy\" decoding=\"async\" class=\"alignnone size-full wp-image-5964\" src=\"https:\/\/moverdb.com\/wp-content\/uploads\/KLG-Estonia-international-moving-company.png\" alt=\"KLG Eesti rahvusvaheline kolimisfirma\" width=\"1440\" height=\"711\" data-wp-pid=\"5964\" srcset=\"https:\/\/moverdb.com\/wp-content\/uploads\/KLG-Estonia-international-moving-company.png 1440w, https:\/\/moverdb.com\/wp-content\/uploads\/KLG-Estonia-international-moving-company-300x148.png 300w, https:\/\/moverdb.com\/wp-content\/uploads\/KLG-Estonia-international-moving-company-1024x506.png 1024w, https:\/\/moverdb.com\/wp-content\/uploads\/KLG-Estonia-international-moving-company-18x9.png 18w, https:\/\/moverdb.com\/wp-content\/uploads\/KLG-Estonia-international-moving-company-600x296.png 600w\" sizes=\"auto, (max-width: 1440px) 100vw, 1440px\" \/><\/p>\n<ul>\n<li>Riiklikud liikumised<\/li>\n<li>Rahvusvahelised liikumised<\/li>\n<li>Kodumajapidamiste kolimised<\/li>\n<li>Pakkimisteenus<\/li>\n<li>Ehitage kohandatud puidust kastid<\/li>\n<li>Maismaa-, \u00f5hu-, mere- ja raudteetransport<\/li>\n<li>Tollitoetus<\/li>\n<li>Kunstiline transport<\/li>\n<li>Kindlustus<\/li>\n<li>L\u00fchi- ja pikaajalised ladustamisv\u00f5imalused<\/li>\n<\/ul>\n<p>KLG Estonia on Tallinnas asuv logistiliste erilahenduste pakkuja, mis on pakkunud kolimisteenuseid alates 1994. aastast. Neil on \u00fclemaailmne partnerite v\u00f5rgustik, kes aitavad neil pakkuda rahvusvahelisi kolimisi. Nad on akrediteeritud FIDI poolt.<\/p>\n<p>KLG Estonia pakub kontrolli ja konsultatsiooni teie vajaduste hindamiseks. Nad pakuvad professionaalset pakkimisteenust teie asjade kaitsmiseks, sealhulgas kohandatud puidust kastid, mis sobivad igasugusele sisule, sealhulgas kunstiteostele ja IT-seadmetele. Nad kolivad ka suuremaid esemeid, sealhulgas mootorrattaid ja klavereid. Nad korraldavad maismaa-, \u00f5hu-, mere- ja raudteetranspordi ning abistavad tollieeskirjade t\u00e4itmisel.<\/p>\n<p>Veebileht: <a href=\"http:\/\/www.klg.ee\/\" target=\"_blank\" rel=\"noopener\">http:\/\/www.klg.ee\/<\/a><\/p>\n<h2><span class=\"ez-toc-section\" id=\"Other_Useful_Guides_to_Estonia\"><\/span>Muud kasulikud Eesti reisijuhid<span class=\"ez-toc-section-end\"><\/span><\/h2>\n<ul>\n<li> <a href=\"https:\/\/moverdb.com\/et\/moving-to-estonia\/\">Eestisse kolimine? 2023 elamiskulud ja kolimisn\u00f5uanded<\/a><\/li>\n<li> <a href=\"https:\/\/moverdb.com\/et\/moving-to-estonia\/best-places-to-live-estonia\/\">12 parimat elukohta Eestis<\/a><\/li>\n<li> <a href=\"https:\/\/moverdb.com\/et\/konteiner-laevandus\/estonia\/\">2023 Mereveo konteinerite veohinnad Eestisse ja Eestist<\/a><\/li>\n<\/ul>","protected":false},"excerpt":{"rendered":"<p>Moving can be a stressful time, whether that is moving home or your business. Many people employ the services of a moving company as they can safely move your belongings and reduce the stress of your move. Below we have compiled a list of Estonian removal companies that are members of the International Association of [&hellip;]<\/p>\n","protected":false},"author":4,"featured_media":0,"parent":190,"menu_order":0,"comment_status":"closed","ping_status":"closed","template":"","meta":{"_genesis_hide_title":false,"_genesis_hide_breadcrumbs":false,"_genesis_hide_singular_image":false,"_genesis_hide_footer_widgets":false,"_genesis_custom_body_class":"","_genesis_custom_post_class":"","_genesis_layout":"","footnotes":""},"class_list":{"0":"post-6043","1":"page","2":"type-page","3":"status-publish","5":"entry","6":"has-post-thumbnail"},"_links":{"self":[{"href":"https:\/\/moverdb.com\/et\/wp-json\/wp\/v2\/pages\/6043","targetHints":{"allow":["GET"]}}],"collection":[{"href":"https:\/\/moverdb.com\/et\/wp-json\/wp\/v2\/pages"}],"about":[{"href":"https:\/\/moverdb.com\/et\/wp-json\/wp\/v2\/types\/page"}],"author":[{"embeddable":true,"href":"https:\/\/moverdb.com\/et\/wp-json\/wp\/v2\/users\/4"}],"replies":[{"embeddable":true,"href":"https:\/\/moverdb.com\/et\/wp-json\/wp\/v2\/comments?post=6043"}],"version-history":[{"count":3,"href":"https:\/\/moverdb.com\/et\/wp-json\/wp\/v2\/pages\/6043\/revisions"}],"predecessor-version":[{"id":16257,"href":"https:\/\/moverdb.com\/et\/wp-json\/wp\/v2\/pages\/6043\/revisions\/16257"}],"up":[{"embeddable":true,"href":"https:\/\/moverdb.com\/et\/wp-json\/wp\/v2\/pages\/190"}],"wp:attachment":[{"href":"https:\/\/moverdb.com\/et\/wp-json\/wp\/v2\/media?parent=6043"}],"curies":[{"name":"wp","href":"https:\/\/api.w.org\/{rel}","templated":true}]}}