{"id":6036,"date":"2023-02-01T13:45:53","date_gmt":"2023-02-01T13:45:53","guid":{"rendered":"https:\/\/moverdb.com\/?page_id=6036"},"modified":"2026-01-08T15:29:19","modified_gmt":"2026-01-08T15:29:19","slug":"moving-companies-dominican-republic","status":"publish","type":"page","link":"https:\/\/moverdb.com\/et\/moving-companies\/moving-companies-dominican-republic\/","title":{"rendered":"6 parimat rahvusvahelist kolimisfirmat Dominikaani Vabariigis"},"content":{"rendered":"<p>Kui olete kolimas koju v\u00f5i oma ettev\u00f5tte \u00fcmberpaigutamist Dominikaani Vabariiki v\u00f5i Dominikaani Vabariiki v\u00f5i sealt v\u00e4lja, v\u00f5ite otsida abi. Kolimis- v\u00f5i \u00fcmberpaigutamisfirma v\u00f5ib aidata teie kolimist lihtsustada ja v\u00f5tta osa stressist. J\u00e4rgnevalt oleme koostanud nimekirja Dominikaani Vabariigis tegutsevatest ettev\u00f5tetest. <a href=\"https:\/\/moverdb.com\/et\/international-removals\/\" data-internallinksmanager029f6b8e52c=\"27\" title=\"36 Parimad rahvusvahelised kolimisfirmad \u00dchendkuningriigis\">kolimisfirmad<\/a> mis on liikmed <a href=\"https:\/\/moverdb.com\/et\/iam\/\" data-internallinksmanager029f6b8e52c=\"23\" title=\"Rahvusvaheline kolijate assotsiatsioon (IAM) Selgitatud\">Rahvusvaheline kolijate assotsiatsioon<\/a> (IAM) ja\/v\u00f5i <a href=\"https:\/\/moverdb.com\/et\/fidi-faim\/\" data-internallinksmanager029f6b8e52c=\"16\" title=\"FIDI &amp; FAIM (FIDI akrediteeritud rahvusvaheline kolija) selgitatud\">FIDI<\/a> akrediteeritud rahvusvaheline kolija (FAIM), kes v\u00f5ib teid aidata.<\/p>\n<div id=\"ez-toc-container\" class=\"ez-toc-v2_0_82_2 ez-toc-wrap-left counter-hierarchy ez-toc-counter ez-toc-transparent ez-toc-container-direction\">\n<div class=\"ez-toc-title-container\">\n<p class=\"ez-toc-title\" style=\"cursor:inherit\">Jaotised<\/p>\n<span class=\"ez-toc-title-toggle\"><a href=\"#\" class=\"ez-toc-pull-right ez-toc-btn ez-toc-btn-xs ez-toc-btn-default ez-toc-toggle\" aria-label=\"Sisukorra vaheldumine\"><span class=\"ez-toc-js-icon-con\"><span class=\"\"><span class=\"eztoc-hide\" style=\"display:none;\">Toggle<\/span><span class=\"ez-toc-icon-toggle-span\"><svg style=\"fill: #999;color:#999\" xmlns=\"http:\/\/www.w3.org\/2000\/svg\" class=\"list-377408\" width=\"20px\" height=\"20px\" viewbox=\"0 0 24 24\" fill=\"none\"><path d=\"M6 6H4v2h2V6zm14 0H8v2h12V6zM4 11h2v2H4v-2zm16 0H8v2h12v-2zM4 16h2v2H4v-2zm16 0H8v2h12v-2z\" fill=\"currentColor\"><\/path><\/svg><svg style=\"fill: #999;color:#999\" class=\"arrow-unsorted-368013\" xmlns=\"http:\/\/www.w3.org\/2000\/svg\" width=\"10px\" height=\"10px\" viewbox=\"0 0 24 24\" version=\"1.2\" baseprofile=\"tiny\"><path d=\"M18.2 9.3l-6.2-6.3-6.2 6.3c-.2.2-.3.4-.3.7s.1.5.3.7c.2.2.4.3.7.3h11c.3 0 .5-.1.7-.3.2-.2.3-.5.3-.7s-.1-.5-.3-.7zM5.8 14.7l6.2 6.3 6.2-6.3c.2-.2.3-.5.3-.7s-.1-.5-.3-.7c-.2-.2-.4-.3-.7-.3h-11c-.3 0-.5.1-.7.3-.2.2-.3.5-.3.7s.1.5.3.7z\"\/><\/svg><\/span><\/span><\/span><\/a><\/span><\/div>\n<nav><ul class='ez-toc-list ez-toc-list-level-1 eztoc-toggle-hide-by-default' ><li class='ez-toc-page-1 ez-toc-heading-level-2'><a class=\"ez-toc-link ez-toc-heading-1\" href=\"https:\/\/moverdb.com\/et\/moving-companies\/moving-companies-dominican-republic\/#1_International_Packers\" >1. Rahvusvahelised pakendajad<\/a><\/li><li class='ez-toc-page-1 ez-toc-heading-level-2'><a class=\"ez-toc-link ez-toc-heading-2\" href=\"https:\/\/moverdb.com\/et\/moving-companies\/moving-companies-dominican-republic\/#2_Mega_Movers\" >2. Mega Movers<\/a><\/li><li class='ez-toc-page-1 ez-toc-heading-level-2'><a class=\"ez-toc-link ez-toc-heading-3\" href=\"https:\/\/moverdb.com\/et\/moving-companies\/moving-companies-dominican-republic\/#3_Dominican_International_Moving\" >3. Dominikaani rahvusvaheline kolimine<\/a><\/li><li class='ez-toc-page-1 ez-toc-heading-level-2'><a class=\"ez-toc-link ez-toc-heading-4\" href=\"https:\/\/moverdb.com\/et\/moving-companies\/moving-companies-dominican-republic\/#4_Frank_Leo\" >4. Frank Leo<\/a><\/li><li class='ez-toc-page-1 ez-toc-heading-level-2'><a class=\"ez-toc-link ez-toc-heading-5\" href=\"https:\/\/moverdb.com\/et\/moving-companies\/moving-companies-dominican-republic\/#5_L_G_International_Movers\" >5. L&amp;G International Movers<\/a><\/li><li class='ez-toc-page-1 ez-toc-heading-level-2'><a class=\"ez-toc-link ez-toc-heading-6\" href=\"https:\/\/moverdb.com\/et\/moving-companies\/moving-companies-dominican-republic\/#6_Latino_Express\" >6. Latino Express<\/a><\/li><\/ul><\/nav><\/div>\n<h2><span class=\"ez-toc-section\" id=\"1_International_Packers\"><\/span><strong>1. Rahvusvahelised pakendajad<\/strong><span class=\"ez-toc-section-end\"><\/span><\/h2>\n<p><img loading=\"lazy\" decoding=\"async\" class=\"alignnone size-full wp-image-5961\" src=\"https:\/\/moverdb.com\/wp-content\/uploads\/International-Packers-international-moving-company.png\" alt=\"International Packers rahvusvaheline kolimisfirma\" width=\"1440\" height=\"683\" data-wp-pid=\"5961\" srcset=\"https:\/\/moverdb.com\/wp-content\/uploads\/International-Packers-international-moving-company.png 1440w, https:\/\/moverdb.com\/wp-content\/uploads\/International-Packers-international-moving-company-300x142.png 300w, https:\/\/moverdb.com\/wp-content\/uploads\/International-Packers-international-moving-company-1024x486.png 1024w, https:\/\/moverdb.com\/wp-content\/uploads\/International-Packers-international-moving-company-18x9.png 18w, https:\/\/moverdb.com\/wp-content\/uploads\/International-Packers-international-moving-company-600x285.png 600w\" sizes=\"auto, (max-width: 1440px) 100vw, 1440px\" \/><\/p>\n<ul>\n<li>Riiklikud liikumised<\/li>\n<li>Rahvusvahelised liikumised<\/li>\n<li>Kodumajapidamiste kolimised<\/li>\n<li>Ettev\u00f5tte liikumised<\/li>\n<li>Professionaalne pakkimisteenus<\/li>\n<li>Tollitoetus<\/li>\n<li>Kunstiteoste transport<\/li>\n<li>Lemmikloomade saatmine<\/li>\n<li>Kindlustus<\/li>\n<li>Ladustamisv\u00f5imalused<\/li>\n<\/ul>\n<p>International Packers on 1989. aastal asutatud Santo Domingos asuv kolimis- ja ladustamisettev\u00f5te. Nad pakuvad kolimis- ja \u00fcmberpaigutamisteenuseid, sealhulgas kunstiteoste, lemmikloomade vedu ja m\u00f6\u00f6bli rentimise eriteenuseid. Nad on IAMi liige, kellel on 33 aastat kestnud tegevus ja kes on akrediteeritud FIDI poolt.<\/p>\n<p>International Packers pakub personaalset teenust siseriiklike ja rahvusvaheliste kolimiste puhul, mida pakuvad rahvusvahelised kolimisagendid \u00fcle kogu maailma. Nad pakuvad ukselt-uksele teenust, mis h\u00f5lmab professionaalset pakkimisteenust, et kaitsta teie asju, ja nad pakuvad kindlustuskaitset. Nad pakuvad ka ladustamisv\u00f5imalusi, kui te seda vajate.<\/p>\n<p>Veebileht: <a href=\"http:\/\/www.internt-packers.com.do\" target=\"_blank\" rel=\"noopener\">http:\/\/www.internt-packers.com.do<\/a><\/p>\n<h2><span class=\"ez-toc-section\" id=\"2_Mega_Movers\"><\/span><strong>2. Mega Movers<\/strong><span class=\"ez-toc-section-end\"><\/span><\/h2>\n<p><img loading=\"lazy\" decoding=\"async\" class=\"alignnone size-full wp-image-5970\" src=\"https:\/\/moverdb.com\/wp-content\/uploads\/Mega-Movers-international-moving-company.png\" alt=\"Mega Movers rahvusvaheline kolimisfirma\" width=\"1440\" height=\"677\" data-wp-pid=\"5970\" srcset=\"https:\/\/moverdb.com\/wp-content\/uploads\/Mega-Movers-international-moving-company.png 1440w, https:\/\/moverdb.com\/wp-content\/uploads\/Mega-Movers-international-moving-company-300x141.png 300w, https:\/\/moverdb.com\/wp-content\/uploads\/Mega-Movers-international-moving-company-1024x481.png 1024w, https:\/\/moverdb.com\/wp-content\/uploads\/Mega-Movers-international-moving-company-18x8.png 18w, https:\/\/moverdb.com\/wp-content\/uploads\/Mega-Movers-international-moving-company-600x282.png 600w\" sizes=\"auto, (max-width: 1440px) 100vw, 1440px\" \/><\/p>\n<ul>\n<li>Riiklikud liikumised<\/li>\n<li>Rahvusvahelised liikumised<\/li>\n<li>Kodumajapidamiste kolimised<\/li>\n<li>Kontori kolimised<\/li>\n<li>Spetsialiseerunud meditsiiniseadmete teisaldamisele<\/li>\n<li>Pakkimisteenused<\/li>\n<li>Eritellimusel valmistatud kastid<\/li>\n<li>Spetsiaalsed seadmed<\/li>\n<li>V\u00f5imaldab \u00fclisuurte ja\/v\u00f5i \u00fclekaaluliste kaupade vedu<\/li>\n<li>Kindlustus<\/li>\n<\/ul>\n<p>Mega Movers on pereettev\u00f5te, mis tegutseb Dominikaani Vabariigis, Puerto Ricos ja Kariibi mere piirkonnas. Nad pakuvad masinaid, v\u00f5tmed k\u00e4tte projekte, \u00fclekaalulisi\/\u00fclekaalulisi kaupu ja rahvusvahelisi kodumajapidamiste kolimisi. Nad pakuvad ka meditsiiniseadmete kolimisele spetsialiseerunud teenust Dominikaani Vabariigis. Nad on IAMi liige, kellel on 3 aastat tegutsemist.<\/p>\n<p>Mega Movers pakub individuaalset teenust, mis h\u00f5lmab ka ettev\u00f5ttesiseseid konsultatsioone ja n\u00f5uandeid. Nad pakuvad kogenud pakendajaid ja uusi pakkimismaterjale, sealhulgas ise valmistatud kastid. Samuti teevad nad koost\u00f6\u00f6d enam kui 1000 rahvusvahelise kolimisagendiga \u00fcle maailma, et pakkuda teenuseid \u00fchiselt.<\/p>\n<p>Veebileht: <a href=\"http:\/\/www.megamovers.co\" target=\"_blank\" rel=\"noopener\">http:\/\/www.megamovers.co<\/a><\/p>\n<h2><span class=\"ez-toc-section\" id=\"3_Dominican_International_Moving\"><\/span><strong>3. Dominikaani rahvusvaheline kolimine<\/strong><span class=\"ez-toc-section-end\"><\/span><\/h2>\n<p><img loading=\"lazy\" decoding=\"async\" class=\"alignnone size-full wp-image-5939\" src=\"https:\/\/moverdb.com\/wp-content\/uploads\/Domincan-International-Moving-company.png\" alt=\"Domincan Rahvusvaheline kolimisfirma\" width=\"1440\" height=\"672\" data-wp-pid=\"5939\" srcset=\"https:\/\/moverdb.com\/wp-content\/uploads\/Domincan-International-Moving-company.png 1440w, https:\/\/moverdb.com\/wp-content\/uploads\/Domincan-International-Moving-company-300x140.png 300w, https:\/\/moverdb.com\/wp-content\/uploads\/Domincan-International-Moving-company-1024x478.png 1024w, https:\/\/moverdb.com\/wp-content\/uploads\/Domincan-International-Moving-company-18x8.png 18w, https:\/\/moverdb.com\/wp-content\/uploads\/Domincan-International-Moving-company-600x280.png 600w\" sizes=\"auto, (max-width: 1440px) 100vw, 1440px\" \/><\/p>\n<ul>\n<li>Riiklikud liikumised<\/li>\n<li>Rahvusvahelised liikumised<\/li>\n<li>Elamu kolimine<\/li>\n<li>Ettev\u00f5tte liikumine<\/li>\n<li>Kogemused tundlike ja \u00f5rnade esemete k\u00e4itlemisel<\/li>\n<li>Pakkimisteenused<\/li>\n<li>Tollitoetus<\/li>\n<li>S\u00f5iduki transport<\/li>\n<li>Lemmikloomade \u00fcmberpaigutamine<\/li>\n<li>Ladustamisv\u00f5imalused<\/li>\n<\/ul>\n<p>Dominican International Moving on <a href=\"https:\/\/moverdb.com\/et\/moving-companies\/\" data-internallinksmanager029f6b8e52c=\"79\" title=\"Top 25 rahvusvahelist kolimisfirmat Internetis\">kolimisfirma<\/a> mis asub Santo Domingos ja pakub riiklikke ja rahvusvahelisi kolimisi ja \u00fcmberpaigutusi. Nad pakuvad ka s\u00f5idukite transporti ja lemmikloomade \u00fcmberpaigutamist. Nad on IAMi liige ja neil on kvalifitseeritud agentide v\u00f5rgustik \u00fcle kogu maailma, kes abistavad rahvusvaheliste kolimiste teostamisel.<\/p>\n<p>Dominican International Moving pakub terviklikke kolimislahendusi, mis h\u00f5lmavad k\u00f5igi teie asjade turvalist pakkimist spetsiaalsete pakenditega, m\u00f6\u00f6bli lahtiv\u00f5tmist ja inventuuri koostamist. Nad korraldaksid teie asjade transpordi, tegeleksid tollieeskirjade t\u00e4itmisega, laadiksid need maha ja paneksid m\u00f6\u00f6bli kokku.<\/p>\n<p>Veebileht: <a href=\"http:\/\/www.dim.do\/\" target=\"_blank\" rel=\"noopener\">http:\/\/www.dim.do\/<\/a><\/p>\n<h2><span class=\"ez-toc-section\" id=\"4_Frank_Leo\"><\/span><strong>4. Frank Leo<\/strong><span class=\"ez-toc-section-end\"><\/span><\/h2>\n<p><img loading=\"lazy\" decoding=\"async\" class=\"alignnone size-full wp-image-5946\" src=\"https:\/\/moverdb.com\/wp-content\/uploads\/Frank-Leo-international-moving-company.png\" alt=\"Frank Leo rahvusvaheline kolimisfirma\" width=\"1440\" height=\"680\" data-wp-pid=\"5946\" srcset=\"https:\/\/moverdb.com\/wp-content\/uploads\/Frank-Leo-international-moving-company.png 1440w, https:\/\/moverdb.com\/wp-content\/uploads\/Frank-Leo-international-moving-company-300x142.png 300w, https:\/\/moverdb.com\/wp-content\/uploads\/Frank-Leo-international-moving-company-1024x484.png 1024w, https:\/\/moverdb.com\/wp-content\/uploads\/Frank-Leo-international-moving-company-18x9.png 18w, https:\/\/moverdb.com\/wp-content\/uploads\/Frank-Leo-international-moving-company-600x283.png 600w\" sizes=\"auto, (max-width: 1440px) 100vw, 1440px\" \/><\/p>\n<ul>\n<li>Riiklikud liikumised<\/li>\n<li>Rahvusvahelised liikumised<\/li>\n<li>\u00dcmberpaigutamise teenused<\/li>\n<li>Kodumajapidamiste kolimised<\/li>\n<li>Kaubanduslikud k\u00e4igud<\/li>\n<li>Maismaa-, mere- ja \u00f5hutransport<\/li>\n<li>Tollimaaklerlus<\/li>\n<li>T\u00e4iendavad transporditeenused s\u00f5idukitele ja lemmikloomadele<\/li>\n<li>Kindlustus<\/li>\n<li>Ladustamisv\u00f5imalused<\/li>\n<\/ul>\n<p>Frank Leo on 1990. aastal Dominikaani Vabariigis asutatud logistika- ja kolimisfirma. Nad pakuvad riiklikke ja rahvusvahelisi kolimisteenuseid, samuti kolimisteenuseid, mis toetavad teid kohaliku n\u00f5ustamise ja uude riiki elama asumisega. Nad on IAMi liige 32 aasta pikkuse tegutsemisaja jooksul.<\/p>\n<p>Frank Leo pakub eraisikutele, peredele, ettev\u00f5tetele ja diplomaatidele kohandatud lahendusi. Nende teenuste hulka kuulub k\u00f5igi teie asjade pakkimine koos spetsiaalsete pakkimisteenustega antiikesemete, kunstiteoste ja masinate jaoks. Nad korraldavad transpordi maismaa-, mere- v\u00f5i \u00f5hutranspordi ja toetavad tollimaaklerit\u00f6\u00f6dega. Samuti pakuvad nad teenuseid, mis aitavad teisaldada s\u00f5idukeid, paate, kerglennukeid, taimi ja lemmikloomi.<\/p>\n<p>Veebileht: <a href=\"http:\/\/www.frankleo.com\" target=\"_blank\" rel=\"noopener\">http:\/\/www.frankleo.com<\/a><\/p>\n<h2><span class=\"ez-toc-section\" id=\"5_L_G_International_Movers\"><\/span><strong>5. L&amp;G International Movers<\/strong><span class=\"ez-toc-section-end\"><\/span><\/h2>\n<p><img loading=\"lazy\" decoding=\"async\" class=\"alignnone size-full wp-image-5965\" src=\"https:\/\/moverdb.com\/wp-content\/uploads\/LG-International-Movers-company.png\" alt=\"L&amp;G International Movers ettev\u00f5te\" width=\"1440\" height=\"676\" data-wp-pid=\"5965\" srcset=\"https:\/\/moverdb.com\/wp-content\/uploads\/LG-International-Movers-company.png 1440w, https:\/\/moverdb.com\/wp-content\/uploads\/LG-International-Movers-company-300x141.png 300w, https:\/\/moverdb.com\/wp-content\/uploads\/LG-International-Movers-company-1024x481.png 1024w, https:\/\/moverdb.com\/wp-content\/uploads\/LG-International-Movers-company-18x8.png 18w, https:\/\/moverdb.com\/wp-content\/uploads\/LG-International-Movers-company-600x282.png 600w\" sizes=\"auto, (max-width: 1440px) 100vw, 1440px\" \/><\/p>\n<ul>\n<li>Riiklikud liikumised<\/li>\n<li>Rahvusvahelised liikumised<\/li>\n<li>Elamu kolimine<\/li>\n<li>Ettev\u00f5tte liikumine<\/li>\n<li>Self-pack v\u00f5imalus<\/li>\n<li>Pakkimisteenused<\/li>\n<li>Transpordiv\u00f5imaluste valik<\/li>\n<li>Tollivormistus<\/li>\n<li>Autotransport<\/li>\n<li>Ladustamisv\u00f5imalused<\/li>\n<\/ul>\n<p>L&amp;G International Movers on Santo Domingos asuv logistika- ja rahvusvaheliste kolimisteenuste ettev\u00f5te. Nad pakuvad rahvusvahelisi kolimisi, kasutades selleks oma partnereid, teisi kolijaid ja veoettev\u00f5tteid \u00fcle kogu maailma. Nad on IAMi liige ja FIDI poolt akrediteeritud.<\/p>\n<p>L&amp;G International Movers pakib teie asjad, kasutades uusimaid tehnikaid ja materjale, v\u00f5i v\u00f5ite valida, kas pakendada ise. Nad pakuvad erinevaid transporditeenuseid, sealhulgas lennu- ja meretransporti, sealhulgas \u00f6konoomsemaid meetodeid, nagu n\u00e4iteks grupivedu, mille puhul saate oma saadetise \u00fchendada teistega. Nad toetavad teid ka tollivormistuse puhul.<\/p>\n<p>Veebileht: <a href=\"http:\/\/www.lginternationalmovers.com\" target=\"_blank\" rel=\"noopener\">http:\/\/www.lginternationalmovers.com<\/a><\/p>\n<h2><span class=\"ez-toc-section\" id=\"6_Latino_Express\"><\/span><strong>6. Latino Express<\/strong><span class=\"ez-toc-section-end\"><\/span><\/h2>\n<p><img loading=\"lazy\" decoding=\"async\" class=\"alignnone size-full wp-image-5967\" src=\"https:\/\/moverdb.com\/wp-content\/uploads\/Latino-Express-international-moving-company.png\" alt=\"Latino Express rahvusvaheline kolimisfirma\" width=\"1440\" height=\"665\" data-wp-pid=\"5967\" srcset=\"https:\/\/moverdb.com\/wp-content\/uploads\/Latino-Express-international-moving-company.png 1440w, https:\/\/moverdb.com\/wp-content\/uploads\/Latino-Express-international-moving-company-300x139.png 300w, https:\/\/moverdb.com\/wp-content\/uploads\/Latino-Express-international-moving-company-1024x473.png 1024w, https:\/\/moverdb.com\/wp-content\/uploads\/Latino-Express-international-moving-company-18x8.png 18w, https:\/\/moverdb.com\/wp-content\/uploads\/Latino-Express-international-moving-company-600x277.png 600w\" sizes=\"auto, (max-width: 1440px) 100vw, 1440px\" \/><\/p>\n<ul>\n<li>Riiklikud kolimised<\/li>\n<li>Rahvusvahelised kolimised<\/li>\n<li>\u00dcmberpaigutused<\/li>\n<li>Kodumajapidamiste kolimine<\/li>\n<li>Ettev\u00f5tte kolimised<\/li>\n<li>Pakkimisteenused<\/li>\n<li>Professionaalselt koolitatud personal<\/li>\n<li>Tollimaaklerid<\/li>\n<li>Maismaa-, mere- ja \u00f5huvedu<\/li>\n<li>Turvalised salvestuslahendused<\/li>\n<\/ul>\n<p>Latino Express on 1979. aastal asutatud veo- ja kolimisfirma, mis pakub riigisiseseid ja rahvusvahelisi kolimisi ning kolimisteenuseid. Nad teevad koost\u00f6\u00f6d rahvusvaheliste kolimisfirmade v\u00f5rgustikuga, et aidata pakkuda kolimisteenuseid kogu maailmas. Nad on IAMi liige, kellel on 43 aastat kestnud tegevus.<\/p>\n<p>Latino Express pakub professionaalset kolimisteenust, mis h\u00f5lmab kodumajapidamiste ja ettev\u00f5tete kolimist. Nad pakuvad pakkimisteenust, mida osutavad koolitatud t\u00f6\u00f6tajad, kes kaitsevad teie asju ja korraldavad vedu maismaa-, mere- v\u00f5i \u00f5hutranspordi ning abistavad tollimaaklerite juures. Samuti pakuvad nad turvalisi ladustamislahendusi, kui te neid vajate.<\/p>\n<p>Veebileht: <a href=\"http:\/\/www.latinoexpress.com.do\" target=\"_blank\" rel=\"noopener\">http:\/\/www.latinoexpress.com.do<\/a><\/p>","protected":false},"excerpt":{"rendered":"<p>If you are moving home or relocating your business in the Dominican Republic, or to or from the Dominican Republic, you might be looking for some assistance. A moving or relocation company could help ease your move and take away some of the stress. Below we have compiled a list of Dominican Republic removal companies [&hellip;]<\/p>\n","protected":false},"author":4,"featured_media":0,"parent":190,"menu_order":0,"comment_status":"closed","ping_status":"closed","template":"","meta":{"_genesis_hide_title":false,"_genesis_hide_breadcrumbs":false,"_genesis_hide_singular_image":false,"_genesis_hide_footer_widgets":false,"_genesis_custom_body_class":"","_genesis_custom_post_class":"","_genesis_layout":"","footnotes":""},"class_list":{"0":"post-6036","1":"page","2":"type-page","3":"status-publish","5":"entry","6":"has-post-thumbnail"},"_links":{"self":[{"href":"https:\/\/moverdb.com\/et\/wp-json\/wp\/v2\/pages\/6036","targetHints":{"allow":["GET"]}}],"collection":[{"href":"https:\/\/moverdb.com\/et\/wp-json\/wp\/v2\/pages"}],"about":[{"href":"https:\/\/moverdb.com\/et\/wp-json\/wp\/v2\/types\/page"}],"author":[{"embeddable":true,"href":"https:\/\/moverdb.com\/et\/wp-json\/wp\/v2\/users\/4"}],"replies":[{"embeddable":true,"href":"https:\/\/moverdb.com\/et\/wp-json\/wp\/v2\/comments?post=6036"}],"version-history":[{"count":1,"href":"https:\/\/moverdb.com\/et\/wp-json\/wp\/v2\/pages\/6036\/revisions"}],"predecessor-version":[{"id":6037,"href":"https:\/\/moverdb.com\/et\/wp-json\/wp\/v2\/pages\/6036\/revisions\/6037"}],"up":[{"embeddable":true,"href":"https:\/\/moverdb.com\/et\/wp-json\/wp\/v2\/pages\/190"}],"wp:attachment":[{"href":"https:\/\/moverdb.com\/et\/wp-json\/wp\/v2\/media?parent=6036"}],"curies":[{"name":"wp","href":"https:\/\/api.w.org\/{rel}","templated":true}]}}