{"id":6032,"date":"2023-02-01T13:49:08","date_gmt":"2023-02-01T13:49:08","guid":{"rendered":"https:\/\/moverdb.com\/?page_id=6032"},"modified":"2026-01-08T15:29:32","modified_gmt":"2026-01-08T15:29:32","slug":"moving-companies-denmark","status":"publish","type":"page","link":"https:\/\/moverdb.com\/et\/moving-companies\/moving-companies-denmark\/","title":{"rendered":"8 parimat rahvusvahelist kolimisfirmat Taanis"},"content":{"rendered":"<p>Kui te plaanite kolida koju v\u00f5i kontorisse aastal <a href=\"https:\/\/moverdb.com\/et\/moving-to-denmark\/\" data-internallinksmanager029f6b8e52c=\"335\" title=\"Kolimine Taani? 2023 elamiskulud ja kolimisn\u00f5uanded\">Taani<\/a>, v\u00f5i Taanist v\u00f5i Taani, siis v\u00f5iksite kasutada abi <a href=\"https:\/\/moverdb.com\/et\/moving-companies\/\" data-internallinksmanager029f6b8e52c=\"79\" title=\"Top 25 rahvusvahelist kolimisfirmat Internetis\">kolimisfirma<\/a> aidata teil kolida, et v\u00e4hendada survet ja k\u00f5rvaldada osa keerukusest. Allpool oleme koostanud nimekirja Taanist <a href=\"https:\/\/moverdb.com\/et\/international-removals\/\" data-internallinksmanager029f6b8e52c=\"27\" title=\"36 Parimad rahvusvahelised kolimisfirmad \u00dchendkuningriigis\">kolimisfirmad<\/a> mis on liikmed <a href=\"https:\/\/moverdb.com\/et\/iam\/\" data-internallinksmanager029f6b8e52c=\"23\" title=\"Rahvusvaheline kolijate assotsiatsioon (IAM) Selgitatud\">Rahvusvaheline kolijate assotsiatsioon<\/a> (IAM) ja\/v\u00f5i <a href=\"https:\/\/moverdb.com\/et\/fidi-faim\/\" data-internallinksmanager029f6b8e52c=\"16\" title=\"FIDI &amp; FAIM (FIDI akrediteeritud rahvusvaheline kolija) selgitatud\">FIDI<\/a> akrediteeritud rahvusvaheline kolija (FAIM), kes v\u00f5iks teid aidata.<\/p>\n<div id=\"ez-toc-container\" class=\"ez-toc-v2_0_82_2 ez-toc-wrap-left counter-hierarchy ez-toc-counter ez-toc-transparent ez-toc-container-direction\">\n<div class=\"ez-toc-title-container\">\n<p class=\"ez-toc-title\" style=\"cursor:inherit\">Jaotised<\/p>\n<span class=\"ez-toc-title-toggle\"><a href=\"#\" class=\"ez-toc-pull-right ez-toc-btn ez-toc-btn-xs ez-toc-btn-default ez-toc-toggle\" aria-label=\"Sisukorra vaheldumine\"><span class=\"ez-toc-js-icon-con\"><span class=\"\"><span class=\"eztoc-hide\" style=\"display:none;\">Toggle<\/span><span class=\"ez-toc-icon-toggle-span\"><svg style=\"fill: #999;color:#999\" xmlns=\"http:\/\/www.w3.org\/2000\/svg\" class=\"list-377408\" width=\"20px\" height=\"20px\" viewbox=\"0 0 24 24\" fill=\"none\"><path d=\"M6 6H4v2h2V6zm14 0H8v2h12V6zM4 11h2v2H4v-2zm16 0H8v2h12v-2zM4 16h2v2H4v-2zm16 0H8v2h12v-2z\" fill=\"currentColor\"><\/path><\/svg><svg style=\"fill: #999;color:#999\" class=\"arrow-unsorted-368013\" xmlns=\"http:\/\/www.w3.org\/2000\/svg\" width=\"10px\" height=\"10px\" viewbox=\"0 0 24 24\" version=\"1.2\" baseprofile=\"tiny\"><path d=\"M18.2 9.3l-6.2-6.3-6.2 6.3c-.2.2-.3.4-.3.7s.1.5.3.7c.2.2.4.3.7.3h11c.3 0 .5-.1.7-.3.2-.2.3-.5.3-.7s-.1-.5-.3-.7zM5.8 14.7l6.2 6.3 6.2-6.3c.2-.2.3-.5.3-.7s-.1-.5-.3-.7c-.2-.2-.4-.3-.7-.3h-11c-.3 0-.5.1-.7.3-.2.2-.3.5-.3.7s.1.5.3.7z\"\/><\/svg><\/span><\/span><\/span><\/a><\/span><\/div>\n<nav><ul class='ez-toc-list ez-toc-list-level-1 eztoc-toggle-hide-by-default' ><li class='ez-toc-page-1 ez-toc-heading-level-2'><a class=\"ez-toc-link ez-toc-heading-1\" href=\"https:\/\/moverdb.com\/et\/moving-companies\/moving-companies-denmark\/#1_European_Removal_Storage_Co\" >1. Euroopa kolimine ja ladustamine Co<\/a><\/li><li class='ez-toc-page-1 ez-toc-heading-level-2'><a class=\"ez-toc-link ez-toc-heading-2\" href=\"https:\/\/moverdb.com\/et\/moving-companies\/moving-companies-denmark\/#2_Move-it\" >2. Move-it<\/a><\/li><li class='ez-toc-page-1 ez-toc-heading-level-2'><a class=\"ez-toc-link ez-toc-heading-3\" href=\"https:\/\/moverdb.com\/et\/moving-companies\/moving-companies-denmark\/#3_MF_Interlogistics\" >3. MF Interlogistika<\/a><\/li><li class='ez-toc-page-1 ez-toc-heading-level-2'><a class=\"ez-toc-link ez-toc-heading-4\" href=\"https:\/\/moverdb.com\/et\/moving-companies\/moving-companies-denmark\/#4_Bryde_Sonner\" >4. Bryde &amp; Sonner<\/a><\/li><li class='ez-toc-page-1 ez-toc-heading-level-2'><a class=\"ez-toc-link ez-toc-heading-5\" href=\"https:\/\/moverdb.com\/et\/moving-companies\/moving-companies-denmark\/#5_Inter_Express_Transport\" >5. Inter Express Transport<\/a><\/li><li class='ez-toc-page-1 ez-toc-heading-level-2'><a class=\"ez-toc-link ez-toc-heading-6\" href=\"https:\/\/moverdb.com\/et\/moving-companies\/moving-companies-denmark\/#6_Obro_Moving_Company\" >6. Obro Moving Company<\/a><\/li><li class='ez-toc-page-1 ez-toc-heading-level-2'><a class=\"ez-toc-link ez-toc-heading-7\" href=\"https:\/\/moverdb.com\/et\/moving-companies\/moving-companies-denmark\/#7_Alfa_Moving\" >7. Alfa Moving<\/a><\/li><li class='ez-toc-page-1 ez-toc-heading-level-2'><a class=\"ez-toc-link ez-toc-heading-8\" href=\"https:\/\/moverdb.com\/et\/moving-companies\/moving-companies-denmark\/#8_Aspire_Mobility_Group\" >8. Aspire Mobility Group<\/a><\/li><li class='ez-toc-page-1 ez-toc-heading-level-2'><a class=\"ez-toc-link ez-toc-heading-9\" href=\"https:\/\/moverdb.com\/et\/moving-companies\/moving-companies-denmark\/#Other_Useful_Guides_to_Denmark\" >Muud kasulikud Taani reisijuhid<\/a><\/li><\/ul><\/nav><\/div>\n<h2><span class=\"ez-toc-section\" id=\"1_European_Removal_Storage_Co\"><\/span><strong>1. Euroopa kolimine ja ladustamine Co<\/strong><span class=\"ez-toc-section-end\"><\/span><\/h2>\n<p><img loading=\"lazy\" decoding=\"async\" class=\"alignnone size-full wp-image-5944\" src=\"https:\/\/moverdb.com\/wp-content\/uploads\/European-Removal-Storage-Co-international-moving-company.png\" alt=\"European Removal &amp; Storage Co rahvusvaheline kolimisfirma\" width=\"1440\" height=\"683\" data-wp-pid=\"5944\" srcset=\"https:\/\/moverdb.com\/wp-content\/uploads\/European-Removal-Storage-Co-international-moving-company.png 1440w, https:\/\/moverdb.com\/wp-content\/uploads\/European-Removal-Storage-Co-international-moving-company-300x142.png 300w, https:\/\/moverdb.com\/wp-content\/uploads\/European-Removal-Storage-Co-international-moving-company-1024x486.png 1024w, https:\/\/moverdb.com\/wp-content\/uploads\/European-Removal-Storage-Co-international-moving-company-18x9.png 18w, https:\/\/moverdb.com\/wp-content\/uploads\/European-Removal-Storage-Co-international-moving-company-600x285.png 600w\" sizes=\"auto, (max-width: 1440px) 100vw, 1440px\" \/><\/p>\n<ul>\n<li>Riiklikud liikumised<\/li>\n<li>Rahvusvahelised liikumised<\/li>\n<li>Kodumajapidamiste kolimised<\/li>\n<li>Ettev\u00f5tte liikumised<\/li>\n<li>Pakettide tasemete valik<\/li>\n<li>\u00dcmberpaigutamise teenused<\/li>\n<li>Ukselt-uksele teenus<\/li>\n<li>Tollivormistus<\/li>\n<li>Maja jahtimine<\/li>\n<li>Ladustamislahendused<\/li>\n<\/ul>\n<p>European Removal &amp; Storage Co on 1995. aastal Kopenhaagenis asutatud rahvusvaheline kolimisfirma. T\u00e4nu oma liikmelisusele <a href=\"https:\/\/moverdb.com\/et\/euromovers\/\" data-internallinksmanager029f6b8e52c=\"12\" title=\"Euroopa liikumispartnerluse (EUROMOVERS International) selgitused\">Euromovers<\/a>nad pakuvad rahvusvahelisi kolimisi koos partneri kolimisagentuuridega. Nad on IAMi liige 27 aasta pikkuse tegutsemisaja jooksul.<\/p>\n<p>European Removal &amp; Storage Co pakub individuaalset teenust ja erinevaid kolimisteenuseid. Nad pakuvad t\u00e4isteenuse paketti, mis sisaldab t\u00e4ielikku uksest-ukseni teenust, klassikalist paketti, mille puhul saate ise otsustada, kui palju soovite kolimisega tegeleda, ning s\u00e4\u00e4stupaketti, mille puhul nad ainult laadivad ja transpordivad. \u00dcmberasumisteenused h\u00f5lmavad ka orienteerumist, majade otsimist, karj\u00e4\u00e4rin\u00f5ustamist ja kultuuridevahelist koolitust.<\/p>\n<p>Veebileht: <a href=\"http:\/\/www.euromovers.dk\" target=\"_blank\" rel=\"noopener\">http:\/\/www.euromovers.dk<\/a><\/p>\n<h2><span class=\"ez-toc-section\" id=\"2_Move-it\"><\/span><strong>2. Move-it<\/strong><span class=\"ez-toc-section-end\"><\/span><\/h2>\n<p><img loading=\"lazy\" decoding=\"async\" class=\"alignnone size-full wp-image-5975\" src=\"https:\/\/moverdb.com\/wp-content\/uploads\/Move-it-international-moving-company.png\" alt=\"Move-it rahvusvaheline kolimisfirma\" width=\"1440\" height=\"666\" data-wp-pid=\"5975\" srcset=\"https:\/\/moverdb.com\/wp-content\/uploads\/Move-it-international-moving-company.png 1440w, https:\/\/moverdb.com\/wp-content\/uploads\/Move-it-international-moving-company-300x139.png 300w, https:\/\/moverdb.com\/wp-content\/uploads\/Move-it-international-moving-company-1024x474.png 1024w, https:\/\/moverdb.com\/wp-content\/uploads\/Move-it-international-moving-company-18x8.png 18w, https:\/\/moverdb.com\/wp-content\/uploads\/Move-it-international-moving-company-600x278.png 600w\" sizes=\"auto, (max-width: 1440px) 100vw, 1440px\" \/><\/p>\n<ul>\n<li>Riiklikud liikumised<\/li>\n<li>Rahvusvahelised liikumised<\/li>\n<li>\u00c4ri- ja projektik\u00e4igud<\/li>\n<li>T\u00f6\u00f6tajate \u00fcmberpaigutamine<\/li>\n<li>Individuaalne ukselt-uksele teenus<\/li>\n<li>Pakkimisteenused<\/li>\n<li>Puidust kastide valmistamine ja pakendamine vastavalt Euroopa standarditele<\/li>\n<li>Kombineeritud transporditeenused<\/li>\n<li>Kindlustus<\/li>\n<li>L\u00fchi- ja pikaajalised ladustamisv\u00f5imalused<\/li>\n<\/ul>\n<p>Move-it on 1997. aastal asutatud rahvusvaheline kolimisfirma, mille asukoht on Glostrupis. Nad on spetsialiseerunud suuremahulistele kolimistele, ettev\u00f5tete kolimistele, projektidele ja t\u00f6\u00f6tajate \u00fcmberpaigutamisele. Nad teevad koost\u00f6\u00f6d rahvusvaheliste kolimispartneritega, et pakkuda kolimisi \u00fcle kogu maailma. Nad on IAMi liige, kellel on 25 aastat kogemust.<\/p>\n<p>Move-it pakub kohandatud kolimisteenuseid, mis h\u00f5lmavad kohapealset \u00fclevaatust ja hinnapakkumist, pakkimis- ja lahtipakkimisteenuseid ning vajadusel ka l\u00fchi- v\u00f5i pikaajalisi ladustamislahendusi. Nad kasutavad teie kolimiseks uusimat varustust, n\u00e4iteks \u00f5hkvedrustusega s\u00f5idukeid ja t\u00f5stukeid, et tagada kolimine k\u00f5rgetele standarditele.<\/p>\n<p>Veebileht: <a href=\"http:\/\/www.moveit-int.dk\" target=\"_blank\" rel=\"noopener\">http:\/\/www.moveit-int.dk<\/a><\/p>\n<h2><span class=\"ez-toc-section\" id=\"3_MF_Interlogistics\"><\/span><strong>3. MF Interlogistika<\/strong><span class=\"ez-toc-section-end\"><\/span><\/h2>\n<p><img loading=\"lazy\" decoding=\"async\" class=\"alignnone size-full wp-image-5972\" src=\"https:\/\/moverdb.com\/wp-content\/uploads\/MF-Interlogistics-international-moving-company.png\" alt=\"MF Interlogistics rahvusvaheline kolimisfirma\" width=\"1440\" height=\"677\" data-wp-pid=\"5972\" srcset=\"https:\/\/moverdb.com\/wp-content\/uploads\/MF-Interlogistics-international-moving-company.png 1440w, https:\/\/moverdb.com\/wp-content\/uploads\/MF-Interlogistics-international-moving-company-300x141.png 300w, https:\/\/moverdb.com\/wp-content\/uploads\/MF-Interlogistics-international-moving-company-1024x481.png 1024w, https:\/\/moverdb.com\/wp-content\/uploads\/MF-Interlogistics-international-moving-company-18x8.png 18w, https:\/\/moverdb.com\/wp-content\/uploads\/MF-Interlogistics-international-moving-company-600x282.png 600w\" sizes=\"auto, (max-width: 1440px) 100vw, 1440px\" \/><\/p>\n<ul>\n<li>Riiklikud liikumised<\/li>\n<li>Rahvusvahelised liikumised<\/li>\n<li>Kodumajapidamiste kolimised<\/li>\n<li>Ettev\u00f5tte liikumised<\/li>\n<li>Individuaalselt kohandatud teenus<\/li>\n<li>Isikliku kolimise koordinaator<\/li>\n<li>Pakkimisteenus<\/li>\n<li>Maantee-, \u00f5hu- ja meretransport<\/li>\n<li>Kindlustus<\/li>\n<li>Turvaline l\u00fchi- ja pikaajaline ladustamine<\/li>\n<\/ul>\n<p>MF Interlogistics on rahvusvaheline kolimisettev\u00f5te, mis kuulub Mesterflyt A\/S-i ja on asutatud 2019. aastal. Neil on tegevuskohad Kopenhaagenis, Odenses ja Aarhusis ning neil on rahvusvaheliste kolimiste toetamiseks mainekate \u00fclemaailmsete kolimisfirmade v\u00f5rgustik. Nad on IAMi liige, kellel on 3 aastat teenust. Nad pakuvad kolimisteenuseid kodumajapidamistele ja ettev\u00f5tetele riigisiseselt ja rahvusvaheliselt.<\/p>\n<p>MF Interlogistics pakub personaalset teenust, mis h\u00f5lmab kolimiseelset konsultatsiooni koos koduse \u00fclevaatusega. Nad pakivad k\u00f5ik teie asjad turvaliselt, korraldavad nende transpordi ja kohaletoimetamise maantee-, \u00f5hu- v\u00f5i meretranspordiga ning seej\u00e4rel pakivad need sihtkohas lahti.<\/p>\n<p>Veebileht: <a href=\"http:\/\/www.mfinterlog.com\" target=\"_blank\" rel=\"noopener\">http:\/\/www.mfinterlog.com<\/a><\/p>\n<h2><span class=\"ez-toc-section\" id=\"4_Bryde_Sonner\"><\/span><strong>4. Bryde &amp; Sonner<\/strong><span class=\"ez-toc-section-end\"><\/span><\/h2>\n<p><img loading=\"lazy\" decoding=\"async\" class=\"alignnone size-full wp-image-5932\" src=\"https:\/\/moverdb.com\/wp-content\/uploads\/Bryde-Sonner-international-moving-company.png\" alt=\"Bryde &amp; Sonner rahvusvaheline kolimisfirma\" width=\"1440\" height=\"669\" data-wp-pid=\"5932\" srcset=\"https:\/\/moverdb.com\/wp-content\/uploads\/Bryde-Sonner-international-moving-company.png 1440w, https:\/\/moverdb.com\/wp-content\/uploads\/Bryde-Sonner-international-moving-company-300x139.png 300w, https:\/\/moverdb.com\/wp-content\/uploads\/Bryde-Sonner-international-moving-company-1024x476.png 1024w, https:\/\/moverdb.com\/wp-content\/uploads\/Bryde-Sonner-international-moving-company-18x8.png 18w, https:\/\/moverdb.com\/wp-content\/uploads\/Bryde-Sonner-international-moving-company-600x279.png 600w\" sizes=\"auto, (max-width: 1440px) 100vw, 1440px\" \/><\/p>\n<ul>\n<li>Kohalikud ja riiklikud liikumised<\/li>\n<li>Rahvusvahelised liikumised<\/li>\n<li>Kodumajapidamiste kolimised<\/li>\n<li>V\u00e4ikeettev\u00f5tlus liigub<\/li>\n<li>Kaasamise taseme valik<\/li>\n<li>Professionaalselt pakendatud<\/li>\n<li>Veoauto-, lennuki- v\u00f5i laevavedu<\/li>\n<li>Tolli paberid ja dokumendid<\/li>\n<li>Professionaalne puhastus<\/li>\n<li>Ladustamisv\u00f5imalused<\/li>\n<\/ul>\n<p>Bryde &amp; Sonner on \u00fcle 50 aasta tegutsenud rahvusvaheline kolimisfirma, mille peakontor asub Kopenhaagenis. Neil on mitmesuguseid s\u00f5idukeid, sealhulgas v\u00e4ikesed ja suured vagunid, liftid ja k\u00fclglaadurid. Nad on IAMi liige.<\/p>\n<p>Bryde &amp; Sonner pakub erinevaid osalemistasemeid, mis v\u00f5imaldavad teil valida, kui palju soovite osaleda, alates do-it-yourself-t\u00f6\u00f6dest kuni t\u00e4ieliku kolimispakettideni. Iseseisev kolimine sisaldab konteinerit, mis toimetatakse teie koju, et te saaksite pakendada. T\u00e4ielik kolimine sisaldab pakkimist ja lahtipakkimist. Nad v\u00f5ivad pakkuda ka professionaalset puhastust, ladustamisv\u00f5imalusi ja konteineri rentimist.<\/p>\n<p>Veebileht: <a href=\"http:\/\/www.bryde-as.dk\" target=\"_blank\" rel=\"noopener\">http:\/\/www.bryde-as.dk<\/a><\/p>\n<h2><span class=\"ez-toc-section\" id=\"5_Inter_Express_Transport\"><\/span><strong>5. Inter Express Transport<\/strong><span class=\"ez-toc-section-end\"><\/span><\/h2>\n<p><img loading=\"lazy\" decoding=\"async\" class=\"alignnone size-full wp-image-5958\" src=\"https:\/\/moverdb.com\/wp-content\/uploads\/Inter-Express-Transport-international-moving-company.png\" alt=\"Inter Express Transport rahvusvaheline kolimisfirma\" width=\"1440\" height=\"678\" data-wp-pid=\"5958\" srcset=\"https:\/\/moverdb.com\/wp-content\/uploads\/Inter-Express-Transport-international-moving-company.png 1440w, https:\/\/moverdb.com\/wp-content\/uploads\/Inter-Express-Transport-international-moving-company-300x141.png 300w, https:\/\/moverdb.com\/wp-content\/uploads\/Inter-Express-Transport-international-moving-company-1024x482.png 1024w, https:\/\/moverdb.com\/wp-content\/uploads\/Inter-Express-Transport-international-moving-company-18x8.png 18w, https:\/\/moverdb.com\/wp-content\/uploads\/Inter-Express-Transport-international-moving-company-600x283.png 600w\" sizes=\"auto, (max-width: 1440px) 100vw, 1440px\" \/><\/p>\n<ul>\n<li>Riiklikud liikumised<\/li>\n<li>Rahvusvahelised liikumised<\/li>\n<li>Elukoha \u00fcmberpaigutamine<\/li>\n<li>Ettev\u00f5tte \u00fcmberpaigutamine<\/li>\n<li>Kolimise konsultandi k\u00fclastus<\/li>\n<li>Asjatundlik pakkimisteenus<\/li>\n<li>Teie kolimise planeerimine ja juhtimine<\/li>\n<li>Dokumenditugi<\/li>\n<li>liige <a href=\"https:\/\/moverdb.com\/et\/harmony-relocation-network\/\" data-internallinksmanager029f6b8e52c=\"20\" title=\"Harmony Relocation Network (HRN) selgitused\">Harmony \u00fcmberpaigutamise v\u00f5rgustik<\/a><\/li>\n<li>Ladustamisv\u00f5imalused<\/li>\n<\/ul>\n<p>Inter Express Transport on 1987. aastal asutatud Taani kolimisfirma. Nad pakuvad riiklikke ja rahvusvahelisi kolimisteenuseid koost\u00f6\u00f6s teiste rahvusvaheliste kolimisfirmadega. Nad on Harmony Relocation Network'i ja IAMi liige, kellel on 35-aastane kogemus ning nad on FIDI poolt akrediteeritud.<\/p>\n<p>Inter Express Transport pakub professionaalset n\u00f5ustamist ja juhendamist kolivate majapidamiste ja ettev\u00f5tete jaoks, et h\u00f5lbustada kolimist. Nad pakuvad teile kolimisn\u00f5ustajat, kes toetab teid, ja asjatundlikku pakkimisteenust, et kaitsta teie vara. Nad kavandavad ja haldavad teie kolimist, sealhulgas abistavad k\u00f5igi vajalike dokumentide puhul.<\/p>\n<p>Veebileht: <a href=\"http:\/\/interexpress.dk\" target=\"_blank\" rel=\"noopener\">http:\/\/interexpress.dk<\/a><\/p>\n<h2><span class=\"ez-toc-section\" id=\"6_Obro_Moving_Company\"><\/span><strong>6. Obro Moving Company<\/strong><span class=\"ez-toc-section-end\"><\/span><\/h2>\n<p><img loading=\"lazy\" decoding=\"async\" class=\"alignnone size-full wp-image-5987\" src=\"https:\/\/moverdb.com\/wp-content\/uploads\/Obro-Moving-Company-international-moving-company.png\" alt=\"Obro Moving Company rahvusvaheline kolimisfirma\" width=\"1440\" height=\"682\" data-wp-pid=\"5987\" srcset=\"https:\/\/moverdb.com\/wp-content\/uploads\/Obro-Moving-Company-international-moving-company.png 1440w, https:\/\/moverdb.com\/wp-content\/uploads\/Obro-Moving-Company-international-moving-company-300x142.png 300w, https:\/\/moverdb.com\/wp-content\/uploads\/Obro-Moving-Company-international-moving-company-1024x485.png 1024w, https:\/\/moverdb.com\/wp-content\/uploads\/Obro-Moving-Company-international-moving-company-18x9.png 18w, https:\/\/moverdb.com\/wp-content\/uploads\/Obro-Moving-Company-international-moving-company-600x284.png 600w\" sizes=\"auto, (max-width: 1440px) 100vw, 1440px\" \/><\/p>\n<ul>\n<li>Riiklikud liikumised<\/li>\n<li>Rahvusvahelised liikumised<\/li>\n<li>Kodumajapidamiste kolimised<\/li>\n<li>Ettev\u00f5tte ja kontori kolimine<\/li>\n<li>Pakkimistaseme valik<\/li>\n<li>Luua heakskiidetud puidust kastid<\/li>\n<li>K\u00e4sitleda saatmisdokumente<\/li>\n<li>Liikuv lift<\/li>\n<li>Kindlustus<\/li>\n<li>L\u00fchiajaline kuni pikaajaline ladustamine<\/li>\n<\/ul>\n<p>Obro kolimisfirma on perekondlik kolimis-, transpordi- ja ladustamisfirma, millel on \u00fcle 60 aasta kogemust ja mis asub Aalborgis. Nad pakuvad kolimisteenuseid \u00fcleriigiliselt, kogu Euroopas ja kogu maailmas. Nad on IAMi liige.<\/p>\n<p>Obro kolimisfirma pakub erinevaid pakkimistasemeid, mille hulka kuuluvad isepakkimise, osalise pakkimise ja t\u00e4ieliku pakkimise v\u00f5imalus. Nad pakuvad pakkematerjale, sealhulgas puidust kastid v\u00f5i kastid, kui soovite neid. Neil on regulaarteenused nii J\u00fc\u00fctimaa ja Meremaa kui ka Gr\u00f6\u00f6nimaa vahel. Nad pakuvad \u00fchistranspordi v\u00f5imalust, kus saate jagada s\u00f5idukit.<\/p>\n<p>Veebileht: <a href=\"http:\/\/www.obro.dk\" target=\"_blank\" rel=\"noopener\">http:\/\/www.obro.dk<\/a><\/p>\n<h2><span class=\"ez-toc-section\" id=\"7_Alfa_Moving\"><\/span><strong>7. Alfa Moving<\/strong><span class=\"ez-toc-section-end\"><\/span><\/h2>\n<p><img loading=\"lazy\" decoding=\"async\" class=\"alignnone size-full wp-image-5921\" src=\"https:\/\/moverdb.com\/wp-content\/uploads\/Alfa-international-moving-company.png\" alt=\"Alfa rahvusvaheline kolimisfirma\" width=\"1440\" height=\"679\" data-wp-pid=\"5921\" srcset=\"https:\/\/moverdb.com\/wp-content\/uploads\/Alfa-international-moving-company.png 1440w, https:\/\/moverdb.com\/wp-content\/uploads\/Alfa-international-moving-company-300x141.png 300w, https:\/\/moverdb.com\/wp-content\/uploads\/Alfa-international-moving-company-1024x483.png 1024w, https:\/\/moverdb.com\/wp-content\/uploads\/Alfa-international-moving-company-18x8.png 18w, https:\/\/moverdb.com\/wp-content\/uploads\/Alfa-international-moving-company-600x283.png 600w\" sizes=\"auto, (max-width: 1440px) 100vw, 1440px\" \/><\/p>\n<ul>\n<li>Riiklikud liikumised<\/li>\n<li>Rahvusvahelised liikumised<\/li>\n<li>\u00dcmberpaigutamise teenused<\/li>\n<li>Ukselt-uksele teenus<\/li>\n<li>Pakkimistasemete valik<\/li>\n<li>Pakkimis- ja lahtipakkimisteenus<\/li>\n<li>Maantee-, \u00f5hu- ja meretransport<\/li>\n<li>Toetus sisser\u00e4nde ja viisadega seotud k\u00fcsimustes<\/li>\n<li>Kindlustus<\/li>\n<li>L\u00fchi- ja pikaajalised ladustamisv\u00f5imalused<\/li>\n<\/ul>\n<p>Alfa Moving on kolimis- ja \u00fcmberpaigutamise teenusepakkuja, kelle kontorid asuvad Taanis, <a href=\"https:\/\/moverdb.com\/et\/moving-to-sweden\/\" data-internallinksmanager029f6b8e52c=\"326\" title=\"Rootsi kolimine? 2023 elamiskulud ja kolimisn\u00f5uanded\">Rootsi<\/a>, <a href=\"https:\/\/moverdb.com\/et\/moving-to-norway\/\" data-internallinksmanager029f6b8e52c=\"325\" title=\"Kolimine Norrasse? 2023 elamiskulud ja kolimisn\u00f5uanded\">Norra<\/a> ja <a href=\"https:\/\/moverdb.com\/et\/moving-to-finland\/\" data-internallinksmanager029f6b8e52c=\"345\" title=\"Soome kolimine? 2023 elamiskulud ja kolimisn\u00f5uanded\">Soome<\/a>. Nad teevad koost\u00f6\u00f6d kolimisagentidega \u00fcle kogu maailma, et pakkuda rahvusvahelisi kolimisi. Nad on IAMi liige ja FIDI poolt akrediteeritud.<\/p>\n<p>Alfa Moving pakub ukselt-uksele teenust, mille pakkimisv\u00f5imalused h\u00f5lmavad pakkimist, m\u00f6\u00f6bli osalist pakkimist ja t\u00e4ielikku pakkimist. Nad pakuvad erinevaid transpordiv\u00f5imalusi, mida saab kombineerida k\u00f5ige t\u00f5husamaks v\u00f5i keskkonnas\u00f5bralikumaks kolimiseks, sealhulgas maismaa-, mere- ja \u00f5hutransporti. Nad toetavad ka teie sisser\u00e4nde- ja viisan\u00f5udeid ning kindlustust, et h\u00f5lbustada teie kolimist v\u00e4lismaale.<\/p>\n<p>Veebileht: <a href=\"https:\/\/www.alfamoving.com\/\" target=\"_blank\" rel=\"noopener\">https:\/\/www.alfamoving.com\/<\/a><\/p>\n<h2><span class=\"ez-toc-section\" id=\"8_Aspire_Mobility_Group\"><\/span><strong>8. Aspire Mobility Group<\/strong><span class=\"ez-toc-section-end\"><\/span><\/h2>\n<p><img loading=\"lazy\" decoding=\"async\" class=\"alignnone size-full wp-image-5927\" src=\"https:\/\/moverdb.com\/wp-content\/uploads\/Aspire-Mobility-Group-international-moving-company.png\" alt=\"Aspire Mobility Group rahvusvaheline kolimisfirma\" width=\"1440\" height=\"684\" data-wp-pid=\"5927\" srcset=\"https:\/\/moverdb.com\/wp-content\/uploads\/Aspire-Mobility-Group-international-moving-company.png 1440w, https:\/\/moverdb.com\/wp-content\/uploads\/Aspire-Mobility-Group-international-moving-company-300x143.png 300w, https:\/\/moverdb.com\/wp-content\/uploads\/Aspire-Mobility-Group-international-moving-company-1024x486.png 1024w, https:\/\/moverdb.com\/wp-content\/uploads\/Aspire-Mobility-Group-international-moving-company-18x9.png 18w, https:\/\/moverdb.com\/wp-content\/uploads\/Aspire-Mobility-Group-international-moving-company-600x285.png 600w\" sizes=\"auto, (max-width: 1440px) 100vw, 1440px\" \/><\/p>\n<ul>\n<li>Riiklikud liikumised<\/li>\n<li>Rahvusvahelised liikumised<\/li>\n<li>\u00dcmberpaigutamise teenused<\/li>\n<li>Elamu kolimine<\/li>\n<li>Ettev\u00f5tte liikumised<\/li>\n<li>Veebip\u00f5hine haldus- ja j\u00e4relevalveteenus<\/li>\n<li>Pakkimisteenus<\/li>\n<li>Immigratsiooni ja tollivormistuse toetus<\/li>\n<li>Kindlustus<\/li>\n<li>Ladustamisv\u00f5imalused<\/li>\n<\/ul>\n<p>Aspire Mobility Group on rahvusvaheline kolimis- ja \u00fcmberpaigutamisettev\u00f5te, mis on tegutsenud alates 1879. aastast ja millel on kontorid \u00c5rhusis, Kopenhaagenis, Odenses, Hillerodis ja Stockholmis. Nad teevad koost\u00f6\u00f6d rahvusvaheliste kolimispartneritega, et pakkuda kolimisi \u00fcle kogu maailma. Nad on IAMi liige, kellel on 10-aastane tegevus ja kes on FIDI poolt akrediteeritud.<\/p>\n<p>Aspire Mobility Groupil on veebip\u00f5hine halduss\u00fcsteem, mis v\u00f5imaldab j\u00e4lgida liikumisi reaalajas. Nad pakuvad kolimiseelset k\u00fcsitlust ja kolimisn\u00f5ustajat, et hinnata teie vajadusi ja koostada kolimiskava. Nad abistavad teid tollivormistuse, eeskirjade, m\u00e4\u00e4ruste ja paberimajandusega seoses teie kolimisega.<\/p>\n<p>Veebileht: <a href=\"https:\/\/www.aspiremobility.com\/\" target=\"_blank\" rel=\"noopener\">https:\/\/www.aspiremobility.com\/<\/a><\/p>\n<h2><span class=\"ez-toc-section\" id=\"Other_Useful_Guides_to_Denmark\"><\/span>Muud kasulikud Taani reisijuhid<span class=\"ez-toc-section-end\"><\/span><\/h2>\n<ul>\n<li> <a href=\"https:\/\/moverdb.com\/et\/konteiner-laevandus\/taani\/\">2024 Mereveo konteinerite veohinnad Taanist ja Taani<\/a><\/li>\n<li> <a href=\"https:\/\/moverdb.com\/et\/moving-to-denmark\/\">Kolimine Taani? 2023 elamiskulud ja kolimisn\u00f5uanded<\/a><\/li>\n<li> <a href=\"https:\/\/moverdb.com\/et\/moving-to-denmark\/best-places-to-live-denmark\/\">12 parimat elukohta Taanis<\/a><\/li>\n<li> <a href=\"https:\/\/moverdb.com\/et\/moving-to-denmark\/living-in-denmark\/\">21 saladust Taanis elamise kohta, mida peaks teadma enne kolimist<\/a><\/li>\n<\/ul>","protected":false},"excerpt":{"rendered":"<p>If you are planning on moving home or office in Denmark, or to or from Denmark, you might want to enlist the help of a moving company to assist with your move to reduce the pressure and remove some of the complexities. Below we have compiled a list of Denmark removal companies that are members [&hellip;]<\/p>\n","protected":false},"author":4,"featured_media":5944,"parent":190,"menu_order":0,"comment_status":"closed","ping_status":"closed","template":"","meta":{"_genesis_hide_title":false,"_genesis_hide_breadcrumbs":false,"_genesis_hide_singular_image":false,"_genesis_hide_footer_widgets":false,"_genesis_custom_body_class":"","_genesis_custom_post_class":"","_genesis_layout":"","footnotes":""},"class_list":{"0":"post-6032","1":"page","2":"type-page","3":"status-publish","4":"has-post-thumbnail","6":"entry"},"_links":{"self":[{"href":"https:\/\/moverdb.com\/et\/wp-json\/wp\/v2\/pages\/6032","targetHints":{"allow":["GET"]}}],"collection":[{"href":"https:\/\/moverdb.com\/et\/wp-json\/wp\/v2\/pages"}],"about":[{"href":"https:\/\/moverdb.com\/et\/wp-json\/wp\/v2\/types\/page"}],"author":[{"embeddable":true,"href":"https:\/\/moverdb.com\/et\/wp-json\/wp\/v2\/users\/4"}],"replies":[{"embeddable":true,"href":"https:\/\/moverdb.com\/et\/wp-json\/wp\/v2\/comments?post=6032"}],"version-history":[{"count":4,"href":"https:\/\/moverdb.com\/et\/wp-json\/wp\/v2\/pages\/6032\/revisions"}],"predecessor-version":[{"id":16996,"href":"https:\/\/moverdb.com\/et\/wp-json\/wp\/v2\/pages\/6032\/revisions\/16996"}],"up":[{"embeddable":true,"href":"https:\/\/moverdb.com\/et\/wp-json\/wp\/v2\/pages\/190"}],"wp:featuredmedia":[{"embeddable":true,"href":"https:\/\/moverdb.com\/et\/wp-json\/wp\/v2\/media\/5944"}],"wp:attachment":[{"href":"https:\/\/moverdb.com\/et\/wp-json\/wp\/v2\/media?parent=6032"}],"curies":[{"name":"wp","href":"https:\/\/api.w.org\/{rel}","templated":true}]}}