{"id":6024,"date":"2023-02-01T12:30:48","date_gmt":"2023-02-01T12:30:48","guid":{"rendered":"https:\/\/moverdb.com\/?page_id=6024"},"modified":"2026-01-08T15:23:41","modified_gmt":"2026-01-08T15:23:41","slug":"moving-companies-in-cyprus","status":"publish","type":"page","link":"https:\/\/moverdb.com\/et\/moving-companies\/moving-companies-in-cyprus\/","title":{"rendered":"2 parimat rahvusvahelist kolimisfirmat K\u00fcprosel"},"content":{"rendered":"<p>Kui te kolite koju <a href=\"https:\/\/moverdb.com\/et\/moving-to-cyprus\/\" data-internallinksmanager029f6b8e52c=\"377\" title=\"K\u00fcprosele kolimine? 2023 elamiskulud ja kolimisn\u00f5uanded\">K\u00fcpros<\/a>, v\u00f5i K\u00fcprosele v\u00f5i K\u00fcproselt liikudes v\u00f5ite vajada abi oma kolimisel kolimis- v\u00f5i <a href=\"https:\/\/moverdb.com\/et\/relocation-agents\/\" data-internallinksmanager029f6b8e52c=\"1\" title=\"7 p\u00f5hjust, miks peaksite kasutama kolimisagenti?\">\u00fcmberpaigutamise agent<\/a> mis v\u00f5ib osa stressist \u00e4ra v\u00f5tta. Allpool oleme koostanud nimekirja K\u00fcprose <a href=\"https:\/\/moverdb.com\/et\/international-removals\/\" data-internallinksmanager029f6b8e52c=\"27\" title=\"36 Parimad rahvusvahelised kolimisfirmad \u00dchendkuningriigis\">kolimisfirmad<\/a> mis on liikmed <a href=\"https:\/\/moverdb.com\/et\/iam\/\" data-internallinksmanager029f6b8e52c=\"23\" title=\"Rahvusvaheline kolijate assotsiatsioon (IAM) Selgitatud\">Rahvusvaheline kolijate assotsiatsioon<\/a> (IAM) ja\/v\u00f5i <a href=\"https:\/\/moverdb.com\/et\/fidi-faim\/\" data-internallinksmanager029f6b8e52c=\"16\" title=\"FIDI &amp; FAIM (FIDI akrediteeritud rahvusvaheline kolija) selgitatud\">FIDI<\/a> akrediteeritud rahvusvaheline kolija (FAIM), kes v\u00f5iks teid aidata.<\/p>\n<h2><strong>1. Columbia Worldwide Movers<\/strong><\/h2>\n<p><img loading=\"lazy\" decoding=\"async\" class=\"alignnone size-full wp-image-5936\" src=\"https:\/\/moverdb.com\/wp-content\/uploads\/Columbia-Worldwide-Movers-international-moving-company.png\" alt=\"Columbia Worldwide Movers rahvusvaheline kolimisfirma\" width=\"1440\" height=\"682\" data-wp-pid=\"5936\" srcset=\"https:\/\/moverdb.com\/wp-content\/uploads\/Columbia-Worldwide-Movers-international-moving-company.png 1440w, https:\/\/moverdb.com\/wp-content\/uploads\/Columbia-Worldwide-Movers-international-moving-company-300x142.png 300w, https:\/\/moverdb.com\/wp-content\/uploads\/Columbia-Worldwide-Movers-international-moving-company-1024x485.png 1024w, https:\/\/moverdb.com\/wp-content\/uploads\/Columbia-Worldwide-Movers-international-moving-company-18x9.png 18w, https:\/\/moverdb.com\/wp-content\/uploads\/Columbia-Worldwide-Movers-international-moving-company-600x284.png 600w\" sizes=\"auto, (max-width: 1440px) 100vw, 1440px\" \/><\/p>\n<ul>\n<li>Riiklikud liikumised<\/li>\n<li>Rahvusvahelised liikumised<\/li>\n<li>\u00dcmberpaigutamise teenused<\/li>\n<li>Kodumajapidamiste kolimised<\/li>\n<li>Ettev\u00f5tte liikumine<\/li>\n<li>Pakkimisteenused<\/li>\n<li>Maal, merel ja \u00f5hus<\/li>\n<li>Lemmikloomade transport<\/li>\n<li><a href=\"https:\/\/moverdb.com\/et\/car-transport-shipping\/\" data-internallinksmanager029f6b8e52c=\"2\" title=\"2026 Rahvusvaheline autoveo ja s\u00f5idukite veo hinnapakkumised\">S\u00f5iduki saatmine<\/a><\/li>\n<li>Ladustamisv\u00f5imalused<\/li>\n<\/ul>\n<p>Columbia Worldwide Movers asutati 1994. aastal kolimis- ja ladustamisteenuste pakkujana. Nad pakuvad riiklikke ja rahvusvahelisi kolimis- ja \u00fcmberpaigutusteenuseid kodumajapidamistele ja ettev\u00f5tetele. Nad teostavad oma rahvusvahelisi kolimisi koost\u00f6\u00f6s teiste riikide usaldusv\u00e4\u00e4rsete kolimisagentidega. Nad on IAMi liige 28-aastase tegutsemisaja jooksul ja on FIDI poolt akrediteeritud.<\/p>\n<p>Columbia Worldwide Movers pakub kohandatud kolimislahendusi, mis pakuvad uksest-ukseni teenust, mis h\u00f5lmab teie asjade pakkimist ja veo korraldamist maismaa-, mere- v\u00f5i \u00f5hutranspordiga koos tollivormistusega. Nad pakuvad ka spetsiaalseid transporditeenuseid lemmikloomade ja s\u00f5idukite jaoks.<\/p>\n<p>Veebileht: <a href=\"http:\/\/www.columbiamovers.com\" target=\"_blank\" rel=\"noopener\">http:\/\/www.columbiamovers.com<\/a><\/p>\n<h2><strong>2. Orbit kolimine ja ladustamine<\/strong><\/h2>\n<p><img loading=\"lazy\" decoding=\"async\" class=\"alignnone size-full wp-image-5988\" src=\"https:\/\/moverdb.com\/wp-content\/uploads\/Orbit-Moving-and-Storage-international-moving-company.png\" alt=\"Orbit Moving and Storage rahvusvaheline kolimisfirma\" width=\"1440\" height=\"679\" data-wp-pid=\"5988\" srcset=\"https:\/\/moverdb.com\/wp-content\/uploads\/Orbit-Moving-and-Storage-international-moving-company.png 1440w, https:\/\/moverdb.com\/wp-content\/uploads\/Orbit-Moving-and-Storage-international-moving-company-300x141.png 300w, https:\/\/moverdb.com\/wp-content\/uploads\/Orbit-Moving-and-Storage-international-moving-company-1024x483.png 1024w, https:\/\/moverdb.com\/wp-content\/uploads\/Orbit-Moving-and-Storage-international-moving-company-18x8.png 18w, https:\/\/moverdb.com\/wp-content\/uploads\/Orbit-Moving-and-Storage-international-moving-company-600x283.png 600w\" sizes=\"auto, (max-width: 1440px) 100vw, 1440px\" \/><\/p>\n<ul>\n<li>Kohalikud kolimised<\/li>\n<li>Rahvusvahelised liikumised<\/li>\n<li>\u00dcmberpaigutamise teenused<\/li>\n<li>Elamu kolimine<\/li>\n<li>Kontori \u00fcmberpaigutamine<\/li>\n<li>Pakkimisteenused<\/li>\n<li>Kaunite kunstide transport<\/li>\n<li>Lemmikloomade saatmine<\/li>\n<li>S\u00f5iduki saatmine<\/li>\n<li>Ladustamisteenused<\/li>\n<\/ul>\n<p>Orbit Moving and Storage on rahvusvaheline kolimis- ja ladustamisettev\u00f5te, mis on tegutsenud alates 1982. aastast. Nad kuuluvad Orphee Beingoglou kontserni, mis on transpordi- ja logistikateenuste pakkujad. Neil on \u00fclemaailmne kolimisagentide v\u00f5rgustik, mis abistab rahvusvaheliste kolimiste puhul. Nad on IAMi liige, kellel on 40-aastane kogemus ja nad on FIDI poolt akrediteeritud.<\/p>\n<p>Orbit Moving and Storage pakub era- ja \u00e4rikolimisteenuseid, mille puhul kasutatakse uusimat tehnoloogiat ja pakkimismaterjale. Nad pakuvad professionaalset pakkimisteenust ja korraldavad teie esemete vedu, sealhulgas spetsiaalset teenust kaunite kunstiteoste, lemmikloomade ja s\u00f5idukite jaoks.<\/p>\n<p>Veebileht: <a href=\"http:\/\/www.orbitcy.com\/\" target=\"_blank\" rel=\"noopener\">http:\/\/www.orbitcy.com\/<\/a><\/p>\n<p>Vaata ka:<\/p>\n<ul>\n<li> <a href=\"https:\/\/moverdb.com\/et\/moving-to-cyprus\/living-in-cyprus\/\">20 saladust K\u00fcprosel elamise kohta, mida peaks teadma enne kolimist<\/a><\/li>\n<li> <a href=\"https:\/\/moverdb.com\/et\/moving-to-cyprus\/\">Kolimine K\u00fcprosele? Elamiskulud ja kolimisn\u00f5uanded<\/a><\/li>\n<li> <a href=\"https:\/\/moverdb.com\/et\/konteiner-laevandus\/kupros\/\">Konteinerite veohinnad K\u00fcprosele ja K\u00fcproselt<\/a><\/li>\n<\/ul>","protected":false},"excerpt":{"rendered":"<p>If you are moving home in Cyprus, or moving to or from Cyprus you might want some help with your move from a moving or relocation agent that can take away some of the stress. Below we have compiled a list of Cyprus removal companies that are members of the International Association of Movers (IAM) [&hellip;]<\/p>\n","protected":false},"author":4,"featured_media":0,"parent":190,"menu_order":0,"comment_status":"closed","ping_status":"closed","template":"","meta":{"_genesis_hide_title":false,"_genesis_hide_breadcrumbs":false,"_genesis_hide_singular_image":false,"_genesis_hide_footer_widgets":false,"_genesis_custom_body_class":"","_genesis_custom_post_class":"","_genesis_layout":"","footnotes":""},"class_list":{"0":"post-6024","1":"page","2":"type-page","3":"status-publish","5":"entry","6":"has-post-thumbnail"},"_links":{"self":[{"href":"https:\/\/moverdb.com\/et\/wp-json\/wp\/v2\/pages\/6024","targetHints":{"allow":["GET"]}}],"collection":[{"href":"https:\/\/moverdb.com\/et\/wp-json\/wp\/v2\/pages"}],"about":[{"href":"https:\/\/moverdb.com\/et\/wp-json\/wp\/v2\/types\/page"}],"author":[{"embeddable":true,"href":"https:\/\/moverdb.com\/et\/wp-json\/wp\/v2\/users\/4"}],"replies":[{"embeddable":true,"href":"https:\/\/moverdb.com\/et\/wp-json\/wp\/v2\/comments?post=6024"}],"version-history":[{"count":4,"href":"https:\/\/moverdb.com\/et\/wp-json\/wp\/v2\/pages\/6024\/revisions"}],"predecessor-version":[{"id":15035,"href":"https:\/\/moverdb.com\/et\/wp-json\/wp\/v2\/pages\/6024\/revisions\/15035"}],"up":[{"embeddable":true,"href":"https:\/\/moverdb.com\/et\/wp-json\/wp\/v2\/pages\/190"}],"wp:attachment":[{"href":"https:\/\/moverdb.com\/et\/wp-json\/wp\/v2\/media?parent=6024"}],"curies":[{"name":"wp","href":"https:\/\/api.w.org\/{rel}","templated":true}]}}