{"id":6022,"date":"2023-02-01T12:31:45","date_gmt":"2023-02-01T12:31:45","guid":{"rendered":"https:\/\/moverdb.com\/?page_id=6022"},"modified":"2026-01-08T15:23:40","modified_gmt":"2026-01-08T15:23:40","slug":"moving-companies-curacao","status":"publish","type":"page","link":"https:\/\/moverdb.com\/et\/moving-companies\/moving-companies-curacao\/","title":{"rendered":"2 parimat rahvusvahelist kolimisfirmat Curacaos"},"content":{"rendered":"<p>Kodu v\u00f5i kontori kolimine v\u00f5ib olla stressirohke ja aegan\u00f5udev, seega v\u00f5ib kolimis- v\u00f5i \u00fcmberpaigutamisfirma toetus aidata teie koormust v\u00e4hendada ja nende kogemustest saate kasu. Allpool on loetletud <a href=\"https:\/\/moverdb.com\/et\/moving-to-curacao\/\" data-internallinksmanager029f6b8e52c=\"429\" title=\"Kolimine Cura\u00e7aole? 2023 elamiskulud ja kolimisn\u00f5uanded\">Curacao<\/a> <a href=\"https:\/\/moverdb.com\/et\/international-removals\/\" data-internallinksmanager029f6b8e52c=\"27\" title=\"36 Parimad rahvusvahelised kolimisfirmad \u00dchendkuningriigis\">kolimisfirmad<\/a> mis on liikmed <a href=\"https:\/\/moverdb.com\/et\/iam\/\" data-internallinksmanager029f6b8e52c=\"23\" title=\"Rahvusvaheline kolijate assotsiatsioon (IAM) Selgitatud\">Rahvusvaheline kolijate assotsiatsioon<\/a> (IAM) ja\/v\u00f5i <a href=\"https:\/\/moverdb.com\/et\/fidi-faim\/\" data-internallinksmanager029f6b8e52c=\"16\" title=\"FIDI &amp; FAIM (FIDI akrediteeritud rahvusvaheline kolija) selgitatud\">FIDI<\/a> akrediteeritud rahvusvaheline kolija (FAIM), kes v\u00f5ib teid aidata.<\/p>\n<h2><strong>1. AGS Meyer<\/strong><\/h2>\n<p><img loading=\"lazy\" decoding=\"async\" class=\"alignnone size-full wp-image-5918\" src=\"https:\/\/moverdb.com\/wp-content\/uploads\/AGS-Meyer-international-moving-company.png\" alt=\"AGS Meyer rahvusvaheline kolimisfirma\" width=\"1440\" height=\"684\" data-wp-pid=\"5918\" srcset=\"https:\/\/moverdb.com\/wp-content\/uploads\/AGS-Meyer-international-moving-company.png 1440w, https:\/\/moverdb.com\/wp-content\/uploads\/AGS-Meyer-international-moving-company-300x143.png 300w, https:\/\/moverdb.com\/wp-content\/uploads\/AGS-Meyer-international-moving-company-1024x486.png 1024w, https:\/\/moverdb.com\/wp-content\/uploads\/AGS-Meyer-international-moving-company-18x9.png 18w, https:\/\/moverdb.com\/wp-content\/uploads\/AGS-Meyer-international-moving-company-600x285.png 600w\" sizes=\"auto, (max-width: 1440px) 100vw, 1440px\" \/><\/p>\n<ul>\n<li>Kohalikud kolimised<\/li>\n<li>Rahvusvahelised liikumised<\/li>\n<li>Kodumajapidamiste kolimised<\/li>\n<li>Ettev\u00f5tte \u00fcmberpaigutamine<\/li>\n<li>Ukselt-uksele teenus<\/li>\n<li>Pakkimisteenused<\/li>\n<li>Maismaa-, \u00f5hu- ja meretransport<\/li>\n<li>Tolliformaalsused<\/li>\n<li>Akrediteeritud FIDI poolt<\/li>\n<li>Ladustamisteenused<\/li>\n<\/ul>\n<p>AGS Meyer on <a href=\"https:\/\/moverdb.com\/et\/moving-companies\/\" data-internallinksmanager029f6b8e52c=\"79\" title=\"Top 25 rahvusvahelist kolimisfirmat Internetis\">kolimisfirma<\/a> mis asutati 1959. aastal Curacaos, et pakkuda kohalikke ja rahvusvahelisi kolimisi kodumajapidamistele ja ettev\u00f5tete \u00fcmberpaigutamistele, ning neil on 7 filiaali Kariibi mere piirkonnas. Neil on \u00fclemaailmne v\u00f5rgustik seotud kolimisagentidest, et pakkuda rahvusvahelisi kolimisi. Nad on IAMi liige, kellel on 63 aastat kestnud tegevus ja kes on akrediteeritud FIDI poolt.<\/p>\n<p>AGS Meyer pakub eraklientidele, ettev\u00f5tetele ja diplomaatilistele asutustele uksest-ukseni kolimisteenust, sealhulgas kolimis- ja ladustamisv\u00f5imalusi. Nad annavad n\u00f5u teie kolimise kohta ja abistavad teid igal sammul. Nad pakivad teie asjad turvaliselt kokku, korraldavad transpordi ja tolliformaalsused ning pakivad need sihtkohas lahti.<\/p>\n<p>Veebileht: <a href=\"https:\/\/www.meyermoving.com\/\" target=\"_blank\" rel=\"noopener\">https:\/\/www.meyermoving.com\/<\/a><\/p>\n<h2><strong>2. Kariibi mere kolimisteenused<\/strong><\/h2>\n<p><img loading=\"lazy\" decoding=\"async\" class=\"alignnone size-full wp-image-5933\" src=\"https:\/\/moverdb.com\/wp-content\/uploads\/Caribbean-Moving-Services-international-moving-company.png\" alt=\"Caribbean Moving Services rahvusvaheline kolimisfirma\" width=\"1440\" height=\"680\" data-wp-pid=\"5933\" srcset=\"https:\/\/moverdb.com\/wp-content\/uploads\/Caribbean-Moving-Services-international-moving-company.png 1440w, https:\/\/moverdb.com\/wp-content\/uploads\/Caribbean-Moving-Services-international-moving-company-300x142.png 300w, https:\/\/moverdb.com\/wp-content\/uploads\/Caribbean-Moving-Services-international-moving-company-1024x484.png 1024w, https:\/\/moverdb.com\/wp-content\/uploads\/Caribbean-Moving-Services-international-moving-company-18x9.png 18w, https:\/\/moverdb.com\/wp-content\/uploads\/Caribbean-Moving-Services-international-moving-company-600x283.png 600w\" sizes=\"auto, (max-width: 1440px) 100vw, 1440px\" \/><\/p>\n<ul>\n<li>Kohalikud kolimised<\/li>\n<li>Rahvusvahelised liikumised<\/li>\n<li>Elamu kolimine<\/li>\n<li>Kontori kolimised<\/li>\n<li>Kohandatud \u00fcmberpaigutamise kava<\/li>\n<li>Pakkimisteenus<\/li>\n<li>M\u00f6\u00f6bli lahtiv\u00f5tmine ja kokkupanek<\/li>\n<li>Maal, merel ja \u00f5hus<\/li>\n<li>Tollivormistus<\/li>\n<li>Ladustamisv\u00f5imalused<\/li>\n<\/ul>\n<p>Caribbean Moving Services on Willemstadi kolimisfirma, mis kuulub ettev\u00f5tete gruppi, kuhu kuuluvad Caribbean Cargo Services ja G&amp;V Free Zone. Nad asutati 1981. aastal kaubaveoettev\u00f5ttena ja laienesid 1994. aastal kolimisteenuste valdkonnas, et saada saare suurimaks kolimisfirmaks. Nad on IAMi liige, kellel on 28-aastane tegevusperiood ja kes on akrediteeritud FIDI poolt.<\/p>\n<p>Caribbean Moving Services pakub kolimisteenust \u00fchest kohast, alustades \u00fclevaatusest ja \u00fchest kontaktpunktist. Nad pakuvad professionaalset pakkimisteenust, sealhulgas m\u00f6\u00f6bli demonteerimist ja asjade turvalist pakkimist. Nad korraldavad maismaa-, mere- v\u00f5i \u00f5hutranspordi koos tollivormistusega, seej\u00e4rel pakivad ja panevad m\u00f6\u00f6bli kokku.<\/p>\n<p>Veebileht: <a href=\"https:\/\/www.cmscur.com\/\" target=\"_blank\" rel=\"noopener\">https:\/\/www.cmscur.com\/<\/a><\/p>","protected":false},"excerpt":{"rendered":"<p>Moving home or office can be stressful and time-consuming so getting some support from a moving or relocation company can help lighten your load and you can benefit from their experience. Below we have listed Curacao removal companies that are members of the International Association of Movers (IAM) and\/or FIDI Accredited International Mover (FAIM) who [&hellip;]<\/p>\n","protected":false},"author":4,"featured_media":0,"parent":190,"menu_order":0,"comment_status":"closed","ping_status":"closed","template":"","meta":{"_genesis_hide_title":false,"_genesis_hide_breadcrumbs":false,"_genesis_hide_singular_image":false,"_genesis_hide_footer_widgets":false,"_genesis_custom_body_class":"","_genesis_custom_post_class":"","_genesis_layout":"","footnotes":""},"class_list":{"0":"post-6022","1":"page","2":"type-page","3":"status-publish","5":"entry","6":"has-post-thumbnail"},"_links":{"self":[{"href":"https:\/\/moverdb.com\/et\/wp-json\/wp\/v2\/pages\/6022","targetHints":{"allow":["GET"]}}],"collection":[{"href":"https:\/\/moverdb.com\/et\/wp-json\/wp\/v2\/pages"}],"about":[{"href":"https:\/\/moverdb.com\/et\/wp-json\/wp\/v2\/types\/page"}],"author":[{"embeddable":true,"href":"https:\/\/moverdb.com\/et\/wp-json\/wp\/v2\/users\/4"}],"replies":[{"embeddable":true,"href":"https:\/\/moverdb.com\/et\/wp-json\/wp\/v2\/comments?post=6022"}],"version-history":[{"count":1,"href":"https:\/\/moverdb.com\/et\/wp-json\/wp\/v2\/pages\/6022\/revisions"}],"predecessor-version":[{"id":6023,"href":"https:\/\/moverdb.com\/et\/wp-json\/wp\/v2\/pages\/6022\/revisions\/6023"}],"up":[{"embeddable":true,"href":"https:\/\/moverdb.com\/et\/wp-json\/wp\/v2\/pages\/190"}],"wp:attachment":[{"href":"https:\/\/moverdb.com\/et\/wp-json\/wp\/v2\/media?parent=6022"}],"curies":[{"name":"wp","href":"https:\/\/api.w.org\/{rel}","templated":true}]}}