{"id":6015,"date":"2023-02-01T13:48:20","date_gmt":"2023-02-01T13:48:20","guid":{"rendered":"https:\/\/moverdb.com\/?page_id=6015"},"modified":"2026-01-08T15:29:16","modified_gmt":"2026-01-08T15:29:16","slug":"moving-companies-costa-rica","status":"publish","type":"page","link":"https:\/\/moverdb.com\/et\/moving-companies\/moving-companies-costa-rica\/","title":{"rendered":"6 parimat rahvusvahelist kolimisfirmat Costa Ricas"},"content":{"rendered":"<p>Kas te liigute v\u00f5i l\u00e4hete <a href=\"https:\/\/moverdb.com\/et\/moving-to-costa-rica\/\" data-internallinksmanager029f6b8e52c=\"427\" title=\"Kolimine Costa Ricasse? 2023 elamiskulud ja kolimisn\u00f5uanded\">Costa Rica<\/a>, v\u00f5i Costa Rica piires liikuda? Siis v\u00f5ib teid huvitada abi kogu teie vara kolimisel, sest see v\u00f5ib olla keeruline, eriti kui te liigute riikidesse. Allpool oleme koostanud nimekirja Costa Rico <a href=\"https:\/\/moverdb.com\/et\/international-removals\/\" data-internallinksmanager029f6b8e52c=\"27\" title=\"36 Parimad rahvusvahelised kolimisfirmad \u00dchendkuningriigis\">kolimisfirmad<\/a> mis on liikmed <a href=\"https:\/\/moverdb.com\/et\/iam\/\" data-internallinksmanager029f6b8e52c=\"23\" title=\"Rahvusvaheline kolijate assotsiatsioon (IAM) Selgitatud\">Rahvusvaheline kolijate assotsiatsioon<\/a> (IAM) ja\/v\u00f5i <a href=\"https:\/\/moverdb.com\/et\/fidi-faim\/\" data-internallinksmanager029f6b8e52c=\"16\" title=\"FIDI &amp; FAIM (FIDI akrediteeritud rahvusvaheline kolija) selgitatud\">FIDI<\/a> akrediteeritud rahvusvaheline kolija (FAIM), kes v\u00f5iks teid aidata.<\/p>\n<div id=\"ez-toc-container\" class=\"ez-toc-v2_0_82_2 ez-toc-wrap-left counter-hierarchy ez-toc-counter ez-toc-transparent ez-toc-container-direction\">\n<div class=\"ez-toc-title-container\">\n<p class=\"ez-toc-title\" style=\"cursor:inherit\">Jaotised<\/p>\n<span class=\"ez-toc-title-toggle\"><a href=\"#\" class=\"ez-toc-pull-right ez-toc-btn ez-toc-btn-xs ez-toc-btn-default ez-toc-toggle\" aria-label=\"Sisukorra vaheldumine\"><span class=\"ez-toc-js-icon-con\"><span class=\"\"><span class=\"eztoc-hide\" style=\"display:none;\">Toggle<\/span><span class=\"ez-toc-icon-toggle-span\"><svg style=\"fill: #999;color:#999\" xmlns=\"http:\/\/www.w3.org\/2000\/svg\" class=\"list-377408\" width=\"20px\" height=\"20px\" viewbox=\"0 0 24 24\" fill=\"none\"><path d=\"M6 6H4v2h2V6zm14 0H8v2h12V6zM4 11h2v2H4v-2zm16 0H8v2h12v-2zM4 16h2v2H4v-2zm16 0H8v2h12v-2z\" fill=\"currentColor\"><\/path><\/svg><svg style=\"fill: #999;color:#999\" class=\"arrow-unsorted-368013\" xmlns=\"http:\/\/www.w3.org\/2000\/svg\" width=\"10px\" height=\"10px\" viewbox=\"0 0 24 24\" version=\"1.2\" baseprofile=\"tiny\"><path d=\"M18.2 9.3l-6.2-6.3-6.2 6.3c-.2.2-.3.4-.3.7s.1.5.3.7c.2.2.4.3.7.3h11c.3 0 .5-.1.7-.3.2-.2.3-.5.3-.7s-.1-.5-.3-.7zM5.8 14.7l6.2 6.3 6.2-6.3c.2-.2.3-.5.3-.7s-.1-.5-.3-.7c-.2-.2-.4-.3-.7-.3h-11c-.3 0-.5.1-.7.3-.2.2-.3.5-.3.7s.1.5.3.7z\"\/><\/svg><\/span><\/span><\/span><\/a><\/span><\/div>\n<nav><ul class='ez-toc-list ez-toc-list-level-1 eztoc-toggle-hide-by-default' ><li class='ez-toc-page-1 ez-toc-heading-level-2'><a class=\"ez-toc-link ez-toc-heading-1\" href=\"https:\/\/moverdb.com\/et\/moving-companies\/moving-companies-costa-rica\/#1_Allianz_Moving\" >1. Allianz Moving<\/a><\/li><li class='ez-toc-page-1 ez-toc-heading-level-2'><a class=\"ez-toc-link ez-toc-heading-2\" href=\"https:\/\/moverdb.com\/et\/moving-companies\/moving-companies-costa-rica\/#2_Gateway_Moving_and_Relocation\" >2. Gateway kolimine ja \u00fcmberpaigutamine<\/a><\/li><li class='ez-toc-page-1 ez-toc-heading-level-2'><a class=\"ez-toc-link ez-toc-heading-3\" href=\"https:\/\/moverdb.com\/et\/moving-companies\/moving-companies-costa-rica\/#3_Inter_Moves_SG_Global\" >3. Inter Moves SG Global<\/a><\/li><li class='ez-toc-page-1 ez-toc-heading-level-2'><a class=\"ez-toc-link ez-toc-heading-4\" href=\"https:\/\/moverdb.com\/et\/moving-companies\/moving-companies-costa-rica\/#4_Mudanzas_Mundiales\" >4. Mudanzas Mundiales<\/a><\/li><li class='ez-toc-page-1 ez-toc-heading-level-2'><a class=\"ez-toc-link ez-toc-heading-5\" href=\"https:\/\/moverdb.com\/et\/moving-companies\/moving-companies-costa-rica\/#5_Multimodal\" >5. Multimodaalne<\/a><\/li><li class='ez-toc-page-1 ez-toc-heading-level-2'><a class=\"ez-toc-link ez-toc-heading-6\" href=\"https:\/\/moverdb.com\/et\/moving-companies\/moving-companies-costa-rica\/#6_Winmovers\" >6. Winmovers<\/a><\/li><li class='ez-toc-page-1 ez-toc-heading-level-2'><a class=\"ez-toc-link ez-toc-heading-7\" href=\"https:\/\/moverdb.com\/et\/moving-companies\/moving-companies-costa-rica\/#Other_Useful_Guides_to_Costa_Rica\" >Muud kasulikud Costa Rica reisijuhid<\/a><\/li><\/ul><\/nav><\/div>\n<h2><span class=\"ez-toc-section\" id=\"1_Allianz_Moving\"><\/span><strong>1. Allianz Moving<\/strong><span class=\"ez-toc-section-end\"><\/span><\/h2>\n<p><img loading=\"lazy\" decoding=\"async\" class=\"alignnone size-full wp-image-5925\" src=\"https:\/\/moverdb.com\/wp-content\/uploads\/Allianz-Moving-international-moving-company.png\" alt=\"Allianz Moving rahvusvaheline kolimisfirma\" width=\"1440\" height=\"684\" data-wp-pid=\"5925\" srcset=\"https:\/\/moverdb.com\/wp-content\/uploads\/Allianz-Moving-international-moving-company.png 1440w, https:\/\/moverdb.com\/wp-content\/uploads\/Allianz-Moving-international-moving-company-300x143.png 300w, https:\/\/moverdb.com\/wp-content\/uploads\/Allianz-Moving-international-moving-company-1024x486.png 1024w, https:\/\/moverdb.com\/wp-content\/uploads\/Allianz-Moving-international-moving-company-18x9.png 18w, https:\/\/moverdb.com\/wp-content\/uploads\/Allianz-Moving-international-moving-company-600x285.png 600w\" sizes=\"auto, (max-width: 1440px) 100vw, 1440px\" \/><\/p>\n<ul>\n<li>Kohalikud ja riiklikud liikumised<\/li>\n<li>Rahvusvahelised liikumised<\/li>\n<li>\u00dcmberpaigutamise teenused<\/li>\n<li>Elamu kolimine<\/li>\n<li>Kontori kolimised<\/li>\n<li>Pakkimisteenus<\/li>\n<li>Kindlustus<\/li>\n<li>Lemmikloomade kolimine<\/li>\n<li><a href=\"https:\/\/moverdb.com\/et\/car-transport-shipping\/\" data-internallinksmanager029f6b8e52c=\"2\" title=\"2026 Rahvusvaheline autoveo ja s\u00f5idukite veo hinnapakkumised\">Autolaevandus<\/a><\/li>\n<li>Ladustamisv\u00f5imalused<\/li>\n<\/ul>\n<p>Allianz Moving on rahvusvaheliste kolimislahenduste pakkuja, kellel on \u00fcle 20 aasta kogemust kohalike kolimiste ja \u00fclemaailmsete kolimiste tegemisel. Nad pakuvad rahvusvahelisi \u00fcmberpaigutusi oma \u00fclemaailmse kolimispartnerite v\u00f5rgustiku kaudu. Nad on IAMi liige, kellel on 7 aastat teenust.<\/p>\n<p>Allianz Moving pakub kolimiseelset \u00fclevaatust, et hinnata teie vajadusi ja teha hinnapakkumine. Nad pakuvad teile pakkimisteenust, mis kaitseb teie asju ja korraldab teie asjade transpordi, sealhulgas tollivormistuse. Nad pakuvad ka t\u00e4iendavaid rahvusvahelisi kolimisteenuseid lemmikloomade ja autode jaoks, samuti l\u00fchi- ja pikaajalisi ladustamisv\u00f5imalusi.<\/p>\n<p>Veebileht: <a href=\"http:\/\/www.allianzmoving.com\" target=\"_blank\" rel=\"noopener\">http:\/\/www.allianzmoving.com<\/a><\/p>\n<h2><span class=\"ez-toc-section\" id=\"2_Gateway_Moving_and_Relocation\"><\/span><strong>2. Gateway kolimine ja \u00fcmberpaigutamine<\/strong><span class=\"ez-toc-section-end\"><\/span><\/h2>\n<p><img loading=\"lazy\" decoding=\"async\" class=\"alignnone size-full wp-image-5949\" src=\"https:\/\/moverdb.com\/wp-content\/uploads\/Gateway-Moving-and-Relocation-international-moving-company.png\" alt=\"Gateway Moving and Relocation rahvusvaheline kolimisfirma\" width=\"1440\" height=\"683\" data-wp-pid=\"5949\" srcset=\"https:\/\/moverdb.com\/wp-content\/uploads\/Gateway-Moving-and-Relocation-international-moving-company.png 1440w, https:\/\/moverdb.com\/wp-content\/uploads\/Gateway-Moving-and-Relocation-international-moving-company-300x142.png 300w, https:\/\/moverdb.com\/wp-content\/uploads\/Gateway-Moving-and-Relocation-international-moving-company-1024x486.png 1024w, https:\/\/moverdb.com\/wp-content\/uploads\/Gateway-Moving-and-Relocation-international-moving-company-18x9.png 18w, https:\/\/moverdb.com\/wp-content\/uploads\/Gateway-Moving-and-Relocation-international-moving-company-600x285.png 600w\" sizes=\"auto, (max-width: 1440px) 100vw, 1440px\" \/><\/p>\n<ul>\n<li>Kohalikud ja riiklikud liikumised<\/li>\n<li>Rahvusvahelised liikumised<\/li>\n<li>Elamu kolimine<\/li>\n<li>T\u00f6\u00f6stus- ja kontoriruumide \u00fcmberpaigutused<\/li>\n<li>Individuaalsed kolimispaketid<\/li>\n<li>Pakkimisteenused ja pakkimine<\/li>\n<li>Kvaliteetsed seadmed<\/li>\n<li>Tollimaaklerlus<\/li>\n<li>S\u00f5iduki saatmine<\/li>\n<li>Ladustamisv\u00f5imalused<\/li>\n<\/ul>\n<p>Gateway Moving and Relocation on pereettev\u00f5te, mis asub aadressil <a href=\"https:\/\/moverdb.com\/et\/moving-to-san-jose\/\" data-internallinksmanager029f6b8e52c=\"64\" title=\"Kolimine San Jose&#039;sse? 2022 elamiskulud ja kolimisn\u00f5uanded\">San Jose<\/a> mille kontor asub <a href=\"https:\/\/moverdb.com\/et\/moving-companies\/moving-companies-nicaragua\/\" data-internallinksmanager029f6b8e52c=\"278\" title=\"Parimad rahvusvahelised kolimisfirmad Nicaraguas\">Nicaragua<\/a>. Nad teevad koost\u00f6\u00f6d teiste kolimisagentidega \u00fcle maailma, et pakkuda rahvusvahelist teenust. Nad on IAMi liige, kellel on 6 aastat teenust.<\/p>\n<p>Gateway Moving and Relocation pakub individuaalseid kolimispakette, mis on kohandatud teie vajadustele. Nad pakuvad pakkimisteenust, mis kaitseb teie esemeid transpordi ajal, see h\u00f5lmab k\u00f5ike alates peenestamisest <a href=\"https:\/\/moverdb.com\/et\/moving-to-china\/\" data-internallinksmanager029f6b8e52c=\"357\" title=\"Kolimine Hiinasse? 2023 elamiskulud ja kolimisn\u00f5uanded\">Hiina<\/a> muusikainstrumentidele ja mahukale m\u00f6\u00f6blile. Nad pakuvad tollimaaklerteenuseid, s\u00f5idukite veoteenuseid ja ladustamisteenuseid kas enne v\u00f5i p\u00e4rast teie kolimist.<\/p>\n<p>Veebileht: <a href=\"https:\/\/www.gatewaymovingcr.com\" target=\"_blank\" rel=\"noopener\">https:\/\/www.gatewaymovingcr.com<\/a><\/p>\n<h2><span class=\"ez-toc-section\" id=\"3_Inter_Moves_SG_Global\"><\/span><strong>3. Inter Moves SG Global<\/strong><span class=\"ez-toc-section-end\"><\/span><\/h2>\n<p><img loading=\"lazy\" decoding=\"async\" class=\"alignnone size-full wp-image-5959\" src=\"https:\/\/moverdb.com\/wp-content\/uploads\/Inter-Moves-SG-Global-international-moving-company.png\" alt=\"Inter Moves SG \u00dclemaailmne rahvusvaheline kolimisfirma\" width=\"1440\" height=\"684\" data-wp-pid=\"5959\" srcset=\"https:\/\/moverdb.com\/wp-content\/uploads\/Inter-Moves-SG-Global-international-moving-company.png 1440w, https:\/\/moverdb.com\/wp-content\/uploads\/Inter-Moves-SG-Global-international-moving-company-300x143.png 300w, https:\/\/moverdb.com\/wp-content\/uploads\/Inter-Moves-SG-Global-international-moving-company-1024x486.png 1024w, https:\/\/moverdb.com\/wp-content\/uploads\/Inter-Moves-SG-Global-international-moving-company-18x9.png 18w, https:\/\/moverdb.com\/wp-content\/uploads\/Inter-Moves-SG-Global-international-moving-company-600x285.png 600w\" sizes=\"auto, (max-width: 1440px) 100vw, 1440px\" \/><\/p>\n<ul>\n<li>Kohalikud ja riiklikud liikumised<\/li>\n<li>Rahvusvahelised liikumised<\/li>\n<li>Kodumajapidamiste kolimised<\/li>\n<li>B\u00fcroode kolimine<\/li>\n<li>Pakkimisteenused<\/li>\n<li>Tollimaakler<\/li>\n<li>Antiikesemete ja kunstiteoste kolimine<\/li>\n<li>S\u00f5iduki transport<\/li>\n<li>Kindlustusv\u00f5imalused<\/li>\n<li>Ladustamisv\u00f5imalused<\/li>\n<\/ul>\n<p>Inter Moves SG Global on 2001. aastal asutatud ekspedeerimis- ja rahvusvahelise kolimisteenuse pakkuja. Nad pakuvad kohalikke, riiklikke ja rahvusvahelisi kolimisteenuseid nii kodumajapidamistele kui ka kontoritele. Nad on IAMi liige, kellel on 21 aastat teenust.<\/p>\n<p>Inter Moves SG Global pakub professionaalset kolimisteenust, mis pakib teie asjad ja korraldab nende laadimise konteineritesse ja kastidesse koos transpordiga teie sihtkohta, sealhulgas tollimaakleriga. Nad pakuvad kindlustusmaaklerlust, et leida teie kolimiseks parim kindlustuskaitse. Nad pakuvad isegi Bed &amp; Breakfast hotelli neile \u00fcmberpaigutajatele, kes vajavad ajutist majutust.<\/p>\n<p>Veebileht: <a href=\"http:\/\/www.InterMoves-SGCR.com\" target=\"_blank\" rel=\"noopener\">http:\/\/www.InterMoves-SGCR.com<\/a><\/p>\n<h2><span class=\"ez-toc-section\" id=\"4_Mudanzas_Mundiales\"><\/span><strong>4. Mudanzas Mundiales<\/strong><span class=\"ez-toc-section-end\"><\/span><\/h2>\n<p><img loading=\"lazy\" decoding=\"async\" class=\"alignnone size-full wp-image-5981\" src=\"https:\/\/moverdb.com\/wp-content\/uploads\/Mudanzas-Mundiales-international-moving-company.png\" alt=\"Mudanzas Mundiales rahvusvaheline kolimisfirma\" width=\"1440\" height=\"680\" data-wp-pid=\"5981\" srcset=\"https:\/\/moverdb.com\/wp-content\/uploads\/Mudanzas-Mundiales-international-moving-company.png 1440w, https:\/\/moverdb.com\/wp-content\/uploads\/Mudanzas-Mundiales-international-moving-company-300x142.png 300w, https:\/\/moverdb.com\/wp-content\/uploads\/Mudanzas-Mundiales-international-moving-company-1024x484.png 1024w, https:\/\/moverdb.com\/wp-content\/uploads\/Mudanzas-Mundiales-international-moving-company-18x9.png 18w, https:\/\/moverdb.com\/wp-content\/uploads\/Mudanzas-Mundiales-international-moving-company-600x283.png 600w\" sizes=\"auto, (max-width: 1440px) 100vw, 1440px\" \/><\/p>\n<ul>\n<li>Rahvusvahelised liikumised<\/li>\n<li>Elamu kolimine<\/li>\n<li>Kaubanduslikud k\u00e4igud<\/li>\n<li>\u00dcmberpaigutamise teenused<\/li>\n<li>Professionaalne pakkimisteenus<\/li>\n<li>Transport maismaa-, mere- v\u00f5i \u00f5hutranspordiga<\/li>\n<li>Tollimaakler<\/li>\n<li>Kunstiteoste transport<\/li>\n<li>Lemmikloomade transport<\/li>\n<li>Ladustamisv\u00f5imalused<\/li>\n<\/ul>\n<p>Mudanzas Mundiales on kolimisfirma, millel on \u00fcle 60 aasta kogemust integreeritud logistika ja rahvusvahelise kaubanduse valdkonnas. Neil on kontorid San Joses ja Nicaraguas. Nad on IAMi liige 53-aastase tegutsemisaastaga ja FIDI poolt akrediteeritud.<\/p>\n<p>Mudanzas Mundiales pakub individuaalset l\u00e4henemist kolimistele, pakkudes uksest-ukseni teenust, mis h\u00f5lmab pakkimisteenust, kasutades kvaliteetseid materjale, kuni m\u00f6\u00f6bli lahtipakkimise ja paigutamiseni. Nad korraldavad transpordi maismaa-, mere- v\u00f5i \u00f5hutranspordi koos tollimaaklerluse ja kindlustusega. Nende kolimisteenused aitavad teid orienteeruda, leida kodu ja kooli, pakkuda saabumisteenuseid ning keele- ja kultuurikoolitust.<\/p>\n<p>Veebileht: <a href=\"http:\/\/mudanzasmundiales.com\" target=\"_blank\" rel=\"noopener\">http:\/\/mudanzasmundiales.com<\/a><\/p>\n<h2><span class=\"ez-toc-section\" id=\"5_Multimodal\"><\/span><strong>5. Multimodaalne<\/strong><span class=\"ez-toc-section-end\"><\/span><\/h2>\n<p><img loading=\"lazy\" decoding=\"async\" class=\"alignnone size-full wp-image-5984\" src=\"https:\/\/moverdb.com\/wp-content\/uploads\/Multimodal-international-moving-company.png\" alt=\"Multimodaalne rahvusvaheline kolimisfirma\" width=\"1440\" height=\"680\" data-wp-pid=\"5984\" srcset=\"https:\/\/moverdb.com\/wp-content\/uploads\/Multimodal-international-moving-company.png 1440w, https:\/\/moverdb.com\/wp-content\/uploads\/Multimodal-international-moving-company-300x142.png 300w, https:\/\/moverdb.com\/wp-content\/uploads\/Multimodal-international-moving-company-1024x484.png 1024w, https:\/\/moverdb.com\/wp-content\/uploads\/Multimodal-international-moving-company-18x9.png 18w, https:\/\/moverdb.com\/wp-content\/uploads\/Multimodal-international-moving-company-600x283.png 600w\" sizes=\"auto, (max-width: 1440px) 100vw, 1440px\" \/><\/p>\n<ul>\n<li>Rahvusvahelised liikumised<\/li>\n<li>Elamu kolimine<\/li>\n<li>Kontori kolimised<\/li>\n<li>Saadetiste k\u00e4itlemine ja j\u00e4lgimine<\/li>\n<li>Maismaa-, mere- ja \u00f5hutransport<\/li>\n<li>Tollimaaklerlus<\/li>\n<li>Kaubakindlustus<\/li>\n<li>Lemmikloomade transport<\/li>\n<li>S\u00f5iduki transport<\/li>\n<li>Ladustamisv\u00f5imalused<\/li>\n<\/ul>\n<p>Multimodal on spetsialiseerunud rahvusvahelise kaubanduse ja tolli teenusepakkuja, kes pakub kolimisteenuseid Costa Ricas ja Nicaraguas. Ettev\u00f5te asutati 1999. aastal ja pakkus peamiselt lennutransporti, kuid laiendas oma tegevust k\u00f5ikidele transpordivahenditele. Nad on IAMi liige 37-aastase tegutsemisaja jooksul ja teevad koost\u00f6\u00f6d teiste agentuuridega, et pakkuda oma teenuseid rahvusvaheliselt.<\/p>\n<p>Multimodal pakub turvalist ja usaldusv\u00e4\u00e4rset kolimisteenust, mis on vaba komplikatsioonidest ja tarbetutest kuludest. Nad pakuvad professionaalseid pakkimisteenuseid, et transportida teie asju turvaliselt, ning korraldavad transpordi maismaal, merel v\u00f5i \u00f5hus koos tollimaaklerlusega.<\/p>\n<p>Veebileht: <a href=\"http:\/\/www.multimodalcr.com\" target=\"_blank\" rel=\"noopener\">http:\/\/www.multimodalcr.com<\/a><\/p>\n<h2><span class=\"ez-toc-section\" id=\"6_Winmovers\"><\/span><strong>6. Winmovers<\/strong><span class=\"ez-toc-section-end\"><\/span><\/h2>\n<p><img loading=\"lazy\" decoding=\"async\" class=\"alignnone size-full wp-image-6016\" src=\"https:\/\/moverdb.com\/wp-content\/uploads\/Winmovers-international-moving-company.png\" alt=\"Winmovers rahvusvaheline kolimisfirma\" width=\"1440\" height=\"678\" data-wp-pid=\"6016\" srcset=\"https:\/\/moverdb.com\/wp-content\/uploads\/Winmovers-international-moving-company.png 1440w, https:\/\/moverdb.com\/wp-content\/uploads\/Winmovers-international-moving-company-300x141.png 300w, https:\/\/moverdb.com\/wp-content\/uploads\/Winmovers-international-moving-company-1024x482.png 1024w, https:\/\/moverdb.com\/wp-content\/uploads\/Winmovers-international-moving-company-18x8.png 18w, https:\/\/moverdb.com\/wp-content\/uploads\/Winmovers-international-moving-company-600x283.png 600w\" sizes=\"auto, (max-width: 1440px) 100vw, 1440px\" \/><\/p>\n<ul>\n<li>Kohalikud ja riiklikud liikumised<\/li>\n<li>Rahvusvahelised liikumised<\/li>\n<li>Kodumajapidamiste kolimised<\/li>\n<li>Ettev\u00f5tte liikumine<\/li>\n<li>Ukselt-uksele teenus<\/li>\n<li>Professionaalne pakkimisteenus<\/li>\n<li>T\u00f6\u00f6stuslik pakend<\/li>\n<li>Maismaa-, \u00f5hu- ja meretransport<\/li>\n<li>Spetsiaalsed esemed, nagu klaveri- ja arvutiseadmed<\/li>\n<li>Mitmek\u00fclgne veoautopark<\/li>\n<\/ul>\n<p>Winmovers on 2003. aastal asutatud rahvusvaheline ja kohalik kolimisteenuste pakkuja. Nad on IAMi liige 19 aasta pikkuse tegutsemisaja jooksul ja on FIDI poolt akrediteeritud. Neil on lai ja mitmekesine veoautopark, mis vastab erinevatele transpordivajadustele.<\/p>\n<p>Winmovers pakub ukselt-uksele teenust, mis h\u00f5lmab professionaalset pakkimisteenust, mida pakuvad koolitatud t\u00f6\u00f6tajad, kes kaitsevad teie asju mitmesuguste pakkematerjalidega, nagu kastid, katted ja tekid. Nad valmistavad ka oma sertifitseeritud puidust kastid. Nad korraldavad teie asjade veo maismaa-, \u00f5hu- v\u00f5i meretranspordi.<\/p>\n<p>Veebileht: <a href=\"http:\/\/www.winmovers.com\" target=\"_blank\" rel=\"noopener\">http:\/\/www.winmovers.com<\/a><\/p>\n<h2><span class=\"ez-toc-section\" id=\"Other_Useful_Guides_to_Costa_Rica\"><\/span>Muud kasulikud Costa Rica reisijuhid<span class=\"ez-toc-section-end\"><\/span><\/h2>\n<ul>\n<li> <a href=\"https:\/\/moverdb.com\/et\/konteiner-laevandus\/costa-rica\/\">2024 Mereveo konteinerite veohinnad Costa Ricasse ja Costa Ricast<\/a><\/li>\n<li> <a href=\"https:\/\/moverdb.com\/et\/moving-to-costa-rica\/\">Kolimine Costa Ricasse? 2023 elamiskulud ja kolimisn\u00f5uanded<\/a><\/li>\n<li> <a href=\"https:\/\/moverdb.com\/et\/moving-to-costa-rica\/living-in-costa-rica\/\">21 saladust Costa Ricas elamise kohta, mida peaks teadma enne kolimist<\/a><\/li>\n<\/ul>","protected":false},"excerpt":{"rendered":"<p>Are you moving to or from Costa Rica, or moving within Costa Rica? Then you might be interested in some help moving all of your belongings as it can be complex especially if you are moving countries. Below we have compiled a list of Costa Rican removal companies that are members of the International Association [&hellip;]<\/p>\n","protected":false},"author":4,"featured_media":0,"parent":190,"menu_order":0,"comment_status":"closed","ping_status":"closed","template":"","meta":{"_genesis_hide_title":false,"_genesis_hide_breadcrumbs":false,"_genesis_hide_singular_image":false,"_genesis_hide_footer_widgets":false,"_genesis_custom_body_class":"","_genesis_custom_post_class":"","_genesis_layout":"","footnotes":""},"class_list":{"0":"post-6015","1":"page","2":"type-page","3":"status-publish","5":"entry","6":"has-post-thumbnail"},"_links":{"self":[{"href":"https:\/\/moverdb.com\/et\/wp-json\/wp\/v2\/pages\/6015","targetHints":{"allow":["GET"]}}],"collection":[{"href":"https:\/\/moverdb.com\/et\/wp-json\/wp\/v2\/pages"}],"about":[{"href":"https:\/\/moverdb.com\/et\/wp-json\/wp\/v2\/types\/page"}],"author":[{"embeddable":true,"href":"https:\/\/moverdb.com\/et\/wp-json\/wp\/v2\/users\/4"}],"replies":[{"embeddable":true,"href":"https:\/\/moverdb.com\/et\/wp-json\/wp\/v2\/comments?post=6015"}],"version-history":[{"count":2,"href":"https:\/\/moverdb.com\/et\/wp-json\/wp\/v2\/pages\/6015\/revisions"}],"predecessor-version":[{"id":18296,"href":"https:\/\/moverdb.com\/et\/wp-json\/wp\/v2\/pages\/6015\/revisions\/18296"}],"up":[{"embeddable":true,"href":"https:\/\/moverdb.com\/et\/wp-json\/wp\/v2\/pages\/190"}],"wp:attachment":[{"href":"https:\/\/moverdb.com\/et\/wp-json\/wp\/v2\/media?parent=6015"}],"curies":[{"name":"wp","href":"https:\/\/api.w.org\/{rel}","templated":true}]}}