{"id":5575,"date":"2022-11-24T01:39:45","date_gmt":"2022-11-24T01:39:45","guid":{"rendered":"https:\/\/moverdb.com\/?page_id=5575"},"modified":"2026-05-15T14:59:24","modified_gmt":"2026-05-15T14:59:24","slug":"us-virgin-island","status":"publish","type":"page","link":"https:\/\/moverdb.com\/et\/container-shipping\/us-virgin-islands\/","title":{"rendered":"2023 Mereveo konteinerite veohinnad USA Neitsisaartele ja Neitsisaartelt"},"content":{"rendered":"<div class=\"wp-block-image\">\n<figure class=\"aligncenter size-full\"><img loading=\"lazy\" decoding=\"async\" width=\"1000\" height=\"667\" src=\"https:\/\/moverdb.com\/wp-content\/uploads\/us-virgin-islands.jpg\" alt=\"Panoraamvaade Kariibi mere saarele St Thomas, USA Neitsisaared\" class=\"wp-image-5558\" srcset=\"https:\/\/moverdb.com\/wp-content\/uploads\/us-virgin-islands.jpg 1000w, https:\/\/moverdb.com\/wp-content\/uploads\/us-virgin-islands-300x200.jpg 300w, https:\/\/moverdb.com\/wp-content\/uploads\/us-virgin-islands-18x12.jpg 18w, https:\/\/moverdb.com\/wp-content\/uploads\/us-virgin-islands-600x400.jpg 600w\" sizes=\"auto, (max-width: 1000px) 100vw, 1000px\" \/><\/figure>\n<\/div>\n\n\n<p>The<strong> <a href=\"https:\/\/moverdb.com\/et\/moving-to-the-us-virgin-islands\/\" data-internallinksmanager029f6b8e52c=\"386\" title=\"Kolimine USA Neitsisaartele? 2023 elamiskulud\">USA Neitsisaared<\/a><\/strong> sobivad ideaalselt k\u00f5igile, kes saavad endale lubada tagasip\u00f6\u00f6rdumist eksklusiivsesse puhkekohta ja elada unistuste saareelu.<\/p>\n\n\n\n<p>See v\u00e4ike USA territoorium Kariibi mere piirkonnas koosneb 53 saarest, millest 4 on peamiselt asustatud (Saint Croix, Saint Thomas, Saint John ja Water island).<\/p>\n\n\n\n<p>See pisike paradiis on esmaklassiline valik asunike jaoks, kes soovivad kogeda k\u00f5rgemat elatustaset, sest saartel on palju luksuslikke majutus- ja meelelahutusv\u00f5imalusi.<\/p>\n\n\n\n<p>Majapidamistarvete transportimine sinna v\u00f5ib aga olla pisut t\u00fclikas. Kuigi kruiisilaevad on sageli n\u00e4ha saarte <a href=\"https:\/\/moverdb.com\/et\/top-49-container-ports\/\" data-internallinksmanager029f6b8e52c=\"80\" title=\"Top 49 suurimat ja tihedaima liiklusega konteinersadamat 2025. aastal\">sadamad<\/a>, kaubalaevad on haruldane vaatepilt.<\/p>\n\n\n\n<p>Igal juhul on mitmeid v\u00f5imalusi, mis on loetletud allpool olevates tabelites. Vaadake julgelt ka meie hinnapakkumise t\u00f6\u00f6riista ja t\u00e4itke oma andmed, et saada kohandatud hinnapakkumine.<\/p>\n\n\n\n<h2 class=\"wp-block-heading\">Konteinerite veokulud USA Neitsisaartele (St Croix)<\/h2>\n\n\n<div class=\"wp-block-image\">\n<figure class=\"aligncenter size-large\"><img loading=\"lazy\" decoding=\"async\" width=\"1024\" height=\"539\" src=\"https:\/\/moverdb.com\/wp-content\/uploads\/Shipping-Container-Costs-to-US-Virgin-Islands-1024x539.png\" alt=\"Konteinerite veokulud USA Neitsisaartele (St Croix)\" class=\"wp-image-5561\" srcset=\"https:\/\/moverdb.com\/wp-content\/uploads\/Shipping-Container-Costs-to-US-Virgin-Islands-1024x539.png 1024w, https:\/\/moverdb.com\/wp-content\/uploads\/Shipping-Container-Costs-to-US-Virgin-Islands-300x158.png 300w, https:\/\/moverdb.com\/wp-content\/uploads\/Shipping-Container-Costs-to-US-Virgin-Islands-1536x809.png 1536w, https:\/\/moverdb.com\/wp-content\/uploads\/Shipping-Container-Costs-to-US-Virgin-Islands-18x9.png 18w, https:\/\/moverdb.com\/wp-content\/uploads\/Shipping-Container-Costs-to-US-Virgin-Islands-600x316.png 600w, https:\/\/moverdb.com\/wp-content\/uploads\/Shipping-Container-Costs-to-US-Virgin-Islands.png 2000w\" sizes=\"auto, (max-width: 1024px) 100vw, 1024px\" \/><\/figure>\n<\/div>\n\n\n<table id=\"tablepress-231\" class=\"tablepress tablepress-id-231\">\n<thead>\n<tr class=\"row-1\">\n\t<th class=\"column-1\">Sihtriik (sadam\/linn)<\/th><th class=\"column-2\">20FT<\/th><th class=\"column-3\">40FT<\/th>\n<\/tr>\n<\/thead>\n<tbody class=\"row-striping row-hover\">\n<tr class=\"row-2\">\n\t<td class=\"column-1\"><a href=\"https:\/\/moverdb.com\/et\/container-shipping\/andorra\/\" data-internallinksmanager029f6b8e52c=\"88\" title=\"2023 Mereveo konteinerite veohinnad Andorrast ja Andorrast\">Andorra (Andorra la Vella)<\/a><\/td><td class=\"column-2\">$1,868<\/td><td class=\"column-3\">$3,171<\/td>\n<\/tr>\n<tr class=\"row-3\">\n\t<td class=\"column-1\"><a href=\"https:\/\/moverdb.com\/et\/container-shipping\/australia\/\" data-internallinksmanager029f6b8e52c=\"89\" title=\"2026 Konteinerite veohinnad Austraaliasse ja Austraaliast\">Austraalia (Sydney)<\/a><\/td><td class=\"column-2\">$12,406<\/td><td class=\"column-3\">EI KOHALDATA<\/td>\n<\/tr>\n<tr class=\"row-4\">\n\t<td class=\"column-1\"><a href=\"https:\/\/moverdb.com\/et\/container-shipping\/austria\/\" data-internallinksmanager029f6b8e52c=\"95\" title=\"2023 Mereveo konteineri veohinnad Austriasse ja Austriast\">Austria (Viin)<\/a><\/td><td class=\"column-2\">EI KOHALDATA<\/td><td class=\"column-3\">$3,739<\/td>\n<\/tr>\n<tr class=\"row-5\">\n\t<td class=\"column-1\"><a href=\"https:\/\/moverdb.com\/et\/container-shipping\/bahrain\/\" data-internallinksmanager029f6b8e52c=\"96\" title=\"2023 Mereveo konteinerite veohinnad Bahreinist ja Bahreinisse\">Bahrein (Manama)<\/a><\/td><td class=\"column-2\">EI KOHALDATA<\/td><td class=\"column-3\">$12,306<\/td>\n<\/tr>\n<tr class=\"row-6\">\n\t<td class=\"column-1\"><a href=\"https:\/\/moverdb.com\/et\/container-shipping\/belize\/\" data-internallinksmanager029f6b8e52c=\"137\" title=\"2023 Mereveo konteinerite veohinnad Belize&#039;ile ja Belize&#039;ist\">Belize (Belize City)<\/a><\/td><td class=\"column-2\">$847<\/td><td class=\"column-3\">$872<\/td>\n<\/tr>\n<tr class=\"row-7\">\n\t<td class=\"column-1\"><a href=\"https:\/\/moverdb.com\/et\/container-shipping\/brazil\/\" data-internallinksmanager029f6b8e52c=\"98\" title=\"2023 Mereveo konteinerite veohinnad Brasiiliasse ja Brasiiliast\">Brasiilia (Santos)<\/a><\/td><td class=\"column-2\">$3,937<\/td><td class=\"column-3\">$4,059<\/td>\n<\/tr>\n<tr class=\"row-8\">\n\t<td class=\"column-1\"><a href=\"https:\/\/moverdb.com\/et\/container-shipping\/cambodia\/\" data-internallinksmanager029f6b8e52c=\"101\" title=\"2023 Mereveo konteinerite veohinnad Kambod\u017easse ja Kambod\u017east\">Kambod\u017ea (Sihanoukville)<\/a><\/td><td class=\"column-2\">$7,007<\/td><td class=\"column-3\">$7,362<\/td>\n<\/tr>\n<tr class=\"row-9\">\n\t<td class=\"column-1\"><a href=\"https:\/\/moverdb.com\/et\/container-shipping\/canada\/\" data-internallinksmanager029f6b8e52c=\"102\" title=\"2023 Mereveo konteinerite veohinnad Kanadasse ja Kanadast\">Kanada (Toronto)<\/a><\/td><td class=\"column-2\">$2,024<\/td><td class=\"column-3\">$2,814<\/td>\n<\/tr>\n<tr class=\"row-10\">\n\t<td class=\"column-1\"><a href=\"https:\/\/moverdb.com\/et\/container-shipping\/china\/\" data-internallinksmanager029f6b8e52c=\"105\" title=\"2023 Mereveo konteinerite veohinnad Hiinasse ja Hiinast\">Hiina (Peking)<\/a><\/td><td class=\"column-2\">$6,158<\/td><td class=\"column-3\">$6,221<\/td>\n<\/tr>\n<tr class=\"row-11\">\n\t<td class=\"column-1\">Hiina (Shanghai)<\/td><td class=\"column-2\">$5,110<\/td><td class=\"column-3\">$5,408<\/td>\n<\/tr>\n<tr class=\"row-12\">\n\t<td class=\"column-1\"><a href=\"https:\/\/moverdb.com\/et\/container-shipping\/colombia\/\" data-internallinksmanager029f6b8e52c=\"106\" title=\"2023 Mereveo konteinerite veohinnad Kolumbiasse ja Colombiast\">Colombia (Barranquilla)<\/a><\/td><td class=\"column-2\">$704<\/td><td class=\"column-3\">$1,218<\/td>\n<\/tr>\n<tr class=\"row-13\">\n\t<td class=\"column-1\"><a href=\"https:\/\/moverdb.com\/et\/container-shipping\/costa-rica\/\" data-internallinksmanager029f6b8e52c=\"138\" title=\"2023 Mereveo konteineri veohinnad Costa Ricasse ja Costa Ricast\">Costa Rica (Limon)<\/a><\/td><td class=\"column-2\">$758<\/td><td class=\"column-3\">$8,660<\/td>\n<\/tr>\n<tr class=\"row-14\">\n\t<td class=\"column-1\"><a href=\"https:\/\/moverdb.com\/et\/container-shipping\/croatia\/\" data-internallinksmanager029f6b8e52c=\"107\" title=\"2023 Mereveo konteinerite veohinnad Horvaatiasse ja Horvaatiast\">Horvaatia (Rijeka)<\/a><\/td><td class=\"column-2\">$2,079<\/td><td class=\"column-3\">$2,709<\/td>\n<\/tr>\n<tr class=\"row-15\">\n\t<td class=\"column-1\"><a href=\"https:\/\/moverdb.com\/et\/container-shipping\/dominican-republic\/\" data-internallinksmanager029f6b8e52c=\"112\" title=\"2023 Mereveo konteinerite veohinnad Dominikaani Vabariigist ja Dominikaani Vabariiki\">Dominikaani Vabariik (Santo Domingo)<\/a><\/td><td class=\"column-2\">$1,023<\/td><td class=\"column-3\">$1,271<\/td>\n<\/tr>\n<tr class=\"row-16\">\n\t<td class=\"column-1\"><a href=\"https:\/\/moverdb.com\/et\/container-shipping\/germany\/\" data-internallinksmanager029f6b8e52c=\"118\" title=\"2023 Mereveo konteinerite veohinnad Saksamaale ja Saksamaalt\">Saksamaa (Hamburg)<\/a><\/td><td class=\"column-2\">$1,958<\/td><td class=\"column-3\">$2,583<\/td>\n<\/tr>\n<tr class=\"row-17\">\n\t<td class=\"column-1\"><a href=\"https:\/\/moverdb.com\/et\/container-shipping\/greece\/\" data-internallinksmanager029f6b8e52c=\"120\" title=\"2023 Mereveo konteinerite veohinnad Kreekasse ja Kreekast\">Kreeka (Piraeus)<\/a><\/td><td class=\"column-2\">$1,771<\/td><td class=\"column-3\">$2,436<\/td>\n<\/tr>\n<tr class=\"row-18\">\n\t<td class=\"column-1\"><a href=\"https:\/\/moverdb.com\/et\/container-shipping\/guatemala\/\" data-internallinksmanager029f6b8e52c=\"139\" title=\"2023 Mereveo konteinerite veohinnad Guatemalasse ja Guatemalast\">Guatemala (Guatemala City)<\/a><\/td><td class=\"column-2\">$737<\/td><td class=\"column-3\">$851<\/td>\n<\/tr>\n<tr class=\"row-19\">\n\t<td class=\"column-1\"><a href=\"https:\/\/moverdb.com\/et\/container-shipping\/guernsey\/\" data-internallinksmanager029f6b8e52c=\"121\" title=\"2023 Mereveo konteinerite veohinnad Guernsey&#039;sse ja sealt v\u00e4lja\">Guernsey (St Peter Port)<\/a><\/td><td class=\"column-2\">$2,233<\/td><td class=\"column-3\">$3,182<\/td>\n<\/tr>\n<tr class=\"row-20\">\n\t<td class=\"column-1\"><a href=\"https:\/\/moverdb.com\/et\/container-shipping\/haiti\/\" data-internallinksmanager029f6b8e52c=\"122\" title=\"2023 Mereveo konteinerite veohinnad Haitile ja Haitilt\">Haiti (Port-au-Prince)<\/a><\/td><td class=\"column-2\">$1,023<\/td><td class=\"column-3\">$1,271<\/td>\n<\/tr>\n<tr class=\"row-21\">\n\t<td class=\"column-1\"><a href=\"https:\/\/moverdb.com\/et\/container-shipping\/hong-kong\/\" data-internallinksmanager029f6b8e52c=\"123\" title=\"2023 Mereveo konteinerite veohinnad Hongkongi ja Hongkongist\">Hongkong (Hongkong)<\/a><\/td><td class=\"column-2\">$12,708<\/td><td class=\"column-3\">$12,615<\/td>\n<\/tr>\n<tr class=\"row-22\">\n\t<td class=\"column-1\"><a href=\"https:\/\/moverdb.com\/et\/container-shipping\/india\/\" data-internallinksmanager029f6b8e52c=\"125\" title=\"2023 Mereveo konteineri veohinnad Indiasse ja Indiast\">India (Mumbai)<\/a><\/td><td class=\"column-2\">$12,447<\/td><td class=\"column-3\">$11,881<\/td>\n<\/tr>\n<tr class=\"row-23\">\n\t<td class=\"column-1\"><a href=\"https:\/\/moverdb.com\/et\/container-shipping\/indonesia\/\" data-internallinksmanager029f6b8e52c=\"126\" title=\"2023 Mereveo konteinerite veohinnad Indoneesiasse ja Indoneesiast\">Indoneesia (Jakarta)<\/a><\/td><td class=\"column-2\">$4,433<\/td><td class=\"column-3\">$4,232<\/td>\n<\/tr>\n<tr class=\"row-24\">\n\t<td class=\"column-1\"><a href=\"https:\/\/moverdb.com\/et\/container-shipping\/ireland\/\" data-internallinksmanager029f6b8e52c=\"127\" title=\"2023 Mereveo konteinerite veohinnad Iirimaale ja Iirimaalt\">Iirimaa (Dublin)<\/a><\/td><td class=\"column-2\">$1,705<\/td><td class=\"column-3\">$2,310<\/td>\n<\/tr>\n<tr class=\"row-25\">\n\t<td class=\"column-1\"><a href=\"https:\/\/moverdb.com\/et\/container-shipping\/isle-of-man\/\" data-internallinksmanager029f6b8e52c=\"128\" title=\"2023 Mereveo konteinerite veohinnad Mani saarele ja saarelt\">Mani saar (Douglas)<\/a><\/td><td class=\"column-2\">$1,705<\/td><td class=\"column-3\">$2,310<\/td>\n<\/tr>\n<tr class=\"row-26\">\n\t<td class=\"column-1\"><a href=\"https:\/\/moverdb.com\/et\/container-shipping\/italy\/\" data-internallinksmanager029f6b8e52c=\"130\" title=\"2023 Mereveo konteinerite veohinnad Itaaliasse ja Itaaliast\">Itaalia (Trieste)<\/a><\/td><td class=\"column-2\">$2,079<\/td><td class=\"column-3\">$2,709<\/td>\n<\/tr>\n<tr class=\"row-27\">\n\t<td class=\"column-1\"><a href=\"https:\/\/moverdb.com\/et\/container-shipping\/jersey\/\" data-internallinksmanager029f6b8e52c=\"132\" title=\"2023 Mereveo konteinerite veohinnad Jersey&#039;sse ja sealt v\u00e4lja\">Jersey (St Helier)<\/a><\/td><td class=\"column-2\">$2,233<\/td><td class=\"column-3\">$3,182<\/td>\n<\/tr>\n<tr class=\"row-28\">\n\t<td class=\"column-1\"><a href=\"https:\/\/moverdb.com\/et\/container-shipping\/jordan\/\" data-internallinksmanager029f6b8e52c=\"133\" title=\"2023 Mereveo konteinerite veohinnad Jordaaniasse ja Jordaaniast\">Jordaania (Aqaba)<\/a><\/td><td class=\"column-2\">$1,810<\/td><td class=\"column-3\">$2,528<\/td>\n<\/tr>\n<tr class=\"row-29\">\n\t<td class=\"column-1\"><a href=\"https:\/\/moverdb.com\/et\/container-shipping\/latvia\/\" data-internallinksmanager029f6b8e52c=\"136\" title=\"2023 Mereveo konteinerite veohinnad L\u00e4tti ja L\u00e4tist\">L\u00e4ti (Riia)<\/a><\/td><td class=\"column-2\">$2,233<\/td><td class=\"column-3\">$3,273<\/td>\n<\/tr>\n<tr class=\"row-30\">\n\t<td class=\"column-1\"><a href=\"https:\/\/moverdb.com\/et\/container-shipping\/lithuania\/\" data-internallinksmanager029f6b8e52c=\"145\" title=\"2023 Mereveo konteinerite veohinnad Leetu ja Leedust\">Leedu (Klaipeda)<\/a><\/td><td class=\"column-2\">$2,233<\/td><td class=\"column-3\">$3,273<\/td>\n<\/tr>\n<tr class=\"row-31\">\n\t<td class=\"column-1\"><a href=\"https:\/\/moverdb.com\/et\/moving-to-luxembourg\/\" data-internallinksmanager029f6b8e52c=\"349\" title=\"Luksemburgi kolimine? 2023 elamiskulud ja kolimisn\u00f5uanded\">Luksemburg<\/a><\/td><td class=\"column-2\">$1,813<\/td><td class=\"column-3\">$2,616<\/td>\n<\/tr>\n<tr class=\"row-32\">\n\t<td class=\"column-1\">USA (<a href=\"https:\/\/moverdb.com\/et\/moving-to-los-angeles\/\" data-internallinksmanager029f6b8e52c=\"51\" title=\"Kolimine Los Angelesse? 2026 LA elamiskulud ja kolimisn\u00f5uanded\">Los Angeles<\/a>)<\/td><td class=\"column-2\">$912<\/td><td class=\"column-3\">$1,309<\/td>\n<\/tr>\n<tr class=\"row-33\">\n\t<td class=\"column-1\"><a href=\"https:\/\/moverdb.com\/et\/container-shipping\/united-states\/\" data-internallinksmanager029f6b8e52c=\"87\" title=\"2023 Mereveo konteinerite veohinnad USAsse ja USAst\">USA (New York)<\/a><\/td><td class=\"column-2\">$1,636<\/td><td class=\"column-3\">$2,038<\/td>\n<\/tr>\n<\/tbody>\n<\/table>\n<!-- #tablepress-231 from cache -->\n\n\n\n<h2 class=\"wp-block-heading\">Laevakonteinerite kulud USA Neitsisaartelt (St Croix)<\/h2>\n\n\n<div class=\"wp-block-image\">\n<figure class=\"aligncenter size-large\"><img loading=\"lazy\" decoding=\"async\" width=\"1024\" height=\"539\" src=\"https:\/\/moverdb.com\/wp-content\/uploads\/Shipping-Container-Costs-from-US-Virgin-Islands-1024x539.png\" alt=\"Laevakonteinerite kulud USA Neitsisaartelt (St Croix)\" class=\"wp-image-5559\" srcset=\"https:\/\/moverdb.com\/wp-content\/uploads\/Shipping-Container-Costs-from-US-Virgin-Islands-1024x539.png 1024w, https:\/\/moverdb.com\/wp-content\/uploads\/Shipping-Container-Costs-from-US-Virgin-Islands-300x158.png 300w, https:\/\/moverdb.com\/wp-content\/uploads\/Shipping-Container-Costs-from-US-Virgin-Islands-1536x809.png 1536w, https:\/\/moverdb.com\/wp-content\/uploads\/Shipping-Container-Costs-from-US-Virgin-Islands-18x9.png 18w, https:\/\/moverdb.com\/wp-content\/uploads\/Shipping-Container-Costs-from-US-Virgin-Islands-600x316.png 600w, https:\/\/moverdb.com\/wp-content\/uploads\/Shipping-Container-Costs-from-US-Virgin-Islands.png 2000w\" sizes=\"auto, (max-width: 1024px) 100vw, 1024px\" \/><\/figure>\n<\/div>\n\n\n<table id=\"tablepress-232\" class=\"tablepress tablepress-id-232\">\n<thead>\n<tr class=\"row-1\">\n\t<th class=\"column-1\">Sihtriik (sadam\/linn)<\/th><th class=\"column-2\">20FT<\/th><th class=\"column-3\">40FT<\/th>\n<\/tr>\n<\/thead>\n<tbody class=\"row-striping row-hover\">\n<tr class=\"row-2\">\n\t<td class=\"column-1\">Andorra (Andorra la Vella)<\/td><td class=\"column-2\">EI KOHALDATA<\/td><td class=\"column-3\">$355<\/td>\n<\/tr>\n<tr class=\"row-3\">\n\t<td class=\"column-1\"><a href=\"https:\/\/moverdb.com\/et\/container-shipping\/antigua-and-barbuda\/\" data-internallinksmanager029f6b8e52c=\"92\" title=\"2023 Mereveo konteinerite veohinnad Antigua ja Barbudalt ja tagasi\">Antigua ja Barbuda (St John's)<\/a><\/td><td class=\"column-2\">$600<\/td><td class=\"column-3\">$801<\/td>\n<\/tr>\n<tr class=\"row-4\">\n\t<td class=\"column-1\">Austraalia (Sydney)<\/td><td class=\"column-2\">EI KOHALDATA<\/td><td class=\"column-3\">$2,845<\/td>\n<\/tr>\n<tr class=\"row-5\">\n\t<td class=\"column-1\">Belize (Belize City)<\/td><td class=\"column-2\">$1,573<\/td><td class=\"column-3\">$2,993<\/td>\n<\/tr>\n<tr class=\"row-6\">\n\t<td class=\"column-1\">Kanada (Toronto)<\/td><td class=\"column-2\">$1,903<\/td><td class=\"column-3\">$2,468<\/td>\n<\/tr>\n<tr class=\"row-7\">\n\t<td class=\"column-1\">Hiina (Shanghai)<\/td><td class=\"column-2\">$1,012<\/td><td class=\"column-3\">$1,344<\/td>\n<\/tr>\n<tr class=\"row-8\">\n\t<td class=\"column-1\">Colombia (Barranquilla)<\/td><td class=\"column-2\">$781<\/td><td class=\"column-3\">$1,155<\/td>\n<\/tr>\n<tr class=\"row-9\">\n\t<td class=\"column-1\">Dominikaani Vabariik (Santo Domingo)<\/td><td class=\"column-2\">$891<\/td><td class=\"column-3\">$1,176<\/td>\n<\/tr>\n<tr class=\"row-10\">\n\t<td class=\"column-1\"><a href=\"https:\/\/moverdb.com\/et\/container-shipping\/estonia\/\" data-internallinksmanager029f6b8e52c=\"114\" title=\"2023 Mereveo konteinerite veohinnad Eestisse ja Eestist\">Eesti (Tallinn)<\/a><\/td><td class=\"column-2\">$1,727<\/td><td class=\"column-3\">$2,300<\/td>\n<\/tr>\n<tr class=\"row-11\">\n\t<td class=\"column-1\"><a href=\"https:\/\/moverdb.com\/et\/container-shipping\/finland\/\" data-internallinksmanager029f6b8e52c=\"115\" title=\"2023 Mereveo konteinerite veohinnad Soome ja Soomest\">Soome (Helsingi)<\/a><\/td><td class=\"column-2\">$1,727<\/td><td class=\"column-3\">$2,300<\/td>\n<\/tr>\n<tr class=\"row-12\">\n\t<td class=\"column-1\">Haiti (Port-au-Prince)<\/td><td class=\"column-2\">$891<\/td><td class=\"column-3\">$1,176<\/td>\n<\/tr>\n<tr class=\"row-13\">\n\t<td class=\"column-1\">India (Mumbai)<\/td><td class=\"column-2\">$1,587<\/td><td class=\"column-3\">$1,910<\/td>\n<\/tr>\n<tr class=\"row-14\">\n\t<td class=\"column-1\">L\u00e4ti (Riia)<\/td><td class=\"column-2\">$1,837<\/td><td class=\"column-3\">$2,582<\/td>\n<\/tr>\n<tr class=\"row-15\">\n\t<td class=\"column-1\">Leedu (Klaipeda)<\/td><td class=\"column-2\">$1,837<\/td><td class=\"column-3\">$2,582<\/td>\n<\/tr>\n<tr class=\"row-16\">\n\t<td class=\"column-1\">Luksemburg<\/td><td class=\"column-2\">$985<\/td><td class=\"column-3\">$1,313<\/td>\n<\/tr>\n<tr class=\"row-17\">\n\t<td class=\"column-1\">USA (New York)<\/td><td class=\"column-2\">$1,297<\/td><td class=\"column-3\">$1,383<\/td>\n<\/tr>\n<\/tbody>\n<\/table>\n<!-- #tablepress-232 from cache -->\n\n\n\n<h3 class=\"wp-block-heading\">M\u00e4rkused andmete kohta:<\/h3>\n\n\n\n<ul class=\"wp-block-list\">\n<li>K\u00f5ik $ arvud on v\u00e4ljendatud USA dollarites (USD);<\/li>\n\n\n\n<li>Hinnad on t\u00e4psed alates 2022. aasta algusest;<\/li>\n\n\n\n<li>Selles artiklis olevad kaardid on loodud kasutades <a href=\"https:\/\/www.mapchart.net\" target=\"_blank\" rel=\"noreferrer noopener\">https:\/\/www.mapchart.net<\/a>. Te v\u00f5ite neid kaarte vabalt jagada, kui te annate lingi, mis viitab tagasi <a href=\"https:\/\/moverdb.com\/et\/\" target=\"_blank\" rel=\"noreferrer noopener\">MoverDB<\/a>;<\/li>\n\n\n\n<li>\u00dclaltoodud m\u00e4\u00e4rad on ainult hinnangulised ja v\u00f5ivad olla muutunud alates k\u00e4esoleva artikli avaldamisest (aprill 2022). Need p\u00f5hinevad k\u00f5ige madalamal hinnangulisel m\u00e4\u00e4ral, mis on saadud kas <a href=\"https:\/\/www.searates.com\" target=\"_blank\" rel=\"noreferrer noopener\">https:\/\/www.searates.com<\/a> v\u00f5i <a href=\"https:\/\/www.gocomet.com\/freight-shipping-rates-index-calculator\" target=\"_blank\" rel=\"noreferrer noopener\">https:\/\/www.gocomet.com<\/a>;<\/li>\n\n\n\n<li>Selleks, et saada t\u00e4psem ettekujutus maksumusest, kasutage palun selle lehek\u00fclje \u00fclaosas olevat hinnapakkumise vormi;<\/li>\n\n\n\n<li>Palun vaadake ka meie juhendit <a href=\"https:\/\/moverdb.com\/et\/konteiner-laevandus\/\" target=\"_blank\" rel=\"noreferrer noopener\">rahvusvaheline konteinervedu<\/a>.<\/li>\n<\/ul>","protected":false},"excerpt":{"rendered":"<p>The US Virgin Islands are perfect for everyone who can afford to retreat to an exclusive getaway spot and live the dream island life. This tiny US territory in the Caribbean comprises 53 islands of which 4 are mainly inhabited (Saint Croix, Saint Thomas, Saint John, and Water island). This tiny paradise is a premium [&hellip;]<\/p>\n","protected":false},"author":2,"featured_media":5558,"parent":44,"menu_order":0,"comment_status":"closed","ping_status":"closed","template":"","meta":{"_genesis_hide_title":false,"_genesis_hide_breadcrumbs":false,"_genesis_hide_singular_image":false,"_genesis_hide_footer_widgets":false,"_genesis_custom_body_class":"","_genesis_custom_post_class":"","_genesis_layout":"","footnotes":""},"class_list":{"0":"post-5575","1":"page","2":"type-page","3":"status-publish","4":"has-post-thumbnail","6":"entry"},"_links":{"self":[{"href":"https:\/\/moverdb.com\/et\/wp-json\/wp\/v2\/pages\/5575","targetHints":{"allow":["GET"]}}],"collection":[{"href":"https:\/\/moverdb.com\/et\/wp-json\/wp\/v2\/pages"}],"about":[{"href":"https:\/\/moverdb.com\/et\/wp-json\/wp\/v2\/types\/page"}],"author":[{"embeddable":true,"href":"https:\/\/moverdb.com\/et\/wp-json\/wp\/v2\/users\/2"}],"replies":[{"embeddable":true,"href":"https:\/\/moverdb.com\/et\/wp-json\/wp\/v2\/comments?post=5575"}],"version-history":[{"count":1,"href":"https:\/\/moverdb.com\/et\/wp-json\/wp\/v2\/pages\/5575\/revisions"}],"predecessor-version":[{"id":5576,"href":"https:\/\/moverdb.com\/et\/wp-json\/wp\/v2\/pages\/5575\/revisions\/5576"}],"up":[{"embeddable":true,"href":"https:\/\/moverdb.com\/et\/wp-json\/wp\/v2\/pages\/44"}],"wp:featuredmedia":[{"embeddable":true,"href":"https:\/\/moverdb.com\/et\/wp-json\/wp\/v2\/media\/5558"}],"wp:attachment":[{"href":"https:\/\/moverdb.com\/et\/wp-json\/wp\/v2\/media?parent=5575"}],"curies":[{"name":"wp","href":"https:\/\/api.w.org\/{rel}","templated":true}]}}