{"id":5527,"date":"2023-02-01T13:45:10","date_gmt":"2023-02-01T13:45:10","guid":{"rendered":"https:\/\/moverdb.com\/?page_id=5527"},"modified":"2026-01-08T15:29:15","modified_gmt":"2026-01-08T15:29:15","slug":"chile-moving-companies","status":"publish","type":"page","link":"https:\/\/moverdb.com\/et\/moving-companies\/chile-moving-companies\/","title":{"rendered":"6 parimat rahvusvahelist kolimisfirmat T\u0161iilis"},"content":{"rendered":"<p>Kolimine v\u00f5ib olla kiire ja stressirohke aeg, eriti kui te kolidate kaugele v\u00f5i teise riiki. See on koht, kus <a href=\"https:\/\/moverdb.com\/et\/moving-companies\/\" data-internallinksmanager029f6b8e52c=\"79\" title=\"Top 25 rahvusvahelist kolimisfirmat Internetis\">kolimisfirma<\/a> v\u00f5ib aidata v\u00e4hendada teie stressi, v\u00f5ttes osa t\u00f6\u00f6koormusest \u00e4ra. Allpool oleme koostanud nimekirja T\u0161iili <a href=\"https:\/\/moverdb.com\/et\/international-removals\/\" data-internallinksmanager029f6b8e52c=\"27\" title=\"36 Parimad rahvusvahelised kolimisfirmad \u00dchendkuningriigis\">kolimisfirmad<\/a> mis on liikmed <a href=\"https:\/\/moverdb.com\/et\/iam\/\" data-internallinksmanager029f6b8e52c=\"23\" title=\"Rahvusvaheline kolijate assotsiatsioon (IAM) Selgitatud\">Rahvusvaheline kolijate assotsiatsioon<\/a> (IAM) ja\/v\u00f5i <a href=\"https:\/\/moverdb.com\/et\/fidi-faim\/\" data-internallinksmanager029f6b8e52c=\"16\" title=\"FIDI &amp; FAIM (FIDI akrediteeritud rahvusvaheline kolija) selgitatud\">FIDI<\/a> Akrediteeritud rahvusvaheline kolija (FAIM), kes v\u00f5iks teid teie kolimisel aidata.<\/p>\n<div id=\"ez-toc-container\" class=\"ez-toc-v2_0_82_2 ez-toc-wrap-left counter-hierarchy ez-toc-counter ez-toc-transparent ez-toc-container-direction\">\n<div class=\"ez-toc-title-container\">\n<p class=\"ez-toc-title\" style=\"cursor:inherit\">Jaotised<\/p>\n<span class=\"ez-toc-title-toggle\"><a href=\"#\" class=\"ez-toc-pull-right ez-toc-btn ez-toc-btn-xs ez-toc-btn-default ez-toc-toggle\" aria-label=\"Sisukorra vaheldumine\"><span class=\"ez-toc-js-icon-con\"><span class=\"\"><span class=\"eztoc-hide\" style=\"display:none;\">Toggle<\/span><span class=\"ez-toc-icon-toggle-span\"><svg style=\"fill: #999;color:#999\" xmlns=\"http:\/\/www.w3.org\/2000\/svg\" class=\"list-377408\" width=\"20px\" height=\"20px\" viewbox=\"0 0 24 24\" fill=\"none\"><path d=\"M6 6H4v2h2V6zm14 0H8v2h12V6zM4 11h2v2H4v-2zm16 0H8v2h12v-2zM4 16h2v2H4v-2zm16 0H8v2h12v-2z\" fill=\"currentColor\"><\/path><\/svg><svg style=\"fill: #999;color:#999\" class=\"arrow-unsorted-368013\" xmlns=\"http:\/\/www.w3.org\/2000\/svg\" width=\"10px\" height=\"10px\" viewbox=\"0 0 24 24\" version=\"1.2\" baseprofile=\"tiny\"><path d=\"M18.2 9.3l-6.2-6.3-6.2 6.3c-.2.2-.3.4-.3.7s.1.5.3.7c.2.2.4.3.7.3h11c.3 0 .5-.1.7-.3.2-.2.3-.5.3-.7s-.1-.5-.3-.7zM5.8 14.7l6.2 6.3 6.2-6.3c.2-.2.3-.5.3-.7s-.1-.5-.3-.7c-.2-.2-.4-.3-.7-.3h-11c-.3 0-.5.1-.7.3-.2.2-.3.5-.3.7s.1.5.3.7z\"\/><\/svg><\/span><\/span><\/span><\/a><\/span><\/div>\n<nav><ul class='ez-toc-list ez-toc-list-level-1 eztoc-toggle-hide-by-default' ><li class='ez-toc-page-1 ez-toc-heading-level-2'><a class=\"ez-toc-link ez-toc-heading-1\" href=\"https:\/\/moverdb.com\/et\/moving-companies\/chile-moving-companies\/#1_Unipack\" >1. Unipack<\/a><\/li><li class='ez-toc-page-1 ez-toc-heading-level-2'><a class=\"ez-toc-link ez-toc-heading-2\" href=\"https:\/\/moverdb.com\/et\/moving-companies\/chile-moving-companies\/#2_Atlas_International_Movers\" >2. Atlas International Movers<\/a><\/li><li class='ez-toc-page-1 ez-toc-heading-level-2'><a class=\"ez-toc-link ez-toc-heading-3\" href=\"https:\/\/moverdb.com\/et\/moving-companies\/chile-moving-companies\/#3_Decapack\" >3. Decapack<\/a><\/li><li class='ez-toc-page-1 ez-toc-heading-level-2'><a class=\"ez-toc-link ez-toc-heading-4\" href=\"https:\/\/moverdb.com\/et\/moving-companies\/chile-moving-companies\/#4_Global_Alliance_International\" >4. Global Alliance International<\/a><\/li><li class='ez-toc-page-1 ez-toc-heading-level-2'><a class=\"ez-toc-link ez-toc-heading-5\" href=\"https:\/\/moverdb.com\/et\/moving-companies\/chile-moving-companies\/#5_REMSSA\" >5. REMSSA<\/a><\/li><li class='ez-toc-page-1 ez-toc-heading-level-2'><a class=\"ez-toc-link ez-toc-heading-6\" href=\"https:\/\/moverdb.com\/et\/moving-companies\/chile-moving-companies\/#6_Ward_Van_Lines\" >6. Ward Van Lines<\/a><\/li><li class='ez-toc-page-1 ez-toc-heading-level-2'><a class=\"ez-toc-link ez-toc-heading-7\" href=\"https:\/\/moverdb.com\/et\/moving-companies\/chile-moving-companies\/#Other_Useful_Guides_to_Chile\" >Muud kasulikud teejuhid T\u0161iili kohta<\/a><\/li><\/ul><\/nav><\/div>\n<h2><span class=\"ez-toc-section\" id=\"1_Unipack\"><\/span><strong>1. Unipack<\/strong><span class=\"ez-toc-section-end\"><\/span><\/h2>\n<p><img loading=\"lazy\" decoding=\"async\" class=\"alignnone size-full wp-image-5496\" src=\"https:\/\/moverdb.com\/wp-content\/uploads\/Unipack-international-moving-company.png\" alt=\"Unipack rahvusvaheline kolimisfirma\" width=\"1440\" height=\"683\" data-wp-pid=\"5496\" srcset=\"https:\/\/moverdb.com\/wp-content\/uploads\/Unipack-international-moving-company.png 1440w, https:\/\/moverdb.com\/wp-content\/uploads\/Unipack-international-moving-company-300x142.png 300w, https:\/\/moverdb.com\/wp-content\/uploads\/Unipack-international-moving-company-1024x486.png 1024w, https:\/\/moverdb.com\/wp-content\/uploads\/Unipack-international-moving-company-18x9.png 18w, https:\/\/moverdb.com\/wp-content\/uploads\/Unipack-international-moving-company-600x285.png 600w\" sizes=\"auto, (max-width: 1440px) 100vw, 1440px\" \/><\/p>\n<ul>\n<li>Riiklikud liikumised<\/li>\n<li>Rahvusvahelised liikumised<\/li>\n<li>Kodumajapidamiste kolimised<\/li>\n<li>Kodune kontroll<\/li>\n<li>Pakkimis- ja lahtipakkimisteenus<\/li>\n<li>M\u00f6\u00f6bli lahtiv\u00f5tmine ja kokkupanek<\/li>\n<li>Maismaa-, mere- ja \u00f5hutransport<\/li>\n<li>Dokumentatsiooni tugi<\/li>\n<li>Lemmikloomade transport<\/li>\n<li>L\u00fchiajaline kuni pikaajaline ladustamine<\/li>\n<\/ul>\n<p>Unipack on riiklik ja rahvusvaheline kolimisteenus, mis asutati 1993. aastal Santiagos. Neil on esindajate v\u00f5rgustik kogu maailmas, kes abistavad neid rahvusvaheliste kolimistega \u00fcle 5 kontinendi. Nad on IAMi liige 29-aastase tegevusaastaga ja FIDI poolt akrediteeritud.<\/p>\n<p>Unipack kasutab uusimaid pakkimis- ja transporditehnikaid ning materjale, et pakkuda oma klientidele turvalisi kolimisi. Nende protsess algab koduse kontrolliga ja dokumentide arutamisega. Nad pakivad, v\u00f5tavad teie m\u00f6\u00f6bli lahti ja korraldavad transpordi maantee-, \u00f5hu- ja meretranspordi, seej\u00e4rel pakivad teie m\u00f6\u00f6bli sihtkohas lahti ja panevad selle kokku. Nad toetavad teid dokumentide, sealhulgas tollivormistuse osas.<\/p>\n<p>Veebileht: <a href=\"http:\/\/www.unipack.cl\" target=\"_blank\" rel=\"noopener\">http:\/\/www.unipack.cl<\/a><\/p>\n<h2><span class=\"ez-toc-section\" id=\"2_Atlas_International_Movers\"><\/span><strong>2. Atlas International Movers<\/strong><span class=\"ez-toc-section-end\"><\/span><\/h2>\n<p><img loading=\"lazy\" decoding=\"async\" class=\"alignnone size-full wp-image-5415\" src=\"https:\/\/moverdb.com\/wp-content\/uploads\/Atlas-International-Movers-moving-company.png\" alt=\"Atlas International Movers kolimisfirma\" width=\"1440\" height=\"682\" data-wp-pid=\"5415\" srcset=\"https:\/\/moverdb.com\/wp-content\/uploads\/Atlas-International-Movers-moving-company.png 1440w, https:\/\/moverdb.com\/wp-content\/uploads\/Atlas-International-Movers-moving-company-300x142.png 300w, https:\/\/moverdb.com\/wp-content\/uploads\/Atlas-International-Movers-moving-company-1024x485.png 1024w, https:\/\/moverdb.com\/wp-content\/uploads\/Atlas-International-Movers-moving-company-18x9.png 18w, https:\/\/moverdb.com\/wp-content\/uploads\/Atlas-International-Movers-moving-company-600x284.png 600w\" sizes=\"auto, (max-width: 1440px) 100vw, 1440px\" \/><\/p>\n<ul>\n<li>Riiklikud liikumised<\/li>\n<li>Rahvusvahelised liikumised<\/li>\n<li>Kodumajapidamiste kolimised<\/li>\n<li>Kontori kolimised<\/li>\n<li>Ukselt-uksele teenus<\/li>\n<li>Kvaliteetne pakkimisteenus<\/li>\n<li>Maismaa-, mere- ja \u00f5huvedu<\/li>\n<li>Kunstiteoste vedu<\/li>\n<li>Autotransport<\/li>\n<li>L\u00fchi- ja pikaajalised ladustamisv\u00f5imalused<\/li>\n<\/ul>\n<p>Atlas International Moversil on \u00fcle 25 aasta kogemust kodude ja kontorite kolimisel. <a href=\"https:\/\/moverdb.com\/et\/moving-to-chile\/\" data-internallinksmanager029f6b8e52c=\"426\" title=\"Kolimine T\u0161iili? 2023 elamiskulud ja kolimisn\u00f5uanded\">T\u0161iili<\/a> ja T\u0161iili v\u00f5i T\u0161iilist. Nad teevad koost\u00f6\u00f6d usaldusv\u00e4\u00e4rsete kolimisagentide v\u00f5rgustikuga \u00fcle maailma, et viia l\u00f5pule rahvusvahelised kolimised. Nad on IAMi liige, kellel on 16-aastane kogemus.<\/p>\n<p>Atlas International Movers pakub teie vajaduste hindamiseks koduk\u00fclastust ning juhendab teid protsessi ja dokumentide koostamisel. Nad pakuvad koolitatud t\u00f6\u00f6tajaid, kes pakivad teie esemed kvaliteetselt, et kaitsta neid maismaa-, mere- v\u00f5i \u00f5hutranspordi ajal. Nad abistavad teid impordi- ja ekspordidokumentidega.<\/p>\n<p>Veebileht: <a href=\"http:\/\/www.atlasinternationalchile.cl\" target=\"_blank\" rel=\"noopener\">http:\/\/www.atlasinternationalchile.cl<\/a><\/p>\n<h2><span class=\"ez-toc-section\" id=\"3_Decapack\"><\/span><strong>3. Decapack<\/strong><span class=\"ez-toc-section-end\"><\/span><\/h2>\n<p><img loading=\"lazy\" decoding=\"async\" class=\"alignnone size-full wp-image-5430\" src=\"https:\/\/moverdb.com\/wp-content\/uploads\/Decapack-international-moving-company.png\" alt=\"Decapack rahvusvaheline kolimisfirma\" width=\"1440\" height=\"680\" data-wp-pid=\"5430\" srcset=\"https:\/\/moverdb.com\/wp-content\/uploads\/Decapack-international-moving-company.png 1440w, https:\/\/moverdb.com\/wp-content\/uploads\/Decapack-international-moving-company-300x142.png 300w, https:\/\/moverdb.com\/wp-content\/uploads\/Decapack-international-moving-company-1024x484.png 1024w, https:\/\/moverdb.com\/wp-content\/uploads\/Decapack-international-moving-company-18x9.png 18w, https:\/\/moverdb.com\/wp-content\/uploads\/Decapack-international-moving-company-600x283.png 600w\" sizes=\"auto, (max-width: 1440px) 100vw, 1440px\" \/><\/p>\n<ul>\n<li>Riiklikud liikumised<\/li>\n<li>Rahvusvahelised liikumised<\/li>\n<li>Elamu kolimine<\/li>\n<li>Kontori kolimised<\/li>\n<li>\u00dcmberpaigutamise teenus<\/li>\n<li>Ukselt-uksele teenus<\/li>\n<li>Pakkimisteenus<\/li>\n<li>Kindlustus<\/li>\n<li>Kunstiteoste eriteenus<\/li>\n<li>L\u00fchiajaline kuni pikaajaline ladustamine<\/li>\n<\/ul>\n<p>Decapack on 1942. aastal asutatud Santiago's asuv v\u00e4ljar\u00e4nnanud ja rahvusvaheline kolimisfirma. Nad on esindatud San Antonios ja Valparaisos. <a href=\"https:\/\/moverdb.com\/et\/top-49-container-ports\/\" data-internallinksmanager029f6b8e52c=\"80\" title=\"Top 49 suurimat ja tihedaima liiklusega konteinersadamat 2025. aastal\">sadamad<\/a> ja Santiago rahvusvaheline lennujaam. Nad on IAMi liige, kellel on 52 aastat teenistust ja kes on akrediteeritud FIDI poolt.<\/p>\n<p>Decapack pakub ukselt-uksele teenust, mis algab hinnangulise visiidi korraldamisega isiklikult v\u00f5i virtuaalselt, et hinnata teie vajadusi. Nad pakuvad personaalset n\u00f5ustamist m\u00e4\u00e4ratud koordinaatorilt, kes abistab teid paberimajanduse ja dokumentidega. Nad pakuvad pakkimisteenust, et kaitsta teie asju ja kindlustust ootamatuste vastu.<\/p>\n<p>Veebileht: <a href=\"http:\/\/www.decapack.com\" target=\"_blank\" rel=\"noopener\">http:\/\/www.decapack.com<\/a><\/p>\n<h2><span class=\"ez-toc-section\" id=\"4_Global_Alliance_International\"><\/span><strong>4. Global Alliance International<\/strong><span class=\"ez-toc-section-end\"><\/span><\/h2>\n<p><img loading=\"lazy\" decoding=\"async\" class=\"alignnone size-full wp-image-5441\" src=\"https:\/\/moverdb.com\/wp-content\/uploads\/Global-Alliance-International-moving-company.png\" alt=\"Global Alliance Rahvusvaheline kolimisfirma\" width=\"1440\" height=\"677\" data-wp-pid=\"5441\" srcset=\"https:\/\/moverdb.com\/wp-content\/uploads\/Global-Alliance-International-moving-company.png 1440w, https:\/\/moverdb.com\/wp-content\/uploads\/Global-Alliance-International-moving-company-300x141.png 300w, https:\/\/moverdb.com\/wp-content\/uploads\/Global-Alliance-International-moving-company-1024x481.png 1024w, https:\/\/moverdb.com\/wp-content\/uploads\/Global-Alliance-International-moving-company-18x8.png 18w, https:\/\/moverdb.com\/wp-content\/uploads\/Global-Alliance-International-moving-company-600x282.png 600w\" sizes=\"auto, (max-width: 1440px) 100vw, 1440px\" \/><\/p>\n<ul>\n<li>Riiklikud liikumised<\/li>\n<li>Rahvusvahelised liikumised<\/li>\n<li>Elamu kolimine<\/li>\n<li>Ettev\u00f5tte liikumised<\/li>\n<li>K\u00f5rge kvalifikatsiooniga t\u00f6\u00f6tajad<\/li>\n<li>T\u00e4ielik pakkimisteenus<\/li>\n<li>Maismaa-, mere- ja \u00f5hutransport<\/li>\n<li>Tollitoetus<\/li>\n<li>Lemmikloomade transport<\/li>\n<li>Ajutised ja alalised ladustamislahendused<\/li>\n<\/ul>\n<p>Global Alliance International on T\u0161iili kolimisfirma, mis asutati 1995. aastal ja on Express Movers Transportes'i t\u00fctarettev\u00f5te. Nad teevad koost\u00f6\u00f6d sihtkoha kolimisagentidega, et viia l\u00f5pule rahvusvahelised kolimised. Nad on IAMi liige, kellel on 16-aastane tegevusperiood.<\/p>\n<p>Global Alliance International pakub pakkimismeeskonda, kes demonteerib ja pakib k\u00f5ik teie asjad, kasutades nende kaitsmiseks k\u00f5ige sobivamaid pakkematerjale ja spetsiaalseid kastid. Nad pakuvad ka inventuuri, m\u00e4rgistatud kastid ja konteinerid maismaa-, \u00f5hu- v\u00f5i meretranspordi jaoks ning abistavad teid tollidokumentidega. Nad pakuvad ka ajutisi ja alalisi ladustamislahendusi.<\/p>\n<p>Veebileht: <a href=\"http:\/\/www.globalalliancechile.com\" target=\"_blank\" rel=\"noopener\">http:\/\/www.globalalliancechile.com<\/a><\/p>\n<h2><span class=\"ez-toc-section\" id=\"5_REMSSA\"><\/span><strong>5. REMSSA<\/strong><span class=\"ez-toc-section-end\"><\/span><\/h2>\n<p><img loading=\"lazy\" decoding=\"async\" class=\"alignnone size-full wp-image-5482\" src=\"https:\/\/moverdb.com\/wp-content\/uploads\/REMSSA-international-moving-company.png\" alt=\"REMSSA rahvusvaheline kolimisfirma\" width=\"1440\" height=\"683\" data-wp-pid=\"5482\" srcset=\"https:\/\/moverdb.com\/wp-content\/uploads\/REMSSA-international-moving-company.png 1440w, https:\/\/moverdb.com\/wp-content\/uploads\/REMSSA-international-moving-company-300x142.png 300w, https:\/\/moverdb.com\/wp-content\/uploads\/REMSSA-international-moving-company-1024x486.png 1024w, https:\/\/moverdb.com\/wp-content\/uploads\/REMSSA-international-moving-company-18x9.png 18w, https:\/\/moverdb.com\/wp-content\/uploads\/REMSSA-international-moving-company-600x285.png 600w\" sizes=\"auto, (max-width: 1440px) 100vw, 1440px\" \/><\/p>\n<ul>\n<li>Riiklikud liikumised<\/li>\n<li>Rahvusvahelised liikumised<\/li>\n<li>Elamu kolimine<\/li>\n<li>Kontori kolimised<\/li>\n<li>\u00dcmberpaigutamine<\/li>\n<li>Ukselt-uksele teenus<\/li>\n<li>Pakkimisteenus<\/li>\n<li>Kunstiteoste transport<\/li>\n<li>Lemmikloomade transport<\/li>\n<li>Turvalised ladustamisv\u00f5imalused<\/li>\n<\/ul>\n<p>REMSSA on 2000. aastal asutatud Santiagos asuv kolimisfirma, millel on filiaalid kogu T\u0161iili lennujaamades ja sadamates. Nad pakuvad riigisiseseid ja rahvusvahelisi kolimisteenuseid kodumajapidamistele ja \u00e4riklientidele. Nad on IAMi liige 22-aastase tegutsemisaja jooksul.<\/p>\n<p>REMSSA pakub individuaalset kolimisteenust, mis tagab teie kolimise v\u00f5i \u00fcmberpaigutamise ukselt-uksele toimetamise. Nad pakuvad pakkimis-, laadimis- ja lahtipakkimisteenust koos t\u00f6\u00f6stusliku kaubapakendiga, et kaitsta seda transpordil. Samuti pakuvad nad sisser\u00e4nde toetamise, kunstiteoste transportimise, lemmikloomade veo ja vajaduse korral turvalise ladustamise eriteenuseid.<\/p>\n<p>Veebileht: <a href=\"http:\/\/www.remssa.cl\" target=\"_blank\" rel=\"noopener\">http:\/\/www.remssa.cl<\/a><\/p>\n<h2><span class=\"ez-toc-section\" id=\"6_Ward_Van_Lines\"><\/span><strong>6. Ward Van Lines<\/strong><span class=\"ez-toc-section-end\"><\/span><\/h2>\n<p><img loading=\"lazy\" decoding=\"async\" class=\"alignnone size-full wp-image-5499\" src=\"https:\/\/moverdb.com\/wp-content\/uploads\/Ward-Van-Lines-international-moving-company.png\" alt=\"Ward Van Lines rahvusvaheline kolimisfirma\" width=\"1440\" height=\"680\" data-wp-pid=\"5499\" srcset=\"https:\/\/moverdb.com\/wp-content\/uploads\/Ward-Van-Lines-international-moving-company.png 1440w, https:\/\/moverdb.com\/wp-content\/uploads\/Ward-Van-Lines-international-moving-company-300x142.png 300w, https:\/\/moverdb.com\/wp-content\/uploads\/Ward-Van-Lines-international-moving-company-1024x484.png 1024w, https:\/\/moverdb.com\/wp-content\/uploads\/Ward-Van-Lines-international-moving-company-18x9.png 18w, https:\/\/moverdb.com\/wp-content\/uploads\/Ward-Van-Lines-international-moving-company-600x283.png 600w\" sizes=\"auto, (max-width: 1440px) 100vw, 1440px\" \/><\/p>\n<ul>\n<li>Riiklikud liikumised<\/li>\n<li>Rahvusvahelised liikumised<\/li>\n<li>Isikup\u00e4rastatud teenus<\/li>\n<li>Pakendite teenus, milles kasutatakse esmaklassilisi materjale<\/li>\n<li>M\u00f6\u00f6bli lahtiv\u00f5tmine ja kokkupanek<\/li>\n<li>Esemete m\u00e4rgistamine pidevaks j\u00e4lgimiseks<\/li>\n<li>J\u00e4lgige oma liikumist GPS j\u00e4lgimise abil<\/li>\n<li>Ekspordidokumendid, sealhulgas tollivormistus<\/li>\n<li>Kindlustus<\/li>\n<li>Turvalised ladustamisv\u00f5imalused<\/li>\n<\/ul>\n<p>Ward Van Lines on 1969. aastal asutatud rahvusvaheline ja \u00fcleriigiline kolimisfirma. Nende peakontor asub Santiagos ja neil on kontorid k\u00f5ige olulisemates sadamates, sealhulgas Valparaisos ja San Antonios. Nad on IAMi liige 53-aastase tegutsemisaastaga ja on FIDI poolt akrediteeritud.<\/p>\n<p>Ward Van Lines pakub personaalset ukselt-uksele teenust, mis kasutab esmaklassilisi materjale teie asjade turvaliseks pakkimiseks ja kasutab hapraste esemete puhul puukaste. Nad koostavad inventuuri ja m\u00e4rgistavad k\u00f5ik teie esemed unikaalsete v\u00f6\u00f6tkoodidega, et teie asjad oleksid identifitseeritavad. Nende veoautodel on GPS-j\u00e4lgimine, mis v\u00f5imaldab teil oma asju 24\/7 j\u00e4lgida.<\/p>\n<p>Veebileht: <a href=\"http:\/\/www.wardvanlines.com\" target=\"_blank\" rel=\"noopener\">http:\/\/www.wardvanlines.com<\/a><\/p>\n<h2><span class=\"ez-toc-section\" id=\"Other_Useful_Guides_to_Chile\"><\/span>Muud kasulikud teejuhid T\u0161iili kohta<span class=\"ez-toc-section-end\"><\/span><\/h2>\n<ul>\n<li> <a href=\"https:\/\/moverdb.com\/et\/konteiner-laevandus\/chile\/\">2024 Mereveo konteinerite veohinnad T\u0161iili ja T\u0161iilist<\/a><\/li>\n<li> <a href=\"https:\/\/moverdb.com\/et\/moving-to-chile\/\">Kolimine T\u0161iili? 2023 elamiskulud ja kolimisn\u00f5uanded<\/a><\/li>\n<li> <a href=\"https:\/\/moverdb.com\/et\/moving-to-chile\/best-places-to-live-chile\/\">12 parimat elukohta T\u0161iilis<\/a><\/li>\n<\/ul>","protected":false},"excerpt":{"rendered":"<p>Moving can be a busy and stressful time especially in you are moving long distance or to another country. This is where a moving company can help reduce your stress by taking away some of the workload. Below we have compiled a list of Chilean removal companies that are members of the International Association of [&hellip;]<\/p>\n","protected":false},"author":4,"featured_media":0,"parent":190,"menu_order":0,"comment_status":"closed","ping_status":"closed","template":"","meta":{"_genesis_hide_title":false,"_genesis_hide_breadcrumbs":false,"_genesis_hide_singular_image":false,"_genesis_hide_footer_widgets":false,"_genesis_custom_body_class":"","_genesis_custom_post_class":"","_genesis_layout":"","footnotes":""},"class_list":{"0":"post-5527","1":"page","2":"type-page","3":"status-publish","5":"entry","6":"has-post-thumbnail"},"_links":{"self":[{"href":"https:\/\/moverdb.com\/et\/wp-json\/wp\/v2\/pages\/5527","targetHints":{"allow":["GET"]}}],"collection":[{"href":"https:\/\/moverdb.com\/et\/wp-json\/wp\/v2\/pages"}],"about":[{"href":"https:\/\/moverdb.com\/et\/wp-json\/wp\/v2\/types\/page"}],"author":[{"embeddable":true,"href":"https:\/\/moverdb.com\/et\/wp-json\/wp\/v2\/users\/4"}],"replies":[{"embeddable":true,"href":"https:\/\/moverdb.com\/et\/wp-json\/wp\/v2\/comments?post=5527"}],"version-history":[{"count":4,"href":"https:\/\/moverdb.com\/et\/wp-json\/wp\/v2\/pages\/5527\/revisions"}],"predecessor-version":[{"id":16390,"href":"https:\/\/moverdb.com\/et\/wp-json\/wp\/v2\/pages\/5527\/revisions\/16390"}],"up":[{"embeddable":true,"href":"https:\/\/moverdb.com\/et\/wp-json\/wp\/v2\/pages\/190"}],"wp:attachment":[{"href":"https:\/\/moverdb.com\/et\/wp-json\/wp\/v2\/media?parent=5527"}],"curies":[{"name":"wp","href":"https:\/\/api.w.org\/{rel}","templated":true}]}}