{"id":5515,"date":"2023-02-01T13:53:52","date_gmt":"2023-02-01T13:53:52","guid":{"rendered":"https:\/\/moverdb.com\/?page_id=5515"},"modified":"2026-01-08T15:29:52","modified_gmt":"2026-01-08T15:29:52","slug":"cameroon-moving-companies","status":"publish","type":"page","link":"https:\/\/moverdb.com\/et\/moving-companies\/cameroon-moving-companies\/","title":{"rendered":"Parimad rahvusvahelised kolimisfirmad Kamerunis"},"content":{"rendered":"<p>Kas te liigute koju v\u00f5i oma ettev\u00f5ttesse? Siis v\u00f5ite vajada abi kolimise lihtsamaks muutmisel, eriti kui asute \u00fcmber teise riiki, nii et mainekas <a href=\"https:\/\/moverdb.com\/et\/moving-companies\/\" data-internallinksmanager029f6b8e52c=\"79\" title=\"Top 25 rahvusvahelist kolimisfirmat Internetis\">kolimisfirma<\/a> v\u00f5iks aidata. Allpool oleme koostanud nimekirja Kameruni <a href=\"https:\/\/moverdb.com\/et\/international-removals\/\" data-internallinksmanager029f6b8e52c=\"27\" title=\"36 Parimad rahvusvahelised kolimisfirmad \u00dchendkuningriigis\">kolimisfirmad<\/a> mis on liikmed <a href=\"https:\/\/moverdb.com\/et\/iam\/\" data-internallinksmanager029f6b8e52c=\"23\" title=\"Rahvusvaheline kolijate assotsiatsioon (IAM) Selgitatud\">Rahvusvaheline kolijate assotsiatsioon<\/a> (IAM), mis v\u00f5iks teid aidata.<\/p>\n<h2><strong>Liikumine \u00fcks<\/strong><\/h2>\n<p><img loading=\"lazy\" decoding=\"async\" class=\"alignnone size-full wp-image-5461\" src=\"https:\/\/moverdb.com\/wp-content\/uploads\/Move-One-international-moving-company.png\" alt=\"Move One rahvusvaheline kolimisfirma\" width=\"1440\" height=\"680\" data-wp-pid=\"5461\" srcset=\"https:\/\/moverdb.com\/wp-content\/uploads\/Move-One-international-moving-company.png 1440w, https:\/\/moverdb.com\/wp-content\/uploads\/Move-One-international-moving-company-300x142.png 300w, https:\/\/moverdb.com\/wp-content\/uploads\/Move-One-international-moving-company-1024x484.png 1024w, https:\/\/moverdb.com\/wp-content\/uploads\/Move-One-international-moving-company-18x9.png 18w, https:\/\/moverdb.com\/wp-content\/uploads\/Move-One-international-moving-company-600x283.png 600w\" sizes=\"auto, (max-width: 1440px) 100vw, 1440px\" \/><\/p>\n<ul>\n<li>Rahvusvahelised kolimised<\/li>\n<li>\u00dcmberpaigutused<\/li>\n<li>Kodumajapidamiste kolimised<\/li>\n<li>B\u00fcroo kolimine<\/li>\n<li>Professionaalsed t\u00f6\u00f6tajad toetavad teid<\/li>\n<li>Immigratsioonialane abi<\/li>\n<li>Lemmikloomade transport<\/li>\n<li>Abi sisseseadmisel<\/li>\n<li>Kodude ja koolide otsingud<\/li>\n<li>Ladustamislahendused<\/li>\n<\/ul>\n<p>Move One on rahvusvaheline kolimisfirma, millel on filiaalid Euroopas, Aafrikas ja L\u00e4his-Idas, sealhulgas Kamerunis. Nad on pakkunud logistika-, kolimis- ja \u00fclemaailmseid liikuvuslahendusi alates 1992. aastast. Neil on ka rahvusvaheline kolimisettev\u00f5tete v\u00f5rgustik, et aidata kliente rahvusvaheliselt. Kameruni filiaal on IAMi liige, kellel on 6-aastane tegevusperiood.<\/p>\n<p>Move One pakub professionaalset teenust koos k\u00f5rgelt koolitatud personaliga, et toetada teie kolimist v\u00f5i \u00fcmberpaigutamist. Nad toetavad teie kolimise k\u00f5iki aspekte, sealhulgas logistika korraldamist ja sisser\u00e4ndeabi, nagu teie lemmikloomade transportimine. Nende kolimisteenused h\u00f5lmavad ka abi sisseseadmisel, kodu ja koolide leidmisel.<\/p>\n<p>Veebileht: <a href=\"https:\/\/www.moveoneinc.com\/\" target=\"_blank\" rel=\"noopener\">https:\/\/www.moveoneinc.com\/<\/a><\/p>","protected":false},"excerpt":{"rendered":"<p>Are you moving home or your business? Then you may want help in making the move easier especially if you are relocating to another country, so a reputable moving company could help. Below we have compiled a list of Cameroon removal companies that are members of the International Association of Movers (IAM) that could help [&hellip;]<\/p>\n","protected":false},"author":4,"featured_media":0,"parent":190,"menu_order":0,"comment_status":"closed","ping_status":"closed","template":"","meta":{"_genesis_hide_title":false,"_genesis_hide_breadcrumbs":false,"_genesis_hide_singular_image":false,"_genesis_hide_footer_widgets":false,"_genesis_custom_body_class":"","_genesis_custom_post_class":"","_genesis_layout":"","footnotes":""},"class_list":{"0":"post-5515","1":"page","2":"type-page","3":"status-publish","5":"entry","6":"has-post-thumbnail"},"_links":{"self":[{"href":"https:\/\/moverdb.com\/et\/wp-json\/wp\/v2\/pages\/5515","targetHints":{"allow":["GET"]}}],"collection":[{"href":"https:\/\/moverdb.com\/et\/wp-json\/wp\/v2\/pages"}],"about":[{"href":"https:\/\/moverdb.com\/et\/wp-json\/wp\/v2\/types\/page"}],"author":[{"embeddable":true,"href":"https:\/\/moverdb.com\/et\/wp-json\/wp\/v2\/users\/4"}],"replies":[{"embeddable":true,"href":"https:\/\/moverdb.com\/et\/wp-json\/wp\/v2\/comments?post=5515"}],"version-history":[{"count":2,"href":"https:\/\/moverdb.com\/et\/wp-json\/wp\/v2\/pages\/5515\/revisions"}],"predecessor-version":[{"id":5517,"href":"https:\/\/moverdb.com\/et\/wp-json\/wp\/v2\/pages\/5515\/revisions\/5517"}],"up":[{"embeddable":true,"href":"https:\/\/moverdb.com\/et\/wp-json\/wp\/v2\/pages\/190"}],"wp:attachment":[{"href":"https:\/\/moverdb.com\/et\/wp-json\/wp\/v2\/media?parent=5515"}],"curies":[{"name":"wp","href":"https:\/\/api.w.org\/{rel}","templated":true}]}}