{"id":5510,"date":"2023-02-01T12:32:51","date_gmt":"2023-02-01T12:32:51","guid":{"rendered":"https:\/\/moverdb.com\/?page_id=5510"},"modified":"2026-01-08T15:23:39","modified_gmt":"2026-01-08T15:23:39","slug":"bulgaaria-kolimisfirmad","status":"publish","type":"page","link":"https:\/\/moverdb.com\/et\/moving-companies\/bulgaria-moving-companies\/","title":{"rendered":"2 parimat rahvusvahelist kolimisfirmat Bulgaarias"},"content":{"rendered":"<p>Kui olete kolimas koju v\u00f5i oma \u00e4ri <a href=\"https:\/\/moverdb.com\/et\/moving-to-bulgaria\/\" data-internallinksmanager029f6b8e52c=\"322\" title=\"Kolimine Bulgaariasse? 2023 elamiskulud ja kolimisn\u00f5uanded\">Bulgaaria<\/a>v\u00f5i Bulgaariasse v\u00f5i Bulgaariast, siis v\u00f5ib olla kasulik, et te v\u00f5taksite t\u00f6\u00f6le Bulgaaria advokaadi teenused. <a href=\"https:\/\/moverdb.com\/et\/moving-companies\/\" data-internallinksmanager029f6b8e52c=\"79\" title=\"Top 25 rahvusvahelist kolimisfirmat Internetis\">kolimisfirma<\/a> t\u00f6\u00f6koormuse v\u00e4hendamiseks. Allpool oleme koostanud nimekirja Bulgaaria <a href=\"https:\/\/moverdb.com\/et\/international-removals\/\" data-internallinksmanager029f6b8e52c=\"27\" title=\"36 Parimad rahvusvahelised kolimisfirmad \u00dchendkuningriigis\">kolimisfirmad<\/a> mis on liikmed <a href=\"https:\/\/moverdb.com\/et\/iam\/\" data-internallinksmanager029f6b8e52c=\"23\" title=\"Rahvusvaheline kolijate assotsiatsioon (IAM) Selgitatud\">Rahvusvaheline kolijate assotsiatsioon<\/a> (IAM) ja\/v\u00f5i <a href=\"https:\/\/moverdb.com\/et\/fidi-faim\/\" data-internallinksmanager029f6b8e52c=\"16\" title=\"FIDI &amp; FAIM (FIDI akrediteeritud rahvusvaheline kolija) selgitatud\">FIDI<\/a> akrediteeritud rahvusvaheline kolija (FAIM), kes v\u00f5iks teid aidata.<\/p>\n<h2><strong>1. Movega<\/strong><\/h2>\n<p><img loading=\"lazy\" decoding=\"async\" class=\"alignnone size-full wp-image-5463\" src=\"https:\/\/moverdb.com\/wp-content\/uploads\/Movega-international-moving-company.png\" alt=\"Movega rahvusvaheline kolimisfirma\" width=\"1440\" height=\"678\" data-wp-pid=\"5463\" srcset=\"https:\/\/moverdb.com\/wp-content\/uploads\/Movega-international-moving-company.png 1440w, https:\/\/moverdb.com\/wp-content\/uploads\/Movega-international-moving-company-300x141.png 300w, https:\/\/moverdb.com\/wp-content\/uploads\/Movega-international-moving-company-1024x482.png 1024w, https:\/\/moverdb.com\/wp-content\/uploads\/Movega-international-moving-company-18x8.png 18w, https:\/\/moverdb.com\/wp-content\/uploads\/Movega-international-moving-company-600x283.png 600w\" sizes=\"auto, (max-width: 1440px) 100vw, 1440px\" \/><\/p>\n<ul>\n<li>Riiklikud liikumised<\/li>\n<li>Euroopa kolimised<\/li>\n<li>Kodumajapidamiste kolimised<\/li>\n<li>Kontori \u00fcmberpaigutamine<\/li>\n<li>T\u00e4is- ja osalise koormusega teenused<\/li>\n<li>Soodustused mitme s\u00f5iduki broneerimisel<\/li>\n<li>Pakkimine ja lahtipakkimine<\/li>\n<li>Veebip\u00f5hine k\u00fcsitlusplatvorm teie vajaduste hindamiseks<\/li>\n<li>V\u00f5ib pakkuda v\u00e4list lifti<\/li>\n<li>Ladustamislahendused<\/li>\n<\/ul>\n<p>Movega on Varnas asuv kolimistega tegelev ettev\u00f5te, mis pakub kolimisteenuseid Bulgaarias ja Euroopas. Nad teevad koost\u00f6\u00f6d kolimispartneritega, et pakkuda oma teenuseid rahvusvaheliselt. Nad tegelevad kodumajapidamiste ja kontorite kolimistega ning on IAMi liige, kellel on 2 aastat kogemust.<\/p>\n<p>Movega pakub erinevaid kolimisteenuseid, mis v\u00f5imaldavad kasutada t\u00e4is- v\u00f5i osalist koormat v\u00f5i saada soodustusi mitme s\u00f5iduki puhul. Nad aitavad teil hinnata oma kolimisvajadusi, kasutades oma veebip\u00f5hist k\u00fcsitlusplatvormi. Nad pakuvad nii transporditeenuseid kui ka t\u00e4ielikku pakkimis- ja lahtipakkimisteenust. Neil on mitmekesine autopark, sealhulgas v\u00e4lislift, et saada suurt m\u00f6\u00f6blit l\u00e4bi akende ja r\u00f5dude.<\/p>\n<p>Veebileht: <a href=\"http:\/\/movega.co.uk\" target=\"_blank\" rel=\"noopener\">http:\/\/movega.co.uk<\/a><\/p>\n<h2><strong>2. Orbit<\/strong><\/h2>\n<p><img loading=\"lazy\" decoding=\"async\" class=\"alignnone size-full wp-image-5470\" src=\"https:\/\/moverdb.com\/wp-content\/uploads\/Orbit-international-moving-company.png\" alt=\"Orbit rahvusvaheline kolimisfirma\" width=\"1440\" height=\"684\" data-wp-pid=\"5470\" srcset=\"https:\/\/moverdb.com\/wp-content\/uploads\/Orbit-international-moving-company.png 1440w, https:\/\/moverdb.com\/wp-content\/uploads\/Orbit-international-moving-company-300x143.png 300w, https:\/\/moverdb.com\/wp-content\/uploads\/Orbit-international-moving-company-1024x486.png 1024w, https:\/\/moverdb.com\/wp-content\/uploads\/Orbit-international-moving-company-18x9.png 18w, https:\/\/moverdb.com\/wp-content\/uploads\/Orbit-international-moving-company-600x285.png 600w\" sizes=\"auto, (max-width: 1440px) 100vw, 1440px\" \/><\/p>\n<ul>\n<li>Riiklikud liikumised<\/li>\n<li>Rahvusvahelised liikumised<\/li>\n<li>Kodumajapidamiste kolimised<\/li>\n<li>Kaubanduslik logistika<\/li>\n<li>Personaalne l\u00e4henemine<\/li>\n<li>Maismaa-, mere- ja \u00f5hutransport<\/li>\n<li>Tolliasutus<\/li>\n<li>Pakkimine ja lahtipakkimine<\/li>\n<li>Kunsti transportimine<\/li>\n<li>Transpordi j\u00e4lgimine ja kindlustus<\/li>\n<\/ul>\n<p>Orbit on Sofias asuv ekspedeerimis- ja transpordiettev\u00f5te, mis on tegutsenud juba \u00fcle 25 aasta, aidates inimestel kolida Bulgaarias ja rahvusvaheliselt. Nad on osa Orphee Beinoglou grupist, millel on filiaalid \u00fcle Euroopa, kellega nad teevad koost\u00f6\u00f6d ja teiste kolimispartneritega, et pakkuda rahvusvahelisi kolimisi. Nad on IAMi liikmed, kes on 28 aastat tegutsenud ja FIDI poolt akrediteeritud.<\/p>\n<p>Orbit pakub personaalset teenust, mis h\u00f5lmab esialgset kontrolli, teie kolimise planeerimist maismaal, merel v\u00f5i \u00f5hus, teie asjade turvalist pakkimist ja lahtipakkimist ning tollivormistuse korraldamist. Nad pakuvad meelerahu, pakkudes teie asjadele transiidikindlustust ja teie saadetise j\u00e4lgimist.<\/p>\n<p>Veebileht: <a href=\"http:\/\/www.orbit.bg\" target=\"_blank\" rel=\"noopener\">http:\/\/www.orbit.bg<\/a><\/p>\n<h2>Muud kasulikud Bulgaaria reisijuhid<\/h2>\n<ul>\n<li> <a href=\"https:\/\/moverdb.com\/et\/moving-to-bulgaria\/\">Kolimine Bulgaariasse? 2023 elamiskulud ja kolimisn\u00f5uanded<\/a><\/li>\n<li> <a href=\"https:\/\/moverdb.com\/et\/moving-to-bulgaria\/best-places-to-live-bulgaria\/\">13 parimat kohta Bulgaarias elamiseks<\/a><\/li>\n<\/ul>","protected":false},"excerpt":{"rendered":"<p>If you are moving home or your business in Bulgaria, or moving to or from Bulgaria, then you may want to engage the services of a moving company to reduce the workload. Below we have compiled a list of Bulgarian removal companies that are members of the International Association of Movers (IAM) and\/or FIDI Accredited [&hellip;]<\/p>\n","protected":false},"author":4,"featured_media":0,"parent":190,"menu_order":0,"comment_status":"closed","ping_status":"closed","template":"","meta":{"_genesis_hide_title":false,"_genesis_hide_breadcrumbs":false,"_genesis_hide_singular_image":false,"_genesis_hide_footer_widgets":false,"_genesis_custom_body_class":"","_genesis_custom_post_class":"","_genesis_layout":"","footnotes":""},"class_list":{"0":"post-5510","1":"page","2":"type-page","3":"status-publish","5":"entry","6":"has-post-thumbnail"},"_links":{"self":[{"href":"https:\/\/moverdb.com\/et\/wp-json\/wp\/v2\/pages\/5510","targetHints":{"allow":["GET"]}}],"collection":[{"href":"https:\/\/moverdb.com\/et\/wp-json\/wp\/v2\/pages"}],"about":[{"href":"https:\/\/moverdb.com\/et\/wp-json\/wp\/v2\/types\/page"}],"author":[{"embeddable":true,"href":"https:\/\/moverdb.com\/et\/wp-json\/wp\/v2\/users\/4"}],"replies":[{"embeddable":true,"href":"https:\/\/moverdb.com\/et\/wp-json\/wp\/v2\/comments?post=5510"}],"version-history":[{"count":3,"href":"https:\/\/moverdb.com\/et\/wp-json\/wp\/v2\/pages\/5510\/revisions"}],"predecessor-version":[{"id":16292,"href":"https:\/\/moverdb.com\/et\/wp-json\/wp\/v2\/pages\/5510\/revisions\/16292"}],"up":[{"embeddable":true,"href":"https:\/\/moverdb.com\/et\/wp-json\/wp\/v2\/pages\/190"}],"wp:attachment":[{"href":"https:\/\/moverdb.com\/et\/wp-json\/wp\/v2\/media?parent=5510"}],"curies":[{"name":"wp","href":"https:\/\/api.w.org\/{rel}","templated":true}]}}