{"id":5242,"date":"2022-10-24T11:48:27","date_gmt":"2022-10-24T11:48:27","guid":{"rendered":"https:\/\/moverdb.com\/?page_id=5242"},"modified":"2026-01-08T15:29:48","modified_gmt":"2026-01-08T15:29:48","slug":"botswana","status":"publish","type":"page","link":"https:\/\/moverdb.com\/et\/moving-companies\/botswana-moving-companies\/","title":{"rendered":"Parimad rahvusvahelised kolimisfirmad Botswanas"},"content":{"rendered":"<p>Kas plaanite kolida Botswanas v\u00f5i Botswanasse v\u00f5i Botswanast v\u00e4lja? Olenemata sellest, kas olete kolimas oma kodu v\u00f5i ettev\u00f5tet, on oluline, et te v\u00f5taksite t\u00f6\u00f6le Botswana kolijateenused. <a href=\"https:\/\/moverdb.com\/et\/moving-companies\/\" data-internallinksmanager029f6b8e52c=\"79\" title=\"Top 25 rahvusvahelist kolimisfirmat Internetis\">kolimisfirma<\/a> aitab koormust kergendada. Teie abistamiseks oleme koostanud nimekirja Botswana <a href=\"https:\/\/moverdb.com\/et\/international-removals\/\" data-internallinksmanager029f6b8e52c=\"27\" title=\"36 Parimad rahvusvahelised kolimisfirmad \u00dchendkuningriigis\">kolimisfirmad<\/a> allj\u00e4rgnevalt, kes on liikmed <a href=\"https:\/\/moverdb.com\/et\/iam\/\" data-internallinksmanager029f6b8e52c=\"23\" title=\"Rahvusvaheline kolijate assotsiatsioon (IAM) Selgitatud\">Rahvusvaheline kolijate assotsiatsioon<\/a> (IAM) ja\/v\u00f5i <a href=\"https:\/\/moverdb.com\/et\/fidi-faim\/\" data-internallinksmanager029f6b8e52c=\"16\" title=\"FIDI &amp; FAIM (FIDI akrediteeritud rahvusvaheline kolija) selgitatud\">FIDI<\/a> Akrediteeritud rahvusvaheline kolija (FAIM).<\/p>\n<h2><strong>AGS Worldwide Movers<\/strong><\/h2>\n<p><em><img loading=\"lazy\" decoding=\"async\" class=\"alignnone size-full wp-image-5137\" src=\"https:\/\/moverdb.com\/wp-content\/uploads\/AGS-Wroldwide-Movers-international-moving-company.png\" alt=\"AGS Wroldwide Movers rahvusvaheline kolimisfirma\" width=\"1440\" height=\"680\" data-wp-pid=\"5137\" srcset=\"https:\/\/moverdb.com\/wp-content\/uploads\/AGS-Wroldwide-Movers-international-moving-company.png 1440w, https:\/\/moverdb.com\/wp-content\/uploads\/AGS-Wroldwide-Movers-international-moving-company-300x142.png 300w, https:\/\/moverdb.com\/wp-content\/uploads\/AGS-Wroldwide-Movers-international-moving-company-1024x484.png 1024w, https:\/\/moverdb.com\/wp-content\/uploads\/AGS-Wroldwide-Movers-international-moving-company-18x9.png 18w, https:\/\/moverdb.com\/wp-content\/uploads\/AGS-Wroldwide-Movers-international-moving-company-600x283.png 600w\" sizes=\"auto, (max-width: 1440px) 100vw, 1440px\" \/><\/em><\/p>\n<ul>\n<li>Kohalikud ja riiklikud liikumised<\/li>\n<li>Rahvusvahelised kolimised<\/li>\n<li>\u00c4ri\u00fchingute kolimised b\u00fcroode jaoks<\/li>\n<li>Kodumajapidamiste kolimine<\/li>\n<li>Kohandatud teenus<\/li>\n<li>Pakub ukselt-uksele teenust<\/li>\n<li>Koolitatud pakendajad, kes tegutsevad vastavalt rahvusvahelistele standarditele<\/li>\n<li>Kasutage uuenduslikke pakkematerjale<\/li>\n<li>S\u00f5iduki \u00fcmberpaigutamine<\/li>\n<li>Turvalised ladustamisv\u00f5imalused<\/li>\n<\/ul>\n<p>AGS Worldwide Movers on 1974. aastal asutatud rahvusvaheline ettev\u00f5te, millel on 146 tegevuskohta 97 riigis, sealhulgas Euroopas, Aasias ja Aafrikas, sealhulgas Botswanas. Neil on partnerite v\u00f5rgustik Ameerikas ja Okeaanias, et pakkuda teenuseid nendes riikides. Botswana filiaal on olnud 41 aastat IAMi liige ja on FIDI poolt akrediteeritud.<\/p>\n<p>AGS Worldwide Movers pakub kolimisteenuseid Botswanas ja kogu maailmas, kasutades tipptasemel tehnoloogiat, mis aitab pakkumisi, j\u00e4lgimist ja kohaletoimetamist. Nad kasutavad koolitatud pakendajaid, kes tegutsevad vastavalt rahvusvahelistele pakkimisstandarditele ja -tehnikatele ning kasutavad kvaliteetseid pakkematerjale. Nad pakuvad ka s\u00f5idukite \u00fcmberpaigutamise teenuseid ja turvalisi ladustamisv\u00f5imalusi.<\/p>\n<p>Veebileht: <a href=\"https:\/\/www.agsmovers.com\" target=\"_blank\" rel=\"noopener\">https:\/\/www.agsmovers.com<\/a><\/p>","protected":false},"excerpt":{"rendered":"<p>Are you planning a move within Botswana, or to or from Botswana? Whether you are moving your home or your business, engaging the services of a moving company can help lighten the load. To assist you we have compiled a list of Botswana removal companies below that are members of the International Association of Movers [&hellip;]<\/p>\n","protected":false},"author":4,"featured_media":0,"parent":190,"menu_order":0,"comment_status":"closed","ping_status":"closed","template":"","meta":{"_genesis_hide_title":false,"_genesis_hide_breadcrumbs":false,"_genesis_hide_singular_image":false,"_genesis_hide_footer_widgets":false,"_genesis_custom_body_class":"","_genesis_custom_post_class":"","_genesis_layout":"","footnotes":""},"class_list":{"0":"post-5242","1":"page","2":"type-page","3":"status-publish","5":"entry"},"_links":{"self":[{"href":"https:\/\/moverdb.com\/et\/wp-json\/wp\/v2\/pages\/5242","targetHints":{"allow":["GET"]}}],"collection":[{"href":"https:\/\/moverdb.com\/et\/wp-json\/wp\/v2\/pages"}],"about":[{"href":"https:\/\/moverdb.com\/et\/wp-json\/wp\/v2\/types\/page"}],"author":[{"embeddable":true,"href":"https:\/\/moverdb.com\/et\/wp-json\/wp\/v2\/users\/4"}],"replies":[{"embeddable":true,"href":"https:\/\/moverdb.com\/et\/wp-json\/wp\/v2\/comments?post=5242"}],"version-history":[{"count":1,"href":"https:\/\/moverdb.com\/et\/wp-json\/wp\/v2\/pages\/5242\/revisions"}],"predecessor-version":[{"id":5243,"href":"https:\/\/moverdb.com\/et\/wp-json\/wp\/v2\/pages\/5242\/revisions\/5243"}],"up":[{"embeddable":true,"href":"https:\/\/moverdb.com\/et\/wp-json\/wp\/v2\/pages\/190"}],"wp:attachment":[{"href":"https:\/\/moverdb.com\/et\/wp-json\/wp\/v2\/media?parent=5242"}],"curies":[{"name":"wp","href":"https:\/\/api.w.org\/{rel}","templated":true}]}}