{"id":5240,"date":"2022-10-24T11:49:20","date_gmt":"2022-10-24T11:49:20","guid":{"rendered":"https:\/\/moverdb.com\/?page_id=5240"},"modified":"2026-01-08T15:23:38","modified_gmt":"2026-01-08T15:23:38","slug":"bosnia-ja-hertsegoviina","status":"publish","type":"page","link":"https:\/\/moverdb.com\/et\/moving-companies\/bosnia-and-herzegovina-moving-companies\/","title":{"rendered":"2 parimat rahvusvahelist kolimisfirmat Bosnias ja Hertsegoviinas"},"content":{"rendered":"<p>Kolimine v\u00f5ib olla stressirohke aeg, eriti kui liigute ka teistesse riikidesse, ja siinkohal v\u00f5ib kolimis- v\u00f5i \u00fcmberpaigutamisfirma aidata survet leevendada. Selleks oleme koostanud nimekirja Bosnia ja Hertsegoviina <a href=\"https:\/\/moverdb.com\/et\/international-removals\/\" data-internallinksmanager029f6b8e52c=\"27\" title=\"36 Parimad rahvusvahelised kolimisfirmad \u00dchendkuningriigis\">kolimisfirmad<\/a> mis on liikmed <a href=\"https:\/\/moverdb.com\/et\/iam\/\" data-internallinksmanager029f6b8e52c=\"23\" title=\"Rahvusvaheline kolijate assotsiatsioon (IAM) Selgitatud\">Rahvusvaheline kolijate assotsiatsioon<\/a> (IAM), kes v\u00f5iks teid aidata.<\/p>\n<h2><strong>1. AGS Worldwide Movers<\/strong><\/h2>\n<p><em><img loading=\"lazy\" decoding=\"async\" class=\"alignnone size-full wp-image-5137\" src=\"https:\/\/moverdb.com\/wp-content\/uploads\/AGS-Wroldwide-Movers-international-moving-company.png\" alt=\"AGS Wroldwide Movers rahvusvaheline kolimisfirma\" width=\"1440\" height=\"680\" data-wp-pid=\"5137\" srcset=\"https:\/\/moverdb.com\/wp-content\/uploads\/AGS-Wroldwide-Movers-international-moving-company.png 1440w, https:\/\/moverdb.com\/wp-content\/uploads\/AGS-Wroldwide-Movers-international-moving-company-300x142.png 300w, https:\/\/moverdb.com\/wp-content\/uploads\/AGS-Wroldwide-Movers-international-moving-company-1024x484.png 1024w, https:\/\/moverdb.com\/wp-content\/uploads\/AGS-Wroldwide-Movers-international-moving-company-18x9.png 18w, https:\/\/moverdb.com\/wp-content\/uploads\/AGS-Wroldwide-Movers-international-moving-company-600x283.png 600w\" sizes=\"auto, (max-width: 1440px) 100vw, 1440px\" \/><\/em><\/p>\n<ul>\n<li>Riiklikud liikumised<\/li>\n<li>Rahvusvahelised kolimised<\/li>\n<li>Elamu kolimine<\/li>\n<li>Kontori kolimised<\/li>\n<li>Ukselt-uksele kolimine<\/li>\n<li>Koolitatud personal teie asjade pakkimiseks ja transportimiseks<\/li>\n<li>Uuenduslikud pakkematerjalid ja -meetodid<\/li>\n<li>Keskkonnas\u00f5bralik pakend<\/li>\n<li>S\u00f5iduki \u00fcleandmine<\/li>\n<li>Turvaline ladustamine<\/li>\n<\/ul>\n<p>AGS Worldwide Movers loodi 1974. aastal ja on n\u00fc\u00fcdseks kasvanud rahvusvaheliseks kolimisfirmaks, mis tegutseb Euroopas, Aasias ja Aafrikas ning omab partnereid Ameerikas ja Okeaanias. Neil on 146 tegevuskohta 97 riigis. Nad on IAMi liikmed, kellel on 25 aastat tegutsemist.<\/p>\n<p>AGS Worldwide Movers kasutab tipptasemel ja nutikaid lahendusi, et pakkuda hinnapakkumisi, j\u00e4lgimist ja kohaletoimetamist t\u00f5husamalt. Nad pakuvad koolitatud t\u00f6\u00f6tajaid, kes pakivad teie asjad turvaliselt, et v\u00e4ltida nende kahjustamist, kasutades uuenduslikke pakkematerjale ja -tehnikaid. Samuti pakuvad nad vajadusel transpordilahendusi s\u00f5idukite ja turvalise ladustamise jaoks.<\/p>\n<p>Veebileht: <a href=\"http:\/\/www.agsmovers.com\" target=\"_blank\" rel=\"noopener\">http:\/\/www.agsmovers.com<\/a><\/p>\n<h2><strong>2. Intermove<\/strong><\/h2>\n<p><em><img loading=\"lazy\" decoding=\"async\" class=\"alignnone size-full wp-image-5176\" src=\"https:\/\/moverdb.com\/wp-content\/uploads\/Intermove-international-moving-company.png\" alt=\"Intermove rahvusvaheline kolimisfirma\" width=\"1440\" height=\"680\" data-wp-pid=\"5176\" srcset=\"https:\/\/moverdb.com\/wp-content\/uploads\/Intermove-international-moving-company.png 1440w, https:\/\/moverdb.com\/wp-content\/uploads\/Intermove-international-moving-company-300x142.png 300w, https:\/\/moverdb.com\/wp-content\/uploads\/Intermove-international-moving-company-1024x484.png 1024w, https:\/\/moverdb.com\/wp-content\/uploads\/Intermove-international-moving-company-18x9.png 18w, https:\/\/moverdb.com\/wp-content\/uploads\/Intermove-international-moving-company-600x283.png 600w\" sizes=\"auto, (max-width: 1440px) 100vw, 1440px\" \/><\/em><\/p>\n<ul>\n<li>Kohalikud ja riiklikud liikumised<\/li>\n<li>Rahvusvahelised kolimised<\/li>\n<li>Kodumajapidamiste kolimised<\/li>\n<li>Ettev\u00f5tete \u00fcmberpaigutamine<\/li>\n<li>K\u00f5rge kvalifikatsiooniga pakendajad<\/li>\n<li>Pakkimis- ja lahtipakkimisteenused<\/li>\n<li>Laevanduslogistika<\/li>\n<li>Tollivormistus<\/li>\n<li>Kindlustus<\/li>\n<li>Ladustamisv\u00f5imalused<\/li>\n<\/ul>\n<p>Intermove on 1996. aastal asutatud kolimisfirma, mis aitab peredel ja ettev\u00f5tetel kolida. Nad pakuvad oma teenuseid nii Bosnias ja Hertsegoviinas kui ka neile, kes soovivad sinna v\u00f5i sealt v\u00e4lja kolida. Nad on IAMi liikmed, kellel on 26 aastat tegutsemist.<\/p>\n<p>Intermove pakub k\u00f5rgelt kvalifitseeritud pakendajaid, kes on koolitatud rahvusvahelistes pakkimismeetodites ja kasutavad teie vara kaitsmiseks kvaliteetseid materjale. Nad pakivad teie asjad ja korraldavad nende saatmise, sealhulgas tollivormistuse ja lahtipakkimise. Nad pakuvad kindlustust, koduotsingut, piirkonnale orienteerumist ja paindlike ladustamislahenduste v\u00f5imalust.<\/p>\n<p>Veebileht: <a href=\"http:\/\/www.intermovebosnia.com\" target=\"_blank\" rel=\"noopener\">http:\/\/www.intermovebosnia.com<\/a><\/p>","protected":false},"excerpt":{"rendered":"<p>Moving can be a stressful time especially if you are moving countries as well, that is where a moving or relocation company can help relieve some of the pressure. To help you we have compiled a list of Bosnia and Herzegovina removal companies that are members of the International Association of Movers (IAM) who could [&hellip;]<\/p>\n","protected":false},"author":4,"featured_media":0,"parent":190,"menu_order":0,"comment_status":"closed","ping_status":"closed","template":"","meta":{"_genesis_hide_title":false,"_genesis_hide_breadcrumbs":false,"_genesis_hide_singular_image":false,"_genesis_hide_footer_widgets":false,"_genesis_custom_body_class":"","_genesis_custom_post_class":"","_genesis_layout":"","footnotes":""},"class_list":{"0":"post-5240","1":"page","2":"type-page","3":"status-publish","5":"entry","6":"has-post-thumbnail"},"_links":{"self":[{"href":"https:\/\/moverdb.com\/et\/wp-json\/wp\/v2\/pages\/5240","targetHints":{"allow":["GET"]}}],"collection":[{"href":"https:\/\/moverdb.com\/et\/wp-json\/wp\/v2\/pages"}],"about":[{"href":"https:\/\/moverdb.com\/et\/wp-json\/wp\/v2\/types\/page"}],"author":[{"embeddable":true,"href":"https:\/\/moverdb.com\/et\/wp-json\/wp\/v2\/users\/4"}],"replies":[{"embeddable":true,"href":"https:\/\/moverdb.com\/et\/wp-json\/wp\/v2\/comments?post=5240"}],"version-history":[{"count":1,"href":"https:\/\/moverdb.com\/et\/wp-json\/wp\/v2\/pages\/5240\/revisions"}],"predecessor-version":[{"id":5241,"href":"https:\/\/moverdb.com\/et\/wp-json\/wp\/v2\/pages\/5240\/revisions\/5241"}],"up":[{"embeddable":true,"href":"https:\/\/moverdb.com\/et\/wp-json\/wp\/v2\/pages\/190"}],"wp:attachment":[{"href":"https:\/\/moverdb.com\/et\/wp-json\/wp\/v2\/media?parent=5240"}],"curies":[{"name":"wp","href":"https:\/\/api.w.org\/{rel}","templated":true}]}}