{"id":5237,"date":"2022-10-24T11:50:03","date_gmt":"2022-10-24T11:50:03","guid":{"rendered":"https:\/\/moverdb.com\/?page_id=5237"},"modified":"2026-01-08T15:24:38","modified_gmt":"2026-01-08T15:24:38","slug":"boliivia","status":"publish","type":"page","link":"https:\/\/moverdb.com\/et\/moving-companies\/bolivia-moving-companies\/","title":{"rendered":"4 parimat rahvusvahelist kolimisfirmat Boliivias"},"content":{"rendered":"<p>Kui soovite kolida Boliivia koju v\u00f5i \u00e4ri Boliiviasse v\u00f5i Boliiviast v\u00e4lja v\u00f5i sinna, siis v\u00f5ite vajada tuge, et v\u00e4hendada kolimisega seotud stressi ja t\u00f6\u00f6d. Allpool oleme koostanud nimekirja Boliivia <a href=\"https:\/\/moverdb.com\/et\/international-removals\/\" data-internallinksmanager029f6b8e52c=\"27\" title=\"36 Parimad rahvusvahelised kolimisfirmad \u00dchendkuningriigis\">kolimisfirmad<\/a> mis on liikmed <a href=\"https:\/\/moverdb.com\/et\/iam\/\" data-internallinksmanager029f6b8e52c=\"23\" title=\"Rahvusvaheline kolijate assotsiatsioon (IAM) Selgitatud\">Rahvusvaheline kolijate assotsiatsioon<\/a> (IAM) ja\/v\u00f5i <a href=\"https:\/\/moverdb.com\/et\/fidi-faim\/\" data-internallinksmanager029f6b8e52c=\"16\" title=\"FIDI &amp; FAIM (FIDI akrediteeritud rahvusvaheline kolija) selgitatud\">FIDI<\/a> akrediteeritud rahvusvaheline kolija (FAIM), kes v\u00f5iks teid aidata.<\/p>\n<div id=\"ez-toc-container\" class=\"ez-toc-v2_0_82_2 ez-toc-wrap-left counter-hierarchy ez-toc-counter ez-toc-transparent ez-toc-container-direction\">\n<div class=\"ez-toc-title-container\">\n<p class=\"ez-toc-title\" style=\"cursor:inherit\">Jaotised<\/p>\n<span class=\"ez-toc-title-toggle\"><a href=\"#\" class=\"ez-toc-pull-right ez-toc-btn ez-toc-btn-xs ez-toc-btn-default ez-toc-toggle\" aria-label=\"Sisukorra vaheldumine\"><span class=\"ez-toc-js-icon-con\"><span class=\"\"><span class=\"eztoc-hide\" style=\"display:none;\">Toggle<\/span><span class=\"ez-toc-icon-toggle-span\"><svg style=\"fill: #999;color:#999\" xmlns=\"http:\/\/www.w3.org\/2000\/svg\" class=\"list-377408\" width=\"20px\" height=\"20px\" viewbox=\"0 0 24 24\" fill=\"none\"><path d=\"M6 6H4v2h2V6zm14 0H8v2h12V6zM4 11h2v2H4v-2zm16 0H8v2h12v-2zM4 16h2v2H4v-2zm16 0H8v2h12v-2z\" fill=\"currentColor\"><\/path><\/svg><svg style=\"fill: #999;color:#999\" class=\"arrow-unsorted-368013\" xmlns=\"http:\/\/www.w3.org\/2000\/svg\" width=\"10px\" height=\"10px\" viewbox=\"0 0 24 24\" version=\"1.2\" baseprofile=\"tiny\"><path d=\"M18.2 9.3l-6.2-6.3-6.2 6.3c-.2.2-.3.4-.3.7s.1.5.3.7c.2.2.4.3.7.3h11c.3 0 .5-.1.7-.3.2-.2.3-.5.3-.7s-.1-.5-.3-.7zM5.8 14.7l6.2 6.3 6.2-6.3c.2-.2.3-.5.3-.7s-.1-.5-.3-.7c-.2-.2-.4-.3-.7-.3h-11c-.3 0-.5.1-.7.3-.2.2-.3.5-.3.7s.1.5.3.7z\"\/><\/svg><\/span><\/span><\/span><\/a><\/span><\/div>\n<nav><ul class='ez-toc-list ez-toc-list-level-1 eztoc-toggle-hide-by-default' ><li class='ez-toc-page-1 ez-toc-heading-level-2'><a class=\"ez-toc-link ez-toc-heading-1\" href=\"https:\/\/moverdb.com\/et\/moving-companies\/bolivia-moving-companies\/#1_Bolivian_Movers\" >1. Boliivia kolijad<\/a><\/li><li class='ez-toc-page-1 ez-toc-heading-level-2'><a class=\"ez-toc-link ez-toc-heading-2\" href=\"https:\/\/moverdb.com\/et\/moving-companies\/bolivia-moving-companies\/#2_Express_Cargo_Services\" >2. Ekspress-kaubaveoteenused<\/a><\/li><li class='ez-toc-page-1 ez-toc-heading-level-2'><a class=\"ez-toc-link ez-toc-heading-3\" href=\"https:\/\/moverdb.com\/et\/moving-companies\/bolivia-moving-companies\/#3_Total_Bolivian_Moving\" >3. Boliivia liikumine kokku<\/a><\/li><li class='ez-toc-page-1 ez-toc-heading-level-2'><a class=\"ez-toc-link ez-toc-heading-4\" href=\"https:\/\/moverdb.com\/et\/moving-companies\/bolivia-moving-companies\/#4_Inbolpack\" >4. Inbolpack<\/a><\/li><\/ul><\/nav><\/div>\n<h2><span class=\"ez-toc-section\" id=\"1_Bolivian_Movers\"><\/span><strong>1. Boliivia kolijad<\/strong><span class=\"ez-toc-section-end\"><\/span><\/h2>\n<p><em><img loading=\"lazy\" decoding=\"async\" class=\"alignnone size-full wp-image-5150\" src=\"https:\/\/moverdb.com\/wp-content\/uploads\/Bolivian-Movers-international-moving-company.png\" alt=\"Boliivia Movers rahvusvaheline kolimisfirma\" width=\"1440\" height=\"671\" data-wp-pid=\"5150\" srcset=\"https:\/\/moverdb.com\/wp-content\/uploads\/Bolivian-Movers-international-moving-company.png 1440w, https:\/\/moverdb.com\/wp-content\/uploads\/Bolivian-Movers-international-moving-company-300x140.png 300w, https:\/\/moverdb.com\/wp-content\/uploads\/Bolivian-Movers-international-moving-company-1024x477.png 1024w, https:\/\/moverdb.com\/wp-content\/uploads\/Bolivian-Movers-international-moving-company-18x8.png 18w, https:\/\/moverdb.com\/wp-content\/uploads\/Bolivian-Movers-international-moving-company-600x280.png 600w\" sizes=\"auto, (max-width: 1440px) 100vw, 1440px\" \/><\/em><\/p>\n<ul>\n<li>Riiklikud liikumised<\/li>\n<li>Rahvusvahelised kolimised<\/li>\n<li>Kodused kolimised<\/li>\n<li>Kontori kolimised<\/li>\n<li>\u00dcks kontaktpunkt teie kolimisel<\/li>\n<li>Kaasaegne laevastik ja seadmed<\/li>\n<li>Professionaalne pakendamine kvaliteetsete materjalidega<\/li>\n<li>Kunsti transportimine<\/li>\n<li>Lemmikloomade \u00fcmberpaigutamine<\/li>\n<li>Turvalised ladustamisv\u00f5imalused<\/li>\n<\/ul>\n<p>Bolivian Movers asutati 1974. aastal, et pakkuda kolimisteenuseid Boliivias ja kaugemalgi. Nad on IAMi liikmed, kellel on 48 aastat teenust. Nad on osa rahvusvahelisest kolijate v\u00f5rgustikust, mis v\u00f5imaldab neil toetada teie kolimist k\u00f5ikjal maailmas. Neil on kaasaegne autopark ja seadmed ning nad annavad teile kontaktisiku, kes j\u00e4lgib teie kolimist.<\/p>\n<p>Bolivian Movers pakub professionaalset pakkimisteenust, mis kasutab kvaliteetseid materjale ja akrediteeritud pakkimistehnikaid kasutavaid asjatundlikke pakendajaid. Nad pakuvad ka lemmikloomade \u00fcmberpaigutamise teenuseid ja annavad n\u00f5u kehtivate m\u00e4\u00e4ruste kohta. Nad pakuvad ka turvalisi ladustamisv\u00f5imalusi.<\/p>\n<p>Veebileht: <a href=\"http:\/\/www.bolivianmovers.com\" target=\"_blank\" rel=\"noopener\">http:\/\/www.bolivianmovers.com<\/a><\/p>\n<h2><span class=\"ez-toc-section\" id=\"2_Express_Cargo_Services\"><\/span><strong>2. Ekspress-kaubaveoteenused<\/strong><span class=\"ez-toc-section-end\"><\/span><\/h2>\n<p><em><img loading=\"lazy\" decoding=\"async\" class=\"alignnone size-full wp-image-5166\" src=\"https:\/\/moverdb.com\/wp-content\/uploads\/Express-Cargo-Services-international-moving-company.png\" alt=\"Express Cargo Services rahvusvaheline kolimisfirma\" width=\"1440\" height=\"680\" data-wp-pid=\"5166\" srcset=\"https:\/\/moverdb.com\/wp-content\/uploads\/Express-Cargo-Services-international-moving-company.png 1440w, https:\/\/moverdb.com\/wp-content\/uploads\/Express-Cargo-Services-international-moving-company-300x142.png 300w, https:\/\/moverdb.com\/wp-content\/uploads\/Express-Cargo-Services-international-moving-company-1024x484.png 1024w, https:\/\/moverdb.com\/wp-content\/uploads\/Express-Cargo-Services-international-moving-company-18x9.png 18w, https:\/\/moverdb.com\/wp-content\/uploads\/Express-Cargo-Services-international-moving-company-600x283.png 600w\" sizes=\"auto, (max-width: 1440px) 100vw, 1440px\" \/><\/em><\/p>\n<ul>\n<li>Riiklikud liikumised<\/li>\n<li>Rahvusvahelised kolimised<\/li>\n<li>Elamu kolimine<\/li>\n<li>kaubikute ja veoautode laevastik<\/li>\n<li>Maantee-, mere- ja \u00f5hutransport<\/li>\n<li>Pakkimisteenused<\/li>\n<li>Ekspordi- ja imporditolliprotseduurid<\/li>\n<li>Kunstiteoste transport<\/li>\n<li>Lemmikloomade \u00fcmberpaigutamine<\/li>\n<li>Turvaline ladustamine<\/li>\n<\/ul>\n<p>Express Cargo Services asutati 1989. aastal kolimisettev\u00f5ttena Boliivias. Nad pakuvad mitmesuguseid kolimisteenuseid koduklientidele, kes soovivad kolida Boliivia piires v\u00f5i Boliiviasse v\u00f5i mujale maailmas. Nad on IAM-i liikmed, kellel on 33 aastat teenust.<\/p>\n<p>Express Cargo Services pakub uksest-ukseni teenust igasse maailma riiki ja igast riigist. Nad kasutavad oma kaubikute ja veoautode s\u00f5idukiparki, et h\u00f5lbustada kolimist Boliivias, ning teevad koost\u00f6\u00f6d partnerite ja laevandusagentidega rahvusvahelisel tasandil, kasutades maantee-, mere- ja \u00f5hutransporti. Nad pakuvad pakkimisteenuseid, tolliabi, kunstiteoste transporti, lemmikloomade \u00fcmberpaigutamist ja turvalisi ladustamisv\u00f5imalusi.<\/p>\n<p>Veebileht: <a href=\"http:\/\/www.expresscargobolivia.com\" target=\"_blank\" rel=\"noopener\">http:\/\/www.expresscargobolivia.com<\/a><\/p>\n<h2><span class=\"ez-toc-section\" id=\"3_Total_Bolivian_Moving\"><\/span><strong>3. Boliivia liikumine kokku<\/strong><span class=\"ez-toc-section-end\"><\/span><\/h2>\n<p><em><img loading=\"lazy\" decoding=\"async\" class=\"alignnone size-full wp-image-5210\" src=\"https:\/\/moverdb.com\/wp-content\/uploads\/Total-Bolivian-Moving-international-moving-company.png\" alt=\"Total Bolivian Moving rahvusvaheline kolimisfirma\" width=\"1440\" height=\"636\" data-wp-pid=\"5210\" srcset=\"https:\/\/moverdb.com\/wp-content\/uploads\/Total-Bolivian-Moving-international-moving-company.png 1440w, https:\/\/moverdb.com\/wp-content\/uploads\/Total-Bolivian-Moving-international-moving-company-300x133.png 300w, https:\/\/moverdb.com\/wp-content\/uploads\/Total-Bolivian-Moving-international-moving-company-1024x452.png 1024w, https:\/\/moverdb.com\/wp-content\/uploads\/Total-Bolivian-Moving-international-moving-company-18x8.png 18w, https:\/\/moverdb.com\/wp-content\/uploads\/Total-Bolivian-Moving-international-moving-company-600x265.png 600w\" sizes=\"auto, (max-width: 1440px) 100vw, 1440px\" \/><\/em><\/p>\n<ul>\n<li>Riiklikud liikumised<\/li>\n<li>Rahvusvahelised kolimised<\/li>\n<li>Elamu- ja \u00e4ritegevuse kolimised<\/li>\n<li>Teie kolimise korraldamine ja planeerimine<\/li>\n<li>Koolitatud ja kogenud t\u00f6\u00f6tajad<\/li>\n<li>Pakkimisteenus, kasutades kvaliteetseid materjale<\/li>\n<li>Kindlustus<\/li>\n<li>Kunstiteoste transport<\/li>\n<li>S\u00f5iduki transport<\/li>\n<li>Turvaline ladustamine<\/li>\n<\/ul>\n<p>Total Bolivian Moving on La Pazis asuv kolimisfirma, mis pakub kolimisteenuseid Boliivias ja Boliiviasse ning Boliiviast v\u00e4lja. Nad pakuvad oma teenuseid nii koduklientidele kui ka \u00e4riklientidele, sealhulgas organisatsioonidele ja ettev\u00f5tetele. Nad on spetsialiseerunud kunstiteoste transpordile. Nad on IAMi liige, kes on tegutsenud 7 aastat.<\/p>\n<p>Total Bolivian Moving aitab teil kolimist korraldada ja planeerida. Nad pakuvad koolitatud ja kogenud t\u00f6\u00f6tajaid, kes pakivad teie asjad turvaliselt ja kindlalt, et v\u00e4ltida kahjustusi, kasutades kvaliteetseid pakkematerjale. Vajaduse korral pakuvad nad teie asjadele kindlustust ja ladustamisv\u00f5imalusi.<\/p>\n<p>Veebileht: <a href=\"http:\/\/www.tobolmoving.com\" target=\"_blank\" rel=\"noopener\">http:\/\/www.tobolmoving.com<\/a><\/p>\n<h2><span class=\"ez-toc-section\" id=\"4_Inbolpack\"><\/span><strong>4. Inbolpack<\/strong><span class=\"ez-toc-section-end\"><\/span><\/h2>\n<p>&nbsp;<img loading=\"lazy\" decoding=\"async\" class=\"alignnone size-full wp-image-5238\" src=\"https:\/\/moverdb.com\/wp-content\/uploads\/Inbolpack-international-moving-company.png\" alt=\"\" width=\"1440\" height=\"682\" data-wp-pid=\"5238\" srcset=\"https:\/\/moverdb.com\/wp-content\/uploads\/Inbolpack-international-moving-company.png 1440w, https:\/\/moverdb.com\/wp-content\/uploads\/Inbolpack-international-moving-company-300x142.png 300w, https:\/\/moverdb.com\/wp-content\/uploads\/Inbolpack-international-moving-company-1024x485.png 1024w, https:\/\/moverdb.com\/wp-content\/uploads\/Inbolpack-international-moving-company-18x9.png 18w, https:\/\/moverdb.com\/wp-content\/uploads\/Inbolpack-international-moving-company-600x284.png 600w\" sizes=\"auto, (max-width: 1440px) 100vw, 1440px\" \/><\/p>\n<ul>\n<li>Kohalikud ja riiklikud liikumised<\/li>\n<li>Rahvusvahelised kolimised<\/li>\n<li>Kodumajapidamiste kolimised<\/li>\n<li>\u00c4ri\u00fchingute kolimine<\/li>\n<li>Eriprojektide transport<\/li>\n<li>Ukselt-uksele teenus<\/li>\n<li>Professionaalsed pakendajad<\/li>\n<li>Kvaliteetsed pakkematerjalid<\/li>\n<li>Oma s\u00f5idukipargi mitmekesised s\u00f5idukid<\/li>\n<li>Ladustamislahendused<\/li>\n<\/ul>\n<p>Inbolpack asutati 1978. aastal kolimisettev\u00f5ttena, mis teenindab Boliiviat ja rahvusvaheliselt v\u00e4lisriikide t\u00f6\u00f6tajate kohaloleku t\u00f5ttu. Nad aitavad inimestel ja ettev\u00f5tetel kolida Boliivia piires, Boliiviasse ja sealt v\u00e4lja. Nad on IAMi liikmed, kellel on 44 aastat kestnud tegevus ja nad on FIDI poolt akrediteeritud.<\/p>\n<p>Inbolpack pakub kolimistele ukselt-uksele teenust, mis pakub professionaalset pakkimisteenust, mille koolitatud t\u00f6\u00f6tajad vastavad rahvusvahelistele standarditele ja kasutavad kvaliteetseid pakkematerjale. Neil on ka oma s\u00f5idukipark, kuhu kuuluvad veoautod ja kraanad. Samuti pakuvad nad lasti ladustamisv\u00f5imalusi nii kohalikul kui ka rahvusvahelisel tasandil.<\/p>\n<p>Veebileht: <a href=\"http:\/\/www.inbolpack.net\" target=\"_blank\" rel=\"noopener\">http:\/\/www.inbolpack.net<\/a><\/p>","protected":false},"excerpt":{"rendered":"<p>If you are wanting to move home or business in Bolivia, or to or from Bolivia then you might want some support to reduce the stress and work needed for the move. Below we have compiled a list of Bolivian removal companies that are members of the International Association of Movers (IAM) and\/or FIDI Accredited [&hellip;]<\/p>\n","protected":false},"author":4,"featured_media":0,"parent":190,"menu_order":0,"comment_status":"closed","ping_status":"closed","template":"","meta":{"_genesis_hide_title":false,"_genesis_hide_breadcrumbs":false,"_genesis_hide_singular_image":false,"_genesis_hide_footer_widgets":false,"_genesis_custom_body_class":"","_genesis_custom_post_class":"","_genesis_layout":"","footnotes":""},"class_list":{"0":"post-5237","1":"page","2":"type-page","3":"status-publish","5":"entry","6":"has-post-thumbnail"},"_links":{"self":[{"href":"https:\/\/moverdb.com\/et\/wp-json\/wp\/v2\/pages\/5237","targetHints":{"allow":["GET"]}}],"collection":[{"href":"https:\/\/moverdb.com\/et\/wp-json\/wp\/v2\/pages"}],"about":[{"href":"https:\/\/moverdb.com\/et\/wp-json\/wp\/v2\/types\/page"}],"author":[{"embeddable":true,"href":"https:\/\/moverdb.com\/et\/wp-json\/wp\/v2\/users\/4"}],"replies":[{"embeddable":true,"href":"https:\/\/moverdb.com\/et\/wp-json\/wp\/v2\/comments?post=5237"}],"version-history":[{"count":1,"href":"https:\/\/moverdb.com\/et\/wp-json\/wp\/v2\/pages\/5237\/revisions"}],"predecessor-version":[{"id":5239,"href":"https:\/\/moverdb.com\/et\/wp-json\/wp\/v2\/pages\/5237\/revisions\/5239"}],"up":[{"embeddable":true,"href":"https:\/\/moverdb.com\/et\/wp-json\/wp\/v2\/pages\/190"}],"wp:attachment":[{"href":"https:\/\/moverdb.com\/et\/wp-json\/wp\/v2\/media?parent=5237"}],"curies":[{"name":"wp","href":"https:\/\/api.w.org\/{rel}","templated":true}]}}