{"id":5231,"date":"2022-10-24T11:51:35","date_gmt":"2022-10-24T11:51:35","guid":{"rendered":"https:\/\/moverdb.com\/?page_id=5231"},"modified":"2026-01-08T15:29:47","modified_gmt":"2026-01-08T15:29:47","slug":"barbados-2","status":"publish","type":"page","link":"https:\/\/moverdb.com\/et\/moving-companies\/barbados-moving-companies\/","title":{"rendered":"Parimad rahvusvahelised kolimisfirmad Barbadosel"},"content":{"rendered":"<p>Kas te m\u00f5tlete kolida v\u00f5i kolida <a href=\"https:\/\/moverdb.com\/et\/moving-to-barbados\/\" data-internallinksmanager029f6b8e52c=\"344\" title=\"Kolimine Barbadosele? 2023 elamiskulud ja kolimisn\u00f5uanded\">Barbados<\/a>v\u00f5i Barbadosel? Siis v\u00f5ib m\u00f5te oma kodu v\u00f5i ettev\u00f5tte pakkimisest ja transpordi korraldamisest tekitada m\u00f5ningast stressi, kuid kolimisfirma v\u00f5ib aidata. Allpool on esitatud <a href=\"https:\/\/moverdb.com\/et\/international-removals\/\" data-internallinksmanager029f6b8e52c=\"27\" title=\"36 Parimad rahvusvahelised kolimisfirmad \u00dchendkuningriigis\">kolimisfirmad<\/a> mis on liikmed <a href=\"https:\/\/moverdb.com\/et\/iam\/\" data-internallinksmanager029f6b8e52c=\"23\" title=\"Rahvusvaheline kolijate assotsiatsioon (IAM) Selgitatud\">Rahvusvaheline kolijate assotsiatsioon<\/a> (IAM) ja\/v\u00f5i <a href=\"https:\/\/moverdb.com\/et\/fidi-faim\/\" data-internallinksmanager029f6b8e52c=\"16\" title=\"FIDI &amp; FAIM (FIDI akrediteeritud rahvusvaheline kolija) selgitatud\">FIDI<\/a> Akrediteeritud rahvusvaheline kolija (FAIM) Barbadosel.<\/p>\n<h2><strong>1. Michael Greaves Associates<\/strong><\/h2>\n<p><em><img loading=\"lazy\" decoding=\"async\" class=\"alignnone size-full wp-image-5186\" src=\"https:\/\/moverdb.com\/wp-content\/uploads\/Michael-Greaves-Associates-international-moving-company.png\" alt=\"Michael Greaves Associates rahvusvaheline kolimisfirma\" width=\"1440\" height=\"681\" data-wp-pid=\"5186\" srcset=\"https:\/\/moverdb.com\/wp-content\/uploads\/Michael-Greaves-Associates-international-moving-company.png 1440w, https:\/\/moverdb.com\/wp-content\/uploads\/Michael-Greaves-Associates-international-moving-company-300x142.png 300w, https:\/\/moverdb.com\/wp-content\/uploads\/Michael-Greaves-Associates-international-moving-company-1024x484.png 1024w, https:\/\/moverdb.com\/wp-content\/uploads\/Michael-Greaves-Associates-international-moving-company-18x9.png 18w, https:\/\/moverdb.com\/wp-content\/uploads\/Michael-Greaves-Associates-international-moving-company-600x284.png 600w\" sizes=\"auto, (max-width: 1440px) 100vw, 1440px\" \/><\/em><\/p>\n<ul>\n<li>Riiklikud \u00fcmberpaigutused<\/li>\n<li>Rahvusvahelised \u00fcmberpaigutused<\/li>\n<li>\u00c4ri- ja elamu kolimised<\/li>\n<li>Kohandatud teenus<\/li>\n<li>Kogenud spetsialistid<\/li>\n<li>Tollimaaklerlus ja tollivormistus<\/li>\n<li>Kaubakindlustus<\/li>\n<li>Lemmikloomade k\u00e4itlemine<\/li>\n<li>S\u00f5iduki ja paadi transport<\/li>\n<li>Ladustamisv\u00f5imalused<\/li>\n<\/ul>\n<p>Michael Greaves Associates on 1981. aastal asutatud Barbadosel asuv \u00fcmberpaigutamise, kolimise, laevanduse ja vahendusteenuse ettev\u00f5te. Nad on IAMi liikmed, kellel on 41 aastat teenust. Nad pakuvad \u00fcmberpaigutamisteenuseid Barbadosel ja rahvusvaheliselt.<\/p>\n<p>Michael Greaves Associates pakub kohandatud kolimisteenust, mis aitab teid kolimise igas etapis alates planeerimisest kuni uude koju elama asumiseni. Nad m\u00f5\u00f5davad teie kodu v\u00f5i kontori, annavad hinnangu ja m\u00e4rgivad \u00e4ra k\u00f5ik erin\u00f5uded. Nad pakivad teie asjad, kasutades heakskiidetud tehnikat ja materjale. Nad pakuvad ka kaubakindlustust, tollimaaklerlust ja tollivormistust ning eriteenuseid lemmikloomade, s\u00f5idukite ja paatide veoks.<\/p>\n<p>Veebileht: <a href=\"http:\/\/www.mgassociates.net\" target=\"_blank\" rel=\"noopener\">http:\/\/www.mgassociates.net<\/a><\/p>\n<h2>Muud kasulikud teejuhid Barbadosele<\/h2>\n<ul>\n<li> <a href=\"https:\/\/moverdb.com\/et\/konteiner-laevandus\/barbados\/\">2024 Mereveo konteinerite veohinnad Barbadosele ja Barbadoselt<\/a><\/li>\n<li> <a href=\"https:\/\/moverdb.com\/et\/moving-to-barbados\/\">Kolimine Barbadosele? 2023 elamiskulud ja kolimisn\u00f5uanded<\/a><\/li>\n<li> <a href=\"https:\/\/moverdb.com\/et\/moving-to-barbados\/living-in-barbados\/\">21 saladused elamise kohta Barbadosel, mida enne kolimist teada tuleb<\/a><\/li>\n<\/ul>","protected":false},"excerpt":{"rendered":"<p>Are you thinking of moving to or from Barbados, or within Barbados? Then the thought of packing up your home or business and organising the shipping might be causing some stress, but a removal company could help. Below are the removal companies that are members of the International Association of Movers (IAM) and\/or FIDI Accredited [&hellip;]<\/p>\n","protected":false},"author":4,"featured_media":0,"parent":190,"menu_order":0,"comment_status":"closed","ping_status":"closed","template":"","meta":{"_genesis_hide_title":false,"_genesis_hide_breadcrumbs":false,"_genesis_hide_singular_image":false,"_genesis_hide_footer_widgets":false,"_genesis_custom_body_class":"","_genesis_custom_post_class":"","_genesis_layout":"","footnotes":""},"class_list":{"0":"post-5231","1":"page","2":"type-page","3":"status-publish","5":"entry","6":"has-post-thumbnail"},"_links":{"self":[{"href":"https:\/\/moverdb.com\/et\/wp-json\/wp\/v2\/pages\/5231","targetHints":{"allow":["GET"]}}],"collection":[{"href":"https:\/\/moverdb.com\/et\/wp-json\/wp\/v2\/pages"}],"about":[{"href":"https:\/\/moverdb.com\/et\/wp-json\/wp\/v2\/types\/page"}],"author":[{"embeddable":true,"href":"https:\/\/moverdb.com\/et\/wp-json\/wp\/v2\/users\/4"}],"replies":[{"embeddable":true,"href":"https:\/\/moverdb.com\/et\/wp-json\/wp\/v2\/comments?post=5231"}],"version-history":[{"count":2,"href":"https:\/\/moverdb.com\/et\/wp-json\/wp\/v2\/pages\/5231\/revisions"}],"predecessor-version":[{"id":18281,"href":"https:\/\/moverdb.com\/et\/wp-json\/wp\/v2\/pages\/5231\/revisions\/18281"}],"up":[{"embeddable":true,"href":"https:\/\/moverdb.com\/et\/wp-json\/wp\/v2\/pages\/190"}],"wp:attachment":[{"href":"https:\/\/moverdb.com\/et\/wp-json\/wp\/v2\/media?parent=5231"}],"curies":[{"name":"wp","href":"https:\/\/api.w.org\/{rel}","templated":true}]}}