{"id":4726,"date":"2022-09-30T19:17:44","date_gmt":"2022-09-30T19:17:44","guid":{"rendered":"https:\/\/moverdb.com\/?page_id=4726"},"modified":"2026-01-08T13:20:35","modified_gmt":"2026-01-08T13:20:35","slug":"paapua-uus-geinea","status":"publish","type":"page","link":"https:\/\/moverdb.com\/et\/container-shipping\/papua-new-guinea\/","title":{"rendered":"2023 Mereveo konteinerite veohinnad Paapua Uus-Guineasse ja Paapua Uus-Guineast"},"content":{"rendered":"<figure class=\"wp-block-image size-full\"><img loading=\"lazy\" decoding=\"async\" width=\"1000\" height=\"562\" src=\"https:\/\/moverdb.com\/wp-content\/uploads\/papua-new-guinea.jpg\" alt=\"Ujuv naabruskond Port Moresby linnas Paapua Uus-Guineas\" class=\"wp-image-4708\" srcset=\"https:\/\/moverdb.com\/wp-content\/uploads\/papua-new-guinea.jpg 1000w, https:\/\/moverdb.com\/wp-content\/uploads\/papua-new-guinea-300x169.jpg 300w, https:\/\/moverdb.com\/wp-content\/uploads\/papua-new-guinea-18x10.jpg 18w, https:\/\/moverdb.com\/wp-content\/uploads\/papua-new-guinea-600x337.jpg 600w\" sizes=\"auto, (max-width: 1000px) 100vw, 1000px\" \/><\/figure>\n\n\n\n<p>Paljud v\u00e4ljar\u00e4ndajad otsustavad kolida <strong>Paapua Uus <a href=\"https:\/\/moverdb.com\/et\/moving-companies\/moving-companies-guinea\/\" data-internallinksmanager029f6b8e52c=\"231\" title=\"2 Parimad rahvusvahelised kolimisfirmad Guineas\">Guinea<\/a> <\/strong>vaatamata sellele, et see Okeaania saareriik on suures osas ikka veel v\u00e4hearenenud.<\/p>\n\n\n\n<p>Paapua Uus-Guinea n\u00e4itab oma l\u00e4hituleviku saatusele palju lootust. Selle rahvas on v\u00e4lismaalaste suhtes v\u00e4ga soe ja s\u00f5bralik ning samuti on nad v\u00e4ga t\u00f6\u00f6kad ja kindlameelsed, et t\u00f5sta oma \u00fchiskonda k\u00f5rgemale majanduslikule tasemele.<\/p>\n\n\n\n<p>Kui olete selles v\u00f5luvas riigis t\u00f6\u00f6koha leidnud v\u00f5i lihtsalt soovite ehitada elu rahulikumas ja eraldatumas kohas, peate siiski \u00f5ppima, kui palju maksab teie majapidamistarvete transportimine sinna.<\/p>\n\n\n\n<p>See artikkel aitab teil avastada k\u00f5ige madalama Paapua Uus-Guinea <a href=\"https:\/\/moverdb.com\/et\/container-shipping\/\" data-internallinksmanager029f6b8e52c=\"3\" title=\"Rahvusvaheliste konteinerite veohindade graafik: m\u00e4rts 2026\">konteinerite veohinnad<\/a>. Allpool olevatesse tabelitesse lisasime k\u00f5ik sihtkohad kogu maailmast, mille kohta leidsime hinnad.<\/p>\n\n\n\n<p>Soovitame teil kasutada ka meie hinnapakkumise t\u00f6\u00f6riista, et saada t\u00e4pne hind, mis p\u00f5hineb teie t\u00e4psel asukohal.<\/p>\n\n\n\n<h2 class=\"wp-block-heading\">Laevakonteinerite kulud Paapua Uus-Guineasse (Port Moresby)<\/h2>\n\n\n<div class=\"wp-block-image\">\n<figure class=\"aligncenter size-large\"><img loading=\"lazy\" decoding=\"async\" width=\"1024\" height=\"539\" src=\"https:\/\/moverdb.com\/wp-content\/uploads\/Shipping-Container-Costs-to-Papua-New-Guinea-1024x539.png\" alt=\"Laevakonteinerite kulud Paapua Uus-Guineasse (Port Moresby)\" class=\"wp-image-4711\" srcset=\"https:\/\/moverdb.com\/wp-content\/uploads\/Shipping-Container-Costs-to-Papua-New-Guinea-1024x539.png 1024w, https:\/\/moverdb.com\/wp-content\/uploads\/Shipping-Container-Costs-to-Papua-New-Guinea-300x158.png 300w, https:\/\/moverdb.com\/wp-content\/uploads\/Shipping-Container-Costs-to-Papua-New-Guinea-1536x809.png 1536w, https:\/\/moverdb.com\/wp-content\/uploads\/Shipping-Container-Costs-to-Papua-New-Guinea-18x9.png 18w, https:\/\/moverdb.com\/wp-content\/uploads\/Shipping-Container-Costs-to-Papua-New-Guinea-600x316.png 600w, https:\/\/moverdb.com\/wp-content\/uploads\/Shipping-Container-Costs-to-Papua-New-Guinea.png 2000w\" sizes=\"auto, (max-width: 1024px) 100vw, 1024px\" \/><\/figure>\n<\/div>\n\n\n<table id=\"tablepress-183\" class=\"tablepress tablepress-id-183\">\n<thead>\n<tr class=\"row-1\">\n\t<th class=\"column-1\">Sihtriik (<a href=\"https:\/\/moverdb.com\/et\/top-49-container-ports\/\" data-internallinksmanager029f6b8e52c=\"80\" title=\"Top 49 suurimat ja tihedaima liiklusega konteinersadamat 2025. aastal\">Sadam<\/a>\/linn)<\/th><th class=\"column-2\">20FT<\/th><th class=\"column-3\">40FT<\/th>\n<\/tr>\n<\/thead>\n<tbody class=\"row-striping row-hover\">\n<tr class=\"row-2\">\n\t<td class=\"column-1\"><a href=\"https:\/\/moverdb.com\/et\/container-shipping\/andorra\/\" data-internallinksmanager029f6b8e52c=\"88\" title=\"2023 Mereveo konteinerite veohinnad Andorrast ja Andorrast\">Andorra (Andorra la Vella)<\/a><\/td><td class=\"column-2\">$4,396<\/td><td class=\"column-3\">$8,053<\/td>\n<\/tr>\n<tr class=\"row-3\">\n\t<td class=\"column-1\"><a href=\"https:\/\/moverdb.com\/et\/container-shipping\/antigua-and-barbuda\/\" data-internallinksmanager029f6b8e52c=\"92\" title=\"2023 Mereveo konteinerite veohinnad Antigua ja Barbudalt ja tagasi\">Antigua ja Barbuda (St John's)<\/a><\/td><td class=\"column-2\">$1,825<\/td><td class=\"column-3\">EI KOHALDATA<\/td>\n<\/tr>\n<tr class=\"row-4\">\n\t<td class=\"column-1\"><a href=\"https:\/\/moverdb.com\/et\/container-shipping\/argentina\/\" data-internallinksmanager029f6b8e52c=\"91\" title=\"2023 Mereveo konteinerite veohinnad Argentinasse ja Argentinast\">Argentina (Buenos Aires)<\/a><\/td><td class=\"column-2\">$2,845<\/td><td class=\"column-3\">EI KOHALDATA<\/td>\n<\/tr>\n<tr class=\"row-5\">\n\t<td class=\"column-1\"><a href=\"https:\/\/moverdb.com\/et\/container-shipping\/aruba\/\" data-internallinksmanager029f6b8e52c=\"90\" title=\"2023 Mereveo konteinerite veohinnad Arubale ja Arubalt\">Aruba (Oranjestad)<\/a><\/td><td class=\"column-2\">$2,845<\/td><td class=\"column-3\">EI KOHALDATA<\/td>\n<\/tr>\n<tr class=\"row-6\">\n\t<td class=\"column-1\"><a href=\"https:\/\/moverdb.com\/et\/container-shipping\/australia\/\" data-internallinksmanager029f6b8e52c=\"89\" title=\"2026 Konteinerite veohinnad Austraaliasse ja Austraaliast\">Austraalia (Sydney)<\/a><\/td><td class=\"column-2\">$1,561<\/td><td class=\"column-3\">$2,083<\/td>\n<\/tr>\n<tr class=\"row-7\">\n\t<td class=\"column-1\"><a href=\"https:\/\/moverdb.com\/et\/container-shipping\/austria\/\" data-internallinksmanager029f6b8e52c=\"95\" title=\"2023 Mereveo konteineri veohinnad Austriasse ja Austriast\">Austria (Viin)<\/a><\/td><td class=\"column-2\">$4,641<\/td><td class=\"column-3\">EI KOHALDATA<\/td>\n<\/tr>\n<tr class=\"row-8\">\n\t<td class=\"column-1\"><a href=\"https:\/\/moverdb.com\/et\/container-shipping\/france\/\" data-internallinksmanager029f6b8e52c=\"116\" title=\"2023 Mereveo konteinerite veohinnad Prantsusmaale ja Prantsusmaalt\">Prantsusmaa (Marseille)<\/a><\/td><td class=\"column-2\">$2,035<\/td><td class=\"column-3\">$3,465<\/td>\n<\/tr>\n<tr class=\"row-9\">\n\t<td class=\"column-1\"><a href=\"https:\/\/moverdb.com\/et\/container-shipping\/germany\/\" data-internallinksmanager029f6b8e52c=\"118\" title=\"2023 Mereveo konteinerite veohinnad Saksamaale ja Saksamaalt\">Saksamaa (Hamburg)<\/a><\/td><td class=\"column-2\">$1,177<\/td><td class=\"column-3\">$2,037<\/td>\n<\/tr>\n<tr class=\"row-10\">\n\t<td class=\"column-1\"><a href=\"https:\/\/moverdb.com\/et\/container-shipping\/india\/\" data-internallinksmanager029f6b8e52c=\"125\" title=\"2023 Mereveo konteineri veohinnad Indiasse ja Indiast\">India (Mumbai)<\/a><\/td><td class=\"column-2\">$3,614<\/td><td class=\"column-3\">$4,317<\/td>\n<\/tr>\n<tr class=\"row-11\">\n\t<td class=\"column-1\"><a href=\"https:\/\/moverdb.com\/et\/container-shipping\/isle-of-man\/\" data-internallinksmanager029f6b8e52c=\"128\" title=\"2023 Mereveo konteinerite veohinnad Mani saarele ja saarelt\">Mani saar (Douglas)<\/a><\/td><td class=\"column-2\">$1,925<\/td><td class=\"column-3\">$3,255<\/td>\n<\/tr>\n<tr class=\"row-12\">\n\t<td class=\"column-1\"><a href=\"https:\/\/moverdb.com\/et\/container-shipping\/lithuania\/\" data-internallinksmanager029f6b8e52c=\"145\" title=\"2023 Mereveo konteinerite veohinnad Leetu ja Leedust\">Leedu (Klaipeda)<\/a><\/td><td class=\"column-2\">$1,177<\/td><td class=\"column-3\">$2,096<\/td>\n<\/tr>\n<tr class=\"row-13\">\n\t<td class=\"column-1\"><a href=\"https:\/\/moverdb.com\/et\/moving-to-luxembourg\/\" data-internallinksmanager029f6b8e52c=\"349\" title=\"Luksemburgi kolimine? 2023 elamiskulud ja kolimisn\u00f5uanded\">Luksemburg<\/a><\/td><td class=\"column-2\">$1,786<\/td><td class=\"column-3\">$2,390<\/td>\n<\/tr>\n<tr class=\"row-14\">\n\t<td class=\"column-1\"><a href=\"https:\/\/moverdb.com\/et\/container-shipping\/philippines\/\" data-internallinksmanager029f6b8e52c=\"156\" title=\"2023 Mereveo konteinerite veohinnad Filipiinidele ja Filipiinidelt\">Filipiinid (Manila)<\/a><\/td><td class=\"column-2\">$3,754<\/td><td class=\"column-3\">EI KOHALDATA<\/td>\n<\/tr>\n<tr class=\"row-15\">\n\t<td class=\"column-1\"><a href=\"https:\/\/moverdb.com\/et\/container-shipping\/thailand\/\" data-internallinksmanager029f6b8e52c=\"189\" title=\"2023 Mereveo konteinerite veohinnad Taisse ja Taist\">Tai (Laem Chabang)<\/a><\/td><td class=\"column-2\">$3,200<\/td><td class=\"column-3\">$7,050<\/td>\n<\/tr>\n<tr class=\"row-16\">\n\t<td class=\"column-1\"><a href=\"https:\/\/moverdb.com\/et\/moving-to-the-united-states\/\" data-internallinksmanager029f6b8e52c=\"94\" title=\"Kolimine Ameerika \u00dchendriikidesse? 2022 Elamiskulud ja kolimisn\u00f5uanded\">USA<\/a> (<a href=\"https:\/\/moverdb.com\/et\/moving-to-los-angeles\/\" data-internallinksmanager029f6b8e52c=\"51\" title=\"Kolimine Los Angelesse? 2026 LA elamiskulud ja kolimisn\u00f5uanded\">Los Angeles<\/a>)<\/td><td class=\"column-2\">$2,730<\/td><td class=\"column-3\">$3,666<\/td>\n<\/tr>\n<tr class=\"row-17\">\n\t<td class=\"column-1\"><a href=\"https:\/\/moverdb.com\/et\/container-shipping\/united-states\/\" data-internallinksmanager029f6b8e52c=\"87\" title=\"2023 Mereveo konteinerite veohinnad USAsse ja USAst\">USA (New York)<\/a><\/td><td class=\"column-2\">$3,371<\/td><td class=\"column-3\">$4,658<\/td>\n<\/tr>\n<\/tbody>\n<\/table>\n<!-- #tablepress-183 from cache -->\n\n\n\n<h2 class=\"wp-block-heading\">Laevakonteinerite kulud Paapua Uus-Guineast (Port Moresby)<\/h2>\n\n\n<div class=\"wp-block-image\">\n<figure class=\"aligncenter size-large\"><img loading=\"lazy\" decoding=\"async\" width=\"1024\" height=\"539\" src=\"https:\/\/moverdb.com\/wp-content\/uploads\/Shipping-Container-Costs-from-Papua-New-Guinea-1024x539.png\" alt=\"Laevakonteinerite kulud Paapua Uus-Guineast (Port Moresby)\" class=\"wp-image-4709\" srcset=\"https:\/\/moverdb.com\/wp-content\/uploads\/Shipping-Container-Costs-from-Papua-New-Guinea-1024x539.png 1024w, https:\/\/moverdb.com\/wp-content\/uploads\/Shipping-Container-Costs-from-Papua-New-Guinea-300x158.png 300w, https:\/\/moverdb.com\/wp-content\/uploads\/Shipping-Container-Costs-from-Papua-New-Guinea-1536x809.png 1536w, https:\/\/moverdb.com\/wp-content\/uploads\/Shipping-Container-Costs-from-Papua-New-Guinea-18x9.png 18w, https:\/\/moverdb.com\/wp-content\/uploads\/Shipping-Container-Costs-from-Papua-New-Guinea-600x316.png 600w, https:\/\/moverdb.com\/wp-content\/uploads\/Shipping-Container-Costs-from-Papua-New-Guinea.png 2000w\" sizes=\"auto, (max-width: 1024px) 100vw, 1024px\" \/><\/figure>\n<\/div>\n\n\n<table id=\"tablepress-179\" class=\"tablepress tablepress-id-179\">\n<thead>\n<tr class=\"row-1\">\n\t<th class=\"column-1\">Sihtriik (sadam\/linn)<\/th><th class=\"column-2\">20FT<\/th><th class=\"column-3\">40FT<\/th>\n<\/tr>\n<\/thead>\n<tbody class=\"row-striping row-hover\">\n<tr class=\"row-2\">\n\t<td class=\"column-1\">Andorra (Andorra la Vella)<\/td><td class=\"column-2\">EI KOHALDATA<\/td><td class=\"column-3\">$12,406<\/td>\n<\/tr>\n<tr class=\"row-3\">\n\t<td class=\"column-1\">Argentina (Buenos Aires)<\/td><td class=\"column-2\">$9,863<\/td><td class=\"column-3\">$13,934<\/td>\n<\/tr>\n<tr class=\"row-4\">\n\t<td class=\"column-1\">Aruba (Oranjestad)<\/td><td class=\"column-2\">$10,171<\/td><td class=\"column-3\">EI KOHALDATA<\/td>\n<\/tr>\n<tr class=\"row-5\">\n\t<td class=\"column-1\">Austraalia (Sydney)<\/td><td class=\"column-2\">EI KOHALDATA<\/td><td class=\"column-3\">$12,406<\/td>\n<\/tr>\n<tr class=\"row-6\">\n\t<td class=\"column-1\"><a href=\"https:\/\/moverdb.com\/et\/container-shipping\/cambodia\/\" data-internallinksmanager029f6b8e52c=\"101\" title=\"2023 Mereveo konteinerite veohinnad Kambod\u017easse ja Kambod\u017east\">Kambod\u017ea (Sihanoukville)<\/a><\/td><td class=\"column-2\">$1,303<\/td><td class=\"column-3\">$2,886<\/td>\n<\/tr>\n<tr class=\"row-7\">\n\t<td class=\"column-1\"><a href=\"https:\/\/moverdb.com\/et\/container-shipping\/croatia\/\" data-internallinksmanager029f6b8e52c=\"107\" title=\"2023 Mereveo konteinerite veohinnad Horvaatiasse ja Horvaatiast\">Horvaatia (Rijeka)<\/a><\/td><td class=\"column-2\">$10,226<\/td><td class=\"column-3\">$8,025<\/td>\n<\/tr>\n<tr class=\"row-8\">\n\t<td class=\"column-1\"><a href=\"https:\/\/moverdb.com\/et\/container-shipping\/finland\/\" data-internallinksmanager029f6b8e52c=\"115\" title=\"2023 Mereveo konteinerite veohinnad Soome ja Soomest\">Soome (Helsingi)<\/a><\/td><td class=\"column-2\">$1,595<\/td><td class=\"column-3\">$3,045<\/td>\n<\/tr>\n<tr class=\"row-9\">\n\t<td class=\"column-1\">Guam<\/td><td class=\"column-2\">$10,226<\/td><td class=\"column-3\">$8,025<\/td>\n<\/tr>\n<tr class=\"row-10\">\n\t<td class=\"column-1\"><a href=\"https:\/\/moverdb.com\/et\/container-shipping\/iceland\/\" data-internallinksmanager029f6b8e52c=\"124\" title=\"2023 Mereveo konteinerite veohinnad Islandile ja Islandilt\">Island (Reykjavik)<\/a><\/td><td class=\"column-2\">$1,567<\/td><td class=\"column-3\">$2,518<\/td>\n<\/tr>\n<tr class=\"row-11\">\n\t<td class=\"column-1\"><a href=\"https:\/\/moverdb.com\/et\/container-shipping\/indonesia\/\" data-internallinksmanager029f6b8e52c=\"126\" title=\"2023 Mereveo konteinerite veohinnad Indoneesiasse ja Indoneesiast\">Indoneesia (Jakarta)<\/a><\/td><td class=\"column-2\">$1,561<\/td><td class=\"column-3\">$2,083<\/td>\n<\/tr>\n<tr class=\"row-12\">\n\t<td class=\"column-1\">Leedu (Klaipeda)<\/td><td class=\"column-2\">$1,397<\/td><td class=\"column-3\">$2,754<\/td>\n<\/tr>\n<tr class=\"row-13\">\n\t<td class=\"column-1\">Luksemburg<\/td><td class=\"column-2\">EI KOHALDATA<\/td><td class=\"column-3\">$9,192<\/td>\n<\/tr>\n<\/tbody>\n<\/table>\n<!-- #tablepress-179 from cache -->\n\n\n\n<h3 class=\"wp-block-heading\">M\u00e4rkused andmete kohta:<\/h3>\n\n\n\n<ul class=\"wp-block-list\"><li>K\u00f5ik $ arvud on v\u00e4ljendatud USA dollarites (USD);<\/li><li>Hinnad on t\u00e4psed alates 2022. aasta algusest;<\/li><li>Selles artiklis olevad kaardid on loodud kasutades <a href=\"https:\/\/www.mapchart.net\" target=\"_blank\" rel=\"noreferrer noopener\">https:\/\/www.mapchart.net<\/a>. Te v\u00f5ite neid kaarte vabalt jagada, kui te annate lingi, mis viitab tagasi <a href=\"https:\/\/moverdb.com\/et\/\" target=\"_blank\" rel=\"noreferrer noopener\">MoverDB<\/a>;<\/li><li>\u00dclaltoodud m\u00e4\u00e4rad on ainult hinnangulised ja v\u00f5ivad olla muutunud alates k\u00e4esoleva artikli avaldamisest (aprill 2022). Need p\u00f5hinevad k\u00f5ige madalamal hinnangulisel m\u00e4\u00e4ral, mis on saadud kas <a href=\"https:\/\/www.searates.com\" target=\"_blank\" rel=\"noreferrer noopener\">https:\/\/www.searates.com<\/a> v\u00f5i <a href=\"https:\/\/www.gocomet.com\/freight-shipping-rates-index-calculator\" target=\"_blank\" rel=\"noreferrer noopener\">https:\/\/www.gocomet.com<\/a>;<\/li><li>Selleks, et saada t\u00e4psem ettekujutus maksumusest, kasutage palun selle lehek\u00fclje \u00fclaosas olevat hinnapakkumise vormi;<\/li><li>Palun vaadake ka meie juhendit <a href=\"https:\/\/moverdb.com\/et\/konteiner-laevandus\/\" target=\"_blank\" rel=\"noreferrer noopener\">rahvusvaheline konteinervedu<\/a>.<\/li><\/ul>","protected":false},"excerpt":{"rendered":"<p>Many expats decide to move to Papua New Guinea despite the fact that this Oceania island country is still underdeveloped at large. Papua New Guinea shows a lot of promise for its fate in the near future. Its people are very warm and friendly toward foreigners and they are also very hardworking and resolute to [&hellip;]<\/p>\n","protected":false},"author":2,"featured_media":4708,"parent":44,"menu_order":0,"comment_status":"closed","ping_status":"closed","template":"","meta":{"_genesis_hide_title":false,"_genesis_hide_breadcrumbs":false,"_genesis_hide_singular_image":false,"_genesis_hide_footer_widgets":false,"_genesis_custom_body_class":"","_genesis_custom_post_class":"","_genesis_layout":"","footnotes":""},"class_list":{"0":"post-4726","1":"page","2":"type-page","3":"status-publish","4":"has-post-thumbnail","6":"entry"},"_links":{"self":[{"href":"https:\/\/moverdb.com\/et\/wp-json\/wp\/v2\/pages\/4726","targetHints":{"allow":["GET"]}}],"collection":[{"href":"https:\/\/moverdb.com\/et\/wp-json\/wp\/v2\/pages"}],"about":[{"href":"https:\/\/moverdb.com\/et\/wp-json\/wp\/v2\/types\/page"}],"author":[{"embeddable":true,"href":"https:\/\/moverdb.com\/et\/wp-json\/wp\/v2\/users\/2"}],"replies":[{"embeddable":true,"href":"https:\/\/moverdb.com\/et\/wp-json\/wp\/v2\/comments?post=4726"}],"version-history":[{"count":1,"href":"https:\/\/moverdb.com\/et\/wp-json\/wp\/v2\/pages\/4726\/revisions"}],"predecessor-version":[{"id":4727,"href":"https:\/\/moverdb.com\/et\/wp-json\/wp\/v2\/pages\/4726\/revisions\/4727"}],"up":[{"embeddable":true,"href":"https:\/\/moverdb.com\/et\/wp-json\/wp\/v2\/pages\/44"}],"wp:featuredmedia":[{"embeddable":true,"href":"https:\/\/moverdb.com\/et\/wp-json\/wp\/v2\/media\/4708"}],"wp:attachment":[{"href":"https:\/\/moverdb.com\/et\/wp-json\/wp\/v2\/media?parent=4726"}],"curies":[{"name":"wp","href":"https:\/\/api.w.org\/{rel}","templated":true}]}}