{"id":4724,"date":"2022-09-30T19:17:52","date_gmt":"2022-09-30T19:17:52","guid":{"rendered":"https:\/\/moverdb.com\/?page_id=4724"},"modified":"2026-01-08T13:20:34","modified_gmt":"2026-01-08T13:20:34","slug":"panama","status":"publish","type":"page","link":"https:\/\/moverdb.com\/et\/container-shipping\/panama\/","title":{"rendered":"2023 Mereveo konteineri veohinnad Panamasse ja Panamast"},"content":{"rendered":"<div class=\"wp-block-image\">\n<figure class=\"aligncenter size-full\"><img loading=\"lazy\" decoding=\"async\" width=\"1000\" height=\"710\" src=\"https:\/\/moverdb.com\/wp-content\/uploads\/panama-city.jpg\" alt=\"Panama City, Panama, panoraamvaade\" class=\"wp-image-4693\" srcset=\"https:\/\/moverdb.com\/wp-content\/uploads\/panama-city.jpg 1000w, https:\/\/moverdb.com\/wp-content\/uploads\/panama-city-300x213.jpg 300w, https:\/\/moverdb.com\/wp-content\/uploads\/panama-city-18x12.jpg 18w, https:\/\/moverdb.com\/wp-content\/uploads\/panama-city-600x426.jpg 600w\" sizes=\"auto, (max-width: 1000px) 100vw, 1000px\" \/><\/figure>\n<\/div>\n\n\n<p>On palju h\u00e4id p\u00f5hjusi, miks kolida <strong><a href=\"https:\/\/moverdb.com\/et\/moving-to-panama\/\" data-internallinksmanager029f6b8e52c=\"432\" title=\"Panamasse kolimine? 2023 elamiskulud ja kolimisn\u00f5uanded\">Panama<\/a> <\/strong>v\u00e4ljar\u00e4ndajana. M\u00f5ned neist h\u00f5lmavad imelist ilma, madalat elukallidust, palju kultuurilisi vaatamisv\u00e4\u00e4rsusi, poliitilist stabiilsust ja s\u00f5bralikke kohalikke elanikke.<\/p>\n\n\n\n<p>Sealsel turul on vaja palju spetsialiste ning palgad on konkurentsiv\u00f5imelised ja madala maksum\u00e4\u00e4raga. Lisaks on Panama k\u00f6\u00f6k erakordne ja riigis on suurep\u00e4raselt korraldatud tervishoius\u00fcsteem.<\/p>\n\n\n\n<p>On \u00fctlematagi selge, et otsus kolida sinna v\u00f5ib h\u00f5lmata ka teie isikliku vara transportimist, palgates selleks mingi veoteenuse. Panama meresadamad pakuvad suurep\u00e4raseid v\u00f5imalusi mereveoks.<\/p>\n\n\n\n<p>K\u00e4esolevas artiklis on esitatud madalaim Panama <a href=\"https:\/\/moverdb.com\/et\/container-shipping\/\" data-internallinksmanager029f6b8e52c=\"3\" title=\"Rahvusvaheliste konteinerite veohindade graafik: aprill 2026\">konteinerite veohinnad<\/a> riiki v\u00f5i riigist v\u00e4ljaviimiseks.<\/p>\n\n\n\n<p>Lisaks saate taotleda kohandatud hinnapakkumist teie t\u00e4pse asukoha jaoks, t\u00e4ites oma andmed \u00fclalpool asuva hinnapakkumise t\u00f6\u00f6riista abil.<\/p>\n\n\n\n<h2 class=\"wp-block-heading\">Laevakonteinerite kulud Panamasse (Col\u00f3n)<\/h2>\n\n\n<div class=\"wp-block-image\">\n<figure class=\"aligncenter size-large\"><img loading=\"lazy\" decoding=\"async\" width=\"1024\" height=\"539\" src=\"https:\/\/moverdb.com\/wp-content\/uploads\/Shipping-Container-Costs-to-Panama-1024x539.png\" alt=\"Laevakonteinerite kulud Panamasse (Col\u00f3n)\" class=\"wp-image-4698\" srcset=\"https:\/\/moverdb.com\/wp-content\/uploads\/Shipping-Container-Costs-to-Panama-1024x539.png 1024w, https:\/\/moverdb.com\/wp-content\/uploads\/Shipping-Container-Costs-to-Panama-300x158.png 300w, https:\/\/moverdb.com\/wp-content\/uploads\/Shipping-Container-Costs-to-Panama-1536x809.png 1536w, https:\/\/moverdb.com\/wp-content\/uploads\/Shipping-Container-Costs-to-Panama-18x9.png 18w, https:\/\/moverdb.com\/wp-content\/uploads\/Shipping-Container-Costs-to-Panama-600x316.png 600w, https:\/\/moverdb.com\/wp-content\/uploads\/Shipping-Container-Costs-to-Panama.png 2000w\" sizes=\"auto, (max-width: 1024px) 100vw, 1024px\" \/><\/figure>\n<\/div>\n\n\n<table id=\"tablepress-182\" class=\"tablepress tablepress-id-182\">\n<thead>\n<tr class=\"row-1\">\n\t<th class=\"column-1\">Sihtriik (<a href=\"https:\/\/moverdb.com\/et\/top-49-container-ports\/\" data-internallinksmanager029f6b8e52c=\"80\" title=\"Top 49 suurimat ja tihedaima liiklusega konteinersadamat 2025. aastal\">Sadam<\/a>\/linn)<\/th><th class=\"column-2\">20FT<\/th><th class=\"column-3\">40FT<\/th>\n<\/tr>\n<\/thead>\n<tbody class=\"row-striping row-hover\">\n<tr class=\"row-2\">\n\t<td class=\"column-1\"><a href=\"https:\/\/moverdb.com\/et\/container-shipping\/andorra\/\" data-internallinksmanager029f6b8e52c=\"88\" title=\"2023 Mereveo konteinerite veohinnad Andorrast ja Andorrast\">Andorra (Andorra la Vella)<\/a><\/td><td class=\"column-2\">$4,035<\/td><td class=\"column-3\">$5,908<\/td>\n<\/tr>\n<tr class=\"row-3\">\n\t<td class=\"column-1\"><a href=\"https:\/\/moverdb.com\/et\/container-shipping\/argentina\/\" data-internallinksmanager029f6b8e52c=\"91\" title=\"2023 Mereveo konteinerite veohinnad Argentinasse ja Argentinast\">Argentina (Buenos Aires)<\/a><\/td><td class=\"column-2\">$600<\/td><td class=\"column-3\">$801<\/td>\n<\/tr>\n<tr class=\"row-4\">\n\t<td class=\"column-1\"><a href=\"https:\/\/moverdb.com\/et\/container-shipping\/aruba\/\" data-internallinksmanager029f6b8e52c=\"90\" title=\"2023 Mereveo konteinerite veohinnad Arubale ja Arubalt\">Aruba (Oranjestad)<\/a><\/td><td class=\"column-2\">$600<\/td><td class=\"column-3\">$801<\/td>\n<\/tr>\n<tr class=\"row-5\">\n\t<td class=\"column-1\"><a href=\"https:\/\/moverdb.com\/et\/container-shipping\/australia\/\" data-internallinksmanager029f6b8e52c=\"89\" title=\"2026 Konteinerite veohinnad Austraaliasse ja Austraaliast\">Austraalia (Sydney)<\/a><\/td><td class=\"column-2\">$10,171<\/td><td class=\"column-3\">EI KOHALDATA<\/td>\n<\/tr>\n<tr class=\"row-6\">\n\t<td class=\"column-1\"><a href=\"https:\/\/moverdb.com\/et\/container-shipping\/austria\/\" data-internallinksmanager029f6b8e52c=\"95\" title=\"2023 Mereveo konteineri veohinnad Austriasse ja Austriast\">Austria (Viin)<\/a><\/td><td class=\"column-2\">$4,022<\/td><td class=\"column-3\">EI KOHALDATA<\/td>\n<\/tr>\n<tr class=\"row-7\">\n\t<td class=\"column-1\"><a href=\"https:\/\/moverdb.com\/et\/container-shipping\/belize\/\" data-internallinksmanager029f6b8e52c=\"137\" title=\"2023 Mereveo konteinerite veohinnad Belize&#039;ile ja Belize&#039;ist\">Belize (Belize City)<\/a><\/td><td class=\"column-2\">$891<\/td><td class=\"column-3\">$1,134<\/td>\n<\/tr>\n<tr class=\"row-8\">\n\t<td class=\"column-1\"><a href=\"https:\/\/moverdb.com\/et\/container-shipping\/brazil\/\" data-internallinksmanager029f6b8e52c=\"98\" title=\"2023 Mereveo konteinerite veohinnad Brasiiliasse ja Brasiiliast\">Brasiilia (Santos)<\/a><\/td><td class=\"column-2\">$1,503<\/td><td class=\"column-3\">$2,380<\/td>\n<\/tr>\n<tr class=\"row-9\">\n\t<td class=\"column-1\"><a href=\"https:\/\/moverdb.com\/et\/container-shipping\/cambodia\/\" data-internallinksmanager029f6b8e52c=\"101\" title=\"2023 Mereveo konteinerite veohinnad Kambod\u017easse ja Kambod\u017east\">Kambod\u017ea (Sihanoukville)<\/a><\/td><td class=\"column-2\">$2,332<\/td><td class=\"column-3\">$2,283<\/td>\n<\/tr>\n<tr class=\"row-10\">\n\t<td class=\"column-1\"><a href=\"https:\/\/moverdb.com\/et\/container-shipping\/canada\/\" data-internallinksmanager029f6b8e52c=\"102\" title=\"2023 Mereveo konteinerite veohinnad Kanadasse ja Kanadast\">Kanada (Toronto)<\/a><\/td><td class=\"column-2\">$3,657<\/td><td class=\"column-3\">$4,329<\/td>\n<\/tr>\n<tr class=\"row-11\">\n\t<td class=\"column-1\">Kanada (<a href=\"https:\/\/moverdb.com\/et\/moving-to-canada\/moving-to-vancouver\/\" data-internallinksmanager029f6b8e52c=\"438\" title=\"Kolimine Vancouverisse? 2023 elamiskulud ja kolimisn\u00f5uanded\">Vancouver<\/a>)<\/td><td class=\"column-2\">$1,463<\/td><td class=\"column-3\">$2,058<\/td>\n<\/tr>\n<tr class=\"row-12\">\n\t<td class=\"column-1\"><a href=\"https:\/\/moverdb.com\/et\/container-shipping\/chile\/\" data-internallinksmanager029f6b8e52c=\"104\" title=\"2023 Mereveo konteinerite veohinnad T\u0161iili ja T\u0161iilist\">T\u0161iili (San Antonio)<\/a><\/td><td class=\"column-2\">$1,012<\/td><td class=\"column-3\">$1,187<\/td>\n<\/tr>\n<tr class=\"row-13\">\n\t<td class=\"column-1\"><a href=\"https:\/\/moverdb.com\/et\/container-shipping\/china\/\" data-internallinksmanager029f6b8e52c=\"105\" title=\"2023 Mereveo konteinerite veohinnad Hiinasse ja Hiinast\">Hiina (Peking)<\/a><\/td><td class=\"column-2\">$7,590<\/td><td class=\"column-3\">$8,295<\/td>\n<\/tr>\n<tr class=\"row-14\">\n\t<td class=\"column-1\">Hiina (Shanghai)<\/td><td class=\"column-2\">$10,120<\/td><td class=\"column-3\">$10,290<\/td>\n<\/tr>\n<tr class=\"row-15\">\n\t<td class=\"column-1\"><a href=\"https:\/\/moverdb.com\/et\/container-shipping\/colombia\/\" data-internallinksmanager029f6b8e52c=\"106\" title=\"2023 Mereveo konteinerite veohinnad Kolumbiasse ja Colombiast\">Colombia (Barranquilla)<\/a><\/td><td class=\"column-2\">$825<\/td><td class=\"column-3\">$1,155<\/td>\n<\/tr>\n<tr class=\"row-16\">\n\t<td class=\"column-1\"><a href=\"https:\/\/moverdb.com\/et\/container-shipping\/costa-rica\/\" data-internallinksmanager029f6b8e52c=\"138\" title=\"2023 Mereveo konteineri veohinnad Costa Ricasse ja Costa Ricast\">Costa Rica (Limon)<\/a><\/td><td class=\"column-2\">$935<\/td><td class=\"column-3\">$1,302<\/td>\n<\/tr>\n<tr class=\"row-17\">\n\t<td class=\"column-1\"><a href=\"https:\/\/moverdb.com\/et\/container-shipping\/croatia\/\" data-internallinksmanager029f6b8e52c=\"107\" title=\"2023 Mereveo konteinerite veohinnad Horvaatiasse ja Horvaatiast\">Horvaatia (Rijeka)<\/a><\/td><td class=\"column-2\">$2,951<\/td><td class=\"column-3\">$5,253<\/td>\n<\/tr>\n<tr class=\"row-18\">\n\t<td class=\"column-1\"><a href=\"https:\/\/moverdb.com\/et\/container-shipping\/dominican-republic\/\" data-internallinksmanager029f6b8e52c=\"112\" title=\"2023 Mereveo konteinerite veohinnad Dominikaani Vabariigist ja Dominikaani Vabariiki\">Dominikaani Vabariik (Santo Domingo)<\/a><\/td><td class=\"column-2\">$1,012<\/td><td class=\"column-3\">$1,302<\/td>\n<\/tr>\n<tr class=\"row-19\">\n\t<td class=\"column-1\"><a href=\"https:\/\/moverdb.com\/et\/container-shipping\/germany\/\" data-internallinksmanager029f6b8e52c=\"118\" title=\"2023 Mereveo konteinerite veohinnad Saksamaale ja Saksamaalt\">Saksamaa (Hamburg)<\/a><\/td><td class=\"column-2\">$1,100<\/td><td class=\"column-3\">$1,325<\/td>\n<\/tr>\n<tr class=\"row-20\">\n\t<td class=\"column-1\"><a href=\"https:\/\/moverdb.com\/et\/container-shipping\/greece\/\" data-internallinksmanager029f6b8e52c=\"120\" title=\"2023 Mereveo konteinerite veohinnad Kreekasse ja Kreekast\">Kreeka (Piraeus)<\/a><\/td><td class=\"column-2\">$2,035<\/td><td class=\"column-3\">$2,520<\/td>\n<\/tr>\n<tr class=\"row-21\">\n\t<td class=\"column-1\"><a href=\"https:\/\/moverdb.com\/et\/container-shipping\/guatemala\/\" data-internallinksmanager029f6b8e52c=\"139\" title=\"2023 Mereveo konteinerite veohinnad Guatemalasse ja Guatemalast\">Guatemala (Guatemala City)<\/a><\/td><td class=\"column-2\">$748<\/td><td class=\"column-3\">$935<\/td>\n<\/tr>\n<tr class=\"row-22\">\n\t<td class=\"column-1\"><a href=\"https:\/\/moverdb.com\/et\/container-shipping\/guernsey\/\" data-internallinksmanager029f6b8e52c=\"121\" title=\"2023 Mereveo konteinerite veohinnad Guernsey&#039;sse ja sealt v\u00e4lja\">Guernsey (St Peter Port)<\/a><\/td><td class=\"column-2\">$1,466<\/td><td class=\"column-3\">$1,301<\/td>\n<\/tr>\n<tr class=\"row-23\">\n\t<td class=\"column-1\"><a href=\"https:\/\/moverdb.com\/et\/container-shipping\/haiti\/\" data-internallinksmanager029f6b8e52c=\"122\" title=\"2023 Mereveo konteinerite veohinnad Haitile ja Haitilt\">Haiti (Port-au-Prince)<\/a><\/td><td class=\"column-2\">$1,012<\/td><td class=\"column-3\">$1,302<\/td>\n<\/tr>\n<tr class=\"row-24\">\n\t<td class=\"column-1\"><a href=\"https:\/\/moverdb.com\/et\/container-shipping\/hong-kong\/\" data-internallinksmanager029f6b8e52c=\"123\" title=\"2023 Mereveo konteinerite veohinnad Hongkongi ja Hongkongist\">Hongkong (Hongkong)<\/a><\/td><td class=\"column-2\">$6,750<\/td><td class=\"column-3\">$7,650<\/td>\n<\/tr>\n<tr class=\"row-25\">\n\t<td class=\"column-1\"><a href=\"https:\/\/moverdb.com\/et\/container-shipping\/india\/\" data-internallinksmanager029f6b8e52c=\"125\" title=\"2023 Mereveo konteineri veohinnad Indiasse ja Indiast\">India (Mumbai)<\/a><\/td><td class=\"column-2\">$2,546<\/td><td class=\"column-3\">$3,318<\/td>\n<\/tr>\n<tr class=\"row-26\">\n\t<td class=\"column-1\"><a href=\"https:\/\/moverdb.com\/et\/container-shipping\/indonesia\/\" data-internallinksmanager029f6b8e52c=\"126\" title=\"2023 Mereveo konteinerite veohinnad Indoneesiasse ja Indoneesiast\">Indoneesia (Jakarta)<\/a><\/td><td class=\"column-2\">$1,675<\/td><td class=\"column-3\">$1,713<\/td>\n<\/tr>\n<tr class=\"row-27\">\n\t<td class=\"column-1\"><a href=\"https:\/\/moverdb.com\/et\/container-shipping\/ireland\/\" data-internallinksmanager029f6b8e52c=\"127\" title=\"2023 Mereveo konteinerite veohinnad Iirimaale ja Iirimaalt\">Iirimaa (Dublin)<\/a><\/td><td class=\"column-2\">$2,604<\/td><td class=\"column-3\">$3,266<\/td>\n<\/tr>\n<tr class=\"row-28\">\n\t<td class=\"column-1\"><a href=\"https:\/\/moverdb.com\/et\/container-shipping\/isle-of-man\/\" data-internallinksmanager029f6b8e52c=\"128\" title=\"2023 Mereveo konteinerite veohinnad Mani saarele ja saarelt\">Mani saar (Douglas)<\/a><\/td><td class=\"column-2\">$2,604<\/td><td class=\"column-3\">$3,266<\/td>\n<\/tr>\n<tr class=\"row-29\">\n\t<td class=\"column-1\"><a href=\"https:\/\/moverdb.com\/et\/container-shipping\/israel\/\" data-internallinksmanager029f6b8e52c=\"129\" title=\"2023 Mereveo konteinerite veohinnad Iisraelisse ja Iisraelist\">Iisrael (Haifa)<\/a><\/td><td class=\"column-2\">$1,908<\/td><td class=\"column-3\">$2,735<\/td>\n<\/tr>\n<tr class=\"row-30\">\n\t<td class=\"column-1\"><a href=\"https:\/\/moverdb.com\/et\/container-shipping\/italy\/\" data-internallinksmanager029f6b8e52c=\"130\" title=\"2023 Mereveo konteinerite veohinnad Itaaliasse ja Itaaliast\">Itaalia (Trieste)<\/a><\/td><td class=\"column-2\">$1,153<\/td><td class=\"column-3\">$2,286<\/td>\n<\/tr>\n<tr class=\"row-31\">\n\t<td class=\"column-1\"><a href=\"https:\/\/moverdb.com\/et\/container-shipping\/japan\/\" data-internallinksmanager029f6b8e52c=\"131\" title=\"2023 Mereveo konteinerite veohinnad Jaapanisse ja Jaapanist\">Jaapan (Tokyo)<\/a><\/td><td class=\"column-2\">$2,772<\/td><td class=\"column-3\">$2,804<\/td>\n<\/tr>\n<tr class=\"row-32\">\n\t<td class=\"column-1\"><a href=\"https:\/\/moverdb.com\/et\/container-shipping\/jersey\/\" data-internallinksmanager029f6b8e52c=\"132\" title=\"2023 Mereveo konteinerite veohinnad Jersey&#039;sse ja sealt v\u00e4lja\">Jersey (St Helier)<\/a><\/td><td class=\"column-2\">$1,466<\/td><td class=\"column-3\">$1,301<\/td>\n<\/tr>\n<tr class=\"row-33\">\n\t<td class=\"column-1\"><a href=\"https:\/\/moverdb.com\/et\/container-shipping\/kuwait\/\" data-internallinksmanager029f6b8e52c=\"135\" title=\"2023 Mereveo konteinerite veohinnad Kuveitist ja Kuveitist\">Kuveit (Shuwaikh)<\/a><\/td><td class=\"column-2\">$5,016<\/td><td class=\"column-3\">$5,184<\/td>\n<\/tr>\n<tr class=\"row-34\">\n\t<td class=\"column-1\"><a href=\"https:\/\/moverdb.com\/et\/container-shipping\/latvia\/\" data-internallinksmanager029f6b8e52c=\"136\" title=\"2023 Mereveo konteinerite veohinnad L\u00e4tti ja L\u00e4tist\">L\u00e4ti (Riia)<\/a><\/td><td class=\"column-2\">$1,100<\/td><td class=\"column-3\">$1,620<\/td>\n<\/tr>\n<tr class=\"row-35\">\n\t<td class=\"column-1\"><a href=\"https:\/\/moverdb.com\/et\/container-shipping\/lithuania\/\" data-internallinksmanager029f6b8e52c=\"145\" title=\"2023 Mereveo konteinerite veohinnad Leetu ja Leedust\">Leedu (Klaipeda)<\/a><\/td><td class=\"column-2\">$1,100<\/td><td class=\"column-3\">$1,620<\/td>\n<\/tr>\n<tr class=\"row-36\">\n\t<td class=\"column-1\"><a href=\"https:\/\/moverdb.com\/et\/moving-to-luxembourg\/\" data-internallinksmanager029f6b8e52c=\"349\" title=\"Luksemburgi kolimine? 2023 elamiskulud ja kolimisn\u00f5uanded\">Luksemburg<\/a><\/td><td class=\"column-2\">$830<\/td><td class=\"column-3\">$1,234<\/td>\n<\/tr>\n<tr class=\"row-37\">\n\t<td class=\"column-1\"><a href=\"https:\/\/moverdb.com\/et\/container-shipping\/spain\/\" data-internallinksmanager029f6b8e52c=\"182\" title=\"2023 Mereveo konteinerite veohinnad Hispaaniasse ja Hispaaniast\">Hispaania (Valencia)<\/a><\/td><td class=\"column-2\">$7,095<\/td><td class=\"column-3\">$9,794<\/td>\n<\/tr>\n<tr class=\"row-38\">\n\t<td class=\"column-1\"><a href=\"https:\/\/moverdb.com\/et\/container-shipping\/taiwan\/\" data-internallinksmanager029f6b8e52c=\"183\" title=\"2023 Mereveo konteineri veohinnad Taiwanile ja Taiwanist\">Taiwan (Kaohsiung)<\/a><\/td><td class=\"column-2\">$5,280<\/td><td class=\"column-3\">$5,400<\/td>\n<\/tr>\n<tr class=\"row-39\">\n\t<td class=\"column-1\"><a href=\"https:\/\/moverdb.com\/et\/moving-to-the-united-states\/\" data-internallinksmanager029f6b8e52c=\"94\" title=\"Kolimine Ameerika \u00dchendriikidesse? 2022 Elamiskulud ja kolimisn\u00f5uanded\">USA<\/a> (<a href=\"https:\/\/moverdb.com\/et\/moving-to-los-angeles\/\" data-internallinksmanager029f6b8e52c=\"51\" title=\"Kolimine Los Angelesse? 2026 LA elamiskulud ja kolimisn\u00f5uanded\">Los Angeles<\/a>)<\/td><td class=\"column-2\">$1,123<\/td><td class=\"column-3\">$1,336<\/td>\n<\/tr>\n<tr class=\"row-40\">\n\t<td class=\"column-1\"><a href=\"https:\/\/moverdb.com\/et\/container-shipping\/united-states\/\" data-internallinksmanager029f6b8e52c=\"87\" title=\"2023 Mereveo konteinerite veohinnad USAsse ja USAst\">USA (New York)<\/a><\/td><td class=\"column-2\">$1,155<\/td><td class=\"column-3\">$1,188<\/td>\n<\/tr>\n<tr class=\"row-41\">\n\t<td class=\"column-1\"><a href=\"https:\/\/moverdb.com\/et\/container-shipping\/vietnam\/\" data-internallinksmanager029f6b8e52c=\"245\" title=\"2023 Mereveo konteinerite veohinnad Vietnami ja Vietnamist\">Vietnam (Saigon)<\/a><\/td><td class=\"column-2\">EI KOHALDATA<\/td><td class=\"column-3\">$10,313<\/td>\n<\/tr>\n<\/tbody>\n<\/table>\n<!-- #tablepress-182 from cache -->\n\n\n\n<h2 class=\"wp-block-heading\">Laevakonteinerite maksumus Panama (Col\u00f3n)<\/h2>\n\n\n<div class=\"wp-block-image\">\n<figure class=\"aligncenter size-large\"><img loading=\"lazy\" decoding=\"async\" width=\"1024\" height=\"540\" src=\"https:\/\/moverdb.com\/wp-content\/uploads\/Shipping-Container-Costs-from-Panama-1024x540.png\" alt=\"Laevakonteinerite maksumus Panama (Col\u00f3n)\" class=\"wp-image-4696\" srcset=\"https:\/\/moverdb.com\/wp-content\/uploads\/Shipping-Container-Costs-from-Panama-1024x540.png 1024w, https:\/\/moverdb.com\/wp-content\/uploads\/Shipping-Container-Costs-from-Panama-300x158.png 300w, https:\/\/moverdb.com\/wp-content\/uploads\/Shipping-Container-Costs-from-Panama-1536x809.png 1536w, https:\/\/moverdb.com\/wp-content\/uploads\/Shipping-Container-Costs-from-Panama-18x9.png 18w, https:\/\/moverdb.com\/wp-content\/uploads\/Shipping-Container-Costs-from-Panama-600x316.png 600w, https:\/\/moverdb.com\/wp-content\/uploads\/Shipping-Container-Costs-from-Panama.png 2000w\" sizes=\"auto, (max-width: 1024px) 100vw, 1024px\" \/><\/figure>\n<\/div>\n\n\n<table id=\"tablepress-178\" class=\"tablepress tablepress-id-178\">\n<thead>\n<tr class=\"row-1\">\n\t<th class=\"column-1\">Sihtriik (sadam\/linn)<\/th><th class=\"column-2\">20FT<\/th><th class=\"column-3\">40FT<\/th>\n<\/tr>\n<\/thead>\n<tbody class=\"row-striping row-hover\">\n<tr class=\"row-2\">\n\t<td class=\"column-1\">Andorra (Andorra la Vella)<\/td><td class=\"column-2\">$1,002<\/td><td class=\"column-3\">$1,424<\/td>\n<\/tr>\n<tr class=\"row-3\">\n\t<td class=\"column-1\">Austraalia (Sydney)<\/td><td class=\"column-2\">$1,825<\/td><td class=\"column-3\">EI KOHALDATA<\/td>\n<\/tr>\n<tr class=\"row-4\">\n\t<td class=\"column-1\">Austria (Viin)<\/td><td class=\"column-2\">$250<\/td><td class=\"column-3\">$250<\/td>\n<\/tr>\n<tr class=\"row-5\">\n\t<td class=\"column-1\"><a href=\"https:\/\/moverdb.com\/et\/container-shipping\/belgium\/\" data-internallinksmanager029f6b8e52c=\"86\" title=\"2023 Mereveo konteinerite veohinnad Belgiasse ja Belgiast\">Belgia (Antwerpen)<\/a><\/td><td class=\"column-2\">$916<\/td><td class=\"column-3\">$1,329<\/td>\n<\/tr>\n<tr class=\"row-6\">\n\t<td class=\"column-1\">Belize (Belize City)<\/td><td class=\"column-2\">$930<\/td><td class=\"column-3\">$1,476<\/td>\n<\/tr>\n<tr class=\"row-7\">\n\t<td class=\"column-1\">Brasiilia (Santos)<\/td><td class=\"column-2\">$1,320<\/td><td class=\"column-3\">$1,533<\/td>\n<\/tr>\n<tr class=\"row-8\">\n\t<td class=\"column-1\">Kanada (Vancouver)<\/td><td class=\"column-2\">$1,313<\/td><td class=\"column-3\">$1,666<\/td>\n<\/tr>\n<tr class=\"row-9\">\n\t<td class=\"column-1\">T\u0161iili (San Antonio)<\/td><td class=\"column-2\">$936<\/td><td class=\"column-3\">$1,229<\/td>\n<\/tr>\n<tr class=\"row-10\">\n\t<td class=\"column-1\">Hiina (Shanghai)<\/td><td class=\"column-2\">$517<\/td><td class=\"column-3\">$635<\/td>\n<\/tr>\n<tr class=\"row-11\">\n\t<td class=\"column-1\">Colombia (Barranquilla)<\/td><td class=\"column-2\">$385<\/td><td class=\"column-3\">$420<\/td>\n<\/tr>\n<tr class=\"row-12\">\n\t<td class=\"column-1\">Costa Rica (Limon)<\/td><td class=\"column-2\">$1,001<\/td><td class=\"column-3\">$1,491<\/td>\n<\/tr>\n<tr class=\"row-13\">\n\t<td class=\"column-1\">Dominikaani Vabariik (Santo Domingo)<\/td><td class=\"column-2\">$1,424<\/td><td class=\"column-3\">$1,904<\/td>\n<\/tr>\n<tr class=\"row-14\">\n\t<td class=\"column-1\">Saksamaa (Hamburg)<\/td><td class=\"column-2\">$935<\/td><td class=\"column-3\">$1,260<\/td>\n<\/tr>\n<tr class=\"row-15\">\n\t<td class=\"column-1\"><a href=\"https:\/\/moverdb.com\/et\/moving-to-gibraltar\/\" data-internallinksmanager029f6b8e52c=\"431\" title=\"Kolimine Gibraltarile? 2023 elamiskulud ja kolimisn\u00f5uanded\">Gibraltar<\/a><\/td><td class=\"column-2\">$977<\/td><td class=\"column-3\">$1,004<\/td>\n<\/tr>\n<tr class=\"row-16\">\n\t<td class=\"column-1\">Guatemala (Guatemala City)<\/td><td class=\"column-2\">$792<\/td><td class=\"column-3\">$1,040<\/td>\n<\/tr>\n<tr class=\"row-17\">\n\t<td class=\"column-1\">Guernsey (St Peter Port)<\/td><td class=\"column-2\">$814<\/td><td class=\"column-3\">$741<\/td>\n<\/tr>\n<tr class=\"row-18\">\n\t<td class=\"column-1\">Haiti (Port-au-Prince)<\/td><td class=\"column-2\">$1,424<\/td><td class=\"column-3\">$1,904<\/td>\n<\/tr>\n<tr class=\"row-19\">\n\t<td class=\"column-1\">Hongkong (Hongkong)<\/td><td class=\"column-2\">$193<\/td><td class=\"column-3\">$368<\/td>\n<\/tr>\n<tr class=\"row-20\">\n\t<td class=\"column-1\">India (Mumbai)<\/td><td class=\"column-2\">$550<\/td><td class=\"column-3\">$714<\/td>\n<\/tr>\n<tr class=\"row-21\">\n\t<td class=\"column-1\">Indoneesia (Jakarta)<\/td><td class=\"column-2\">$950<\/td><td class=\"column-3\">$1,474<\/td>\n<\/tr>\n<tr class=\"row-22\">\n\t<td class=\"column-1\">Itaalia (Trieste)<\/td><td class=\"column-2\">$1,142<\/td><td class=\"column-3\">$1,806<\/td>\n<\/tr>\n<tr class=\"row-23\">\n\t<td class=\"column-1\">Jaapan (Tokyo)<\/td><td class=\"column-2\">$627<\/td><td class=\"column-3\">$830<\/td>\n<\/tr>\n<tr class=\"row-24\">\n\t<td class=\"column-1\">Jersey (St Helier)<\/td><td class=\"column-2\">$814<\/td><td class=\"column-3\">$741<\/td>\n<\/tr>\n<tr class=\"row-25\">\n\t<td class=\"column-1\">L\u00e4ti (Riia)<\/td><td class=\"column-2\">$1,161<\/td><td class=\"column-3\">$1,372<\/td>\n<\/tr>\n<tr class=\"row-26\">\n\t<td class=\"column-1\">Leedu (Klaipeda)<\/td><td class=\"column-2\">$1,161<\/td><td class=\"column-3\">$1,372<\/td>\n<\/tr>\n<tr class=\"row-27\">\n\t<td class=\"column-1\">Luksemburg<\/td><td class=\"column-2\">$253<\/td><td class=\"column-3\">$249<\/td>\n<\/tr>\n<tr class=\"row-28\">\n\t<td class=\"column-1\"><a href=\"https:\/\/moverdb.com\/et\/container-shipping\/mexico\/\" data-internallinksmanager029f6b8e52c=\"162\" title=\"2023 Mereveo konteinerite veohinnad Mehhikosse ja Mehhikost\">Mehhiko (Manzanillo)<\/a><\/td><td class=\"column-2\">$1,037<\/td><td class=\"column-3\">$1,525<\/td>\n<\/tr>\n<tr class=\"row-29\">\n\t<td class=\"column-1\"><a href=\"https:\/\/moverdb.com\/et\/container-shipping\/netherlands\/\" data-internallinksmanager029f6b8e52c=\"151\" title=\"2023 Mereveo konteinerite veohinnad Hollandisse ja Hollandist\">Madalmaad (Rotterdam)<\/a><\/td><td class=\"column-2\">$916<\/td><td class=\"column-3\">$1,329<\/td>\n<\/tr>\n<\/tbody>\n<\/table>\n<!-- #tablepress-178 from cache -->\n\n\n\n<h3 class=\"wp-block-heading\">M\u00e4rkused andmete kohta:<\/h3>\n\n\n\n<ul class=\"wp-block-list\"><li>K\u00f5ik $ arvud on v\u00e4ljendatud USA dollarites (USD);<\/li><li>Hinnad on t\u00e4psed alates 2022. aasta algusest;<\/li><li>Selles artiklis olevad kaardid on loodud kasutades <a href=\"https:\/\/www.mapchart.net\" target=\"_blank\" rel=\"noreferrer noopener\">https:\/\/www.mapchart.net<\/a>. Te v\u00f5ite neid kaarte vabalt jagada, kui te annate lingi, mis viitab tagasi <a href=\"https:\/\/moverdb.com\/et\/\" target=\"_blank\" rel=\"noreferrer noopener\">MoverDB<\/a>;<\/li><li>\u00dclaltoodud m\u00e4\u00e4rad on ainult hinnangulised ja v\u00f5ivad olla muutunud alates k\u00e4esoleva artikli avaldamisest (aprill 2022). Need p\u00f5hinevad k\u00f5ige madalamal hinnangulisel m\u00e4\u00e4ral, mis on saadud kas <a href=\"https:\/\/www.searates.com\" target=\"_blank\" rel=\"noreferrer noopener\">https:\/\/www.searates.com<\/a> v\u00f5i <a href=\"https:\/\/www.gocomet.com\/freight-shipping-rates-index-calculator\" target=\"_blank\" rel=\"noreferrer noopener\">https:\/\/www.gocomet.com<\/a>;<\/li><li>Selleks, et saada t\u00e4psem ettekujutus maksumusest, kasutage palun selle lehek\u00fclje \u00fclaosas olevat hinnapakkumise vormi;<\/li><li>Palun vaadake ka meie juhendit <a href=\"https:\/\/moverdb.com\/et\/konteiner-laevandus\/\" target=\"_blank\" rel=\"noreferrer noopener\">rahvusvaheline konteinervedu<\/a>.<\/li><\/ul>","protected":false},"excerpt":{"rendered":"<p>There are many great reasons for moving to Panama as an expat. Some of them include the wonderful weather, the low cost of living, many cultural attractions, the political stability, and the friendly natives. Jobwise, the market there is in need of many experts and wages are competitive and come with low tax requirements. Additionally, [&hellip;]<\/p>\n","protected":false},"author":2,"featured_media":4693,"parent":44,"menu_order":0,"comment_status":"closed","ping_status":"closed","template":"","meta":{"_genesis_hide_title":false,"_genesis_hide_breadcrumbs":false,"_genesis_hide_singular_image":false,"_genesis_hide_footer_widgets":false,"_genesis_custom_body_class":"","_genesis_custom_post_class":"","_genesis_layout":"","footnotes":""},"class_list":{"0":"post-4724","1":"page","2":"type-page","3":"status-publish","4":"has-post-thumbnail","6":"entry"},"_links":{"self":[{"href":"https:\/\/moverdb.com\/et\/wp-json\/wp\/v2\/pages\/4724","targetHints":{"allow":["GET"]}}],"collection":[{"href":"https:\/\/moverdb.com\/et\/wp-json\/wp\/v2\/pages"}],"about":[{"href":"https:\/\/moverdb.com\/et\/wp-json\/wp\/v2\/types\/page"}],"author":[{"embeddable":true,"href":"https:\/\/moverdb.com\/et\/wp-json\/wp\/v2\/users\/2"}],"replies":[{"embeddable":true,"href":"https:\/\/moverdb.com\/et\/wp-json\/wp\/v2\/comments?post=4724"}],"version-history":[{"count":1,"href":"https:\/\/moverdb.com\/et\/wp-json\/wp\/v2\/pages\/4724\/revisions"}],"predecessor-version":[{"id":4725,"href":"https:\/\/moverdb.com\/et\/wp-json\/wp\/v2\/pages\/4724\/revisions\/4725"}],"up":[{"embeddable":true,"href":"https:\/\/moverdb.com\/et\/wp-json\/wp\/v2\/pages\/44"}],"wp:featuredmedia":[{"embeddable":true,"href":"https:\/\/moverdb.com\/et\/wp-json\/wp\/v2\/media\/4693"}],"wp:attachment":[{"href":"https:\/\/moverdb.com\/et\/wp-json\/wp\/v2\/media?parent=4724"}],"curies":[{"name":"wp","href":"https:\/\/api.w.org\/{rel}","templated":true}]}}