{"id":452,"date":"2016-07-03T20:39:16","date_gmt":"2016-07-03T20:39:16","guid":{"rendered":"http:\/\/moverdb.com\/?page_id=452"},"modified":"2026-01-08T15:30:42","modified_gmt":"2026-01-08T15:30:42","slug":"world-shipping-council","status":"publish","type":"page","link":"https:\/\/moverdb.com\/et\/world-shipping-council\/","title":{"rendered":"Maailma Laevandusn\u00f5ukogu (WSC) selgitused"},"content":{"rendered":"<p>Maailma Laevandusn\u00f5ukogu (WSC) on liinilaevanduse h\u00e4\u00e4lekandja. See loodi algselt suurimate liinilaevandusettev\u00f5tete lobit\u00f6\u00f6grupina ning sellest on saanud t\u00f6\u00f6stuse ja valitsuse n\u00f5ustaja nii erinevatel teemadel nagu turvalisus ja keskkonnak\u00fcsimused.<\/p>\n<p><strong>Olulisemad faktid WSC kohta<\/strong><\/p>\n<ul>\n<li>  WSC-l on 26 liiget.<\/li>\n<li>  WSC liikmed haldavad ligikaudu 90 protsenti maailma liinilaevade l\u00e4bilaskev\u00f5imest.<\/li>\n<li>  Nende teenuste kaudu transporditakse umbes 60 protsenti maailma merekaubanduse v\u00e4\u00e4rtusest ja rohkem kui <a href=\"https:\/\/moverdb.com\/et\/moving-to-the-united-states\/\" data-internallinksmanager029f6b8e52c=\"94\" title=\"Kolimine Ameerika \u00dchendriikidesse? 2022 Elamiskulud ja kolimisn\u00f5uanded\">USA<\/a>$ 4 triljoni v\u00e4\u00e4rtuses kaupu aastas.<\/li>\n<li>  WSC on liinilaevanduse \u00fclemaailmne esindaja.<\/li>\n<li>  WSC loodi 2000. aastal k\u00f5ige olulisemate suuremate liinilaevandusettev\u00f5tete tegevjuhtide poolt. <a href=\"https:\/\/moverdb.com\/et\/laevandusfirmad\/\">laevandusettev\u00f5tted<\/a>.<\/li>\n<li>  2009. aastal anti WSC-le konsultatiivse staatuse <a href=\"https:\/\/moverdb.com\/et\/international-maritime-organisation\/\" data-internallinksmanager029f6b8e52c=\"24\" title=\"Rahvusvahelise Mereorganisatsiooni (IMO) selgitused\">Rahvusvaheline Mereorganisatsioon<\/a>.<\/li>\n<li>  WSC asub <a href=\"https:\/\/moverdb.com\/et\/moving-to-washington-dc\/\">Washington, DC<\/a>.<\/li>\n<li>  WSC liikmed on p\u00e4rit \u00fcle kogu maailma, alates <a href=\"https:\/\/moverdb.com\/et\/moving-to-china\/\" data-internallinksmanager029f6b8e52c=\"357\" title=\"Kolimine Hiinasse? 2023 elamiskulud ja kolimisn\u00f5uanded\">Hiina<\/a> Ameerikasse.<\/li>\n<\/ul>\n<p><strong>Maailma Laevandusn\u00f5ukogu profiil:<\/strong><\/p>\n<p>WSC on t\u00f6\u00f6stusharu organisatsioon, mille arendasid 2000. aastal v\u00e4lja liinilaevanduse valdkonna eestvedajad. Ta on m\u00e4nginud olulist rolli liinilaevanduse jaoks olulistel hetkedel, n\u00e4iteks koost\u00f6\u00f6s maailma valitsuste ja organisatsioonidega, et aidata v\u00e4lja t\u00f6\u00f6tada seadusi, eeskirju ja programme, mis on m\u00f5eldud rahvusvahelise merekaubanduse paremaks tagamiseks p\u00e4rast 2001. aasta terrorir\u00fcnnakuid. <\/p>\n<p>WSC peamine eesm\u00e4rk on tegeleda kaubandus-, julgeoleku- ja tollik\u00fcsimustega, mis m\u00f5jutavad t\u00f6\u00f6stust ennast ja selle m\u00f5ju kogu maailmale. Viimastel aastatel on ta hakanud keskenduma ka keskkonnak\u00fcsimustele. <\/p>\n<p>WSC-d peetakse nii t\u00f6\u00f6stuse kui ka valitsuste lugupeetud n\u00f5uandjaks - n\u00e4iteks on talle antud Rahvusvahelise Mereorganisatsiooni n\u00f5uandev staatus. Samuti osaleb ta aktiivselt poliitilistes aruteludes, kui need poliitikad m\u00f5jutavad liinilaevandussektorit.<\/p>\n<p><strong>Liikmesfirmad suuruse j\u00e4rgi:<\/strong><\/p>\n<ul>\n<li> <a href=\"https:\/\/moverdb.com\/et\/cma-cgm\/\">CMA CGM Group<\/a><\/li>\n<li> <a href=\"https:\/\/moverdb.com\/et\/hapag-lloyd\/\">Hapag-Lloyd<\/a><\/li>\n<li> <a href=\"https:\/\/moverdb.com\/et\/evergreen-marine\/\">Evergreen Marine<\/a><\/li>\n<li> <a href=\"https:\/\/moverdb.com\/et\/hamburg-sud\/\">Hamburg S\u00fcd<\/a><\/li>\n<\/ul>\n<p><strong>Liikmeks saamise kriteeriumid:<\/strong><\/p>\n<p>Kodulehel ei ole loetletud liikmelisuse kriteeriume. WSC kirjeldab oma liikmeid j\u00e4rgmiselt <em>\"Nad on investeerinud sadu miljardeid dollareid laevadesse, <a href=\"https:\/\/moverdb.com\/et\/top-49-container-ports\/\" data-internallinksmanager029f6b8e52c=\"80\" title=\"Top 49 suurimat ja tihedaima liiklusega konteinersadamat 2025. aastal\">sadam<\/a> terminalid, veoettev\u00f5tjad, laod ja tehnoloogia, et tagada j\u00e4tkuvalt mitmesuguseid v\u00f5imalusi ohutuks, usaldusv\u00e4\u00e4rseks ja \u00f6konoomseks rahvusvaheliseks kaubaveoks.\"<\/em> <\/p>\n<p>Sellest selgub, et liikmeks ei saa saada \u00fcksk\u00f5ik milline ettev\u00f5te. Esindusliikmete hulka kuuluvad Hyundai Merchant Marine Company ja United Arab <a href=\"https:\/\/moverdb.com\/et\/shipping-companies\/\" data-internallinksmanager029f6b8e52c=\"4\" title=\"Top 10 rahvusvahelist konteinerilaevandusettev\u00f5tet\">Laevandusettev\u00f5te<\/a>.<\/p>\n<p>Esitatud on kontakt e-posti aadress, mida v\u00f5iks kasutada nende jaoks, kes soovivad k\u00fcsida liikmeks saamise kohta: info@worldshipping.org.<\/p>\n<p><strong>Arvamused WSC kohta:<\/strong><\/p>\n<p>WSC on <a href=\"http:\/\/www.iims.org.uk\/world-shipping-council-advises-prepare-container-weight-verification\/\" target=\"_blank\" rel=\"noopener\">tsiteeritud uudistes<\/a> kui teabeallikas regulatiivsete ja seadusandlike muudatuste kohta ning on selgelt tunnustatud organisatsioon, mis on suhtluskanaliks seadusandjate ja t\u00f6\u00f6stuse vahel. <\/p>\n<p>Selle t\u00f6\u00f6 on h\u00f5lmanud ka abi seoses segaduse tekkimisega seoses tulevaste \u00f5iguslike muudatustega ja \u00f5igusaktide \u00fclemineku sujuvamaks muutmisega kirjalikust \u00f5igusest tegelikkuseks. <\/p>\n<p>Kuigi liikmete nimekiri on esitatud WSC veebilehel, n\u00e4itab paari ettev\u00f5tte veebilehe kiire kontroll, et nad ei n\u00e4ita silmatorkavalt oma liikmelisust WSC-s. <\/p>\n<p>T\u00f5en\u00e4oliselt on see tingitud sellest, et WSC ei ole mitte kaubanduslikule veebisaidile sobiv akrediteering, vaid t\u00f6\u00f6stusharu asutus, kus k\u00f5nealustel ettev\u00f5tetel on n\u00f5uandev ja n\u00f5uandev roll.<\/p>\n<p><strong>Veebileht:<\/strong> <a href=\"http:\/\/www.worldshipping.org\/\" target=\"_blank\" rel=\"noopener\">http:\/\/www.worldshipping.org\/<\/a><\/p>\n<p><strong>Lisateavet laevanduse kohta vt:<\/strong> <a href=\"https:\/\/moverdb.com\/et\/konteiner-laevandus\/\">2018. aasta rahvusvaheliste konteinerite veohinnad ja -kulud<\/a> ja <a href=\"https:\/\/moverdb.com\/et\/ekspediitor\/\">Ekspedeerija ja NVOCC rahvusvaheliste kulude ja ettev\u00f5tete juhend<\/a><\/p>","protected":false},"excerpt":{"rendered":"<p>The World Shipping Council (WSC) provides a voice for the liner shipping industry. It was initially established as a lobbying group for the biggest liner shipping businesses and has become an advisor to industry and government on topics as varied as security and environmental issues. Key facts about the WSC The WSC has 26 members. [&hellip;]<\/p>\n","protected":false},"author":1,"featured_media":0,"parent":0,"menu_order":0,"comment_status":"closed","ping_status":"closed","template":"","meta":{"_genesis_hide_title":false,"_genesis_hide_breadcrumbs":false,"_genesis_hide_singular_image":false,"_genesis_hide_footer_widgets":false,"_genesis_custom_body_class":"","_genesis_custom_post_class":"","_genesis_layout":"","footnotes":""},"class_list":{"0":"post-452","1":"page","2":"type-page","3":"status-publish","5":"entry"},"_links":{"self":[{"href":"https:\/\/moverdb.com\/et\/wp-json\/wp\/v2\/pages\/452","targetHints":{"allow":["GET"]}}],"collection":[{"href":"https:\/\/moverdb.com\/et\/wp-json\/wp\/v2\/pages"}],"about":[{"href":"https:\/\/moverdb.com\/et\/wp-json\/wp\/v2\/types\/page"}],"author":[{"embeddable":true,"href":"https:\/\/moverdb.com\/et\/wp-json\/wp\/v2\/users\/1"}],"replies":[{"embeddable":true,"href":"https:\/\/moverdb.com\/et\/wp-json\/wp\/v2\/comments?post=452"}],"version-history":[{"count":12,"href":"https:\/\/moverdb.com\/et\/wp-json\/wp\/v2\/pages\/452\/revisions"}],"predecessor-version":[{"id":6254,"href":"https:\/\/moverdb.com\/et\/wp-json\/wp\/v2\/pages\/452\/revisions\/6254"}],"wp:attachment":[{"href":"https:\/\/moverdb.com\/et\/wp-json\/wp\/v2\/media?parent=452"}],"curies":[{"name":"wp","href":"https:\/\/api.w.org\/{rel}","templated":true}]}}