{"id":451,"date":"2016-07-04T14:16:48","date_gmt":"2016-07-04T14:16:48","guid":{"rendered":"http:\/\/moverdb.com\/?page_id=451"},"modified":"2026-01-08T14:39:55","modified_gmt":"2026-01-08T14:39:55","slug":"rahvusvaheline-maritime-organisatsioon","status":"publish","type":"page","link":"https:\/\/moverdb.com\/et\/international-maritime-organisation\/","title":{"rendered":"Rahvusvahelise Mereorganisatsiooni (IMO) selgitused"},"content":{"rendered":"<p>Rahvusvaheline Mereorganisatsioon (IMO) on \u00dcRO agentuur, mille asukoht on <a href=\"https:\/\/moverdb.com\/et\/moving-to-the-uk\/\" data-internallinksmanager029f6b8e52c=\"93\" title=\"Kolimine \u00dchendkuningriiki? 2022 Elamiskulud ja kolimisn\u00f5uanded\">UK<\/a>, mis vastutab laevanduse reguleerimise eest. Ta kirjeldab end kui \u00fclemaailmset standardeid kehtestavat asutust laevade ohutuse, turvalisuse ja keskkonnategevuse tulemuslikkuse kohta. <a href=\"https:\/\/moverdb.com\/et\/konteiner-laevandus\/\">rahvusvaheline laevandus<\/a>.<\/p>\n<p><strong>Olulisemad faktid Rahvusvahelise Mereorganisatsiooni kohta<\/strong><\/p>\n<ul>\n<li>  IMO-l on 171 liikmesriiki ja kolm assotsieerunud liiget.<\/li>\n<li>  IMO on 1948. aastal loodud \u00dcRO agentuur, mis alustas tegevust k\u00fcmme aastat hiljem.<\/li>\n<li>  Enamik liikmesriike, kes ei ole IMO liikmed, on sisemaariikideks, kellel puudub huvi v\u00f5i osalus laevanduses.<\/li>\n<li>  IMO kolm assotsieerunud liiget on F\u00e4\u00e4ri saared, <a href=\"https:\/\/moverdb.com\/et\/moving-to-hong-kong\/\" data-internallinksmanager029f6b8e52c=\"350\" title=\"Kolimine Hongkongi? 2023 elamiskulud ja kolimisn\u00f5uanded\">Hongkong<\/a> ja Aomeni.<\/li>\n<li>  Rahvusvaheline konventsioon inimelude ohutusest merel on \u00fcks IMO tuntumaid \u00f5igusakte.<\/li>\n<li>  <a href=\"https:\/\/moverdb.com\/et\/container-shipping\/\" data-internallinksmanager029f6b8e52c=\"3\" title=\"Rahvusvaheliste konteinerite veohindade graafik: aprill 2026\">Rahvusvaheline laevandus<\/a> transpordib \u00fcle 80% \u00fclemaailmsest kaubandusest rahvastele ja kogukondadele \u00fcle kogu maailma.<\/li>\n<li>  IMO p\u00e4devus h\u00f5lmab k\u00f5iki rahvusvahelise laevanduse aspekte, sealhulgas laevade projekteerimist, ehitust, varustust, mehitamist, k\u00e4itamist ja k\u00f5rvaldamist.<\/li>\n<li>  N\u00f5ukogu v\u00f5ib assamblee heakskiidul anda valitsusv\u00e4listele rahvusvahelistele organisatsioonidele, kes suudavad anda olulise panuse IMO t\u00f6\u00f6sse, n\u00f5uandva staatuse.<\/li>\n<\/ul>\n<p><strong>IMO profiil<\/strong><\/p>\n<p>IMO on \u00fclemaailmne agentuur, mis kuulub \u00dcRO p\u00e4devusse. See koosneb assambleest, n\u00f5ukogust ja viiest peamisest komiteest: <\/p>\n<ol>\n<li> Meres\u00f5iduohutuse komitee<\/li>\n<li> Merekeskkonna kaitse komitee<\/li>\n<li> \u00d5iguskomisjon<\/li>\n<li> Tehnilise koost\u00f6\u00f6 komitee<\/li>\n<li> Vahenduskomitee<\/li>\n<\/ol>\n<p>IMO on olnud vastutav paljude \u00f5igusaktide eest, mille eesm\u00e4rk on parandada meres\u00f5iduohutust, parandada mereriikide vahelist kaubandust ja kaitsta merekeskkonda. <\/p>\n<p>Lisaks sellele, et IMO vaatleb laevandussektorit praegusel kujul, on ta seotud ka selle tuleviku kindlustamisega, et see oleks turvaline, keskkonnas\u00f5bralik ja energiat\u00f5hus. <\/p>\n<p>On v\u00e4ga v\u00e4he, mida IMO ei h\u00f5lma, sealhulgas merendussektori inimtegur, meres\u00f5iduohutus ja tehniline koost\u00f6\u00f6, mille eesm\u00e4rk on aidata valitsusi, kellel puuduvad tehnilised teadmised ja ressursid, mis on vajalikud merendussektori edukaks toimimiseks.<\/p>\n<p><strong>Liikmeks saamise kriteeriumid <\/strong><\/p>\n<p>Liikmelisus on riikide alusel. IMO liikmeks saamiseks ratifitseerib riik mitmepoolse lepingu, mida nimetatakse Rahvusvahelise Mereorganisatsiooni konventsiooniks.<\/p>\n<p><strong>Arvamused IMO kohta:<\/strong><\/p>\n<p>IMO on \u00fclemaailmselt <a href=\"http:\/\/www.unsceb.org\/content\/imo\" target=\"_blank\" rel=\"noopener\">tunnustatud organisatsioon<\/a> tunnustatud staatusega. See on v\u00e4ga n\u00e4htav ja on merendussektoris v\u00f5imas j\u00f5ud. Internetis on teave IMO kohta keskendunud tema rollile valitsustevahelise koost\u00f6\u00f6 edendamisel, samuti rahvusvaheliste merenduskonverentside kokkukutsumisel ja rahvusvaheliste konventsioonide v\u00f5i lepingute koostamisel k\u00f5nealusel teemal. <\/p>\n<p>Samuti r\u00f5hutatakse selle rolli turvalisuses nendes kohtades, kus seda mainitakse. Kuna IMO liikmeks on riik, ei mainita seda \u00fcksikute ettev\u00f5tete veebilehtedel, kuid see esineb sageli j\u00e4rgmistes dokumentides <a href=\"http:\/\/www.britannica.com\/topic\/International-Maritime-Organization\" target=\"_blank\" rel=\"noopener\">veebip\u00f5hised ents\u00fcklopeediad<\/a> ja veebilehed, mis kirjeldavad \u00dcRO struktuuri.<\/p>\n<p><strong>Veebileht:<\/strong> <a href=\"http:\/\/www.imo.org\/en\/Pages\/Default.aspx\" target=\"_blank\" rel=\"noopener\">http:\/\/www.imo.org\/<\/a><\/p>\n<p><strong>Lisateavet laevanduse kohta vt:<\/strong> <a href=\"https:\/\/moverdb.com\/et\/konteiner-laevandus\/\">2018. aasta rahvusvaheliste konteinerite veohinnad ja -kulud<\/a> ja <a href=\"https:\/\/moverdb.com\/et\/ekspediitor\/\">Ekspedeerija ja NVOCC rahvusvaheliste kulude ja ettev\u00f5tete juhend<\/a><\/p>","protected":false},"excerpt":{"rendered":"<p>The International Maritime Organisation (IMO) is a UN agency, based in the UK, which is responsible for regulating shipping. It describes itself as the global standard-setting authority for the safety, security and environmental performance of international shipping. Key facts about the International Maritime Organisation The IMO has 171 Member States and three Associate Members. The [&hellip;]<\/p>\n","protected":false},"author":1,"featured_media":0,"parent":0,"menu_order":0,"comment_status":"closed","ping_status":"closed","template":"","meta":{"_genesis_hide_title":false,"_genesis_hide_breadcrumbs":false,"_genesis_hide_singular_image":false,"_genesis_hide_footer_widgets":false,"_genesis_custom_body_class":"","_genesis_custom_post_class":"","_genesis_layout":"","footnotes":""},"class_list":{"0":"post-451","1":"page","2":"type-page","3":"status-publish","5":"entry"},"_links":{"self":[{"href":"https:\/\/moverdb.com\/et\/wp-json\/wp\/v2\/pages\/451","targetHints":{"allow":["GET"]}}],"collection":[{"href":"https:\/\/moverdb.com\/et\/wp-json\/wp\/v2\/pages"}],"about":[{"href":"https:\/\/moverdb.com\/et\/wp-json\/wp\/v2\/types\/page"}],"author":[{"embeddable":true,"href":"https:\/\/moverdb.com\/et\/wp-json\/wp\/v2\/users\/1"}],"replies":[{"embeddable":true,"href":"https:\/\/moverdb.com\/et\/wp-json\/wp\/v2\/comments?post=451"}],"version-history":[{"count":6,"href":"https:\/\/moverdb.com\/et\/wp-json\/wp\/v2\/pages\/451\/revisions"}],"predecessor-version":[{"id":13163,"href":"https:\/\/moverdb.com\/et\/wp-json\/wp\/v2\/pages\/451\/revisions\/13163"}],"wp:attachment":[{"href":"https:\/\/moverdb.com\/et\/wp-json\/wp\/v2\/media?parent=451"}],"curies":[{"name":"wp","href":"https:\/\/api.w.org\/{rel}","templated":true}]}}