{"id":449,"date":"2016-07-04T14:35:22","date_gmt":"2016-07-04T14:35:22","guid":{"rendered":"http:\/\/moverdb.com\/?page_id=449"},"modified":"2026-01-08T14:48:17","modified_gmt":"2026-01-08T14:48:17","slug":"eurovan-movers","status":"publish","type":"page","link":"https:\/\/moverdb.com\/et\/eurovan-movers\/","title":{"rendered":"Eurovan International Movers Network (EM) Selgitatud"},"content":{"rendered":"<p>Eurovan International Movers Network (EM) on s\u00f5ltumatute kohalike kolijate v\u00f5rgustik, mis asub <a href=\"https:\/\/moverdb.com\/et\/moving-to-germany\/\" data-internallinksmanager029f6b8e52c=\"321\" title=\"Kolimine Saksamaale? 2023 elamiskulud ja kolimisn\u00f5uanded\">Saksamaa<\/a>. V\u00f5rgustik on loodud selleks, et vastata vajadusele pakkuda \u00fchtlast teenust rahvusvahelistel vedudel, mis v\u00f5ivad l\u00e4bida mitmeid riike.<\/p>\n<p><strong>Peamised faktid Eurovan International Movers Networki kohta:<\/strong><\/p>\n<ul>\n<li>  Kui kolimine toimub t\u00e4ielikult Euroopas, j\u00e4lgib, koordineerib ja kontrollib EM peakorter k\u00f5iki kolimisi \u00fchest riigist teise.<\/li>\n<li>  EM pakub oma v\u00f5rgustiku kaudu mitmesuguseid teenuseid, sealhulgas koordineerimist ja toiminguid, ladustamist ja ladustamist, pakkimist ja lahtipakkimist ning p\u00e4ritolu- ja sihtkohateenuseid.<\/li>\n<li>  EMil on seitse \u00fclemaailmset partnerit, mis h\u00f5lmavad Aafrikat, Aasiat, P\u00f5hja- ja L\u00f5una-Ameerikat.<\/li>\n<li>  EMil on umbes 35 Euroopa partnerit, kellest kaheksa on Euroopa Liidus. <a href=\"https:\/\/moverdb.com\/et\/rahvusvahelised-kolimised\/\">UK<\/a>.<\/li>\n<li>  Kui EMi peakorter j\u00e4lgib liikumist, v\u00f5imaldab see EMil v\u00e4hendada t\u00fchja l\u00e4bis\u00f5itu ja leida v\u00f5imalusi rahalise kokkuhoiu saavutamiseks.<\/li>\n<li>  EMi haare on \u00fclemaailmne.<\/li>\n<\/ul>\n<p><strong>Eurovan Movers profiil:<\/strong><\/p>\n<p>EM on organisatsioon, mis tegutseb pigem \"partnerite\" kui liikmete alusel. Kuigi liikmeks saamise kriteeriume ei ole loetletud, on selge, et partneriks saamise protsess on \u00fcsna keerukas ja eeldab EMi ja potentsiaalse partneri vahelist sobivust, samuti v\u00f5imet tuua uusi ideid. <\/p>\n<p>Enamikus sihtkohtades nii Euroopa kui ka maailma partnerite kategooriates on loetletud ainult \u00fcks ettev\u00f5te - peale Saksamaa on aga <a href=\"https:\/\/moverdb.com\/et\/moving-to-the-uk\/\" data-internallinksmanager029f6b8e52c=\"93\" title=\"Kolimine \u00dchendkuningriiki? 2022 Elamiskulud ja kolimisn\u00f5uanded\">UK<\/a>, <a href=\"https:\/\/moverdb.com\/et\/moving-to-switzerland\/\" data-internallinksmanager029f6b8e52c=\"327\" title=\"Kolimine \u0160veitsi? 2023 elamiskulud ja kolimisn\u00f5uanded\">\u0160veits<\/a> ja <a href=\"https:\/\/moverdb.com\/et\/moving-to-italy\/\" data-internallinksmanager029f6b8e52c=\"346\" title=\"Kolimine Itaaliasse? 2023 elamiskulud ja kolimisn\u00f5uanded\">Itaalia<\/a>, millel on 4+. <\/p>\n<p>EMi idee on pakkuda klientidele \u00fchtsemat l\u00e4henemist rahvusvahelisele kolimisele, \u00fchendades s\u00f5ltumatuid kohalikke kolijaid. EM ise koordineerib protsessi, kui kolimine toimub ELis. <\/p>\n<p>EM-i erip\u00e4ra seisneb selles, et tal on tsentraliseeritud juhtimine, kuid ta teeb koost\u00f6\u00f6d kohalike liiklejatega, s\u00e4ilitades nii kohalikud teadmised ja sidemed kui ka v\u00f5imaluse pakkuda keskset kontrolli.<\/p>\n<p><strong>Liikmeks saamise kriteeriumid:<\/strong><\/p>\n<p>Kodulehel ei ole liikmelisuse kriteeriume loetletud - selle asemel \u00f6eldakse veebilehel j\u00e4rgmist:<\/p>\n<blockquote><p>Kindlasti on partneriks saamiseks vaja enamat kui \u00fche v\u00f5i kahe koduse kolimise l\u00e4biviimine.<\/p>\n<p>Kui usute, et saate kasu v\u00f5rgustiku pakutavast s\u00fcnergiast ja kui arvate, et m\u00f5ned teie v\u00e4rsked ja ebatraditsioonilised ideed tuleks \u00fchendada \u00fcle 30 aasta kestnud kolimise kogemusega, siis olete n\u00fc\u00fcd leidnud \u00f5ige allika. <\/p>\n<p>Kui soovite rohkem teavet v\u00f5tmetehnoloogiate ja muude eeliste kohta, millele k\u00f5ik Eurovani partnerid saavad juurdep\u00e4\u00e4su, v\u00f5tke \u00fchendust Tobia Crisostomoga. Ta vastab hea meelega k\u00f5ikidele k\u00fcsimustele, mis teil v\u00f5ivad olla Eurovani partneriks saamise eeliste kohta, ning aitab teil liikuda suurema n\u00e4htavuse ja paindlikkuse suunas kolimis\u00e4ri valdkonnas.<\/p><\/blockquote>\n<p>EUROVAN - Rahvusvaheline kolijate v\u00f5rgustik<br \/>\nTobia Crisostomo<br \/>\nNeckarauer Stra\u00dfe 35\/41<br \/>\nD-68199 Mannheim, Saksamaa<br \/>\nTel: +49(0)621-3 97 40 93<br \/>\nFaks: +49(0)621-3 97 40 94.<br \/>\nE-post: crisostomo@eurovan.com<\/p>\n<p><strong>N\u00e4ide liikmesettev\u00f5tete kohta<\/strong><\/p>\n<ul>\n<li> <a href=\"https:\/\/moverdb.com\/et\/movecorp\/\">Movecorp<\/a><\/li>\n<\/ul>\n<p><strong>Arvamused Eurovan International Movers Network'i kohta<\/strong><\/p>\n<p>Eurovan Movers ei ilmu internetis nii sageli - mis ei ole \u00fcllatav, arvestades tema piiratud arvu \"partnereid\" - kuid seal <a href=\"http:\/\/www.centralmoves.co.uk\/removal-solutions\/uk-removals\/\" target=\"_blank\" rel=\"noopener\">on paar<\/a> ettev\u00f5tetest, mis <a href=\"http:\/\/pegasusmoving.fi\/cr3ativsponsor\/eurovan-the-european-movers-network\" target=\"_blank\" rel=\"noopener\">mainida seda<\/a>. <\/p>\n<p>On olemas <a href=\"http:\/\/www.complaintsboard.com\/complaints\/eurovan-movers-c292449.html\" target=\"_blank\" rel=\"noopener\">mitmed<\/a> <a href=\"http:\/\/panamainternationalmovers.blogspot.co.uk\" target=\"_blank\" rel=\"noopener\">halvad arvustused<\/a> jaoks <a href=\"https:\/\/moverdb.com\/et\/moving-to-panama\/\" data-internallinksmanager029f6b8e52c=\"432\" title=\"Panamasse kolimine? 2023 elamiskulud ja kolimisn\u00f5uanded\">Panama<\/a> grupi partner - vastutab negatiivse kogemuse, varastatud esemete ja kahjustatud esemete eest. <\/p>\n<p>Eurovan Moversi veebisaidil ei ole n\u00fc\u00fcd Panama partnerit loetletud, seega v\u00f5ib olla, et partnerlus l\u00f5petati p\u00e4rast kaebuste esitamist. <a href=\"https:\/\/moverdb.com\/et\/organisatsioonid-uhendused\/\">Eurovan on loetletud kui \u00fcks<\/a> \"k\u00f5ige olulisemate rahvusvaheliste kolimis- ja veondusorganisatsioonide, \u00fchenduste, skeemide, gildide, n\u00f5ukogude jne.\" k\u00f5rval sellised organisatsioonid nagu <a href=\"https:\/\/moverdb.com\/et\/british-association-of-removers\/\" data-internallinksmanager029f6b8e52c=\"9\" title=\"Briti kolijate assotsiatsioon (BAR) Selgitatud\">Briti kolijate \u00fchendus<\/a>.<\/p>\n<p><strong>Veebileht:<\/strong> <a href=\"http:\/\/www.eurovan.com\/\" target=\"_blank\" rel=\"noopener\">http:\/\/www.eurovan.com\/<\/a><\/p>","protected":false},"excerpt":{"rendered":"<p>Eurovan International Movers Network (EM) is a network of independent local movers based in Germany. The network is designed to respond to the need to be able to provide consistent levels of service for international moves that may cross several countries. Key facts about Eurovan International Movers Network: Where a move is taking place entirely [&hellip;]<\/p>\n","protected":false},"author":1,"featured_media":0,"parent":0,"menu_order":0,"comment_status":"closed","ping_status":"closed","template":"","meta":{"_genesis_hide_title":false,"_genesis_hide_breadcrumbs":false,"_genesis_hide_singular_image":false,"_genesis_hide_footer_widgets":false,"_genesis_custom_body_class":"","_genesis_custom_post_class":"","_genesis_layout":"","footnotes":""},"class_list":{"0":"post-449","1":"page","2":"type-page","3":"status-publish","5":"entry"},"_links":{"self":[{"href":"https:\/\/moverdb.com\/et\/wp-json\/wp\/v2\/pages\/449","targetHints":{"allow":["GET"]}}],"collection":[{"href":"https:\/\/moverdb.com\/et\/wp-json\/wp\/v2\/pages"}],"about":[{"href":"https:\/\/moverdb.com\/et\/wp-json\/wp\/v2\/types\/page"}],"author":[{"embeddable":true,"href":"https:\/\/moverdb.com\/et\/wp-json\/wp\/v2\/users\/1"}],"replies":[{"embeddable":true,"href":"https:\/\/moverdb.com\/et\/wp-json\/wp\/v2\/comments?post=449"}],"version-history":[{"count":7,"href":"https:\/\/moverdb.com\/et\/wp-json\/wp\/v2\/pages\/449\/revisions"}],"predecessor-version":[{"id":6205,"href":"https:\/\/moverdb.com\/et\/wp-json\/wp\/v2\/pages\/449\/revisions\/6205"}],"wp:attachment":[{"href":"https:\/\/moverdb.com\/et\/wp-json\/wp\/v2\/media?parent=449"}],"curies":[{"name":"wp","href":"https:\/\/api.w.org\/{rel}","templated":true}]}}