{"id":448,"date":"2016-07-04T14:52:09","date_gmt":"2016-07-04T14:52:09","guid":{"rendered":"http:\/\/moverdb.com\/?page_id=448"},"modified":"2026-01-08T13:18:20","modified_gmt":"2026-01-08T13:18:20","slug":"kaubaveo-transpordiuhing","status":"publish","type":"page","link":"https:\/\/moverdb.com\/et\/freight-transport-association\/","title":{"rendered":"Kaubaveo Assotsiatsiooni (FTA) selgitused"},"content":{"rendered":"<p>Kaubaveo Assotsiatsioon (FTA) loodi selleks, et esindada j\u00e4rgmiste ettev\u00f5tjate huve <a href=\"https:\/\/moverdb.com\/et\/laevandusfirmad\/\">logistikaettev\u00f5tted<\/a>, olenemata sellest, kas nad veavad kaupu mere-, \u00f5hu-, maantee- v\u00f5i raudteetranspordiga. Ta on osalenud k\u00f5rgetasemelistes kampaaniates sellistes k\u00fcsimustes nagu k\u00fctusemaks ja litsentsimine.<\/p>\n<p><strong>Peamised faktid vabakaubanduslepingu kohta:<\/strong><\/p>\n<ul>\n<li>  FTA juured ulatuvad tagasi aastasse 1889.<\/li>\n<li>  FTA liikmetel on \u00fcle 200 000 veoauto - peaaegu pool k\u00f5igist FTA liikmetest. <a href=\"https:\/\/moverdb.com\/et\/moving-to-the-uk\/\" data-internallinksmanager029f6b8e52c=\"93\" title=\"Kolimine \u00dchendkuningriiki? 2022 Elamiskulud ja kolimisn\u00f5uanded\">UK<\/a> laevastik.<\/li>\n<li>  Liikmed tarnivad \u00fcle 90% raudteekaubaveo.<\/li>\n<li>  FTA liikmed vastutavad 70% \u00dchendkuningriigi n\u00e4htavast mere- ja \u00f5hutranspordist.<\/li>\n<li>  FTA-l on \u00fcle 15 000 liikme ja see on \u00dchendkuningriigi suurim kaubaveoettev\u00f5tete \u00fchendus.<\/li>\n<li>  FTA 360 t\u00f6\u00f6tajat tegelevad igal aastal \u00fcle 50 000 liikme p\u00e4ringuga.<\/li>\n<li>  FTA liikmeskond on piiratud <a href=\"https:\/\/moverdb.com\/et\/rahvusvahelised-kolimised\/\">\u00dchendkuningriigi ettev\u00f5tted<\/a>.<\/li>\n<\/ul>\n<p><strong>Kaubaveo\u00fchingu profiil:<\/strong><\/p>\n<p>FTA m\u00e4\u00e4ratleb oma missiooni kui \"ohutut, j\u00e4tkusuutlikku ja t\u00f5husat logistikat\". FTA-l on mitmeid erinevaid \u00fclesandeid, sealhulgas liikmete esindamine kohalikul, riiklikul ja Euroopa tasandil ning kampaaniad logistikavaldkonna teadlikkuse t\u00f5stmiseks. <\/p>\n<p>Samuti tagab FTA, et liikmed on kursis viimaste n\u00f5uetele vastavuse n\u00f5uetega oma ettev\u00f5tete jaoks ning pakub laia valikut koolituskavasid, mis aitavad t\u00f5sta standardeid ja parandada t\u00f6\u00f6tingimusi. <\/p>\n<p>Lisaks sellele on FTA teabeallikaks enda esindatava sektori kohta, koostades aruandeid selliste teemade kohta nagu logistikat\u00f6\u00f6stuse toimimine ja selle ees seisvad v\u00e4ljakutsed. <\/p>\n<p>Liikmesuse eeliste hulka kuuluvad teabekirjad ja juhendid vastavuse kohta, tasuline s\u00f5idukite taastamise teenus ja veebip\u00f5hine tarnijate kataloog.<\/p>\n<p>Liikmete kategooriad h\u00f5lmavad:<\/p>\n<ul>\n<li> S\u00f5iduki k\u00e4itaja liikmelisus<\/li>\n<li> Liikmelisus, mis ei ole s\u00f5idukite k\u00e4itaja<\/li>\n<li> Reisijate liikmelisus<\/li>\n<li> Kohaliku omavalitsuse liikmelisus<\/li>\n<li> Seadusj\u00e4rgse asutuse liikmelisus<\/li>\n<li> Filiaali liikmelisus<\/li>\n<\/ul>\n<p><strong>Liikmeks saamise kriteeriumid:<\/strong><\/p>\n<p>FTA pakub allpool loetletud erinevaid liikmesuse liike. Liikmeks saamise kriteeriume ei ole s\u00e4testatud, kuid ettev\u00f5tted peavad kuuluma \u00fche allj\u00e4rgneva ettev\u00f5tte m\u00e4\u00e4ratluse alla ja n\u00f5ustuma Freight Transport Association Ltd. p\u00f5hikirja tingimustega. <\/p>\n<p>Taotluse toetamiseks on iga liikmeskonna kategooria puhul vaja esitada m\u00f5ningaid t\u00e4iendavaid andmeid, nagu on m\u00e4rgitud allpool.<\/p>\n<ul>\n<li> S\u00f5idukite k\u00e4itaja liikmelisus - kasutatavate s\u00f5idukite arv ja ettev\u00f5tte laad.<\/li>\n<li> Liikmelisus, mis ei ole s\u00f5idukite k\u00e4itaja - \u00e4ritegevuse laad.<\/li>\n<li> Reisijate liikmelisus - aastak\u00e4ive, \u00e4ritegevuse laad, kasutatavate s\u00f5idukite arv.<\/li>\n<li> Kohaliku omavalitsuse liikmelisus - kasutatavate s\u00f5idukite arv ja kohaliku omavalitsuse teenindatava piirkonna elanike arv.<\/li>\n<li> Kohustuslike asutuste liikmelisus - kasutatavate s\u00f5idukite arv ja piirkonna elanikkond, mida asutus teenindab.<\/li>\n<li> Filiaali liikmelisus - kasutatavate s\u00f5idukite arv, \u00e4ritegevuse laad.<\/li>\n<\/ul>\n<p><strong>N\u00e4ide liikmesettev\u00f5tete kohta<\/strong><\/p>\n<ul>\n<li> <a href=\"https:\/\/moverdb.com\/et\/shore-porters-society\/\">Rannaport\u00f6\u00f6ride selts<\/a><\/li>\n<li> <a href=\"https:\/\/moverdb.com\/et\/movecorp\/\">Movecorp<\/a><\/li>\n<\/ul>\n<p><strong>Arvamused vabakaubanduslepingu kohta:<\/strong><\/p>\n<p>FTAd toetavad suured t\u00f6\u00f6stusharu nimed - n\u00e4iteks PWC, kes paneb oma nime iga-aastase <a href=\"http:\/\/www.pwc.co.uk\/industries\/transport-logistics\/fta-logistics-report-2014.html\" target=\"_blank\" rel=\"noopener\">Kaubaveo Assotsiatsiooni logistikaaruanne<\/a> ja kirjeldab FTA-d kui \"\u00fcht \u00dchendkuningriigi suurimat kaubandus\u00fchendust\".<\/p>\n<p>Vabakaubanduslepingut mainitakse partnerina, et <a href=\"http:\/\/www.csrf.ac.uk\/partner\/freight-transport-association\/\" target=\"_blank\" rel=\"noopener\">S\u00e4\u00e4stva maanteekaubaveo keskus<\/a> ja koost\u00f6\u00f6 ilmneb seotud k\u00fcsimustes, nagu n\u00e4iteks osalise <a href=\"http:\/\/www.osapartnershipgroup.co.uk\/campaign2-fta.html\" target=\"_blank\" rel=\"noopener\">Ametialase p\u00e4devuse tunnistus<\/a> koos obstruktiivse uneapnoe grupiga. FTA on mainitud aadressil <a href=\"http:\/\/www.lombard.co.uk\/our-expertise\/commercial-transportation\/industry-associations\/fta\" target=\"_blank\" rel=\"noopener\">mitmete veebisaitide veebilehed<\/a> oma liikmetele ja seda tsiteeritakse sageli, kui on tegemist logistikat\u00f6\u00f6stuse esindava k\u00fcsimusega.<\/p>\n<p><strong>Veebileht:<\/strong> <a href=\"http:\/\/www.fta.co.uk\/\" target=\"_blank\" rel=\"noopener\">http:\/\/www.fta.co.uk\/<\/a><\/p>\n<p><strong>Lisateavet laevanduse kohta vt:<\/strong> <a href=\"https:\/\/moverdb.com\/et\/konteiner-laevandus\/\">2018. aasta rahvusvaheliste konteinerite veohinnad ja -kulud<\/a> ja <a href=\"https:\/\/moverdb.com\/et\/ekspediitor\/\">Ekspedeerija ja NVOCC rahvusvaheliste kulude ja ettev\u00f5tete juhend<\/a><\/p>","protected":false},"excerpt":{"rendered":"<p>The Freight Transport Association (FTA) was set up to represent the interests of logistics companies, whether they are moving goods by sea, air, road or rail. It has been involved in high profile campaigns on issues such as fuel duty and licensing. Key facts about the FTA: The FTA can trace its roots back to [&hellip;]<\/p>\n","protected":false},"author":1,"featured_media":0,"parent":0,"menu_order":0,"comment_status":"closed","ping_status":"closed","template":"","meta":{"_genesis_hide_title":false,"_genesis_hide_breadcrumbs":false,"_genesis_hide_singular_image":false,"_genesis_hide_footer_widgets":false,"_genesis_custom_body_class":"","_genesis_custom_post_class":"","_genesis_layout":"","footnotes":""},"class_list":{"0":"post-448","1":"page","2":"type-page","3":"status-publish","5":"entry"},"_links":{"self":[{"href":"https:\/\/moverdb.com\/et\/wp-json\/wp\/v2\/pages\/448","targetHints":{"allow":["GET"]}}],"collection":[{"href":"https:\/\/moverdb.com\/et\/wp-json\/wp\/v2\/pages"}],"about":[{"href":"https:\/\/moverdb.com\/et\/wp-json\/wp\/v2\/types\/page"}],"author":[{"embeddable":true,"href":"https:\/\/moverdb.com\/et\/wp-json\/wp\/v2\/users\/1"}],"replies":[{"embeddable":true,"href":"https:\/\/moverdb.com\/et\/wp-json\/wp\/v2\/comments?post=448"}],"version-history":[{"count":11,"href":"https:\/\/moverdb.com\/et\/wp-json\/wp\/v2\/pages\/448\/revisions"}],"predecessor-version":[{"id":6213,"href":"https:\/\/moverdb.com\/et\/wp-json\/wp\/v2\/pages\/448\/revisions\/6213"}],"wp:attachment":[{"href":"https:\/\/moverdb.com\/et\/wp-json\/wp\/v2\/media?parent=448"}],"curies":[{"name":"wp","href":"https:\/\/api.w.org\/{rel}","templated":true}]}}