{"id":447,"date":"2016-07-05T14:22:52","date_gmt":"2016-07-05T14:22:52","guid":{"rendered":"http:\/\/moverdb.com\/?page_id=447"},"modified":"2026-01-08T14:48:21","modified_gmt":"2026-01-08T14:48:21","slug":"fedemac","status":"publish","type":"page","link":"https:\/\/moverdb.com\/et\/fedemac\/","title":{"rendered":"Euroopa Kolijate F\u00f6deratsiooni (FEDEMAC) selgitused"},"content":{"rendered":"<p>Euroopa kolijate liit (FEDEMAC) on Euroopa organisatsioon, mis on loodud kolimist\u00f6\u00f6stuse edendamiseks Euroopa tasandil. Selle liikmeskond koosneb peamiselt riiklikest kolijate \u00fchendustest.<\/p>\n<p><strong>FEDEMACi peamised faktid<\/strong><\/p>\n<ul>\n<li>  FEDEMACi liikmeskond koosneb Euroopas asuvatest riiklikest liikumis\u00fchendustest.<\/li>\n<li>  FEDEMAC esindab umbes 3000 professionaalse ettev\u00f5tja huve. <a href=\"https:\/\/moverdb.com\/et\/moving-companies\/\" data-internallinksmanager029f6b8e52c=\"79\" title=\"Top 25 rahvusvahelist kolimisfirmat Internetis\">kolimisfirmad<\/a>.<\/li>\n<li>  Liikmed asuvad 26 Euroopa riigis, millest 24 on ELi liikmesriigid. <a href=\"https:\/\/moverdb.com\/et\/moving-to-switzerland\/\" data-internallinksmanager029f6b8e52c=\"327\" title=\"Kolimine \u0160veitsi? 2023 elamiskulud ja kolimisn\u00f5uanded\">\u0160veits<\/a> ja <a href=\"https:\/\/moverdb.com\/et\/moving-to-norway\/\" data-internallinksmanager029f6b8e52c=\"325\" title=\"Kolimine Norrasse? 2023 elamiskulud ja kolimisn\u00f5uanded\">Norra<\/a> on esindatud ka FEDEMACi poolt.<\/li>\n<li>  FEDEMACi juhib \u00fcldkogu, mis koguneb kord aastas ja koosneb FEDEMACi liikmete (liikmes\u00fchenduste ja otseselt seotud liikmesettev\u00f5tete) esindajatest.<\/li>\n<li>  Suur osa FEDEMACi t\u00f6\u00f6st seisneb liikmete huvide edendamises ELi parlamendis ja komisjonis.<\/li>\n<\/ul>\n<p><strong>Euroopa Kolijate Liidu profiil:<\/strong><\/p>\n<p>FEDEMACi eesm\u00e4rk on esindada Euroopa kolimist\u00f6\u00f6stust, selle muresid, vajadusi ja eesm\u00e4rke. Samuti on see loodud selleks, et aidata koordineerida oma liikmete tegevust, et saavutada maksimaalne m\u00f5ju Euroopas. <\/p>\n<p>Suur osa t\u00f6\u00f6st on seotud liikmete huvide tutvustamisega ELi parlamendile ja komisjonile, samuti kontaktide loomisega riiklike liikumis\u00fchenduste ja teiste kutseorganisatsioonide vahel. <\/p>\n<p>FEDEMACi liikmed on enamasti riiklikud liikumis\u00fchendused (n\u00e4iteks <a href=\"https:\/\/moverdb.com\/et\/rahvusvahelised-kolimised\/\" target=\"_blank\" rel=\"noopener\">\u00dchendkuningriigis<\/a>, liige on <a href=\"https:\/\/moverdb.com\/et\/british-association-of-removers\/\" target=\"_blank\" rel=\"noopener\">Briti kolijate \u00fchendus<\/a>), kuid ka \u00fcksikutel kvalifitseeritud kolimisettev\u00f5tetel on v\u00f5imalik saada FEDEMACi otseliikmeteks, kui \u00fching puudub v\u00f5i kui \u00fching on olemas, kuid ei ole huvitatud FEDEMACi liikmeks saamisest. <\/p>\n<p>Osa FEDEMACi \u00fclesannetest on hoida liikmed Euroopa poliitikaga kursis ja selleks pakub ta oma veebisaidil mitmesuguseid vahendeid, samuti mitmeid v\u00e4ljaandeid liikmetele, kataloogi ja iga-aastast konverentsi.<\/p>\n<p><strong>Liikmeks saamise kriteeriumid:<\/strong><\/p>\n<p>Liikmelisus toimub riikliku \u00fchingu kaudu - need, kes on <a href=\"https:\/\/moverdb.com\/et\/moving-to-the-uk\/\" data-internallinksmanager029f6b8e52c=\"93\" title=\"Kolimine \u00dchendkuningriiki? 2022 Elamiskulud ja kolimisn\u00f5uanded\">UK<\/a> kes soovivad kuuluda FEDEMACi, peaksid liituma Briti kolijate assotsiatsiooniga.<br \/>\nEnamiku riikide puhul toimub liikmesus riikliku liikumis\u00fchingu kaudu.<\/p>\n<p><strong>N\u00e4ide liikmesettev\u00f5tete kohta<\/strong><\/p>\n<ul>\n<li> <a href=\"https:\/\/moverdb.com\/et\/matthew-james\/\">Matthew James globaalsed \u00fcmberpaigutused<\/a><\/li>\n<li> <a href=\"https:\/\/moverdb.com\/et\/movecorp\/\">Movecorp<\/a><\/li>\n<li> <a href=\"https:\/\/moverdb.com\/et\/pearson\/\">Pearson Home Moving<\/a><\/li>\n<li> <a href=\"https:\/\/moverdb.com\/et\/simpsons-removals\/\">Simpsonid kolimine ja ladustamine<\/a><\/li>\n<li> <a href=\"https:\/\/moverdb.com\/et\/abels-removals\/\">Abels kolimisteenused<\/a><\/li>\n<li> <a href=\"https:\/\/moverdb.com\/et\/eagle-relocations\/\">Eagle \u00fcmberpaigutused<\/a><\/li>\n<li> <a href=\"https:\/\/moverdb.com\/et\/btr-international\/\">BTR International<\/a><\/li>\n<li> <a href=\"https:\/\/moverdb.com\/et\/fn-removals\/\">F&amp;N Worldwide Removals<\/a><\/li>\n<li> <a href=\"https:\/\/moverdb.com\/et\/bolliger\/\">Bolliger<\/a><\/li>\n<li> <a href=\"https:\/\/moverdb.com\/et\/gil-stauffer\/\">Gil Stauffer<\/a><\/li>\n<li> <a href=\"https:\/\/moverdb.com\/et\/teletrans\/\">Teletrans<\/a><\/li>\n<\/ul>\n<p><strong>Arvamused FEDEMACi kohta<\/strong><\/p>\n<p>FEDEMAC on ilmselgelt v\u00e4ga k\u00f5rgelt hinnatud nende poolt, kes <a href=\"http:\/\/www.abels.co.uk\/articles\/fedemac-federation-of-european-movers-associations-what-does-this-mean\/\" target=\"_blank\" rel=\"noopener\">kes mainivad seda<\/a> ja talle omistatakse oluline roll Euroopa liiklejate huvide esindajana. M\u00f5ned kolijad m\u00e4rgivad, et nad on pigem individuaalsed liikmed kui Briti kolijate liidu kaudu liikmed. Teised nimetavad end FEDEMACi poolt akrediteerituks, mida organisatsioon ei tee.<\/p>\n<p><strong>Veebileht:<\/strong> <a href=\"https:\/\/www.fedemac.eu\" target=\"_blank\" rel=\"noopener\">https:\/\/www.fedemac.eu<\/a><\/p>","protected":false},"excerpt":{"rendered":"<p>The Federation of European Movers Association (FEDEMAC) is a European body that has been established to promote the moving industry on a European level. Its membership is predominantly made up of national moving associations. Key facts about FEDEMAC FEDEMAC membership is made up of National Moving Associations located in Europe. FEDEMAC represents the interests of [&hellip;]<\/p>\n","protected":false},"author":1,"featured_media":0,"parent":0,"menu_order":0,"comment_status":"closed","ping_status":"closed","template":"","meta":{"_genesis_hide_title":false,"_genesis_hide_breadcrumbs":false,"_genesis_hide_singular_image":false,"_genesis_hide_footer_widgets":false,"_genesis_custom_body_class":"","_genesis_custom_post_class":"","_genesis_layout":"","footnotes":""},"class_list":{"0":"post-447","1":"page","2":"type-page","3":"status-publish","5":"entry"},"_links":{"self":[{"href":"https:\/\/moverdb.com\/et\/wp-json\/wp\/v2\/pages\/447","targetHints":{"allow":["GET"]}}],"collection":[{"href":"https:\/\/moverdb.com\/et\/wp-json\/wp\/v2\/pages"}],"about":[{"href":"https:\/\/moverdb.com\/et\/wp-json\/wp\/v2\/types\/page"}],"author":[{"embeddable":true,"href":"https:\/\/moverdb.com\/et\/wp-json\/wp\/v2\/users\/1"}],"replies":[{"embeddable":true,"href":"https:\/\/moverdb.com\/et\/wp-json\/wp\/v2\/comments?post=447"}],"version-history":[{"count":21,"href":"https:\/\/moverdb.com\/et\/wp-json\/wp\/v2\/pages\/447\/revisions"}],"predecessor-version":[{"id":6209,"href":"https:\/\/moverdb.com\/et\/wp-json\/wp\/v2\/pages\/447\/revisions\/6209"}],"wp:attachment":[{"href":"https:\/\/moverdb.com\/et\/wp-json\/wp\/v2\/media?parent=447"}],"curies":[{"name":"wp","href":"https:\/\/api.w.org\/{rel}","templated":true}]}}