{"id":446,"date":"2016-06-21T20:49:19","date_gmt":"2016-06-21T20:49:19","guid":{"rendered":"http:\/\/moverdb.com\/?page_id=446"},"modified":"2026-01-08T15:20:34","modified_gmt":"2026-01-08T15:20:34","slug":"rios","status":"publish","type":"page","link":"https:\/\/moverdb.com\/et\/rios\/","title":{"rendered":"\u00dcmberpaigutussektori ombudsmani skeem (RIOS) selgitatud"},"content":{"rendered":"<p>Removal Industry Ombudsman Scheme (RIOS) tegeleb kaebustega, mis on esitatud kolimist\u00f6\u00f6stuse ettev\u00f5tete kohta. See pakub s\u00f5ltumatut teenust liikmesettev\u00f5tete ja nende klientide vaheliste vaidluste lahendamiseks.<\/p>\n<p><strong>Peamised faktid RIOSi kohta:<\/strong><\/p>\n<ul>\n<li>  K\u00f5ik RIOSi kaudu uuritud kaebused on tasuta.<\/li>\n<li>  RIOS on k\u00e4ttesaadav <a href=\"https:\/\/moverdb.com\/et\/moving-to-the-uk\/\" data-internallinksmanager029f6b8e52c=\"93\" title=\"Kolimine \u00dchendkuningriiki? 2022 Elamiskulud ja kolimisn\u00f5uanded\">UK<\/a> kodanikud.<\/li>\n<li>  \u00dchendkuningriigi kodanikud saavad kasutada tasuta teenust, et esitada kaebus ombudsmani s\u00fcsteemiga liitunud kodu- v\u00f5i kaubanduslike kolimis- ja ladustamisettev\u00f5tete k\u00e4imasoleva probleemi kohta.<\/li>\n<li>  Ombudsmani j\u00e4reldused on siduvad <a href=\"https:\/\/moverdb.com\/et\/rahvusvahelised-kolimised\/\" target=\"_blank\" rel=\"noopener\">kolimisfirma<\/a>, kuid mitte tarbijale.<\/li>\n<li>  Praegune ombudsman on Tony Kaye, kes nimetati ametisse 2015. aasta juunis. Ta on s\u00f5ltumatu k\u00f5igist <a href=\"https:\/\/moverdb.com\/et\/international-removals\/\" data-internallinksmanager029f6b8e52c=\"27\" title=\"36 Parimad rahvusvahelised kolimisfirmad \u00dchendkuningriigis\">kolimisfirma<\/a> v\u00f5i organisatsioon.<\/li>\n<li> The <a href=\"https:\/\/moverdb.com\/et\/ngrs\/\">Riiklik kolijate ja ladustajate gildi (National Guild of Removers and Storers)<\/a> on praegu peamine liige.<\/li>\n<\/ul>\n<p><strong>Kolimist\u00f6\u00f6stuse ombudsmani skeemi profiil:<\/strong><\/p>\n<p>RIOS pakub v\u00f5imalust, et t\u00f6\u00f6stusharusisesed vaidlused saaks lahendada s\u00f5ltumatu asutus. Need vaidlused v\u00f5ivad puudutada nii kodutarbijaid kui ka kaubandusorganisatsioone. S\u00fcsteem tegutseb s\u00f5ltumatu kohtunikuna, kes tegeleb vaidluste lahendamisega, mida ei ole v\u00f5imalik lahendada kas poolte endi vahel v\u00f5i m\u00f5ne muu t\u00f6\u00f6stusharu organi kaudu.<\/p>\n<p>On suhteliselt ranged eeskirjad selle kohta, milliste kaebustega RIOS saab tegeleda ja millistega mitte - n\u00e4iteks ei k\u00e4sitleta kaebusi, mille suhtes on juba algatatud kohtumenetlus. <\/p>\n<p>RIOSi p\u00e4devusse kuuluvad probleemid, mis on seotud n\u00e4iteks viivituste, lubatud teenuse osutamata j\u00e4tmise, \u00fclem\u00e4\u00e4raste ja kokkulepitud summade \u00fcletamise v\u00f5i v\u00e4idetava ebaprofessionaalse k\u00e4itumisega. <\/p>\n<p>Kui tarbijad soovivad esitada kaebuse, tuleb see k\u00f5igepealt esitada asjaomasele ettev\u00f5tjale - kui seda ei suudeta lahendada, v\u00f5ib kaebuse edastada RIOSile.<\/p>\n<p><strong>Liikmeks saamise kriteeriumid:<\/strong><\/p>\n<p>Neid ei ole veebilehel loetletud, vaid neid kirjeldatakse lepinguna, millele skeemi liikmed peavad alla kirjutama ja milles on s\u00e4testatud k\u00f5ik kriteeriumid. K\u00f5ige t\u00e4htsam on aga see, et liikmeid reguleerivad kliendis\u00f5bralik tegevusjuhend, iga-aastased s\u00f5ltumatud kontrollid, pidev kvaliteedij\u00e4relevalve ja nende n\u00f5usolek j\u00e4rgida ombudsmani otsuseid vaidlustes klientidega.<\/p>\n<p><strong>N\u00e4ide liikmesettev\u00f5tete kohta<\/strong><\/p>\n<ul>\n<li> <a href=\"https:\/\/moverdb.com\/et\/movecorp\/\">Movecorp<\/a><\/li>\n<\/ul>\n<p><strong>Arvamused RIOSi kohta:<\/strong><\/p>\n<p>RIOSi s\u00f5ltumatus on \u00fcks elemente, mis paistab liikmete veebisaitidel k\u00f5ige enam silma. Need, kes seda mainivad, teevad seda selleks, et pakkuda kindlustunnet, et klientidel on v\u00f5imalus esitada kaebusi, mis ei pruugi h\u00f5lmata ainult ettev\u00f5tte v\u00f5i t\u00f6\u00f6stusharu k\u00e4sitlemist. <\/p>\n<p>RIOS-s\u00fcsteemi liikmesus on loetletud akrediteeringuna ja vahendina, mis eristab ettev\u00f5tteid konkurentidest. RIOSi liikmelisust kirjeldatakse ka kui n\u00e4itajat, et ettev\u00f5te vastab k\u00f5rgetele tarbijakaitsestandarditele.<\/p>\n<blockquote><p>Kolimist\u00f6\u00f6stuse ombudsmani skeem on loodud selleks, et pakkuda kolimist\u00f6\u00f6stusele s\u00f5ltumatut teenust, et lahendada vaidlusi liikmesettev\u00f5tete ja nende klientide, nii kodutarbijate kui ka \u00e4riorganisatsioonide vahel, kui National Guild of Removers &amp; Storers'i poolt pakutav lepitusteenus ei ole andnud rahuldavat tulemust.\n<\/p><\/blockquote>\n<p>- <a href=\"http:\/\/www.ngrs.co.uk\/ombudsman-scheme\/\" target=\"_blank\" rel=\"noopener\">National Guild Of Removers &amp; Storers<\/a><\/p>\n<blockquote><p>\u00dchendkuningriigis ei ole seadusi selle kohta, kes v\u00f5ib asutada kolimisettev\u00f5tte. Te peate siiski teadma, et usaldate oma kodu ja oma kallid asjad kolimisettev\u00f5tjale, kes vastab k\u00f5rgetele tarbijakaitsestandarditele. Parim n\u00e4itaja selle kohta on otsida The Removals Industry Ombudsman Scheme (RIOS) liige ja ainult GUILD n\u00f5uab, et k\u00f5ik tema liikmed j\u00e4rgiksid Ombudsman Scheme'i eeskirju.<\/p><\/blockquote>\n<p>- <a href=\"http:\/\/www.moveit-essex.co.uk\/news\/yjpleijb5i.html\" target=\"_blank\" rel=\"noopener\">Move It kolimine<\/a> <\/p>\n<blockquote><p>Ombudsmani s\u00fcsteemid on loodud selleks, et pakkuda klientidele s\u00f5ltumatut ja erapooletut kaebuste menetlust. Removals Industry Ombudsman Scheme on Briti ja Iiri Ombudsmani Assotsiatsiooni t\u00e4isliige, lisaks tuntud finantsombudsmani teenusele, parlamendi ja tervishoiuombudsmanile ning 17 muule skeemile ainu\u00fcksi \u00dchendkuningriigis.<\/p><\/blockquote>\n<p>- <a href=\"http:\/\/www.uptonsremovals.com\/moving-you\/local-domestic-moves\/\" target=\"_blank\" rel=\"noopener\">Glyn Upton kolimised<\/a><\/p>\n<p><strong>Veebileht:<\/strong> <a href=\"http:\/\/removalsombudsman.co.uk\/\" target=\"_blank\" rel=\"noopener\">http:\/\/removalsombudsman.co.uk\/<\/a><\/p>","protected":false},"excerpt":{"rendered":"<p>The Removal Industry Ombudsman Scheme (RIOS) deals with complaints that are made about removals industry businesses. It offers an independent service to resolve disputes between member companies and their clients. Key facts about RIOS: All complaints investigated through RIOS are done so free of charge. RIOS is available to UK citizens. UK citizens can use [&hellip;]<\/p>\n","protected":false},"author":1,"featured_media":0,"parent":0,"menu_order":0,"comment_status":"closed","ping_status":"closed","template":"","meta":{"_genesis_hide_title":false,"_genesis_hide_breadcrumbs":false,"_genesis_hide_singular_image":false,"_genesis_hide_footer_widgets":false,"_genesis_custom_body_class":"","_genesis_custom_post_class":"","_genesis_layout":"","footnotes":""},"class_list":{"0":"post-446","1":"page","2":"type-page","3":"status-publish","5":"entry"},"_links":{"self":[{"href":"https:\/\/moverdb.com\/et\/wp-json\/wp\/v2\/pages\/446","targetHints":{"allow":["GET"]}}],"collection":[{"href":"https:\/\/moverdb.com\/et\/wp-json\/wp\/v2\/pages"}],"about":[{"href":"https:\/\/moverdb.com\/et\/wp-json\/wp\/v2\/types\/page"}],"author":[{"embeddable":true,"href":"https:\/\/moverdb.com\/et\/wp-json\/wp\/v2\/users\/1"}],"replies":[{"embeddable":true,"href":"https:\/\/moverdb.com\/et\/wp-json\/wp\/v2\/comments?post=446"}],"version-history":[{"count":9,"href":"https:\/\/moverdb.com\/et\/wp-json\/wp\/v2\/pages\/446\/revisions"}],"predecessor-version":[{"id":6231,"href":"https:\/\/moverdb.com\/et\/wp-json\/wp\/v2\/pages\/446\/revisions\/6231"}],"wp:attachment":[{"href":"https:\/\/moverdb.com\/et\/wp-json\/wp\/v2\/media?parent=446"}],"curies":[{"name":"wp","href":"https:\/\/api.w.org\/{rel}","templated":true}]}}