{"id":445,"date":"2016-06-21T20:35:30","date_gmt":"2016-06-21T20:35:30","guid":{"rendered":"http:\/\/moverdb.com\/?page_id=445"},"modified":"2026-01-08T14:47:36","modified_gmt":"2026-01-08T14:47:36","slug":"association-relocation-professionals","status":"publish","type":"page","link":"https:\/\/moverdb.com\/et\/association-relocation-professionals\/","title":{"rendered":"\u00dcmberpaigutamise spetsialistide assotsiatsioon (ARP) Selgitused"},"content":{"rendered":"<p>\u00dcmberpaigutamise spetsialistide \u00fchendus (Association of Relocation Professionals, ARP) on \u00fcmberpaigutamise valdkonna kutseorganisatsioon, mis on <a href=\"https:\/\/moverdb.com\/et\/moving-to-the-uk\/\" data-internallinksmanager029f6b8e52c=\"93\" title=\"Kolimine \u00dchendkuningriiki? 2022 Elamiskulud ja kolimisn\u00f5uanded\">UK<\/a>. Selle \u00fclesanne ei ole mitte ainult esindada oma liikmeid, vaid aidata neil end ise turundada ja kasvada.<\/p>\n<p><strong>Peamised faktid ARP kohta:<\/strong><\/p>\n<ul>\n<li>  ARP on \u00dchendkuningriigi \u00fcmberpaigutamise spetsialistide organisatsioon.<\/li>\n<li>  \u00dcmberpaigutamise spetsialistide \u00fchendus loodi 1986. aastal.<\/li>\n<li>  ARP liikmetel on klientide ja teenusepakkujate kaitseks t\u00e4ielik kutsealane vastutuskindlustus, avalik ja t\u00f6\u00f6andjate vastutuskindlustus.<\/li>\n<li>  ARP-l on rida k\u00e4itumisreegleid, mida liikmed peavad j\u00e4rgima, mis h\u00f5lmavad eeskirju kliendi raha k\u00e4itlemise ja v\u00e4\u00e4rkajastamise v\u00e4ltimise kohta.<\/li>\n<li>  K\u00f5ik liikmed, kes pakuvad \u00fcmberpaigutamisteenuseid, peavad n\u00e4itama, et nad on liitunud kinnisvara h\u00fcvituss\u00fcsteemiga ja on liitunud HMRC rahapesuvastase registriga, kui nad on seotud kinnisvara ostmisega.<\/li>\n<li>  ARP on Euroopa \u00fcmberpaigutamise spetsialistide akadeemia (EARP) asutajaliige ja sponsor, mis on esimene organisatsioon, mis pakub Euroopa \u00fcmberpaigutamise alaseid koolituskvalifikatsioone.<\/li>\n<\/ul>\n<p><strong>Association of Relocation Professionals profiil:<\/strong><\/p>\n<p>ARP on \u00dchendkuningriigi \u00fcmberpaigutamisettev\u00f5tete kutseorganisatsioon, mis esindab erinevaid liikmeid, alates ettev\u00f5tete \u00fcmberpaigutamise spetsialistidest kuni kinnisvarafirmadeni ja teiste \u00fcmberpaigutamisteenuseid pakkuvate spetsialistideni. <\/p>\n<p>ARP korraldab oma liikmetele akrediteeritud koolitust - Euroopa \u00fcmberpaigutamise spetsialistide akadeemia (EARP) osana pakub ta rahvusvahelise liikuvuse juhtimise kvalifikatsiooni (MIM) ja Euroopa \u00fcmberpaigutamise kvalifikatsiooni (ERQ). <\/p>\n<p>ARP koostab liikmete kataloogi, mis saadetakse 6000 personalijuhile, direktorile ja HRO-le \u00fcle kogu \u00dchendkuningriigi, eesm\u00e4rgiga aidata liikmeid reklaamida ja end paremini turustada. <\/p>\n<p>ARP on loodud nii parima tava, kliendirahulolu ja professionaalsuse j\u00e4rgimiseks kui ka ideede vahetamise foorumiks, et aidata t\u00f6\u00f6stusharu edasi arendada.<\/p>\n<p><strong>Liikmeks saamise kriteeriumid:<\/strong><\/p>\n<p><u>Assotsieerunud liikmelisus<\/u><\/p>\n<p>ARP assotsieerunud liikmeks v\u00f5ivad saada need, kes ei kvalifitseeru t\u00e4isliikmeks, ning see on avatud ettev\u00f5tetele, kelle \u00e4ritegevus on seotud eraisikute v\u00f5i juriidiliste isikute poolt osutatavate \u00fcmberpaigutamisega seotud teenuste osutamisega ja kelle tulu sellest tuleneb.<\/p>\n<p>A <a href=\"https:\/\/moverdb.com\/et\/kolimisfirmad\/\">\u00fcmberpaigutamise ettev\u00f5te<\/a> loetakse mis tahes organisatsiooniks, mis pakub mitmesuguseid teenuseid, mille eesm\u00e4rk on h\u00f5lbustada \u00fcksikisikute v\u00f5i \u00fcksikisikute ja nende perekondade liikuvust.<\/p>\n<p>Selliseid teenuseid v\u00f5ib osutada l\u00e4hte- v\u00f5i sihtkohas v\u00f5i m\u00f5lemas piirkonnas. ARP assotsieerunud liikmesus on m\u00f5eldud astmeks t\u00e4isliikmeks saamise suunas ja selle saavutamisel osutatakse teile igak\u00fclgset abi.<\/p>\n<p><u>Liikmesus<\/u><\/p>\n<p>Ettev\u00f5tted, kes pakuvad teenuseid, mida kasutavad \u00fcmberpaigutamise spetsialistid, kuid kelle p\u00f5hitegevus on laiem kliendibaas.<\/p>\n<p><u>T\u00e4ielik liikmelisus<\/u><\/p>\n<p>Ettev\u00f5tted, kes on tegutsenud rohkem kui kaks aastat.<\/p>\n<p>Assotsieerunud liikmed peavad esitama soovitused, mis seej\u00e4rel kontrollitakse ja esitatakse ARP liikmeskomiteele l\u00f5plikuks kontrollimiseks. Assotsieerunud liikmed peavad enne t\u00e4isliikmeks saamise taotlemist l\u00e4bima EARP \u00f5ppekava esimese taseme koolituse.<\/p>\n<p>T\u00e4isliikmed peavad olema tegutsenud rohkem kui kaks aastat ja esitama taotluse, mis sisaldab kolme kliendi soovitusi.<\/p>\n<p><strong>N\u00e4ide liikmesettev\u00f5tete kohta<\/strong><\/p>\n<ul>\n<li> <a href=\"https:\/\/moverdb.com\/et\/sterling-relokatsioon\/\">Sterling \u00fcmberpaigutamine<\/a><\/li>\n<li> <a href=\"https:\/\/moverdb.com\/et\/dt-liikumine\/\">DT Moving<\/a><\/li>\n<li> <a href=\"https:\/\/moverdb.com\/et\/btr-international\/\">BTR International<\/a><\/li>\n<\/ul>\n<p><strong>Arvamused ARP kohta:<\/strong><\/p>\n<p>ARP esineb arvukatel \u00dchendkuningriigi veebisaitidel ja seda kirjeldatakse kui \u00dchendkuningriigi v\u00e4lismaiste \u00fcmberpaigutamise pakkujate kutseorganisatsiooni. <\/p>\n<p>ARP liikmeks olemine n\u00e4itab, et \u00fcmberpaigutamisettev\u00f5te vastab tunnustatud t\u00f6\u00f6stusstandarditele ja \u00fcletab neid. Vastavalt <a href=\"http:\/\/www.bloomberg.com\/profiles\/companies\/1519530Z:LN-association-of-relocation-professionals\/\" target=\"_blank\" rel=\"noopener\">Bloomberg<\/a> ARP p\u00f5hitegevus <em>\"on edendada ja kaitsta \u00fcmberpaigutamisagentide \u00e4ritegevust ja elukutset.\"<\/em> Mitmed ARP-d oma veebisaitidel tsiteerivad, et see kehtestab t\u00f6\u00f6stusharu jaoks standardid parimate tavade, klienditeeninduse ja professionaalsuse osas.<\/p>\n<blockquote><p>Soodustades parimaid tavasid selles sektoris ja hoides liikmeid kursis viimaste seadusandlike muudatustega alates rahapesust kuni mitmekordsete elamuteni, on meie liikmelisus kohustus teile n\u00e4idata, et oleme \u00fcmberpaigutamise valdkonnas esirinnas ja oleme seda olnud juba \u00fcle 25 aasta.<\/p><\/blockquote>\n<p>- <a href=\"http:\/\/scottsrelocation.co.uk\/association-of-relocation-professionals\" target=\"_blank\" rel=\"noopener\">Scotti \u00fcmberpaigutamine<\/a><\/p>\n<blockquote><p>\u00dcmberpaigutamise spetsialistide assotsiatsiooni (ARP) liikmena v\u00f5ivad Source'i kliendid olla kindlad, et pakutav teenus vastab tunnustatud t\u00f6\u00f6stusharu standarditele ja \u00fcletab neid.<\/p><\/blockquote>\n<p>-  <a href=\"http:\/\/www.source-relocation.co.uk\/index.aspx\" target=\"_blank\" rel=\"noopener\">Allikas \u00fcmberpaigutamine<\/a><\/p>\n<blockquote><p>N\u00f5ukogu, kuhu kuuluvad esindajad k\u00f5igist t\u00f6\u00f6stusharu sektoritest, juhib \u00fchingu t\u00f6\u00f6d algusest peale, tagades seel\u00e4bi, et \u00fching j\u00e4\u00e4ks \u00fcmberpaigutamise muutuste keskmesse.<\/p>\n<p>ARP liikmetel on klientide ja teenusepakkujate kaitseks t\u00e4ielik kutsealane vastutuskindlustus, avalik ja t\u00f6\u00f6andjate vastutuskindlustus.<\/p>\n<p>ARP liikmelisus on t\u00f5endiks p\u00fchendumisest parimatele tavadele, klientide rahulolule ja professionaalsusele.<\/p><\/blockquote>\n<p>- <a href=\"http:\/\/www.relocatecambridge.co.uk\/index.php\/arp\/\" target=\"_blank\" rel=\"noopener\">Cambridge'i \u00fcmberpaigutamine<\/a><\/p>\n<p><strong>Veebileht:<\/strong> <a href=\"http:\/\/www.arp-relocation.com\/\" target=\"_blank\" rel=\"noopener\">http:\/\/www.arp-relocation.com\/<\/a><\/p>","protected":false},"excerpt":{"rendered":"<p>The Association of Relocation Professionals (ARP) is a professional body for the relocation industry in the UK. Its mission is not just to represent its members but to help them market themselves and grow too. Key facts about the ARP: The ARP is the body for relocation professionals in the UK. The Association of Relocation [&hellip;]<\/p>\n","protected":false},"author":1,"featured_media":0,"parent":0,"menu_order":0,"comment_status":"closed","ping_status":"closed","template":"","meta":{"_genesis_hide_title":false,"_genesis_hide_breadcrumbs":false,"_genesis_hide_singular_image":false,"_genesis_hide_footer_widgets":false,"_genesis_custom_body_class":"","_genesis_custom_post_class":"","_genesis_layout":"","footnotes":""},"class_list":{"0":"post-445","1":"page","2":"type-page","3":"status-publish","5":"entry"},"_links":{"self":[{"href":"https:\/\/moverdb.com\/et\/wp-json\/wp\/v2\/pages\/445","targetHints":{"allow":["GET"]}}],"collection":[{"href":"https:\/\/moverdb.com\/et\/wp-json\/wp\/v2\/pages"}],"about":[{"href":"https:\/\/moverdb.com\/et\/wp-json\/wp\/v2\/types\/page"}],"author":[{"embeddable":true,"href":"https:\/\/moverdb.com\/et\/wp-json\/wp\/v2\/users\/1"}],"replies":[{"embeddable":true,"href":"https:\/\/moverdb.com\/et\/wp-json\/wp\/v2\/comments?post=445"}],"version-history":[{"count":7,"href":"https:\/\/moverdb.com\/et\/wp-json\/wp\/v2\/pages\/445\/revisions"}],"predecessor-version":[{"id":6177,"href":"https:\/\/moverdb.com\/et\/wp-json\/wp\/v2\/pages\/445\/revisions\/6177"}],"wp:attachment":[{"href":"https:\/\/moverdb.com\/et\/wp-json\/wp\/v2\/media?parent=445"}],"curies":[{"name":"wp","href":"https:\/\/api.w.org\/{rel}","templated":true}]}}