{"id":444,"date":"2016-06-18T20:35:52","date_gmt":"2016-06-18T20:35:52","guid":{"rendered":"http:\/\/moverdb.com\/?page_id=444"},"modified":"2026-01-08T14:48:15","modified_gmt":"2026-01-08T14:48:15","slug":"eura","status":"publish","type":"page","link":"https:\/\/moverdb.com\/et\/eura\/","title":{"rendered":"Euroopa \u00dcmberpaigutamise Assotsiatsiooni (EuRA) selgitused"},"content":{"rendered":"<p>Euroopa \u00dcmberpaigutamise Assotsiatsioon (EuRA) edendab professionaalselt juhitud \u00fcmberpaigutamise ja liikuvusteenuste eeliseid \u00fclemaailmselt liikuvate t\u00f6\u00f6tajatega ettev\u00f5tetele. Selle eesm\u00e4rkide hulka kuulub Euroopa juhtivaks \u00fcmberpaigutamise organisatsiooniks kujunemine ning innovatsiooni ja parimate tavade v\u00f5rdlusaluste kehtestamine.<\/p>\n<p><strong>Peamised faktid EuRA kohta:<\/strong><\/p>\n<ol>\n<li>  EuRA liikmete hulka kuuluvad nii kolimisteenuste pakkujad kui ka need, kes pakuvad seotud teenuseid, nagu m\u00f6\u00f6bli rentimine ja kodutarvete vedu.<\/li>\n<li>  EuRA Global Quality Seal on maailma esimene akrediteerimisprogramm \u00fcmberpaigutamise teenusepakkujatele.<\/li>\n<li>  EuRA asutati 1998. aastal.<\/li>\n<li>  EuRA eesm\u00e4rk on eelk\u00f5ige hariduslik - anda nii EuRA liikmetele kui ka avalikkusele teavet ettev\u00f5tete liikuvuse ja sellega seotud k\u00fcsimuste kohta.<\/li>\n<li>  EuRA-l on \u00fcle 350 liikme.<\/li>\n<li>  EuRA liikmed h\u00f5lmavad rohkem kui 50 riiki.<\/li>\n<\/ol>\n<p><strong>Euroopa \u00fcmberpaigutamise assotsiatsiooni profiil:<\/strong><\/p>\n<p>EuRA t\u00e4idab oma liikmete jaoks mitmeid funktsioone, sealhulgas pakub koolitust ja n\u00f5ustamist ning toetab \u00fcmberpaigutamise spetsialiste. Samuti teeb liit liikmete nimel lobit\u00f6\u00f6d, edendades muutusi ja arenguid, mis aitavad \u00fcmberpaigutamist\u00f6\u00f6stusel kasvada. <\/p>\n<p>Ta on ka teabeallikas, mis avaldab regulaarselt nii v\u00e4liseid kui ka sisemisi publikatsioone ning on samuti loodud m\u00f5ttekojana t\u00f6\u00f6stuse tulevase planeerimise ja arendamise jaoks. <\/p>\n<p>Parimate tavade v\u00f5rdlusaluste pakkumine on \u00fcks EuRA peamisi eesm\u00e4rke ja nii ongi v\u00e4lja kujunenud EuRA Quality Global Seal, akrediteerimisprogramm \u00fcmberpaigutamisega tegelevatele ettev\u00f5tjatele. <\/p>\n<p>Quality Global Seal on auditeerimiss\u00fcsteem, mille eesm\u00e4rk on tagada, et selle kandjad vastavad teatud standarditele teenuste osutamisel ja protsesside haldamisel. See on avatud EuRA t\u00e4is-, assotsieerunud ja \u00fclemaailmsetele liikmetele. <\/p>\n<p>EuRA loodi algselt vastusena kasvavale n\u00f5udlusele piiri\u00fclese t\u00f6\u00f6stuse organi j\u00e4rele Euroopas ning n\u00fc\u00fcdseks on sellel suur haare.<\/p>\n<p><strong>Liikmeks saamise kriteeriumid <\/strong><\/p>\n<p><u>T\u00e4ielik liikmelisus<\/u><\/p>\n<p>Euroopa \u00dcmberpaigutamisassotsiatsiooni t\u00e4isliikmeks v\u00f5ivad saada ettev\u00f5tted, kelle \u00e4ritegevus on seotud eraisikute v\u00f5i juriidiliste isikute \u00fcmberpaigutamisteenuste osutamisega ja kelle sissetulek on saadud neilt.<\/p>\n<p>\u00dcmberpaigutamisega tegelevaks ettev\u00f5tteks loetakse mis tahes organisatsiooni, mis pakub mitmesuguseid teenuseid, mille eesm\u00e4rk on h\u00f5lbustada \u00fcksikisikute v\u00f5i \u00fcksikisikute ja nende perekondade liikuvust. Selliseid teenuseid v\u00f5ib osutada l\u00e4hte- v\u00f5i sihtkohas v\u00f5i m\u00f5lemas piirkonnas.<\/p>\n<p>Kriteeriumid:<\/p>\n<ul>\n<li> Et olla kaubelnud kui <a href=\"https:\/\/moverdb.com\/et\/relocation-agents\/\" data-internallinksmanager029f6b8e52c=\"1\" title=\"7 p\u00f5hjust, miks peaksite kasutama kolimisagenti?\">\u00dcmberpaigutamise agent<\/a> v\u00e4hemalt kaks aastat, tuleb esitada t\u00f5end ettev\u00f5tte registreerimise kohta.<\/li>\n<li> t\u00e4ita k\u00fcsimustik, esitades kolme kliendi nimed ja aadressid, kellele on viimase 12 kuu jooksul tehtud t\u00f6id. EuRA v\u00f5tab nende klientidega \u00fchendust soovituste saamiseks.<\/li>\n<li> Esitada koopiad k\u00f5igist tr\u00fckitud materjalidest ning mis tahes muu teave, mis v\u00f5ib aidata liikmeskonnakomiteed teie avalduse l\u00e4bivaatamisel.<\/li>\n<li> esitada t\u00f5endid selle kohta, et teie\/ teie ettev\u00f5te on piisavalt kindlustatud (teie koduriigis).<\/li>\n<li> Esitada l\u00fchidalt k\u00f5igi ettev\u00f5tte direktorite v\u00f5i partnerite karj\u00e4\u00e4ri kohta.<\/li>\n<li> Olla k\u00e4ttesaadav intervjuuks (oma koduriigis).<\/li>\n<\/ul>\n<p><u>Assotsieerunud liikmelisus<\/u><\/p>\n<p>Euroopa \u00dcmberpaigutamise Assotsiatsiooni assotsieerunud liikmeks v\u00f5ivad saada ettev\u00f5tted, kes on tegutsenud v\u00e4hem kui kaks aastat. Euroopa \u00dcmberpaigutamise Assotsiatsiooni assotsieerunud liikmeks v\u00f5ivad saada need, kes ei vasta t\u00e4isliikme tingimustele, ning see on avatud ettev\u00f5tetele, kelle \u00e4ritegevus on seotud eraisikute v\u00f5i juriidiliste isikute \u00fcmberpaigutamisteenuste osutamisega ja kelle sissetulek on saadud neilt.<\/p>\n<p>Kriteeriumid:<\/p>\n<ul>\n<li> Tegutseda v\u00f5i kavatseda tegutseda \u00fcmberpaigutamisagendina. Palun allkirjastage lisatud koopia ja tagastage see koos taotlusega.<\/li>\n<li> T\u00e4itma k\u00fcsimustikku, esitades kahe referendi (kas EuRA, SNPRM, ARA, ABRA v\u00f5i kohalikult tunnustatud spetsialistide v\u00f5i nende kahe kombinatsiooni) nimed ja aadressid, kui see on m\u00e4rgitud.<\/li>\n<li> Esitada koopiad k\u00f5igist tr\u00fckitud materjalidest ning mis tahes muu teave, mis v\u00f5ib aidata liikmeskonnakomiteed teie avalduse l\u00e4bivaatamisel.<\/li>\n<li> esitada t\u00f5endid selle kohta, et teie\/ teie ettev\u00f5te on piisavalt kindlustatud (teie koduriigis).<\/li>\n<li> Esitada l\u00fchike teave k\u00f5igi ettev\u00f5tte direktorite v\u00f5i partnerite karj\u00e4\u00e4ri kohta.<\/li>\n<\/ul>\n<p><u>Liikmesus<\/u><\/p>\n<p>EuRA liikmesus on avatud ettev\u00f5tetele, kelle \u00e4ritegevus on seotud \u00fcmberpaigutamisteenuste osutajatega ja kes kasutavad neid.<\/p>\n<p>Kriteeriumid:<\/p>\n<ul>\n<li> Euroopa \u00dcmberpaigutamisassotsiatsiooni t\u00e4isliikme poolt liitlasliikmeks nimetamine.<\/li>\n<li> Kui taotleja ei tunne \u00fchtegi \u00fchingu liiget, v\u00f5ib ta siiski liikmeks astuda. Sellisel juhul palume esitada kahe referendi nimed ja aadressid. Seej\u00e4rel vaatab avalduse l\u00e4bi \u00fchingu n\u00f5ukogu.<\/li>\n<\/ul>\n<p><u>\u00dclemaailmne liikmelisus<\/u><\/p>\n<p>EuRA \u00fclemaailmne liikmesus on avatud ettev\u00f5tetele, kes pakuvad \u00fcmberpaigutusteenuseid v\u00e4ljaspool Mandri-Euroopat.<\/p>\n<p>Euroopa \u00dcmberpaigutamisassotsiatsiooni liikmeks v\u00f5ivad saada ettev\u00f5tted, kelle \u00e4ritegevus on seotud eraisikute v\u00f5i juriidiliste isikute \u00fcmberpaigutamisteenuste osutamisega ja kelle sissetulek on saadud eraisikutelt v\u00f5i juriidilistelt isikutelt.<\/p>\n<p>\u00dcmberpaigutamisega tegelevaks ettev\u00f5tteks loetakse mis tahes organisatsiooni, mis pakub mitmesuguseid teenuseid, mille eesm\u00e4rk on h\u00f5lbustada \u00fcksikisikute v\u00f5i \u00fcksikisikute ja nende perekondade liikuvust. Selliseid teenuseid v\u00f5ib osutada l\u00e4hte- v\u00f5i sihtkohas v\u00f5i m\u00f5lemas piirkonnas.<\/p>\n<p>Kriteeriumid:<\/p>\n<ul>\n<li> Selleks, et olla v\u00e4hemalt kaks aastat kaubelnud, tuleb esitada t\u00f5end \u00fche tellimuse t\u00e4itmise kohta, st t\u00f5end registreerimise kohta.<\/li>\n<li> t\u00e4ita k\u00fcsimustik, esitades kahe referendi (kliendid, kellele on tehtud t\u00f6\u00f6d viimase 12 kuu jooksul) ning \u00fche EuRA liikme nimed ja aadressid. EuRA v\u00f5tab nende referentidega \u00fchendust.<\/li>\n<li> Esitada koopiad k\u00f5igist tr\u00fckitud materjalidest ning mis tahes muu teave, mis v\u00f5ib aidata liikmeskonnakomiteed teie avalduse l\u00e4bivaatamisel.<\/li>\n<li> esitada t\u00f5endid selle kohta, et teie\/ teie ettev\u00f5te on piisavalt kindlustatud (teie koduriigis).<\/li>\n<li> Esitada l\u00fchidalt k\u00f5igi ettev\u00f5tte direktorite v\u00f5i partnerite karj\u00e4\u00e4ri kohta.<\/li>\n<li> Olla k\u00e4ttesaadav intervjuuks (oma koduriigis).<\/li>\n<\/ul>\n<p><strong>N\u00e4idisliikmete ettev\u00f5tted<\/strong><\/p>\n<ul>\n<li> <a href=\"https:\/\/moverdb.com\/et\/santa-fe-relokatsioon\/\">Santa Fe \u00fcmberpaigutamise teenused<\/a> <\/li>\n<li> <a href=\"https:\/\/moverdb.com\/et\/aires\/\">Aires<\/a><\/li>\n<li> <a href=\"https:\/\/moverdb.com\/et\/sterling-relokatsioon\/\">Sterling \u00fcmberpaigutamine<\/a><\/li>\n<li> <a href=\"https:\/\/moverdb.com\/et\/robinsons\/\">Robinsoni \u00fcmberpaigutamine<\/a><\/li>\n<li> <a href=\"https:\/\/moverdb.com\/et\/dt-liikumine\/\">DT Moving<\/a><\/li>\n<li> <a href=\"https:\/\/moverdb.com\/et\/bournes\/\">Bournes<\/a><\/li>\n<li> <a href=\"https:\/\/moverdb.com\/et\/btr-international\/\">BTR International<\/a><\/li>\n<li> <a href=\"https:\/\/moverdb.com\/et\/packimpex\/\">Packimpex<\/a><\/li>\n<\/ul>\n<p><strong>Arvamused EuRA kohta<\/strong><\/p>\n<p>EuRAt mainitakse mitmete ettev\u00f5tete (n\u00e4iteks kolijate ja teenindatavate korterite) veebisaitidel ja sageli seoses sellega, et n\u00e4idata, kuidas see ettev\u00f5te saab kolimisprotsessile lisakasu tuua. <\/p>\n<p>Sageli r\u00f5hutatakse \u00fchingu \u00fclemaailmset ulatust ja asjaolu, et see on osalenud t\u00f6\u00f6stusharu kvaliteedistandardite kehtestamises. Kui seda nimetatakse veebisaitidel, kirjeldatakse seda kui \"t\u00f6\u00f6stusharu organit\", millel on hariduslik osa ja k\u00e4itumiskoodeks, mida k\u00f5ik liikmed peavad j\u00e4rgima.<\/p>\n<blockquote><p>EURA on suurep\u00e4rane partner, kes aitab saavutada meie eesm\u00e4rki harida turgu, et n\u00e4idata, kuidas teenindatavad korterid v\u00f5ivad kolimisprotsessis t\u00f5elist kasu tuua.<\/p><\/blockquote>\n<p>- <a href=\"http:\/\/www.chevalresidences.com\/partners-eura.html\" target=\"_blank\" rel=\"noopener\">Cheval Residences<\/a><\/p>\n<blockquote><p>\nEuRA roll ja p\u00f5hieesm\u00e4rgid on j\u00e4rgmised: parandada ja s\u00e4ilitada t\u00f6\u00f6stusharu kvaliteedistandardeid, edendada t\u00f6\u00f6stusharu ja v\u00f5imaldada liikmetele pidevat erialast haridust. K\u00f5ik see tuleb kasuks liikuvale t\u00f6\u00f6tajale ja perekonnale ning kui see juhtub, siis saame sellest kasu meie kui r\u00fchm.<\/p><\/blockquote>\n<p>- <a href=\"http:\/\/www.globalbusinessnews.net\/\" target=\"_blank\" rel=\"noopener\">Globaalsed \u00e4riuudised<\/a><\/p>\n<blockquote><p>\nEuRA on Euroopa ja maailma \u00fcmberpaigutamise spetsialistide organisatsioon. \u00dcmberpaigutamisteenuse pakkujad peavad j\u00e4rgima EuRA k\u00e4itumisreegleid. <\/p><\/blockquote>\n<p>-  <a href=\"http:\/\/info.bournesmoves.com\/relocation-solutions\/blog\/relocation-moves\/bournes-removals-uk-join-eura\" target=\"_blank\" rel=\"noopener\">Bourne'i tagasivalimised<\/a><\/p>\n<p><strong>Veebileht:<\/strong> <a href=\"http:\/\/www.eura-relocation.com\/\" target=\"_blank\" rel=\"noopener\">http:\/\/www.eura-relocation.com\/<\/a><\/p>","protected":false},"excerpt":{"rendered":"<p>The European Relocation Association (EuRA) promotes the benefits of professionally managed relocation and mobility services to companies with globally mobile employees. Its aims include establishing itself as the premier relocation organisation in Europe and setting benchmarks for innovation and best practice. Key facts about EuRA: EuRA members include Relocation Service Providers, as well as those [&hellip;]<\/p>\n","protected":false},"author":1,"featured_media":0,"parent":0,"menu_order":0,"comment_status":"closed","ping_status":"closed","template":"","meta":{"_genesis_hide_title":false,"_genesis_hide_breadcrumbs":false,"_genesis_hide_singular_image":false,"_genesis_hide_footer_widgets":false,"_genesis_custom_body_class":"","_genesis_custom_post_class":"","_genesis_layout":"","footnotes":""},"class_list":{"0":"post-444","1":"page","2":"type-page","3":"status-publish","5":"entry"},"_links":{"self":[{"href":"https:\/\/moverdb.com\/et\/wp-json\/wp\/v2\/pages\/444","targetHints":{"allow":["GET"]}}],"collection":[{"href":"https:\/\/moverdb.com\/et\/wp-json\/wp\/v2\/pages"}],"about":[{"href":"https:\/\/moverdb.com\/et\/wp-json\/wp\/v2\/types\/page"}],"author":[{"embeddable":true,"href":"https:\/\/moverdb.com\/et\/wp-json\/wp\/v2\/users\/1"}],"replies":[{"embeddable":true,"href":"https:\/\/moverdb.com\/et\/wp-json\/wp\/v2\/comments?post=444"}],"version-history":[{"count":17,"href":"https:\/\/moverdb.com\/et\/wp-json\/wp\/v2\/pages\/444\/revisions"}],"predecessor-version":[{"id":6204,"href":"https:\/\/moverdb.com\/et\/wp-json\/wp\/v2\/pages\/444\/revisions\/6204"}],"wp:attachment":[{"href":"https:\/\/moverdb.com\/et\/wp-json\/wp\/v2\/media?parent=444"}],"curies":[{"name":"wp","href":"https:\/\/api.w.org\/{rel}","templated":true}]}}