{"id":443,"date":"2016-06-18T21:12:56","date_gmt":"2016-06-18T21:12:56","guid":{"rendered":"http:\/\/moverdb.com\/?page_id=443"},"modified":"2026-05-15T14:59:53","modified_gmt":"2026-05-15T14:59:53","slug":"harmony-relocation-network","status":"publish","type":"page","link":"https:\/\/moverdb.com\/et\/harmony-relocation-network\/","title":{"rendered":"Harmony Relocation Network (HRN) selgitused"},"content":{"rendered":"<p>Harmony Relocation Network (HRN) on partnerettev\u00f5tete r\u00fchm, mis loodi selleks, et luua \u00fcleeuroopaline v\u00f5rgustik \u00fclemaailmseks \u00fcmberpaigutamiseks. Infrastruktuuri, tehnoloogia, kvaliteedi ja j\u00e4tkusuutlikkuse integreerimise eesm\u00e4rk on pakkuda \u00fchtlaselt kvaliteetset teenust.<\/p>\n<p><strong>Peamised faktid k\u00f5rge esindaja kohta:<\/strong><\/p>\n<ol>\n<li>  Liikmeks on 140 liiget 60 riigist.<\/li>\n<li>  HRN teenindab 180 riiki kuuel kontinendil.<\/li>\n<li>  HRN asutati 1992. aastal ja 140 liiget on k\u00f5ik ettev\u00f5tte kaasomanikud.<\/li>\n<li>  HRN-i asutasid Saksa ja Hollandi ettev\u00f5tted enne laienemist <a href=\"https:\/\/moverdb.com\/et\/moving-to-australia\/living-in-australia\/\" data-internallinksmanager029f6b8e52c=\"240\" title=\"21 saladusi Austraalias elamise kohta, mida enne kolimist teada tuleb\">Austraalia<\/a> ja Aasia ning seej\u00e4rel L\u00e4his-Ida, Ladina-Ameerika ja Aafrika.<\/li>\n<li>  Aastatel 2002-2015 oli HRN osa UniGroup Worldwide UTS-i koos <a href=\"https:\/\/moverdb.com\/et\/moving-to-the-united-states\/\" data-internallinksmanager029f6b8e52c=\"94\" title=\"Kolimine Ameerika \u00dchendriikidesse? 2022 Elamiskulud ja kolimisn\u00f5uanded\">USA<\/a> p\u00f5hinev Van Line.<\/li>\n<li>  HRN on suurim \u00fchiselt kaubam\u00e4rgiga \u00fclemaailmne kolimisettev\u00f5tete v\u00f5rgustik.<\/li>\n<\/ol>\n<p><strong>Harmony Relocation Networki profiil:<\/strong><\/p>\n<p>HRNi idee on \u00fchendada kohaliku p\u00e4randi parimad k\u00fcljed globaalse m\u00f5\u00f5tmega, pakkudes ettev\u00f5tetele ja eraisikutele \u00fcmberpaigutamisteenust, mis tundub kohalik, kuid on \u00fclemaailmse ulatusega. <\/p>\n<p>Pakutavate teenuste hulka kuuluvad kolimiskorraldusteenused, kolimisoperatsioonid ja sihtkohateenused. HRN on v\u00e4lja t\u00f6\u00f6tanud oma v\u00f5rgustiku veebip\u00f5hise IT-s\u00fcsteemi, mille eesm\u00e4rk on hoida kliente kursis ja tagada v\u00f5imalikult terviklik ja j\u00e4rjepidev protsess - see sisaldab aruandlus- ja j\u00e4lgimisv\u00f5imalusi. <\/p>\n<p>Majandusliku, keskkonnaalase ja sotsiaalse j\u00e4tkusuutlikkuse integreerimine on oluline HRNi jaoks, mis nimetab seda \u00fcheks oma p\u00f5hisambaks inimeste, tehnoloogia ja keskkonna tasakaalustamisel.<\/p>\n<p><strong>Liikmeks saamise kriteeriumid <\/strong><\/p>\n<p>Kodulehel ei ole esitatud mingeid kriteeriume liikmeks saamise kohta - seal on ainult kontaktleht.<\/p>\n<p><strong>N\u00e4ide liikmesettev\u00f5tete kohta<\/strong><\/p>\n<ul>\n<li> <a href=\"https:\/\/moverdb.com\/et\/bournes\/\">Bournes<\/a><\/li>\n<li> <a href=\"https:\/\/moverdb.com\/et\/cadogan-tate\/\">Cadogan Tate<\/a><\/li>\n<li> <a href=\"https:\/\/moverdb.com\/et\/gerson-relokatsioon\/\">Gerson \u00fcmberpaigutamine<\/a><\/li>\n<li> <a href=\"https:\/\/moverdb.com\/et\/pearson\/\">Pearson Home Moving<\/a><\/li>\n<\/ul>\n<p><strong>Arvamused HRNi kohta<\/strong><\/p>\n<p>HRN esineb m\u00e4rkimisv\u00e4\u00e4rsel arvul kolijate veebisaitidel, kus sellele viidatakse kui organisatsioonile, millel on <em>\"uus nimi, kuid t\u00f5estatud kogemus.\"<\/em> Tugevad perev\u00e4\u00e4rtused ja koost\u00f6\u00f6le orienteeritud globaalne l\u00e4henemine tulevad iga kord esile. <\/p>\n<p>\u00dcldine konsensus n\u00e4ib olevat, et liikumine HRNi kuuluva \u00fcmberpaigutamisettev\u00f5ttega annab kliendile juurdep\u00e4\u00e4su kogu v\u00f5rgustiku eelistele. R\u00f5hutatakse, et liikmed peavad kinni pidama \u00fcldisest teenustaseme kokkuleppest ja selle tulemuseks on j\u00e4rjepidevus - <em>\"Kuigi kombed ja kultuur v\u00f5ivad riigiti erineda, ei ole teenuse k\u00f5rge kvaliteet, mida te v\u00f5ite oodata, erinev. Kogu maailmas - samad menetlused, teenus ja k\u00f5rge kvaliteet.\"<\/em> <\/p>\n<p>Lisaks sellele keskenduvad paljud, kes oma veebisaitidel liikmelisust tsiteerivad, v\u00f5rgustiku suurusele ja sellele, et see on \u00fcks suurimaid omataolisi maailmas.<\/p>\n<blockquote><p>Harmony on \u00fclemaailmne kohalike ettev\u00f5tete \u00fcmberpaigutamisettev\u00f5tete v\u00f5rgustik, mis s\u00e4ilitab tugevaid perev\u00e4\u00e4rtusi l\u00e4bi p\u00f5lvkondade p\u00e4randi.<\/p><\/blockquote>\n<p>- <a href=\"http:\/\/www.abels.co.uk\/harmony-relocation-network\/\" target=\"_blank\" rel=\"noopener\">Abels<\/a><\/p>\n<blockquote><p>Harmony \u00fchendab kohaliku p\u00e4randi parimad k\u00fcljed globaalse mastaabiga, tehes k\u00f5ik endast oleneva ja t\u00e4ites oma lubadusi. Me v\u00f5tame t\u00f5eliselt s\u00fcdamele inimeste ja kohalike t\u00e4htsust.<\/p><\/blockquote>\n<p>- <a href=\"https:\/\/theresforum.com\/partners\/harmony\/\" target=\"_blank\" rel=\"noopener\">RES foorum<\/a><\/p>\n<blockquote><p>V\u00f5rgustik pakub laia valikut l\u00e4hetuse-eelseid, transpordi- ja sihtkohateenuseid, et aidata eraisikutel v\u00f5i personalijuhtidel ja l\u00e4hetatuil kogu reisi jooksul, algusest l\u00f5puni, juhendada.<\/p><\/blockquote>\n<p>- <a href=\"http:\/\/bournesmoves.com\/relocation\/harmony-relocation-network.htm\" target=\"_blank\" rel=\"noopener\">Bournes<\/a> <\/p>\n<p><a href=\"http:\/\/www.harmonyrelo.com\/\" target=\"_blank\" rel=\"noopener\">http:\/\/www.harmonyrelo.com\/<\/a><\/p>","protected":false},"excerpt":{"rendered":"<p>The Harmony Relocation Network (HRN) is a group of partner companies that was created to build a pan-European network for global relocation. Integration of infrastructure, technology, quality and sustainability is designed to produce a consistently high quality service. Key facts about HRH: The membership is made up of 140 members in 60 countries. The HRN [&hellip;]<\/p>\n","protected":false},"author":1,"featured_media":0,"parent":0,"menu_order":0,"comment_status":"closed","ping_status":"closed","template":"","meta":{"_genesis_hide_title":false,"_genesis_hide_breadcrumbs":false,"_genesis_hide_singular_image":false,"_genesis_hide_footer_widgets":false,"_genesis_custom_body_class":"","_genesis_custom_post_class":"","_genesis_layout":"","footnotes":""},"class_list":{"0":"post-443","1":"page","2":"type-page","3":"status-publish","5":"entry"},"_links":{"self":[{"href":"https:\/\/moverdb.com\/et\/wp-json\/wp\/v2\/pages\/443","targetHints":{"allow":["GET"]}}],"collection":[{"href":"https:\/\/moverdb.com\/et\/wp-json\/wp\/v2\/pages"}],"about":[{"href":"https:\/\/moverdb.com\/et\/wp-json\/wp\/v2\/types\/page"}],"author":[{"embeddable":true,"href":"https:\/\/moverdb.com\/et\/wp-json\/wp\/v2\/users\/1"}],"replies":[{"embeddable":true,"href":"https:\/\/moverdb.com\/et\/wp-json\/wp\/v2\/comments?post=443"}],"version-history":[{"count":6,"href":"https:\/\/moverdb.com\/et\/wp-json\/wp\/v2\/pages\/443\/revisions"}],"predecessor-version":[{"id":6219,"href":"https:\/\/moverdb.com\/et\/wp-json\/wp\/v2\/pages\/443\/revisions\/6219"}],"wp:attachment":[{"href":"https:\/\/moverdb.com\/et\/wp-json\/wp\/v2\/media?parent=443"}],"curies":[{"name":"wp","href":"https:\/\/api.w.org\/{rel}","templated":true}]}}