{"id":442,"date":"2016-06-12T20:08:54","date_gmt":"2016-06-12T20:08:54","guid":{"rendered":"http:\/\/moverdb.com\/?page_id=442"},"modified":"2026-01-08T14:48:14","modified_gmt":"2026-01-08T14:48:14","slug":"euromovers","status":"publish","type":"page","link":"https:\/\/moverdb.com\/et\/euromovers\/","title":{"rendered":"Euroopa liikumispartnerluse (EUROMOVERS International) selgitused"},"content":{"rendered":"<p>Euromoversi asukoht on <a href=\"https:\/\/moverdb.com\/et\/moving-to-luxembourg\/\" data-internallinksmanager029f6b8e52c=\"349\" title=\"Luksemburgi kolimine? 2023 elamiskulud ja kolimisn\u00f5uanded\">Luksemburg<\/a> ja koosneb mitmetest juhtivatest <a href=\"https:\/\/moverdb.com\/et\/kolimisfirmad\/\">rahvusvahelised kolimisfirmad<\/a> kes on moodustanud v\u00f5rgustiku \u00fchiste standardite, visiooni ja suuna alusel. <\/p>\n<p>Kontsern pakub kolimisteenuseid, mis on paremini k\u00e4ttesaadavad t\u00e4nu oma \u00fchendatud ettev\u00f5tete v\u00f5rgustikule.<\/p>\n<p><strong>Peamised faktid Euromoversi kohta:<\/strong><\/p>\n<ol>\n<li>  Euromovers on enam kui 70 kolimisettev\u00f5tte v\u00f5rgustik.<\/li>\n<li>  Liikmesorganisatsioonid on p\u00e4rit erinevatest riikidest, sealhulgas <a href=\"https:\/\/moverdb.com\/et\/moving-to-austria\/\" data-internallinksmanager029f6b8e52c=\"343\" title=\"Kolimine Austriasse? 2023 elamiskulud ja kolimisn\u00f5uanded\">Austria<\/a>, <a href=\"https:\/\/moverdb.com\/et\/moving-to-belgium\/\" data-internallinksmanager029f6b8e52c=\"323\" title=\"Kolimine Belgiasse? 2023 elamiskulud ja kolimisn\u00f5uanded\">Belgia<\/a>, <a href=\"https:\/\/moverdb.com\/et\/moving-to-the-czech-republic\/\" data-internallinksmanager029f6b8e52c=\"391\" title=\"Kolimine T\u0161ehhi Vabariiki? 2024 elamiskulud ja kolimisn\u00f5uanded\">T\u0161ehhi Vabariik<\/a>, <a href=\"https:\/\/moverdb.com\/et\/moving-to-denmark\/\" data-internallinksmanager029f6b8e52c=\"335\" title=\"Kolimine Taani? 2023 elamiskulud ja kolimisn\u00f5uanded\">Taani<\/a>, <a href=\"https:\/\/moverdb.com\/et\/moving-to-finland\/\" data-internallinksmanager029f6b8e52c=\"345\" title=\"Soome kolimine? 2023 elamiskulud ja kolimisn\u00f5uanded\">Soome<\/a>, <a href=\"https:\/\/moverdb.com\/et\/moving-to-france\/\" data-internallinksmanager029f6b8e52c=\"315\" title=\"Kolimine Prantsusmaale? 2023 elamiskulud ja kolimisn\u00f5uanded\">Prantsusmaa<\/a>, <a href=\"https:\/\/moverdb.com\/et\/moving-to-germany\/\" data-internallinksmanager029f6b8e52c=\"321\" title=\"Kolimine Saksamaale? 2023 elamiskulud ja kolimisn\u00f5uanded\">Saksamaa<\/a>, <a href=\"https:\/\/moverdb.com\/et\/moving-to-greece\/\" data-internallinksmanager029f6b8e52c=\"353\" title=\"Kreekasse kolimine? 2023 elamiskulud ja kolimisn\u00f5uanded\">Kreeka<\/a>, <a href=\"https:\/\/moverdb.com\/et\/moving-to-italy\/\" data-internallinksmanager029f6b8e52c=\"346\" title=\"Kolimine Itaaliasse? 2023 elamiskulud ja kolimisn\u00f5uanded\">Itaalia<\/a>, Luksemburg, <a href=\"https:\/\/moverdb.com\/et\/moving-to-the-netherlands\/\" data-internallinksmanager029f6b8e52c=\"328\" title=\"Kolimine Hollandisse? 2023 elamiskulud ja kolimisn\u00f5uanded\">Madalmaad<\/a>, <a href=\"https:\/\/moverdb.com\/et\/moving-to-slovakia\/\" data-internallinksmanager029f6b8e52c=\"338\" title=\"Kolimine Slovakkiasse? 2023 elamiskulud ja kolimisn\u00f5uanded\">Slovakkia<\/a>, <a href=\"https:\/\/moverdb.com\/et\/moving-to-spain\/\" data-internallinksmanager029f6b8e52c=\"266\" title=\"Kolimine Hispaaniasse? 2023 elamiskulud ja kolimisn\u00f5uanded\">Hispaania<\/a>, <a href=\"https:\/\/moverdb.com\/et\/moving-to-switzerland\/\" data-internallinksmanager029f6b8e52c=\"327\" title=\"Kolimine \u0160veitsi? 2023 elamiskulud ja kolimisn\u00f5uanded\">\u0160veits<\/a> ja <a href=\"https:\/\/moverdb.com\/et\/rahvusvahelised-kolimised\/\">\u00dchendkuningriik<\/a>, ja v\u00e4ljaspool Euroopat Euroopa <a href=\"https:\/\/moverdb.com\/et\/moving-to-the-united-states\/\" data-internallinksmanager029f6b8e52c=\"94\" title=\"Kolimine Ameerika \u00dchendriikidesse? 2022 Elamiskulud ja kolimisn\u00f5uanded\">Ameerika \u00dchendriigid<\/a>, <a href=\"https:\/\/moverdb.com\/et\/moving-to-australia\/living-in-australia\/\" data-internallinksmanager029f6b8e52c=\"240\" title=\"21 saladusi Austraalias elamise kohta, mida enne kolimist teada tuleb\">Austraalia<\/a>, Venemaa F\u00f6deratsioon ja <a href=\"https:\/\/moverdb.com\/et\/moving-to-china\/\" data-internallinksmanager029f6b8e52c=\"357\" title=\"Kolimine Hiinasse? 2023 elamiskulud ja kolimisn\u00f5uanded\">Hiina<\/a>.<\/li>\n<li>  Euromovers pakub kolimisteenuseid, see ei ole kaubanduslik \u00fchendus.<\/li>\n<li>  K\u00f5ik Euromoversi v\u00f5rgustiku partnerid osalevad perioodilistes auditites ja \u00fclevaatustes, et tagada vastavus kehtestatud standarditele.<\/li>\n<li>  Euromovers on liige, kui <a href=\"https:\/\/moverdb.com\/et\/olen\/\">Rahvusvaheline kolijate assotsiatsioon<\/a> ja omab kvaliteedisertifikaate ISO 9001 (kvaliteedijuhtimisteenused), ISO 14001 (keskkonnajuhtimiss\u00fcsteemid), ISO 27001 (infoturbes\u00fcsteemid).<\/li>\n<\/ol>\n<p><strong>Euroopa liikumispartnerluse profiil:<\/strong><\/p>\n<p>Euromovers pakub <a href=\"https:\/\/moverdb.com\/et\/rahvusvahelised-kolimised\/\">Euroopa kolimised ja kolimised v\u00e4lismaale<\/a> oma 70 liikme kaudu, kes asuvad nii Euroopa riikides kui ka laiemalt, n\u00e4iteks Hiinas ja Venemaal. <\/p>\n<p>See pakub uksest-ukseni kolimis- ja \u00fcmberpaigutamisteenuseid ettev\u00f5tetele ja eraisikutele, ladustamislahendusi, ettev\u00f5tte lahendusi ja kaunite kunstiteoste vedu. Vastastikune partnerlus, millel Euromovers p\u00f5hineb, aitab ettev\u00f5ttel saavutada oma visiooni integreeritud \u00fcmberpaigutamisest mis tahes \u00fclemaailmsesse sihtkohta.<\/p>\n<p><strong>Liikmeks saamise kriteeriumid:<\/strong><\/p>\n<p>Internetis ei ole liikmelisuse kriteeriumide kohta mingeid \u00fcksikasju esitatud.<\/p>\n<p><strong>N\u00e4ide liikmesettev\u00f5tete kohta<\/strong><\/p>\n<ul>\n<li> <a href=\"https:\/\/moverdb.com\/et\/atlas-van-lines-international\/\">Atlas Van Lines<\/a><\/li>\n<\/ul>\n<p><strong>Arvamused Euroopa liikumispartnerluse kohta<\/strong><\/p>\n<p>Peale oma veebisaidi ei tundu European Mover Partnership'i mujal internetis mainitud olevat. On olemas veel \u00fcks sarnase nimega organisatsioon - Euro Movers International LLC, mis asub aadressil <a href=\"https:\/\/moverdb.com\/et\/moving-to-dubai\/\" data-internallinksmanager029f6b8e52c=\"246\" title=\"Dubaisse kolimine? 2023 elamiskulud ja kolimisn\u00f5uanded\">Dubai<\/a>, kuid ei kuulu gruppi. <\/p>\n<p>Dubai Euromovers saab <a href=\"http:\/\/www.complaintsboard.com\/complaints\/euro-movers-dubai-c431198.html\" target=\"_blank\" rel=\"noopener\">v\u00e4ga negatiivsed hinnangud<\/a>.<\/p>\n<p><strong>Veebileht:<\/strong> <a href=\"http:\/\/www.euromovers.com\/\" target=\"_blank\" rel=\"noopener\">http:\/\/www.euromovers.com\/<\/a><\/p>","protected":false},"excerpt":{"rendered":"<p>Euromovers is based in Luxembourg and is made up of a number of leading international moving companies who have formed a network on the basis of shared standards, vision and direction. The group offers moving services that are better provided because of its network of connected companies. Key facts about Euromovers: Euromovers is a network [&hellip;]<\/p>\n","protected":false},"author":1,"featured_media":0,"parent":0,"menu_order":0,"comment_status":"closed","ping_status":"closed","template":"","meta":{"_genesis_hide_title":false,"_genesis_hide_breadcrumbs":false,"_genesis_hide_singular_image":false,"_genesis_hide_footer_widgets":false,"_genesis_custom_body_class":"","_genesis_custom_post_class":"","_genesis_layout":"","footnotes":""},"class_list":{"0":"post-442","1":"page","2":"type-page","3":"status-publish","5":"entry"},"_links":{"self":[{"href":"https:\/\/moverdb.com\/et\/wp-json\/wp\/v2\/pages\/442","targetHints":{"allow":["GET"]}}],"collection":[{"href":"https:\/\/moverdb.com\/et\/wp-json\/wp\/v2\/pages"}],"about":[{"href":"https:\/\/moverdb.com\/et\/wp-json\/wp\/v2\/types\/page"}],"author":[{"embeddable":true,"href":"https:\/\/moverdb.com\/et\/wp-json\/wp\/v2\/users\/1"}],"replies":[{"embeddable":true,"href":"https:\/\/moverdb.com\/et\/wp-json\/wp\/v2\/comments?post=442"}],"version-history":[{"count":5,"href":"https:\/\/moverdb.com\/et\/wp-json\/wp\/v2\/pages\/442\/revisions"}],"predecessor-version":[{"id":6203,"href":"https:\/\/moverdb.com\/et\/wp-json\/wp\/v2\/pages\/442\/revisions\/6203"}],"wp:attachment":[{"href":"https:\/\/moverdb.com\/et\/wp-json\/wp\/v2\/media?parent=442"}],"curies":[{"name":"wp","href":"https:\/\/api.w.org\/{rel}","templated":true}]}}