{"id":441,"date":"2016-06-18T21:28:02","date_gmt":"2016-06-18T21:28:02","guid":{"rendered":"http:\/\/moverdb.com\/?page_id=441"},"modified":"2026-01-08T15:30:43","modified_gmt":"2026-01-08T15:30:43","slug":"tootajate-umberpaigutamise-noukogu","status":"publish","type":"page","link":"https:\/\/moverdb.com\/et\/employee-relocation-council\/","title":{"rendered":"\u00dclemaailmne t\u00f6\u00f6tajate \u00fcmberpaigutamise n\u00f5ukogu (ERC) selgitused"},"content":{"rendered":"<p>Worldwide Employee Relocation Council (ERC) kirjeldab end kui t\u00f6\u00f6j\u00f5u liikuvuse \u00fchingut spetsialistidele, kes j\u00e4lgivad, haldavad v\u00f5i toetavad USA-siseselt ja rahvusvaheliselt t\u00f6\u00f6tajate \u00fcleviimist. <\/p>\n<p>Selle eesm\u00e4rk on aidata liikmetel, kes on p\u00e4rit erinevatest kutsealadest, sealhulgas personalit\u00f6\u00f6tajate, kinnisvara- ja s\u00f5jav\u00e4elaste hulgast, tulla toime t\u00f6\u00f6j\u00f5u liikuvusega seotud probleemidega.<\/p>\n<p><strong>Peamised faktid ERC kohta:<\/strong><\/p>\n<ol>\n<li>  ERC liikmed on p\u00e4rit erinevatest ametitest, sealhulgas personalit\u00f6\u00f6, v\u00e4rbamine, valitsus, s\u00f5jav\u00e4gi, kinnisvara, finantsteenused, kolimine, n\u00f5ustamine ja konsultatsioon.<\/li>\n<li>  ERC p\u00e4devus h\u00f5lmab \u00fcmberpaigutamisega tegelevate spetsialistide k\u00fcsimusi ja juhtimispraktikaid, mis k\u00e4sitlevad <a href=\"https:\/\/moverdb.com\/et\/moving-to-the-united-states\/\" data-internallinksmanager029f6b8e52c=\"94\" title=\"Kolimine Ameerika \u00dchendriikidesse? 2022 Elamiskulud ja kolimisn\u00f5uanded\">Ameerika \u00dchendriigid<\/a> ja k\u00f5igi teiste riikide vahel.<\/li>\n<li>  ERC peakorter asub <a href=\"https:\/\/moverdb.com\/et\/moving-to-washington-dc\/\">Washington, DC,<\/a> Euroopa b\u00fcroo Br\u00fcsselis, <a href=\"https:\/\/moverdb.com\/et\/moving-to-belgium\/\" data-internallinksmanager029f6b8e52c=\"323\" title=\"Kolimine Belgiasse? 2023 elamiskulud ja kolimisn\u00f5uanded\">Belgia<\/a>.<\/li>\n<li>  ERC pakub selliseid akrediteeringuid nagu Certified Relocation Professional ja Global Mobility Specialist.<\/li>\n<li>  Saadaval on erinevaid liikmeskategooriaid, sealhulgas ettev\u00f5tte liikmelisus (peamiselt majasisesed spetsialistid), liikuvusteenuste liikmelisus (t\u00f6\u00f6j\u00f5u liikuvuse ettev\u00f5tetele), isiklik\/professionaalne (PERC\u2122) liikmelisus (need, kes otsivad teavet, n\u00e4iteks teadlased ja t\u00f6\u00f6otsijad), \u00fcmberpaigutamise hindaja, kinnisvaramaakler ja \u00fcmberpaigutamise haldusettev\u00f5te.<\/li>\n<li>  2005. aasta seisuga oli ERC-l \u00fcle 12 000 liikme (k\u00f5ige ajakohasemad statistilised andmed).<\/li>\n<\/ol>\n<p><strong>\u00dclemaailmse t\u00f6\u00f6tajate \u00fcmberpaigutamise n\u00f5ukogu profiil:<\/strong><\/p>\n<p>ERC-l on mitmeid funktsioone, sealhulgas lobit\u00f6\u00f6 liikmete nimel, koolituse ja hariduse pakkumine ning v\u00f5rgustike loomise v\u00f5imalused. Samuti aitab ta kaasa t\u00f6\u00f6stusharu standardiseerimise ja konsensuse saavutamisele ning uute t\u00f6\u00f6tavade ja e-lahenduste v\u00e4ljat\u00f6\u00f6tamisele. <\/p>\n<p>Lisaks oma liikmete nimel ja koos nendega tegutsemisele on ERC saanud tuntuks ka mitmesuguste andmete kogumise poolest uuringute kaudu, sealhulgas anal\u00fc\u00fcsides linnade sobivust \u00e4sja \u00fcmberasustatud perede jaoks. ERC on kujunenud autoriteediks t\u00f6\u00f6j\u00f5u liikuvuse valdkonnas.<\/p>\n<p><strong>Liikmeks saamise kriteeriumid:<\/strong><\/p>\n<p>Liikmeks saamise kriteeriumid ei ole veebilehel loetletud.<\/p>\n<p><strong>ERC liikmete nimekiri kogu maailmas <a href=\"https:\/\/moverdb.com\/et\/moving-companies\/\" data-internallinksmanager029f6b8e52c=\"79\" title=\"Top 25 rahvusvahelist kolimisfirmat Internetis\">Kolimisfirmad<\/a><\/strong><\/p>\n<ul>\n<li> <a href=\"https:\/\/moverdb.com\/et\/aires\/\">Aires<\/a><\/li>\n<li> <a href=\"https:\/\/moverdb.com\/et\/armstrong-relokatsioon\/\">Armstrongi \u00fcmberpaigutamine<\/a><\/li>\n<li> <a href=\"https:\/\/moverdb.com\/et\/arpin-international\/\">Arpin International<\/a><\/li>\n<li> <a href=\"https:\/\/moverdb.com\/et\/atlas-van-lines-international\/\">Atlas Van Lines<\/a><\/li>\n<li> <a href=\"https:\/\/moverdb.com\/et\/santa-fe-relokatsioon\/\">Santa Fe \u00fcmberpaigutamise teenused<\/a><\/li>\n<li> <a href=\"https:\/\/moverdb.com\/et\/sterling-relokatsioon\/\">Sterling \u00fcmberpaigutamine<\/a><\/li>\n<li> <a href=\"https:\/\/moverdb.com\/et\/arpin-van-lines\/\">Arpin Van Lines<\/a><\/li>\n<li> <a href=\"https:\/\/moverdb.com\/et\/suddath\/\">Suddath<\/a><\/li>\n<li> <a href=\"https:\/\/moverdb.com\/et\/dt-liikumine\/\">DT Moving<\/a><\/li>\n<li> <a href=\"https:\/\/moverdb.com\/et\/btr-international\/\">BTR International<\/a><\/li>\n<p><a href=\"https:\/\/moverdb.com\/et\/packimpex\/\">Packimpex<\/a>\n<\/ul>\n<p><strong>Arvamused ERC kohta<\/strong><\/p>\n<p>ERC ei ole nii paljudel veebisaitidel. Kui seda mainitakse, siis sageli sellega seotud organisatsioonide, n\u00e4iteks Suurte j\u00e4rvede \u00fcmberasustamise n\u00f5ukogu, kontekstis.<\/p>\n<blockquote><p>Et rahuldada \u00fcmberpaigutamise turu vajadusi ja seega aidata t\u00f6\u00f6tajatel sujuvalt alustada oma uut eluperioodi, asutasid kuus inimest 1964. aastal \u00fclemaailmsete t\u00f6\u00f6tajate \u00fcmberpaigutamise n\u00f5ukogu (ERC) eelk\u00e4ija <a href=\"https:\/\/moverdb.com\/et\/kolimine-chicagosse\/\">Chicago<\/a>.<\/p><\/blockquote>\n<p>- <a href=\"http:\/\/start-up-services.de\/en\/company-profile-relocation-service\/relocation-associations\/worldwide-employee-relocation-council\/\" target=\"_blank\" rel=\"noopener\">K\u00e4ivitamise teenused<\/a><\/p>\n<p><strong>Veebileht:<\/strong> <a href=\"http:\/\/www.worldwideerc.org\/Pages\/index.aspx\" target=\"_blank\" rel=\"noopener\">http:\/\/www.worldwideerc.org\/Pages\/index.aspx<\/a><\/p>","protected":false},"excerpt":{"rendered":"<p>The Worldwide Employee Relocation Council (ERC) describes itself as the workforce mobility association for professionals who oversee, manage, or support U.S. domestic and international employee transfer. Its purpose is to help members &#8211; who come from a range of professions, including HR, real estate and military &#8211; to deal with the challenges of workforce mobility. [&hellip;]<\/p>\n","protected":false},"author":1,"featured_media":0,"parent":0,"menu_order":0,"comment_status":"closed","ping_status":"closed","template":"","meta":{"_genesis_hide_title":false,"_genesis_hide_breadcrumbs":false,"_genesis_hide_singular_image":false,"_genesis_hide_footer_widgets":false,"_genesis_custom_body_class":"","_genesis_custom_post_class":"","_genesis_layout":"","footnotes":""},"class_list":{"0":"post-441","1":"page","2":"type-page","3":"status-publish","5":"entry"},"_links":{"self":[{"href":"https:\/\/moverdb.com\/et\/wp-json\/wp\/v2\/pages\/441","targetHints":{"allow":["GET"]}}],"collection":[{"href":"https:\/\/moverdb.com\/et\/wp-json\/wp\/v2\/pages"}],"about":[{"href":"https:\/\/moverdb.com\/et\/wp-json\/wp\/v2\/types\/page"}],"author":[{"embeddable":true,"href":"https:\/\/moverdb.com\/et\/wp-json\/wp\/v2\/users\/1"}],"replies":[{"embeddable":true,"href":"https:\/\/moverdb.com\/et\/wp-json\/wp\/v2\/comments?post=441"}],"version-history":[{"count":15,"href":"https:\/\/moverdb.com\/et\/wp-json\/wp\/v2\/pages\/441\/revisions"}],"predecessor-version":[{"id":6255,"href":"https:\/\/moverdb.com\/et\/wp-json\/wp\/v2\/pages\/441\/revisions\/6255"}],"wp:attachment":[{"href":"https:\/\/moverdb.com\/et\/wp-json\/wp\/v2\/media?parent=441"}],"curies":[{"name":"wp","href":"https:\/\/api.w.org\/{rel}","templated":true}]}}