{"id":440,"date":"2016-06-12T19:59:07","date_gmt":"2016-06-12T19:59:07","guid":{"rendered":"http:\/\/moverdb.com\/?page_id=440"},"modified":"2026-05-15T14:59:13","modified_gmt":"2026-05-15T14:59:13","slug":"iata","status":"publish","type":"page","link":"https:\/\/moverdb.com\/et\/iata\/","title":{"rendered":"Rahvusvahelise Lennutranspordi Assotsiatsiooni (IATA) selgitused"},"content":{"rendered":"<p>Rahvusvaheline Lennutranspordi Assotsiatsioon (IATA) on maailma lennuettev\u00f5tjate \u00fclemaailmne kutse\u00fching. <\/p>\n<p>Selle \u00fclesanne on juhtida ja teenida oma liikmeid ning esindada nende huve nii, et see edendaks lennujaama transpordisektorit.<\/p>\n<p><strong>Peamised faktid IATA kohta:<\/strong><\/p>\n<ol>\n<li>  See esindab umbes 260 lennuettev\u00f5tjat ehk 83% kogu lennuliiklusest.<\/li>\n<li>  See on \u00fclemaailmse ulatusega.<\/li>\n<li>  IATA liikmete lennud moodustavad 83% kogu lennuliiklusest.<\/li>\n<li>  See asutati Kuubal Havannas 1945. aasta aprillis.<\/li>\n<li>  Selle loomisel 1945. aastal oli sellel 57 liiget 31 riigist, peamiselt Euroopast ja P\u00f5hja-Ameerikast. T\u00e4nap\u00e4eval on tal umbes 260 liiget 117 riigist k\u00f5ikjal maailmas.<\/li>\n<li>  Selle prioriteetide hulka kuuluvad ohutus, turvalisus, keskkond, teenused, \u00e4ritegevuse lihtsustamine ja suhete loomine t\u00f6\u00f6stusharus.<\/li>\n<li>  IATA arvelduskava on lennundussektori rahaline selgroog, sest see haldab \u00fcle $270 miljardi euro suurust summat, mis tekib igal aastal reisib\u00fcroode piletim\u00fc\u00fcgist lennufirmadele.<\/li>\n<\/ol>\n<p><strong>Rahvusvahelise Lennutranspordi Assotsiatsiooni profiil:<\/strong><\/p>\n<p>IATA on \u00fclemaailmselt tunnustatud lennuettev\u00f5tjate kutse\u00fching, mis on tegutsenud juba \u00fcle 50 aasta. Selle liikmete hulka kuuluvad nii <a href=\"https:\/\/moverdb.com\/et\/ekspediitor\/\">kaubavedu<\/a> ja reisijateveoettev\u00f5tete ning tal on kontorid 53 riigis \u00fcle maailma. <\/p>\n<p>Ta on kasvanud koos lennundussektoriga, t\u00f6\u00f6tades koos selle sektoriga, et aidata v\u00e4lja t\u00f6\u00f6tada standardeid, tavasid ja menetlusi selle reguleerimiseks ning tagada klientidele \u00fchtlane teenindustase. IATA on t\u00f5eliselt \u00fclemaailmne organisatsioon ja selle 260 liiget on p\u00e4rit rohkem kui 117 riigist.<\/p>\n<p>Lisaks tarbijakaitsele on IATA osalenud ka lennundussektori j\u00e4tkusuutlikumaks muutmisel. Organisatsioon pakub teavet lennuettev\u00f5tete kohta, mitmesuguseid v\u00e4ljaandeid ja koolitusprogramme ning akrediteerimist reisit\u00f6\u00f6stuses t\u00f6\u00f6tavatele inimestele. <\/p>\n<p>Lisaks pakub ta mitmesuguseid finantsteenuseid, n\u00e4iteks v\u00f5lgade sissen\u00f5udmise teenust lennuettev\u00f5tjatele.<\/p>\n<p><strong>Liikmeks saamise kriteeriumid<\/strong><\/p>\n<p>IATA liikmesuse koos k\u00f5igi \u00f5iguste ja privileegidega v\u00f5ib saada alles p\u00e4rast seda, kui: IATA Operational Safety Audit (IOSA) registreerimine, liikmesuse osakonna administratiivne l\u00e4bivaatamine, k\u00f5igi taotlus- ja liikmemaksude tasumine.<\/p>\n<p>IOSA edukas l\u00e4bimine toob kaasa IOSA registrisse kandmise. Lennuettev\u00f5tja peab olema IOSA registris enne IATA liikmeks saamist.<\/p>\n<p>Seej\u00e4rel esitatakse taotlusvorm koos j\u00e4rgmiste t\u00f5endavate dokumentidega:<\/p>\n<ul>\n<li> V\u00e4hemalt kuus kuud kehtiva lennuettev\u00f5tja sertifikaadi (AOC) t\u00f5estatud koopia koos v\u00e4ljaandva asutuse (mitte notari) originaaltempli, kuup\u00e4eva ja allkirjaga ning vajaduse korral registrij\u00e4rgse riigi poolt v\u00e4lja antud k\u00e4itamisn\u00f5uetega.<\/li>\n<li> T\u00f5endatud koopia registreerimistunnistusest, mis on v\u00e4ljastatud asjakohase asutuse, nt kaubanduskoja v\u00f5i samav\u00e4\u00e4rse asutuse poolt. N\u00f5utav on ka notariaalselt t\u00f5estatud t\u00f5end.<\/li>\n<li> Taotluse esitanud lennuettev\u00f5tja auditeeritud finantsaruanded ja kui enamusosalus kuulub m\u00f5nele teisele \u00e4ri\u00fchingule (sealhulgas riigile), siis omanikettev\u00f5tte finantsaruanded. Need peavad olema kinnitatud vannutatud v\u00f5i avaliku sektori audiitori poolt. Uute lennuettev\u00f5tjate puhul on vastuv\u00f5etav vannutatud v\u00f5i avaliku sektori audiitori koostatud \u00e4riplaan.<\/li>\n<li> Taotluse esitanud lennuettev\u00f5tja aastaaruanne v\u00f5i ettev\u00f5tte p\u00f5hikiri, mis n\u00e4itab, kuidas ta on moodustatud, v\u00f5i lennuettev\u00f5tja profiil.<\/li>\n<li> Kehtivad kindlustustunnistused, milles on m\u00e4rgitud \u00f5hus\u00f5iduki t\u00fc\u00fcp, iga \u00f5hus\u00f5iduki registreerimisnumber ja registreerimisasutuse vastavad andmed, mis kehtivad v\u00e4hemalt kuus kuud.<\/li>\n<li> Kahe eelneva aasta liiklusstatistika. Seda n\u00f5uet ei kohaldata uute lennuettev\u00f5tjate suhtes.<\/li>\n<li> Avaldatud s\u00f5iduplaan\/graafik, kui lennuettev\u00f5tjal on regulaarlennud. Mitteregulaarlendude puhul n\u00f5utakse sihtkohtade loetelu.<\/li>\n<\/ul>\n<p><strong>IATA liikmete nimekiri <a href=\"https:\/\/moverdb.com\/et\/moving-companies\/\" data-internallinksmanager029f6b8e52c=\"79\" title=\"Top 25 rahvusvahelist kolimisfirmat Internetis\">Kolimisfirmad<\/a><\/strong><\/p>\n<ul>\n<li> <a href=\"https:\/\/moverdb.com\/et\/armstrong-relokatsioon\/\">Armstrongi \u00fcmberpaigutamine<\/a><\/li>\n<li> <a href=\"https:\/\/moverdb.com\/et\/atlas-van-lines-international\/\">Atlas Van Lines<\/a><\/li>\n<li> <a href=\"https:\/\/moverdb.com\/et\/suddath\/\">Suddath<\/a><\/li>\n<li> <a href=\"https:\/\/moverdb.com\/et\/nippon-express\/\">Nippon Express<\/a><\/li>\n<li> <a href=\"https:\/\/moverdb.com\/et\/bolliger\/\">Bolliger<\/a><\/li>\n<\/ul>\n<p><strong>Arvamused Rahvusvahelise Lennutranspordi Assotsiatsiooni kohta<\/strong><\/p>\n<p>IATA esineb enamiku suuremate lennuettev\u00f5tete veebisaitidel (sageli IATA-koodi kaudu) ja tal on ka oma Vikipeedia lehek\u00fclg. <\/p>\n<p>Selle t\u00e4htsus ameti\u00fchinguna on ilmselge, nagu ka osalemine lennuettev\u00f5tjate sektori teatavate t\u00f6\u00f6stusstandardite v\u00e4ljat\u00f6\u00f6tamisel. Sageli mainitakse asjaolu, et selle liikmed vastutavad \u00fcle 90% maailma regulaarlennuliiklusest. <\/p>\n<p>Lennundust\u00f6\u00f6stust k\u00e4sitlevates veebiartiklites mainitakse sageli IATA-d ja selle osalemist oluliste k\u00fcsimuste otsustamisel ning oluliste ettepanekute tegemisel, n\u00e4iteks \u00f5hukasti pandava pagasi suuruse reguleerimisel. <\/p>\n<p>IATAd mainitakse paljudes kontekstides, alates projektijuhtimise partnerlusest kuni ELi m\u00e4\u00e4ruseni. Arvestades IATAd mainivate uudiste sagedust ja ulatust, on tegemist selgelt aktiivse ja silmapaistva kutse\u00fchinguga.<\/p>\n<p><strong>Veebileht:<\/strong> <a href=\"http:\/\/www.iata.org\/Pages\/default.aspx\" target=\"_blank\" rel=\"noopener\">http:\/\/www.iata.org\/Pages\/default.aspx<\/a><\/p>","protected":false},"excerpt":{"rendered":"<p>The International Air Transport Association (IATA) is the global trade association for the world&#8217;s airlines. Its mission is to lead and serve its members, as well as to represent their interests in a way that boosts the airport transport industry. Key facts about IATA: It represents around 260 airlines or 83% of total air traffic. [&hellip;]<\/p>\n","protected":false},"author":1,"featured_media":0,"parent":0,"menu_order":0,"comment_status":"closed","ping_status":"closed","template":"","meta":{"_genesis_hide_title":false,"_genesis_hide_breadcrumbs":false,"_genesis_hide_singular_image":false,"_genesis_hide_footer_widgets":false,"_genesis_custom_body_class":"","_genesis_custom_post_class":"","_genesis_layout":"","footnotes":""},"class_list":{"0":"post-440","1":"page","2":"type-page","3":"status-publish","5":"entry"},"_links":{"self":[{"href":"https:\/\/moverdb.com\/et\/wp-json\/wp\/v2\/pages\/440","targetHints":{"allow":["GET"]}}],"collection":[{"href":"https:\/\/moverdb.com\/et\/wp-json\/wp\/v2\/pages"}],"about":[{"href":"https:\/\/moverdb.com\/et\/wp-json\/wp\/v2\/types\/page"}],"author":[{"embeddable":true,"href":"https:\/\/moverdb.com\/et\/wp-json\/wp\/v2\/users\/1"}],"replies":[{"embeddable":true,"href":"https:\/\/moverdb.com\/et\/wp-json\/wp\/v2\/comments?post=440"}],"version-history":[{"count":10,"href":"https:\/\/moverdb.com\/et\/wp-json\/wp\/v2\/pages\/440\/revisions"}],"predecessor-version":[{"id":13161,"href":"https:\/\/moverdb.com\/et\/wp-json\/wp\/v2\/pages\/440\/revisions\/13161"}],"wp:attachment":[{"href":"https:\/\/moverdb.com\/et\/wp-json\/wp\/v2\/media?parent=440"}],"curies":[{"name":"wp","href":"https:\/\/api.w.org\/{rel}","templated":true}]}}