{"id":439,"date":"2016-06-12T19:46:10","date_gmt":"2016-06-12T19:46:10","guid":{"rendered":"http:\/\/moverdb.com\/?page_id=439"},"modified":"2026-01-08T14:40:02","modified_gmt":"2026-01-08T14:40:02","slug":"lacma","status":"publish","type":"page","link":"https:\/\/moverdb.com\/et\/lacma\/","title":{"rendered":"Ladina-Ameerika ja Kariibi mere piirkonna rahvusvaheliste kolijate assotsiatsioon (LACMA)"},"content":{"rendered":"<p>Ladina-Ameerika ja Kariibi mere piirkonna rahvusvaheliste kolijate assotsiatsioon (LACIMA) esindab kolimis- ja \u00fcmberpaigutamisettev\u00f5tteid, mille eesm\u00e4rk on soodustada nii kohalike kui ka teiste ettev\u00f5tete integreerimist kogu maailmas.<\/p>\n<p><strong>Peamised faktid LACMA kohta:<\/strong><\/p>\n<ol>a<\/p>\n<li>  LACMA liikmesus on avatud Ladina-Ameerika ja muu maailma kolimis- ja \u00fcmberpaigutamisettev\u00f5tetele.<\/li>\n<li>  See on Ladina-Ameerika assotsiatsioon, mis on esindatud <a href=\"https:\/\/moverdb.com\/et\/fidi-faim\/\">FIDI<\/a>.<\/li>\n<li>  See p\u00f5hineb <a href=\"https:\/\/moverdb.com\/et\/moving-to-panama\/\" data-internallinksmanager029f6b8e52c=\"432\" title=\"Panamasse kolimine? 2023 elamiskulud ja kolimisn\u00f5uanded\">Panama<\/a>.<\/li>\n<li>  Ta tegutseb vahendajana mis tahes konfliktide puhul, mis v\u00f5ivad tekkida liikmete vahel v\u00f5i liikmete ja teiste \u00fchinguga mitteseotud isikute vahel.<\/li>\n<li>  See ei n\u00f5ua, et nende liikmed oleksid <a href=\"https:\/\/moverdb.com\/et\/fidi-faim\/\" data-internallinksmanager029f6b8e52c=\"16\" title=\"FIDI &amp; FAIM (FIDI akrediteeritud rahvusvaheline kolija) selgitatud\">FIDI<\/a> t\u00fctarettev\u00f5tted, kuna LACMA s\u00e4ilitab oma iseseisvad liitumiskriteeriumid.<\/li>\n<li>  LACMA-l on oma koolitusinstituut, mis korraldab kohapealseid ja virtuaalseid seminare, sealhulgas koolituskursusi pakkimis\u00f5petajatele.<\/li>\n<li>  Ta pakub maksetagatise programmi, mis on ressurss liikmetele, kes soovivad koguda viiviseid teistelt liikmetelt \u00fchingu raames.<\/li>\n<li>  LACMA liikmesus v\u00f5ib olla aktiivne (Ladina-Ameerika v\u00f5i Kariibi mere piirkonna ettev\u00f5tted, mis tegelevad aktiivselt rahvusvahelise kolimise ja pakkimisega, omades oma personali, transpordi- ja ladustamisv\u00f5imalusi), assotsieerunud (v\u00e4ljaspool Ladina-Ameerikat ja Kariibi mere piirkonda asuvad ettev\u00f5tted, mis tegelevad rahvusvahelise kolimise ja pakkimisega) v\u00f5i liitunud (ettev\u00f5tted, mis pakuvad liikmetele kasulikke kaupu ja teenuseid).<\/li>\n<li>  Organisatsioon v\u00e4idab: FIDI Ladina-Ameerika esindab 53 ettev\u00f5tet (FIDI-LACMA ja FIDI-Non LACMA) meie piirkonnas.\"<\/li>\n<\/ol>\n<p><strong>Ladina-Ameerika ja Kariibi mere piirkonna rahvusvaheliste kolijate assotsiatsiooni profiil<\/strong><\/p>\n<p>LACMA loodi selleks, et esindada oma liikmete huve ning kehtestada ja s\u00e4ilitada t\u00f6\u00f6stusharu teenuste standardid. <\/p>\n<p>See on FIDI organisatsioon Ladina-Ameerikas ja see annab talle teatud usaldusv\u00e4\u00e4rsuse, kuna FIDI tunnustab teda kui piirkonna FIDI liikmesettev\u00f5tete huvide esindajat. <\/p>\n<p>LACMA pakub mitut liiki liikmesust, sealhulgas aktiivset ja assotsieerunud liikmesust. Samuti pakub ta liikmetele laia valikut e-\u00f5pet, teavet ja seminare, mis aitavad parandada teadmisi ja \u00e4ritegevuse t\u00f5husust - LACMA koolitusinstituut asutati 1992. aastal liikmete paremaks harimiseks. <\/p>\n<p>Liikmetele pakutakse ka teatavaid kaitsemeetmeid, nagu n\u00e4iteks maksetagatiste programm, mille eesm\u00e4rk on aidata teiste liikmete v\u00f5lgade tasumisel, ja LACMA S.O.S. programm, mis pakub humanitaarabi liikmetele, kes on sattunud loodus\u00f5nnetustesse, mis seda osa maailmast sageli m\u00f5jutavad.<\/p>\n<p><strong>Liikmeks saamise kriteeriumid:<\/strong><\/p>\n<p><u>Aktiivsed liikmed<\/u><\/p>\n<ul>\n<li> T\u00e4itke LACMA ametlikul vormil liikmeks saamise avaldus ja esitage n\u00f5utud teave, n\u00f5ustuge j\u00e4rgima LACMA p\u00f5hikirja ja selle m\u00e4\u00e4rusi, eetikakoodeksit ja LACMA juhatuse poolt m\u00e4\u00e4ratud otsuseid.<\/li>\n<li> Viie (5) LACMA aktiivse liikme sponsorluse tagamine.<\/li>\n<li> Esitage kahe viimase aasta finantsaruanded koos vastavate lisadega.<\/li>\n<li> Esitage ettev\u00f5tte p\u00f5hikiri (n\u00f5utav v\u00e4hemalt neli aastat tegutseb ettev\u00f5te <a href=\"https:\/\/moverdb.com\/et\/kolimisfirmad\/\">rahvusvaheline kolimine<\/a> t\u00f6\u00f6stus).<\/li>\n<li> Maksta sisseastumismaks, PGP alustamise tasu, PGP ja LACMA liikmemaksu aastamaksud, kui taotlusprotsess on l\u00f5pule viidud ja taotlus on heaks kiidetud.<\/li>\n<\/ul>\n<p><u>Assotsieerunud liikmed<\/u><\/p>\n<ul>\n<li> T\u00e4itke LACMA ametlikul vormil liikmeks saamise avaldus ja esitage n\u00f5utud teave, n\u00f5ustuge j\u00e4rgima LACMA p\u00f5hikirja ja selle m\u00e4\u00e4rusi, eetikakoodeksit ja LACMA juhatuse poolt m\u00e4\u00e4ratud otsuseid.<\/li>\n<li> Viie (5) LACMA aktiivse ja\/v\u00f5i assotsieerunud liikme sponsorlus, millest v\u00e4hemalt kaks on assotsieerunud liikmed.<\/li>\n<li> Esitage kahe viimase aasta finantsaruanded koos vastavate lisadega.<\/li>\n<li> Esitage ettev\u00f5tte p\u00f5hikiri (n\u00f5utav v\u00e4hemalt neli aastat tegutsemist rahvusvahelises liikuvas t\u00f6\u00f6stuses).<\/li>\n<li> Maksta sisseastumismaks, PGP alustamise tasu, PGP ja LACMA liikmemaksu aastamaks, kui taotlusprotsess on l\u00f5pule viidud ja taotlus on heaks kiidetud.<\/li>\n<\/ul>\n<p><u>Lisaliikmed<\/u><\/p>\n<ul>\n<li> T\u00e4itke LACMA ametlikul vormil liikmeks saamise avaldus ja esitage n\u00f5utud teave, n\u00f5ustuge j\u00e4rgima LACMA p\u00f5hikirja ja selle m\u00e4\u00e4rusi, eetikakoodeksit ja LACMA juhatuse poolt m\u00e4\u00e4ratud otsuseid.<\/li>\n<li> Sponsorluse pakkumine (2) LACMA aktiivsetele ja\/v\u00f5i assotsieerunud liikmetele.<\/li>\n<li> Makske sissep\u00e4\u00e4sutasu ja LACMA liikmemaksu, kui taotlusprotsess on l\u00f5pule viidud ja taotlus on heaks kiidetud. Viidatud tasude saamiseks v\u00f5tke \u00fchendust LACMA sekretariaadiga.<\/li>\n<li> Esitage t\u00f5endid selle kohta, et pakutav toode v\u00f5i teenus on v\u00e4hemalt \u00fche aasta jooksul olnud kaubanduslikus kasutuses.<\/li>\n<\/ul>\n<p><strong>N\u00e4ide liikmesettev\u00f5tete kohta<\/strong><\/p>\n<ul>\n<li> <a href=\"https:\/\/moverdb.com\/et\/aires\/\">Aires<\/a><\/li>\n<li> <a href=\"https:\/\/moverdb.com\/et\/arpin-international\/\">Arpin International<\/a><\/li>\n<li> <a href=\"https:\/\/moverdb.com\/et\/atlas-van-lines-international\/\">Atlas Van Lines<\/a><\/li>\n<li> <a href=\"https:\/\/moverdb.com\/et\/santa-fe-relokatsioon\/\">Santa Fe \u00fcmberpaigutamise teenused<\/a><\/li>\n<li> <a href=\"https:\/\/moverdb.com\/et\/sterling-relokatsioon\/\">Sterling \u00fcmberpaigutamine<\/a><\/li>\n<li> <a href=\"https:\/\/moverdb.com\/et\/stevens-worldwide-van-lines\/\">Stevens Worldwide Van Lines<\/a><\/li>\n<li> <a href=\"https:\/\/moverdb.com\/et\/amj-campbell-van-lines\/\">AMJ Campbell Van Lines<\/a><\/li>\n<li> <a href=\"https:\/\/moverdb.com\/et\/suddath\/\">Suddath<\/a><\/li>\n<li> <a href=\"https:\/\/moverdb.com\/et\/dt-liikumine\/\">DT Moving<\/a><\/li>\n<li> <a href=\"https:\/\/moverdb.com\/et\/john-mason\/\">John Mason International Movers<\/a><\/li>\n<li> <a href=\"https:\/\/moverdb.com\/et\/mudanzas-gou\/\">Mudanzas Gou<\/a><\/li>\n<li> <a href=\"https:\/\/moverdb.com\/et\/gil-stauffer\/\">Gil Stauffer<\/a><\/li>\n<\/ul>\n<p><strong>Arvamused LACMA kohta:<\/strong><\/p>\n<p>Veebip\u00f5hine teave n\u00e4itab, et LACMA liikmete arvele langeb 90% Ladina-Ameerika ja Kariibi mere piirkonda suunduvatest ja sealt v\u00e4ljuvatest liikumistest. Seda peetakse \u00fcheks k\u00f5ige olulisemaks. <a href=\"https:\/\/moverdb.com\/et\/organisatsioonid-uhendused\/\">rahvusvahelised kolimis- ja laevandusorganisatsioonid<\/a>.<\/p>\n<p>Kolijad mainivad LACMAt, et kinnitada klientidele professionaalsuse ja geograafilise katvuse standardeid. Selle liikmeid nimetatakse maailma parimateks kolijateks ja Internetis avaldatud teabe kohaselt esindavad liikmed j\u00e4rgmisi valdkondi: <em>\"Euroopa 31%, The <a href=\"https:\/\/moverdb.com\/et\/moving-to-the-united-states\/\" data-internallinksmanager029f6b8e52c=\"94\" title=\"Kolimine Ameerika \u00dchendriikidesse? 2022 Elamiskulud ja kolimisn\u00f5uanded\">Ameerika \u00dchendriigid<\/a> &amp; <a href=\"https:\/\/moverdb.com\/et\/moving-to-canada\/\" data-internallinksmanager029f6b8e52c=\"265\" title=\"Kanadasse kolimine? 2023 elamiskulud ja kolimisn\u00f5uanded\">Kanada<\/a> 26%, Ladina-Ameerika ja Kariibi mere piirkond 28% ja <a href=\"https:\/\/moverdb.com\/et\/moving-to-australia\/living-in-australia\/\" data-internallinksmanager029f6b8e52c=\"240\" title=\"21 saladusi Austraalias elamise kohta, mida enne kolimist teada tuleb\">Austraalia<\/a>, L\u00e4his-Ida ja Kaug-Ida 15%.\"<\/em> <\/p>\n<p>Need ettev\u00f5tjad, kes lisavad LACMA oma veebilehtedele, on sageli p\u00e4rit v\u00e4ljastpoolt piirkonda, kuid n\u00e4itavad oma \u00fclemaailmset ulatust organisatsiooni liikmelisusega.<\/p>\n<blockquote><p>LACMA on \u00fchendus, mis koosneb Ladina-Ameerika ja Kariibi mere piirkonna parimatest rahvusvahelistest kolijatest, kelle arvele langeb \u00fcle 90 protsendi sellesse piirkonda ja sealt v\u00e4lja toimuvatest kolimistest.<\/p><\/blockquote>\n<p>- <a href=\"http:\/\/www.brytor.ca\/memberships.php\" target=\"_blank\" rel=\"noopener\">Brytor International Moving<\/a><\/p>\n<blockquote><p>LACMA on \u00fching, mis h\u00f5lmab parimaid 260 <a href=\"https:\/\/moverdb.com\/et\/moving-companies\/\" data-internallinksmanager029f6b8e52c=\"79\" title=\"Top 25 rahvusvahelist kolimisfirmat Internetis\">kolimisfirmad<\/a> maailmast, peamiselt Ladina-Ameerikast ja Kariibi mere riikidest. T\u00e4nu oma prestii\u017eile toodavad nad 90% Ladina-Ameerikas toimuvast impordist ja ekspordist.<\/p><\/blockquote>\n<p>- <a href=\"http:\/\/miglobal.com\/miglobal.com\/httpdocs\/affiliations.html\" target=\"_blank\" rel=\"noopener\">Mudanzas Internacionales Global<\/a><\/p>\n<p><strong>Veebileht:<\/strong> <a href=\"http:\/\/www.lacmassoc.org\/\" target=\"_blank\" rel=\"noopener\">http:\/\/www.lacmassoc.org\/<\/a><\/p>","protected":false},"excerpt":{"rendered":"<p>The Latin American and Caribbean International Movers Association (LACIMA) represents a collection of moving and relocation companies with a view to encouraging integration of locally based businesses, as well as others across the world. Key facts about LACMA: a Membership of LACMA is open to moving and relocation companies from Latin America and the rest [&hellip;]<\/p>\n","protected":false},"author":1,"featured_media":0,"parent":0,"menu_order":0,"comment_status":"closed","ping_status":"closed","template":"","meta":{"_genesis_hide_title":false,"_genesis_hide_breadcrumbs":false,"_genesis_hide_singular_image":false,"_genesis_hide_footer_widgets":false,"_genesis_custom_body_class":"","_genesis_custom_post_class":"","_genesis_layout":"","footnotes":""},"class_list":{"0":"post-439","1":"page","2":"type-page","3":"status-publish","5":"entry"},"_links":{"self":[{"href":"https:\/\/moverdb.com\/et\/wp-json\/wp\/v2\/pages\/439","targetHints":{"allow":["GET"]}}],"collection":[{"href":"https:\/\/moverdb.com\/et\/wp-json\/wp\/v2\/pages"}],"about":[{"href":"https:\/\/moverdb.com\/et\/wp-json\/wp\/v2\/types\/page"}],"author":[{"embeddable":true,"href":"https:\/\/moverdb.com\/et\/wp-json\/wp\/v2\/users\/1"}],"replies":[{"embeddable":true,"href":"https:\/\/moverdb.com\/et\/wp-json\/wp\/v2\/comments?post=439"}],"version-history":[{"count":21,"href":"https:\/\/moverdb.com\/et\/wp-json\/wp\/v2\/pages\/439\/revisions"}],"predecessor-version":[{"id":13169,"href":"https:\/\/moverdb.com\/et\/wp-json\/wp\/v2\/pages\/439\/revisions\/13169"}],"wp:attachment":[{"href":"https:\/\/moverdb.com\/et\/wp-json\/wp\/v2\/media?parent=439"}],"curies":[{"name":"wp","href":"https:\/\/api.w.org\/{rel}","templated":true}]}}