{"id":438,"date":"2016-06-12T15:34:55","date_gmt":"2016-06-12T15:34:55","guid":{"rendered":"http:\/\/moverdb.com\/?page_id=438"},"modified":"2026-01-08T15:20:25","modified_gmt":"2026-01-08T15:20:25","slug":"ncbfaa","status":"publish","type":"page","link":"https:\/\/moverdb.com\/et\/ncbfaa\/","title":{"rendered":"Ameerika Riiklik tollimaaklerite ja ekspediitorite assotsiatsioon (NCBFAA)"},"content":{"rendered":"<p>Ameerika Tollimaaklerite ja Ekspedeerijate Assotsiatsiooni (NCBFAA) peetakse Ameerika transpordilogistika t\u00f6\u00f6stuse h\u00e4\u00e4lekandjaks. <\/p>\n<p>Tegemist on organisatsiooniga, mis tegutseb pidevalt oma liikmete ja sektori esindamiseks \u00f5iguslikul ja regulatiivsel tasandil.<\/p>\n<p><strong>Olulisemad faktid NCBFAA kohta:<\/strong><\/p>\n<ol>\n<li>  NCBFAA esindab rohkem kui 970 liikmesettev\u00f5tet, millel on 110 000 t\u00f6\u00f6tajat rahvusvahelises kaubanduses.<\/li>\n<li>  NCBFAA asutati 1897. aastal. <a href=\"https:\/\/moverdb.com\/et\/moving-to-nyc\/\">New York<\/a>.<\/li>\n<li>  NCBFAA liikmete hulka kuuluvad <a href=\"https:\/\/moverdb.com\/et\/ekspediitor\/\">ekspediitorid<\/a>, tollimaaklerid, meretranspordi vahendajad, NVOCC-d ja lennutranspordi agendid, kes teenindavad rohkem kui 250 000 importijat ja eksportijat.<\/li>\n<li>  NCBFAA liikmeskond koosneb t\u00e4ielikult Ameerika ettev\u00f5tetest, v\u00e4lja arvatud assotsieerunud liikmed.<\/li>\n<li>  NCBFAA-l on mitu peamist liikmesuse liiki: Korraline (litsentseeritud tollimaaklerid, litsentseeritud mereveo ekspediitorid, rahvusvahelised lennutranspordi agendid ja mitte-laevaga tegutsevad \u00fchised vedajad Ameerikas), liitunud (transpordiga seotud teenuste, rahvusvaheliste \u00e4riteenuste v\u00f5i rahvusvahelise kaubanduse funktsioonidele omaste toodete tarnijad v\u00f5i m\u00fc\u00fcjad), assotsieerunud (tollimaaklerid ja\/v\u00f5i rahvusvahelised ekspediitorid). <a href=\"https:\/\/moverdb.com\/et\/freight-forwarder\/\" data-internallinksmanager029f6b8e52c=\"17\" title=\"Ekspedeerija ja NVOCC rahvusvaheliste kulude ja ettev\u00f5tete juhend\">ekspediitor<\/a> elukoht v\u00e4ljaspool Ameerikat).<\/li>\n<li>  NCBFAA peakorter asub aadressil <a href=\"https:\/\/moverdb.com\/et\/moving-to-washington-dc\/\">Washington<\/a>.<\/li>\n<li>  NCBFAA peamine \u00fclesanne on j\u00e4lgida t\u00e4helepanelikult liikmeid m\u00f5jutavaid seadusandlikke ja regulatiivseid k\u00fcsimusi ning teavitada liikmeid nendest k\u00fcsimustest.<\/li>\n<li>  NCBFAA peab end t\u00f6\u00f6stuse t\u00f5husaks riiklikuks h\u00e4\u00e4leks.<\/li>\n<\/ol>\n<p><strong>National Customs Brokers &amp; Forwarders Association of America profiil<\/strong><\/p>\n<p>NCBFAA-l on suur roll Ameerika logistikat\u00f6\u00f6stuse liikmete esindamisel. Ta on osalenud aruteludes t\u00f6\u00f6stusharu m\u00f5jutavate k\u00fcsimuste \u00fcle, n\u00e4iteks tollialaste \u00f5igusaktide \u00fcle, ning on teinud lobit\u00f6\u00f6d kongressis liikmete \u00f5iguste ja huvide j\u00e4rgimiseks ja kaitsmiseks. <\/p>\n<p>NCBFAA oli kunagi tuntud kui Baltimore'i tollimaaklerite ja ekspediitorite assotsiatsioon ning alustas t\u00f6\u00f6stusharu organisatsioonina, mis edendas ja harutas <a href=\"https:\/\/moverdb.com\/et\/top-49-container-ports\/\" data-internallinksmanager029f6b8e52c=\"80\" title=\"Top 49 suurimat ja tihedaima liiklusega konteinersadamat 2025. aastal\">Sadam<\/a> Baltimore'i linnas. <\/p>\n<p>Organisatsioonist sai 1983. aastal NCBFAA, \"et paremini kajastada uut ja laiemat kohaldamisala\". NCBFAA on mittetulundus\u00fching, mille eesm\u00e4rk on edendada oma liikmete huve - ja suruda nende eesm\u00e4rke - nii tarbijaturule kui ka valitsuse s\u00fcdamesse.<\/p>\n<p><strong>Liikmeks saamise kriteeriumid:<\/strong><\/p>\n<p>Vastavalt NCBFAA p\u00f5hikirjale peavad k\u00f5ik regulaarliikmete taotlejad: <\/p>\n<blockquote><p>... esitab \u00fcks korraline liige ja teine korraline liige teeb ettepaneku selleks etten\u00e4htud vormil, mis sisaldab taotleja nime, aadressi ja elukutset ning taotluse esitanud ja toetava korralise liikme nime. Taotlust esitavate ja toetavate liikmete \u00fclesanne on esitada teavet taotleja seisundi ja iseloomu kohta.<\/p><\/blockquote>\n<p>Tuleb maksta liikmemaksu, t\u00e4ita vorm ja potentsiaalsed liikmed peavad t\u00f5endama, et nad kuuluvad \u00fchte liikmeskategooriasse, nt.<\/p>\n<ul>\n<li> Tollimaakler - maakleri litsentsi number<\/li>\n<li> OTI - FMC litsentsinumber<\/li>\n<li> Rahvusvaheline lennutranspordi ekspediitor\/lennuveoagent: CNS\/<a href=\"https:\/\/moverdb.com\/et\/iata\/\">IATA<\/a> Registreerimisnumber<\/li>\n<li> NVOCC: FMC v\u00f5lakirja number<\/li>\n<\/ul>\n<p><strong>Arvamused NCBFAA kohta<\/strong><\/p>\n<p>NCBFAA-d ei mainita v\u00e4ga sageli \u00fcksikute ettev\u00f5tete veebilehtedel. K\u00fcll aga tsiteeritakse seda sagedamini kui teabeallikat ja allikat, kust saab kasulikke andmeid ekspediitorite kohta ja nende jaoks. <\/p>\n<p>On ka mitmeid veebisaite, kus on NCBFAA poolt koostatud standardtingimused - koos m\u00e4rkusega, et need on avaldatud liikmetele ja NCBFAA ei v\u00f5ta nende eest juriidilist vastutust. <\/p>\n<p>See viitab sellele, et \u00fchendus pakub oma liikmetele dokumentide andmebaasi, samuti teavet ja n\u00f5uandeid. Aastakonverents on samuti selgelt silmapaistev s\u00fcndmus ja seda mainitakse ka veebilehel <a href=\"https:\/\/www.cbp.gov\/newsroom\/speeches-and-statements\/2016-04-20-000000\/commissioner-kerlikowske%E2%80%99s-remarks-national\" target=\"_blank\" rel=\"noopener\">USA tolli- ja piirivalve veebisait<\/a>.<\/p>\n<blockquote><p>NCBFAA on t\u00f6\u00f6stusharu t\u00f5hus riiklik h\u00e4\u00e4l. Oma erinevate komiteede, n\u00f5ustajate ja esindajate kaudu j\u00e4lgib \u00fchendus t\u00e4helepanelikult oma liikmeid m\u00f5jutavaid seadusandlikke ja regulatiivseid k\u00fcsimusi.<\/p><\/blockquote>\n<p>- <a href=\"http:\/\/www.shipuwl.com\/member-of-national-customs-brokers-forwarders-association-of-america-inc-ncbfaa\/\" target=\"_blank\" rel=\"noopener\">UWL<\/a><\/p>\n<blockquote><p>Agentuur j\u00e4lgib t\u00e4helepanelikult seadusandlikke ja regulatiivseid k\u00fcsimusi, mis m\u00f5jutavad tema liikmeid...<\/p><\/blockquote>\n<p>- <a href=\"http:\/\/www.bdpinternational.com\/news-advisories-events\/trend-watch\/bdp-international-joins-the-national-customs-brokers-forwarders-association-of-america-inc\/\" target=\"_blank\" rel=\"noopener\">BDP International<\/a><\/p>\n<p><strong>Lisateave:<\/strong> <a href=\"https:\/\/moverdb.com\/et\/ekspediitor\/\">Ekspedeerija ja NVOCC rahvusvaheliste kulude ja ettev\u00f5tete juhend<\/a> <\/p>\n<p><strong>Veebileht:<\/strong> <a href=\"http:\/\/www.ncbfaa.org\/\" target=\"_blank\" rel=\"noopener\">http:\/\/www.ncbfaa.org\/<\/a><\/p>","protected":false},"excerpt":{"rendered":"<p>The National Customs Brokers &#038; Forwarders Association of America (NCBFAA) is viewed as the voice of the transportation logistics industry in America. It is an organisation that constantly works to represent its members and sector, on a legal and regulatory level. Key facts about NCBFAA: The NCBFAA represents more than 970 member companies, with 110,000 [&hellip;]<\/p>\n","protected":false},"author":1,"featured_media":0,"parent":0,"menu_order":0,"comment_status":"closed","ping_status":"closed","template":"","meta":{"_genesis_hide_title":false,"_genesis_hide_breadcrumbs":false,"_genesis_hide_singular_image":false,"_genesis_hide_footer_widgets":false,"_genesis_custom_body_class":"","_genesis_custom_post_class":"","_genesis_layout":"","footnotes":""},"class_list":{"0":"post-438","1":"page","2":"type-page","3":"status-publish","5":"entry"},"_links":{"self":[{"href":"https:\/\/moverdb.com\/et\/wp-json\/wp\/v2\/pages\/438","targetHints":{"allow":["GET"]}}],"collection":[{"href":"https:\/\/moverdb.com\/et\/wp-json\/wp\/v2\/pages"}],"about":[{"href":"https:\/\/moverdb.com\/et\/wp-json\/wp\/v2\/types\/page"}],"author":[{"embeddable":true,"href":"https:\/\/moverdb.com\/et\/wp-json\/wp\/v2\/users\/1"}],"replies":[{"embeddable":true,"href":"https:\/\/moverdb.com\/et\/wp-json\/wp\/v2\/comments?post=438"}],"version-history":[{"count":8,"href":"https:\/\/moverdb.com\/et\/wp-json\/wp\/v2\/pages\/438\/revisions"}],"predecessor-version":[{"id":6223,"href":"https:\/\/moverdb.com\/et\/wp-json\/wp\/v2\/pages\/438\/revisions\/6223"}],"wp:attachment":[{"href":"https:\/\/moverdb.com\/et\/wp-json\/wp\/v2\/media?parent=438"}],"curies":[{"name":"wp","href":"https:\/\/api.w.org\/{rel}","templated":true}]}}