{"id":437,"date":"2016-06-12T15:02:39","date_gmt":"2016-06-12T15:02:39","guid":{"rendered":"http:\/\/moverdb.com\/?page_id=437"},"modified":"2026-01-08T13:18:34","modified_gmt":"2026-01-08T13:18:34","slug":"hgfaa","status":"publish","type":"page","link":"https:\/\/moverdb.com\/et\/hgfaa\/","title":{"rendered":"Ameerika kodutarbekaupade ekspediitorite assotsiatsioon (HGFAA) Selgitatud"},"content":{"rendered":"<p>Household Goods Forwarders Association of America (HGFAA) kirjeldab end kui \u00fclemaailmset kolijate \u00fchendust, kes on p\u00fchendunud sellele, et kliendid saaksid oma kolimise ajal parimat v\u00f5imalikku teenust. N\u00fc\u00fcdseks on see asendatud <a href=\"https:\/\/moverdb.com\/et\/olen\/\">Rahvusvaheline kolijate assotsiatsioon<\/a> (<a href=\"https:\/\/moverdb.com\/et\/iam\/\" data-internallinksmanager029f6b8e52c=\"23\" title=\"Rahvusvaheline kolijate assotsiatsioon (IAM) Selgitatud\">IAM<\/a>), kuigi mitmed kolijad loetlevad seda endiselt oma veebisaitidel. <\/p>\n<p><strong>Peamised faktid HGFAA kohta:<\/strong><\/p>\n<ol>\n<li>  HGFAAsse kuulub \u00fcle maailma \u00fcle 1800 ettev\u00f5tte.<\/li>\n<li>  HGFAA on \u00fclemaailmne organisatsioon, millel on liikmeid rohkem kui 160 riigist ja territooriumilt.<\/li>\n<li>  Portaal on \u00fchingu majandusajakiri.<\/li>\n<li>  Assotsiatsioon esindab kolimist\u00f6\u00f6stust <a href=\"https:\/\/moverdb.com\/et\/moving-to-the-united-states\/\" data-internallinksmanager029f6b8e52c=\"94\" title=\"Kolimine Ameerika \u00dchendriikidesse? 2022 Elamiskulud ja kolimisn\u00f5uanded\">Ameerika \u00dchendriigid<\/a>.<\/li>\n<li>  HGFAA on tuntud oma sidev\u00f5rgu ja koolitusasutuse poolest.<\/li>\n<\/ol>\n<p><strong>Household Goods Forwarders Association of America profiil:<\/strong><\/p>\n<p>HGFAA on keskendunud tarbijale, pakkudes andmebaasi usaldusv\u00e4\u00e4rsetest kolijatest, kes saavad aidata \u00fcmberpaigutamisel k\u00f5ikjal maailmas. Ta on p\u00fchendunud sellele, et v\u00f5imaldada k\u00f5rgeid teenindusstandardeid ja tagada, et tarbijatel oleks kogu teave, mida nad kolimiseks vajavad, alates kolimisp\u00e4eva korraldamisest kuni kolimise ja tervishoiuni. <\/p>\n<p>HGFAA annab v\u00e4lja oma t\u00f6\u00f6stusharu ajakirja Portal, mis ilmub kuus korda aastas. Selle veebisait pakub hulgaliselt linke nii t\u00f6\u00f6stusharu kui ka tarbijate jaoks huvipakkuvatele teemadele, nagu p\u00e4evaraha, reisimine ja transport ning lemmikloomadega liikumine.<\/p>\n<p><strong>Liikmeks saamise kriteeriumid:<\/strong><\/p>\n<p>HGFAA pakub allalaaditavat liikmeks astumise vormi, kuid see ei ole praegu veebisaidi kaudu k\u00e4ttesaadav. Veebisaidil ei ole loetletud liikmelisuse tingimusi.<\/p>\n<p><strong>N\u00e4ide liikmesettev\u00f5tete kohta<\/strong><\/p>\n<ul>\n<li> <a href=\"https:\/\/moverdb.com\/et\/atlas-van-lines-international\/\">Atlas Van Lines<\/a><\/li>\n<li> <a href=\"https:\/\/moverdb.com\/et\/eagle-relocations\/\">Eagle \u00fcmberpaigutused<\/a><\/li>\n<li> <a href=\"https:\/\/moverdb.com\/et\/excess-international-movers\/\">\u00dclem\u00e4\u00e4rased rahvusvahelised kolijad<\/a><\/li>\n<li> <a href=\"https:\/\/moverdb.com\/et\/fn-removals\/\">F&amp;N Worldwide Removals<\/a><\/li>\n<li> <a href=\"https:\/\/moverdb.com\/et\/mudanzas-gou\/\">Mudanzas Gou<\/a><\/li>\n<\/ul>\n<p><strong>Arvamused HGFAA kohta:<\/strong><\/p>\n<p>HGFAA-l ei ole internetis suurt profiili ja seda ei mainita paljudel kolijate veebisaitidel. Nende kolijate arvamused HGFAA kohta, kes on selle oma veebisaitidel \u00e4ra m\u00e4rkinud, keskenduvad \u00fchingu \u00fclemaailmsele iseloomule ja selle p\u00fchendumusele k\u00f5rgetele teenusstandarditele.<\/p>\n<p><a href=\"http:\/\/www.bloomberg.com\/profiles\/companies\/0774891D:US-household-goods-forwarders-association-of-america\" target=\"_blank\" rel=\"noopener\">Bloomberg keskendub<\/a> selle t\u00f6\u00f6stusharu esindatusele, asjaolule, et see toimib sidev\u00f5rgustikuna ja koolitusasutusena, ning rikkalikule koolitusele, ressurssidele, v\u00e4ljaannetele ja viitamisteenustele.<\/p>\n<blockquote><p>HHGFAA on \u00fclemaailmne ekspediitorite ja kolijate \u00fchendus, mis on p\u00fchendunud klientidele k\u00f5rgeima v\u00f5imaliku teenindustaseme pakkumisele.<\/p><\/blockquote>\n<p>- <a href=\"http:\/\/www.amjbc.ca\/international-moving-services\/\" target=\"_blank\" rel=\"noopener\">AMJ Campbell \u00fclemaailmne \u00fcmberpaigutamine<\/a><\/p>\n<p><strong>Veebileht:<\/strong> <a href=\"http:\/\/www.hhgfaa.org\/\" target=\"_blank\" rel=\"noopener\">http:\/\/www.hhgfaa.org\/<\/a><\/p>","protected":false},"excerpt":{"rendered":"<p>The Household Goods Forwarders Association of America (HGFAA) describes itself as a global association of movers who are committed to ensuring that customers receive the best possible service during their move. It has now been replaced by the International Association of Movers (IAM), although several movers still list it on their websites. Key facts about [&hellip;]<\/p>\n","protected":false},"author":1,"featured_media":0,"parent":0,"menu_order":0,"comment_status":"closed","ping_status":"closed","template":"","meta":{"_genesis_hide_title":false,"_genesis_hide_breadcrumbs":false,"_genesis_hide_singular_image":false,"_genesis_hide_footer_widgets":false,"_genesis_custom_body_class":"","_genesis_custom_post_class":"","_genesis_layout":"","footnotes":""},"class_list":{"0":"post-437","1":"page","2":"type-page","3":"status-publish","5":"entry"},"_links":{"self":[{"href":"https:\/\/moverdb.com\/et\/wp-json\/wp\/v2\/pages\/437","targetHints":{"allow":["GET"]}}],"collection":[{"href":"https:\/\/moverdb.com\/et\/wp-json\/wp\/v2\/pages"}],"about":[{"href":"https:\/\/moverdb.com\/et\/wp-json\/wp\/v2\/types\/page"}],"author":[{"embeddable":true,"href":"https:\/\/moverdb.com\/et\/wp-json\/wp\/v2\/users\/1"}],"replies":[{"embeddable":true,"href":"https:\/\/moverdb.com\/et\/wp-json\/wp\/v2\/comments?post=437"}],"version-history":[{"count":12,"href":"https:\/\/moverdb.com\/et\/wp-json\/wp\/v2\/pages\/437\/revisions"}],"predecessor-version":[{"id":6221,"href":"https:\/\/moverdb.com\/et\/wp-json\/wp\/v2\/pages\/437\/revisions\/6221"}],"wp:attachment":[{"href":"https:\/\/moverdb.com\/et\/wp-json\/wp\/v2\/media?parent=437"}],"curies":[{"name":"wp","href":"https:\/\/api.w.org\/{rel}","templated":true}]}}