{"id":436,"date":"2016-06-12T14:04:20","date_gmt":"2016-06-12T14:04:20","guid":{"rendered":"http:\/\/moverdb.com\/?page_id=436"},"modified":"2026-01-08T14:47:42","modified_gmt":"2026-01-08T14:47:42","slug":"aima","status":"publish","type":"page","link":"https:\/\/moverdb.com\/et\/aima\/","title":{"rendered":"Austraalia Rahvusvaheliste Kolijate Assotsiatsiooni (AIMA) selgitused"},"content":{"rendered":"<p>Austraalia Rahvusvaheliste Kolijate Assotsiatsioon (Australian International Movers Association, AIMA) kirjeldab ennast kui professionaalset foorumit <a href=\"https:\/\/moverdb.com\/et\/international-removals\/\" data-internallinksmanager029f6b8e52c=\"27\" title=\"36 Parimad rahvusvahelised kolimisfirmad \u00dchendkuningriigis\">rahvusvahelised kolimised<\/a> t\u00f6\u00f6stus. Liikmetel peab olema <a href=\"https:\/\/moverdb.com\/et\/fidi-faim\/\">FIDI\/FAIM<\/a> v\u00f5i vastama rangetele liikmeks saamise kriteeriumidele, sealhulgas rahalise usaldusv\u00e4\u00e4rsuse n\u00f5uetele.<\/p>\n<p><strong>Olulisemad faktid AIMA kohta:<\/strong><\/p>\n<ol>\n<li>  See asutati 1975. aastal.<\/li>\n<li>  Sellel on umbes 60 liiget <a href=\"https:\/\/moverdb.com\/et\/moving-to-australia\/living-in-australia\/\" data-internallinksmanager029f6b8e52c=\"240\" title=\"21 saladusi Austraalias elamise kohta, mida enne kolimist teada tuleb\">Austraalia<\/a>.<\/li>\n<li>  AIMA esindab Austraalia kolimist\u00f6\u00f6stust ja ei meelita liikmeid v\u00e4ljastpoolt riiki. See h\u00f5lmab siiski Austraalia ettev\u00f5tteid, kes tegelevad <a href=\"https:\/\/moverdb.com\/et\/kolimisfirmad\/\">rahvusvahelised kolimised<\/a>.<\/li>\n<li>  See on tunnustatud kui <a href=\"https:\/\/moverdb.com\/et\/fidi-faim\/\" data-internallinksmanager029f6b8e52c=\"16\" title=\"FIDI &amp; FAIM (FIDI akrediteeritud rahvusvaheline kolija) selgitatud\">FIDI<\/a> Assotsiatsioon Austraalias.<\/li>\n<li>  Liikmetel ei pea olema FIDI\/FAIM sertifikaate, et liituda.<\/li>\n<li>  AIMA esindab FIDIga liitunud <a href=\"https:\/\/moverdb.com\/et\/moving-companies\/australia-moving-companies\/\" data-internallinksmanager029f6b8e52c=\"176\" title=\"17 parimat rahvusvahelist kolimisfirmat Austraalias\">kolijad Austraalias<\/a> kui \"FIDI assotsiatsioon\" ja saadab delegaadid igal aastal toimuvale FIDI kongressile ja \u00fcldkoosolekule.<\/li>\n<\/ol>\n<p><strong>Austraalia Rahvusvaheliste Kolijate Assotsiatsiooni profiil:<\/strong><\/p>\n<p>AIMA missiooniks on v\u00f5imaldada Austraalia kolimisteenuste sektoril end ise juhtida, parandada oma teenuseid, tagada klientidele paremad teenused, kaitsta avalikke huve ja anda sektorile v\u00f5imalus suhelda valitsusega \u00fchtselt. <\/p>\n<p>AIMA pakub ka s\u00f5ltumatut vaidluste kohtum\u00f5istmist. See on tunnustatud FIDI \u00fchendus Austraalias, mis t\u00e4hendab, et FIDI\/FAIMi liiklejad saavad automaatselt liituda AIMAga. Austraalia <a href=\"https:\/\/moverdb.com\/et\/moving-companies\/\" data-internallinksmanager029f6b8e52c=\"79\" title=\"Top 25 rahvusvahelist kolimisfirmat Internetis\">kolimisfirmad<\/a> ilma FAIM-ita v\u00f5ivad siiski saada AIMA liikmeks, kuid peavad vastama kriteeriumidele, mis m\u00f5\u00f5davad nende erialaseid teadmisi, ressursse, kogemusi ja finantsseisundit. <\/p>\n<p>Ainult AIMA liikmed on seotud AIMA vaidluste lahendamise kohtumenetlusega.<\/p>\n<p><strong>Liikmeks saamise kriteeriumid:<\/strong><\/p>\n<p>AIMA ranged liikmeks saamise kriteeriumid h\u00f5lmavad tegevusv\u00f5imekuse ja rahalise usaldusv\u00e4\u00e4rsuse kontrollimist. Nende kriteeriumide \u00fcksikasju veebisaidil ei jagata.<\/p>\n<p>FIDI\/FAIMi liikmeks saavad automaatselt ka ettev\u00f5tted, kellel on juba FIDI\/FAIMi liikmeks olemine.<\/p>\n<p><strong>Liikmesfirmad<\/strong><\/p>\n<ul>\n<li> <a href=\"https:\/\/moverdb.com\/et\/conroy-removals\/\">Conroy kolimised<\/a><\/li>\n<\/ul>\n<p><strong>Arvamused AIMA kohta:<\/strong><\/p>\n<p>AIMA on \u00fcks paljudest rahvusvahelistest kolijate organisatsioonidest, mis pakub kindlustunnet, et kolimist korraldatakse v\u00f5imalikult k\u00f5rgete standardite kohaselt. See on kinnitus, et kolimisettev\u00f5tjal on n\u00f5uetekohane kvalifikatsioon ja ta on kursis kohalike parimate tavadega. <\/p>\n<p>Mitmed ettev\u00f5tted nimetavad AIMA-d oma veebisaidil rahvusvahelise akrediteeringuna, mis on kvaliteedim\u00e4rgiks teiste, n\u00e4iteks FIDI k\u00f5rval. AIMA haare on siiski \u00fcsna piiratud, sest tal ei ole nii palju liikmeid kui m\u00f5nel sarnasel organisatsioonil teistes riikides.<\/p>\n<p>On olemas <a href=\"http:\/\/vandijktrack.com\/mim\/\" target=\"_blank\" rel=\"noopener\">\u00fcks negatiivne veebileht<\/a> mis n\u00e4itab, et kliendid on AIMA liikmetega vaidluses ja et vaidluse tulemuse saamine on v\u00f5tnud aega. <\/p>\n<p>See isik n\u00e4itab, et ta ei v\u00f5taks AIMA akrediteeringut kui kvaliteedin\u00e4itajat liiga t\u00f5siselt. Samas on veebilehel m\u00e4rgitud ka, et AIMA andis neile abi ja tundub, et vaidlust ei ole alates 2010. aastast uuendatud, mis n\u00e4itab, et sellega on tegeletud.<\/p>\n<blockquote><p>Avalikkus, kes valib AIMA liikme oma rahvusvahelise kolimise teostamiseks, v\u00f5ib seega teha seda kindlalt.<\/p><\/blockquote>\n<p>- <a href=\"http:\/\/www.ossworldwidemovers.com\/australian-international-movers-association\" target=\"_blank\" rel=\"noopener\">OSS World Wide Movers<\/a><\/p>\n<blockquote><p>Australian International Movers Association (AIMA) - tagab, et liikmed on piisavalt kvalifitseeritud ja j\u00e4rgivad ajakohaseid parimaid tavasid.<\/p><\/blockquote>\n<p>- <a href=\"http:\/\/www.internationalremovalsaustralia.com.au\/why-choose-us\" target=\"_blank\" rel=\"noopener\">KeysBros kolimislahendused<\/a><\/p>\n<p><strong>Veebileht:<\/strong> <a href=\"http:\/\/aima.com.au\/\" target=\"_blank\" rel=\"noopener\">http:\/\/aima.com.au\/<\/a><\/p>\n<h2>Muud kasulikud Austraalia reisijuhid<\/h2>\n<ul>\n<li> <a href=\"https:\/\/moverdb.com\/et\/konteiner-laevandus\/austraalia\/\">2024 Mereveo konteinerite veohinnad Austraaliasse ja Austraaliast<\/a><\/li>\n<li> <a href=\"https:\/\/moverdb.com\/et\/kolimisfirmad\/austraalia-2\/\">17 parimat rahvusvahelist kolimisfirmat Austraalias<\/a><\/li>\n<li> <a href=\"https:\/\/moverdb.com\/et\/parimad-rahvusvahelised-rahasiirdeteenused\/money-transfer-companies-australia\/\">10 parimat raha\u00fclekande ettev\u00f5tet Austraalias<\/a><\/li>\n<li> <a href=\"https:\/\/moverdb.com\/et\/kolimine-austraaliasse\/\">Austraaliasse kolimine? 2024 elamiskulud ja kolimisn\u00f5uanded<\/a><\/li>\n<li> <a href=\"https:\/\/moverdb.com\/et\/kolimine-austraaliasse\/best-places-to-live-australia\/\">13 parimat kohta Austraalias elamiseks<\/a><\/li>\n<li> <a href=\"https:\/\/moverdb.com\/et\/kolimine-austraaliasse\/living-in-australia\/\">21 saladusi Austraalias elamise kohta, mida enne kolimist teada tuleb<\/a><\/li>\n<li> <a href=\"https:\/\/moverdb.com\/et\/kolimine-austraaliasse\/moving-to-perth\/\">Kolimine Perthi? 2024 elamiskulud ja kolimisn\u00f5uanded<\/a><\/li>\n<li> <a href=\"https:\/\/moverdb.com\/et\/kolimine-austraaliasse\/moving-to-australia-from-the-us\/\">Austraaliasse kolimine Ameerika \u00dchendriikidest<\/a><\/li>\n<li> <a href=\"https:\/\/moverdb.com\/et\/konteiner-laevandus\/to-australia-from-the-united-states\/\">Konteinerite saatmine Austraaliasse Ameerika \u00dchendriikidest Kulud<\/a><\/li>\n<li> <a href=\"https:\/\/moverdb.com\/et\/kolimine-austraaliasse\/moving-to-australia-from-the-uk\/\">\u00dchendkuningriigist Austraaliasse kolimine<\/a><\/li>\n<li> <a href=\"https:\/\/moverdb.com\/et\/konteiner-laevandus\/to-australia-from-the-uk\/\">Konteinerite saatmine Austraaliasse \u00dchendkuningriigist Kulud ja ajad<\/a><\/li>\n<li> <a href=\"https:\/\/moverdb.com\/et\/kolimine-austraaliasse\/moving-to-australia-from-bahrain\/\">Austraaliasse kolimine Bahreinist<\/a><\/li>\n<li> <a href=\"https:\/\/moverdb.com\/et\/kolimine-austraaliasse\/moving-to-australia-from-the-uae\/\">Austraaliasse kolimine Dubaist ja A\u00dcE-st<\/a><\/li>\n<li> <a href=\"https:\/\/moverdb.com\/et\/konteiner-laevandus\/to-australia-from-dubai\/\">Konteinerite saatmine Austraaliasse Dubaisse kulud ja ajad<\/a><\/li>\n<li> <a href=\"https:\/\/moverdb.com\/et\/konteiner-laevandus\/to-australia-from-uae\/\">Konteinerite saatmine Austraaliasse A\u00dcE-st Kulud ja ajad<\/a><\/li>\n<li> <a href=\"https:\/\/moverdb.com\/et\/kolimine-austraaliasse\/moving-to-australia-from-kuwait\/\">Kuveidist Austraaliasse kolimine<\/a><\/li>\n<li> <a href=\"https:\/\/moverdb.com\/et\/kolimine-austraaliasse\/moving-to-australia-from-qatar\/\">Katarist Austraaliasse kolimine<\/a><\/li>\n<li> <a href=\"https:\/\/moverdb.com\/et\/konteiner-laevandus\/to-australia-from-qatar\/\">Konteinerveod Austraaliasse Katarist Kulud ja ajad<\/a><\/li>\n<li> <a href=\"https:\/\/moverdb.com\/et\/kolimine-austraaliasse\/moving-to-australia-from-singapore\/\">Singapurist Austraaliasse kolimine<\/a><\/li>\n<li> <a href=\"https:\/\/moverdb.com\/et\/konteiner-laevandus\/to-australia-from-singapore\/\">Konteinerite saatmine Singapurist Austraaliasse kulud ja ajad<\/a><\/li>\n<li> <a href=\"https:\/\/moverdb.com\/et\/kolimine-austraaliasse\/moving-to-australia-from-south-africa\/\">Kolimine L\u00f5una-Aafrikast Austraaliasse<\/a><\/li>\n<li> <a href=\"https:\/\/moverdb.com\/et\/konteiner-laevandus\/to-australia-from-canada\/\">Konteinerite saatmine Austraaliasse Kanadast Kulud<\/a><\/li>\n<li> <a href=\"https:\/\/moverdb.com\/et\/konteiner-laevandus\/to-australia-from-new-zealand\/\">Konteinerveod Austraaliasse Uus-Meremaalt kulud<\/a><\/li>\n<li> <a href=\"https:\/\/moverdb.com\/et\/kolimine-austraaliasse\/moving-to-hobart\/\">Hobartisse kolimine? 2024 elamiskulud ja kolimisn\u00f5uanded<\/a><\/li>\n<li> <a href=\"https:\/\/moverdb.com\/et\/kolimine-austraaliasse\/moving-to-gold-coast\/\">Kolimine Gold Coast'ile? 2024 elamiskulud ja kolimisn\u00f5uanded<\/a><\/li>\n<li> <a href=\"https:\/\/moverdb.com\/et\/kolimine-austraaliasse\/moving-to-melbourne\/\">Kolimine Melbourne'i? 2024 elamiskulud ja kolimisn\u00f5uanded<\/a><\/li>\n<\/ul>","protected":false},"excerpt":{"rendered":"<p>The Australian International Movers Association (AIMA) describes itself as a professional forum for the international removals industry. Members must hold FIDI\/FAIM or meet strict membership criteria, including requirements for financial integrity. Key facts about AIMA: It was established in 1975. It has around 60 members in Australia. AIMA represents the moving industry in Australia and [&hellip;]<\/p>\n","protected":false},"author":1,"featured_media":0,"parent":0,"menu_order":0,"comment_status":"closed","ping_status":"closed","template":"","meta":{"_genesis_hide_title":false,"_genesis_hide_breadcrumbs":false,"_genesis_hide_singular_image":false,"_genesis_hide_footer_widgets":false,"_genesis_custom_body_class":"","_genesis_custom_post_class":"","_genesis_layout":"","footnotes":""},"class_list":{"0":"post-436","1":"page","2":"type-page","3":"status-publish","5":"entry"},"_links":{"self":[{"href":"https:\/\/moverdb.com\/et\/wp-json\/wp\/v2\/pages\/436","targetHints":{"allow":["GET"]}}],"collection":[{"href":"https:\/\/moverdb.com\/et\/wp-json\/wp\/v2\/pages"}],"about":[{"href":"https:\/\/moverdb.com\/et\/wp-json\/wp\/v2\/types\/page"}],"author":[{"embeddable":true,"href":"https:\/\/moverdb.com\/et\/wp-json\/wp\/v2\/users\/1"}],"replies":[{"embeddable":true,"href":"https:\/\/moverdb.com\/et\/wp-json\/wp\/v2\/comments?post=436"}],"version-history":[{"count":9,"href":"https:\/\/moverdb.com\/et\/wp-json\/wp\/v2\/pages\/436\/revisions"}],"predecessor-version":[{"id":17998,"href":"https:\/\/moverdb.com\/et\/wp-json\/wp\/v2\/pages\/436\/revisions\/17998"}],"wp:attachment":[{"href":"https:\/\/moverdb.com\/et\/wp-json\/wp\/v2\/media?parent=436"}],"curies":[{"name":"wp","href":"https:\/\/api.w.org\/{rel}","templated":true}]}}