{"id":435,"date":"2016-06-12T14:17:13","date_gmt":"2016-06-12T14:17:13","guid":{"rendered":"http:\/\/moverdb.com\/?page_id=435"},"modified":"2026-05-15T14:55:38","modified_gmt":"2026-05-15T14:55:38","slug":"afra","status":"publish","type":"page","link":"https:\/\/moverdb.com\/et\/afra\/","title":{"rendered":"Austraalia M\u00f6\u00f6blirekonstrueerijate Assotsiatsioon (AFRA) selgitatud"},"content":{"rendered":"<p>Austraalia m\u00f6\u00f6bli kolijate assotsiatsioon (AFRA) kirjeldab end nii kolimist\u00f6\u00f6stuse esindajana kui ka reguleerijana. <a href=\"https:\/\/moverdb.com\/et\/moving-to-australia\/living-in-australia\/\" data-internallinksmanager029f6b8e52c=\"240\" title=\"21 saladusi Austraalias elamise kohta, mida enne kolimist teada tuleb\">Austraalia<\/a>. <\/p>\n<p>Sellel on lai geograafiline leviala Austraalias ja seda nimetatakse sageli kvaliteedim\u00e4rgiks.<\/p>\n<p><strong>Peamised faktid AFRA kohta:<\/strong><\/p>\n<ol>\n<li>  Praegu on AFRA liikmeteks umbes 350 m\u00f6\u00f6bli kolimis- ja sellega seotud ettev\u00f5tet.<\/li>\n<li>  AFRA liikmeskond h\u00f5lmab peaaegu k\u00f5iki Austraalia piirkondi, kuid mitte rahvusvahelisi asukohti.<\/li>\n<li>  Auditeerimine on midagi, mida AFRA liikmed peavad regulaarselt l\u00e4bima. Koos liikmeks saamise taotlusega toimub esialgne audit, millele j\u00e4rgneb audit 12 kuud p\u00e4rast liikmeks saamist ja seej\u00e4rel audit iga nelja aasta tagant. Kui auditid n\u00e4itavad, et liikmed ei t\u00e4ida p\u00f5hin\u00f5udeid, siis on 21-p\u00e4evane t\u00e4htaeg, mille jooksul tuleb see parandada, enne kui AFRA v\u00f5ib v\u00f5tta distsiplinaarmeetmeid oma liikmete vastu.<\/li>\n<li>  AFRA liikmeskond on mitmekesine, alates v\u00e4ikestest \u00fche veoauto omaniku juhitud ettev\u00f5tetest kuni suurte rahvusvaheliste ettev\u00f5teteni, millel on palju filiaale nii Austraalias kui ka mujal. <a href=\"https:\/\/moverdb.com\/et\/kolimisfirmad\/\">v\u00e4lismaal<\/a>.<\/li>\n<li>  AFRA-l on teatavad p\u00f5hin\u00f5uded, mida liikmed peavad t\u00e4itma, ja need on p\u00f5hjalikud, puudutades k\u00f5ike alates ruumidest kuni t\u00f6\u00f6tajate, s\u00f5idukite, varustuse ja kindlustusega.<\/li>\n<li>  Kui liikmed ei suuda kaebusi v\u00f5i pretensioone lahendada, v\u00f5ib klient suunata need AFRA-le.<\/li>\n<li>  K\u00f5igil AFRA liikmetel on avalik vastutuskindlustus ja nad on volitatud pakkuma transiidikindlustust k\u00f5igi transporditavate kaupade ja esemete jaoks.<\/li>\n<\/ol>\n<p><strong>Austraalia m\u00f6\u00f6bli kolijate assotsiatsiooni profiil:<\/strong><\/p>\n<p>AFRA on kolimisekspertide ametlik organisatsioon, mis annab akrediteeringu liikmetele, kes otsivad usaldusv\u00e4\u00e4rset kvaliteedim\u00e4rki, mida tarbijatele n\u00e4idata. <\/p>\n<p>AFRA liikmesuse akrediteeringu saavad ainult need kolijad, kellel on professionaalseks kolimiseks vajalikud seadmed, s\u00f5idukid, ruumid ja t\u00f6\u00f6tajate koolitus. P\u00e4rast akrediteeringu saamist j\u00e4tkab organisatsioon oma liikmete hindamist, et tagada, et standardid ei ole langenud. <\/p>\n<p>AFRA poolt oma liikmetele esitatavad n\u00f5uded on m\u00f5eldud selleks, et muuta kolimist\u00f6\u00f6stus tarbijate jaoks paremaks selliste tegurite osas nagu finantskaitse ja hea teenindus. AFRA pakub liikmesust ainult Austraalia ettev\u00f5tetele, kuid nad v\u00f5ivad teenindada Austraalias kolivaid kliente v\u00f5i <a href=\"https:\/\/moverdb.com\/et\/rahvusvahelised-kolimised\/\">v\u00e4lismaal<\/a>. <\/p>\n<p>AFRA pakub oma liikmele koolitusi, teavet ja juhiseid ning annab teavet viimaste uudiste ja t\u00f6\u00f6stust m\u00f5jutavate muudatuste kohta.<\/p>\n<p><strong>Liikmeks saamise kriteeriumid:<\/strong><\/p>\n<p>Liikmeks saamise kriteeriumid ei ole loetletud veebilehel, vaid avalduse vormil (mis samuti ei ole veebilehel k\u00e4ttesaadav). Liikmeks saamise paketi saab aadressil <a href=\"mailto:admin@afra.com.au\">admin@afra.com.au<\/a>.<\/p>\n<p>Iga ettev\u00f5te l\u00e4bib enne liikmeks saamist auditi.<\/p>\n<p><strong>Liikmesettev\u00f5tjad<\/strong><\/p>\n<ul>\n<li> <a href=\"https:\/\/moverdb.com\/et\/conroy-removals\/\">Conroy kolimised<\/a><\/li>\n<\/ul>\n<p><strong>Arvamused AFRA kohta:<\/strong><\/p>\n<p>AFRAd peetakse kvaliteetse ettev\u00f5tte n\u00e4itajaks ja valitsuse veebisaitidel soovitatakse seda, et tagada, et kolija omab kolimiseks \u00f5igeid ressursse, standardeid ja oskusi. <\/p>\n<p>Oluliseks peetakse asjaolu, et AFRA kiidab heaks ainult need, kes on v\u00f5imelised kolimist professionaalselt l\u00e4bi viima, samuti peetakse oluliseks, et AFRA liikmetel peab olema kaitse, n\u00e4iteks erinevad kindlustused. <\/p>\n<p>R\u00f5hutatakse, et kui ettev\u00f5te on AFRA liige, annab see tema klientidele v\u00f5imaluse saada juurdep\u00e4\u00e4su AFRA teabele ja saada kindlustunnet vaidluste lahendamise teenusest. Online arvamuses r\u00f5hutatakse, et \"k\u00f5ik suuremad riiklikud <a href=\"https:\/\/moverdb.com\/et\/international-removals\/\" data-internallinksmanager029f6b8e52c=\"27\" title=\"36 Parimad rahvusvahelised kolimisfirmad \u00dchendkuningriigis\">kolimisfirmad<\/a> on p\u00fchendunud AFRA ideaalile.\" <\/p>\n<p>AFRA liikme eemaldaja kasutamine on \u00fcks n\u00f5uandeid liikumiseks, mida pakub \u00fcks <a href=\"https:\/\/www.allianz.com.au\/home-insurance\/news\/6-tips-on-how-to-hire-the-best-removalists\" target=\"_blank\" rel=\"noopener\">suur finantsteenuste ettev\u00f5te<\/a>, mis toob v\u00e4lja, et Austraalia seadused ei n\u00f5ua kolijatelt kindlustust, kuid AFRA n\u00f5uab seda. Samuti v\u00e4\u00e4rtustab ta asjaolu, et AFRA liikmed on kursis viimaste arengutega ja j\u00e4rgivad miinimumstandardeid.<\/p>\n<blockquote><p>AFRA poolt akrediteeritud kolimisteenuse pakkujad peavad vastama teatavatele standarditele seoses seadmete, s\u00f5idukite, ruumide ja personali koolitusega, mis on vajalikud professionaalse kolimise l\u00e4biviimiseks.<\/p><\/blockquote>\n<p>- <a href=\"http:\/\/www.fairtrading.nsw.gov.au\/ftw\/Consumers\/Buying_services\/Hiring_a_removalist.page\" target=\"_blank\" rel=\"noopener\">NSW valitsus<\/a><\/p>\n<blockquote><p>AFRA on Austraalia kolimisekspertide ametlik organisatsioon, mis aitab reguleerida kolimist\u00f6\u00f6stust. AFRA akrediteerib ainult neid kolimisteenindajaid, kellel on professionaalseks kolimiseks vajalik varustus, s\u00f5idukid, ruumid ja personali koolitus.<\/p><\/blockquote>\n<p>- <a href=\"http:\/\/www.ashtons.com.au\/afra-accreditation.html\" target=\"_blank\" rel=\"noopener\">Ashtons kolimised<\/a><\/p>\n<p><strong>Veebileht:<\/strong> <a href=\"http:\/\/www.afra.com.au\/\" target=\"_blank\" rel=\"noopener\">http:\/\/www.afra.com.au\/<\/a><\/p>\n<h2>Muud kasulikud Austraalia reisijuhid<\/h2>\n<ul>\n<li> <a href=\"https:\/\/moverdb.com\/et\/konteiner-laevandus\/austraalia\/\">2024 Mereveo konteinerite veohinnad Austraaliasse ja Austraaliast<\/a><\/li>\n<li> <a href=\"https:\/\/moverdb.com\/et\/kolimisfirmad\/austraalia-2\/\">17 parimat rahvusvahelist kolimisfirmat Austraalias<\/a><\/li>\n<li> <a href=\"https:\/\/moverdb.com\/et\/parimad-rahvusvahelised-rahasiirdeteenused\/money-transfer-companies-australia\/\">10 parimat raha\u00fclekande ettev\u00f5tet Austraalias<\/a><\/li>\n<li> <a href=\"https:\/\/moverdb.com\/et\/kolimine-austraaliasse\/\">Austraaliasse kolimine? 2024 elamiskulud ja kolimisn\u00f5uanded<\/a><\/li>\n<li> <a href=\"https:\/\/moverdb.com\/et\/kolimine-austraaliasse\/best-places-to-live-australia\/\">13 parimat kohta Austraalias elamiseks<\/a><\/li>\n<li> <a href=\"https:\/\/moverdb.com\/et\/kolimine-austraaliasse\/living-in-australia\/\">21 saladusi Austraalias elamise kohta, mida enne kolimist teada tuleb<\/a><\/li>\n<li> <a href=\"https:\/\/moverdb.com\/et\/kolimine-austraaliasse\/moving-to-australia-from-the-us\/\">Austraaliasse kolimine Ameerika \u00dchendriikidest<\/a><\/li>\n<li> <a href=\"https:\/\/moverdb.com\/et\/konteiner-laevandus\/to-australia-from-the-united-states\/\">Konteinerite saatmine Austraaliasse Ameerika \u00dchendriikidest Kulud<\/a><\/li>\n<li> <a href=\"https:\/\/moverdb.com\/et\/kolimine-austraaliasse\/moving-to-australia-from-the-uk\/\">\u00dchendkuningriigist Austraaliasse kolimine<\/a><\/li>\n<li> <a href=\"https:\/\/moverdb.com\/et\/konteiner-laevandus\/to-australia-from-the-uk\/\">Konteinerite saatmine Austraaliasse \u00dchendkuningriigist Kulud ja ajad<\/a><\/li>\n<li> <a href=\"https:\/\/moverdb.com\/et\/kolimine-austraaliasse\/moving-to-australia-from-bahrain\/\">Austraaliasse kolimine Bahreinist<\/a><\/li>\n<li> <a href=\"https:\/\/moverdb.com\/et\/kolimine-austraaliasse\/moving-to-australia-from-the-uae\/\">Austraaliasse kolimine Dubaist ja A\u00dcE-st<\/a><\/li>\n<li> <a href=\"https:\/\/moverdb.com\/et\/konteiner-laevandus\/to-australia-from-dubai\/\">Konteinerite saatmine Austraaliasse Dubaisse kulud ja ajad<\/a><\/li>\n<li> <a href=\"https:\/\/moverdb.com\/et\/konteiner-laevandus\/to-australia-from-uae\/\">Konteinerite saatmine Austraaliasse A\u00dcE-st Kulud ja ajad<\/a><\/li>\n<li> <a href=\"https:\/\/moverdb.com\/et\/kolimine-austraaliasse\/moving-to-australia-from-kuwait\/\">Kuveidist Austraaliasse kolimine<\/a><\/li>\n<li> <a href=\"https:\/\/moverdb.com\/et\/kolimine-austraaliasse\/moving-to-australia-from-qatar\/\">Katarist Austraaliasse kolimine<\/a><\/li>\n<li> <a href=\"https:\/\/moverdb.com\/et\/konteiner-laevandus\/to-australia-from-qatar\/\">Konteinerveod Austraaliasse Katarist Kulud ja ajad<\/a><\/li>\n<li> <a href=\"https:\/\/moverdb.com\/et\/kolimine-austraaliasse\/moving-to-perth\/\">Kolimine Perthi? 2024 elamiskulud ja kolimisn\u00f5uanded<\/a><\/li>\n<li> <a href=\"https:\/\/moverdb.com\/et\/kolimine-austraaliasse\/moving-to-australia-from-singapore\/\">Singapurist Austraaliasse kolimine<\/a><\/li>\n<li> <a href=\"https:\/\/moverdb.com\/et\/konteiner-laevandus\/to-australia-from-singapore\/\">Konteinerite saatmine Singapurist Austraaliasse kulud ja ajad<\/a><\/li>\n<li> <a href=\"https:\/\/moverdb.com\/et\/kolimine-austraaliasse\/moving-to-australia-from-south-africa\/\">Kolimine L\u00f5una-Aafrikast Austraaliasse<\/a><\/li>\n<li> <a href=\"https:\/\/moverdb.com\/et\/konteiner-laevandus\/to-australia-from-canada\/\">Konteinerite saatmine Austraaliasse Kanadast Kulud<\/a><\/li>\n<li> <a href=\"https:\/\/moverdb.com\/et\/konteiner-laevandus\/to-australia-from-new-zealand\/\">Konteinerveod Austraaliasse Uus-Meremaalt kulud<\/a><\/li>\n<li> <a href=\"https:\/\/moverdb.com\/et\/kolimine-austraaliasse\/moving-to-hobart\/\">Hobartisse kolimine? 2024 elamiskulud ja kolimisn\u00f5uanded<\/a><\/li>\n<li> <a href=\"https:\/\/moverdb.com\/et\/kolimine-austraaliasse\/moving-to-gold-coast\/\">Kolimine Gold Coast'ile? 2024 elamiskulud ja kolimisn\u00f5uanded<\/a><\/li>\n<li> <a href=\"https:\/\/moverdb.com\/et\/kolimine-austraaliasse\/moving-to-melbourne\/\">Kolimine Melbourne'i? 2024 elamiskulud ja kolimisn\u00f5uanded<\/a><\/li>\n<\/ul>","protected":false},"excerpt":{"rendered":"<p>The Australian Furniture Removers Association (AFRA) describes itself both as a representative of, and regulator of, the removals industry in Australia. It has broad geographic reach within Australia and is often cited as a mark of quality. Key facts about the AFRA: Currently, around 350 furniture removal and associated companies are members of AFRA. The [&hellip;]<\/p>\n","protected":false},"author":1,"featured_media":0,"parent":0,"menu_order":0,"comment_status":"closed","ping_status":"closed","template":"","meta":{"_genesis_hide_title":false,"_genesis_hide_breadcrumbs":false,"_genesis_hide_singular_image":false,"_genesis_hide_footer_widgets":false,"_genesis_custom_body_class":"","_genesis_custom_post_class":"","_genesis_layout":"","footnotes":""},"class_list":{"0":"post-435","1":"page","2":"type-page","3":"status-publish","5":"entry"},"_links":{"self":[{"href":"https:\/\/moverdb.com\/et\/wp-json\/wp\/v2\/pages\/435","targetHints":{"allow":["GET"]}}],"collection":[{"href":"https:\/\/moverdb.com\/et\/wp-json\/wp\/v2\/pages"}],"about":[{"href":"https:\/\/moverdb.com\/et\/wp-json\/wp\/v2\/types\/page"}],"author":[{"embeddable":true,"href":"https:\/\/moverdb.com\/et\/wp-json\/wp\/v2\/users\/1"}],"replies":[{"embeddable":true,"href":"https:\/\/moverdb.com\/et\/wp-json\/wp\/v2\/comments?post=435"}],"version-history":[{"count":11,"href":"https:\/\/moverdb.com\/et\/wp-json\/wp\/v2\/pages\/435\/revisions"}],"predecessor-version":[{"id":17997,"href":"https:\/\/moverdb.com\/et\/wp-json\/wp\/v2\/pages\/435\/revisions\/17997"}],"wp:attachment":[{"href":"https:\/\/moverdb.com\/et\/wp-json\/wp\/v2\/media?parent=435"}],"curies":[{"name":"wp","href":"https:\/\/api.w.org\/{rel}","templated":true}]}}