{"id":434,"date":"2016-06-05T06:20:47","date_gmt":"2016-06-05T06:20:47","guid":{"rendered":"http:\/\/moverdb.com\/?page_id=434"},"modified":"2026-01-08T14:48:22","modified_gmt":"2026-01-08T14:48:22","slug":"fidi-faim","status":"publish","type":"page","link":"https:\/\/moverdb.com\/et\/fidi-faim\/","title":{"rendered":"FIDI &amp; FAIM (FIDI akrediteeritud rahvusvaheline kolija) selgitatud"},"content":{"rendered":"<p>FIDI (F\u00e9d\u00e9ration Internationale des D\u00e9m\u00e9nageurs Internationaux; The Federation of International Movers) on rahvusvaheliste kolimis- ja \u00fcmberpaigutamisettev\u00f5tete \u00fclemaailmne katusorganisatsioon. <\/p>\n<p>Ta nimetab end \u00fclemaailmseks t\u00f6\u00f6stusharu standardiks kvaliteetsete kolijate jaoks ja on olnud teerajajaks FIDI akrediteeritud rahvusvaheliste kolijate (FAIM) kvaliteedijuhtimise programmile, mis on ainult rahvusvahelisele kolimist\u00f6\u00f6stusele p\u00fchendatud kvaliteedisertifitseerimisprogramm.<\/p>\n<p><strong>Olulisemad faktid organisatsiooni kohta:<\/strong><\/p>\n<ol>\n<li>  FIDI esindab \u00fcle <strong>600 s\u00f5ltumatu <a href=\"https:\/\/moverdb.com\/et\/kolimisfirmad\/\">ettev\u00f5tted<\/a><\/strong> rohkem kui <strong>100 riiki<\/strong>.<\/li>\n<li>  FIDI on suurim katusorganisatsioon, mis h\u00f5lmab <a href=\"https:\/\/moverdb.com\/et\/rahvusvahelised-kolimised\/\">rahvusvahelised kolimised<\/a> ja \u00fcmberpaigutamise ettev\u00f5tted.<\/li>\n<li>  FIDI pakub nii isiklikku \u00fcmberpaigutamist kui ka ettev\u00f5tte \u00fcmberpaigutamist.<\/li>\n<li>  K\u00f5ik FIDI t\u00fctarettev\u00f5tjad peavad vastama rangetele FIDI-FAIMi kvaliteedistandarditele.<\/li>\n<li>  FIDI pakub FAIM kvaliteedijuhtimise programmi, mida peetakse \u00fcheks k\u00f5ige rangemaks standardiks t\u00f6\u00f6stuses, kus on rohkem kui <strong>200 kvaliteedin\u00f5uded<\/strong> mis on seotud nii tegevuse kui ka klienditeenindusega.<\/li>\n<li>  Iga FIDI t\u00fctarettev\u00f5te peab l\u00e4bima perioodilise s\u00f5ltumatu hindamise oma rahvusvahelise liikumistegevuse kohta. Kui nad hindamisel eba\u00f5nnestuvad, l\u00f5petatakse nende liikmesus FIDIs.<\/li>\n<li>  K\u00f5ik FIDI t\u00fctarettev\u00f5tjad peavad allkirjastama ja j\u00e4rgima kohustuslikku altk\u00e4emaksu- ja korruptsioonivastast hartat.<\/li>\n<li>  K\u00f5ik FIDI liikmed peavad olema ka FAIMi sertifitseeritud - seda taotletakse koos liikmeks saamisega.<\/li>\n<li>  FAIM Plus on k\u00e4ttesaadav neile, kellel on ISO 9001 sertifikaat.<\/li>\n<\/ol>\n<p><strong>FIDI organisatsiooni profiil<\/strong><\/p>\n<p>FIDI on \u00fclemaailmne kolijate \u00fchendus, mis pakub oma liikmetele tugevat ja tunnustatud tunnustustunnistust teenuste eest, suuremaid v\u00f5rgustike loomise v\u00f5imalusi ja v\u00f5imalust laiendada oma \u00e4ritegevust. <\/p>\n<p>Ta korraldab korrap\u00e4raselt konverentse ja koolitusi liikmetele \u00fcle kogu maailma ning pakub liikmetele maksete kaitsmise kava, mis aitab neil kaitsta kuni 90% oma arvete v\u00e4\u00e4rtusest. Samuti on FIDI v\u00f5tnud endale \u00fclesandeks hoida oma liikmesorganisatsioonid kursis t\u00f6\u00f6stuse viimaste uudistega ning tal on t\u00f6\u00f6stuspaneel, mis pakub ekspertide n\u00f5uandeid ja tegeleb liikmete vaheliste vaidluste lahendamisega. <\/p>\n<p>FIDI akrediteeritud rahvusvaheliste kolijate (FAIM) kvaliteedijuhtimise programm on osa FIDI pakkumisest, mis on kolimist\u00f6\u00f6stuse kvaliteedisertifikaat, mis t\u00f6\u00f6tati v\u00e4lja konsultatsioonide ja parimate tavade kaudu suurte, v\u00e4ikeste, era- ja avalike <a href=\"https:\/\/moverdb.com\/et\/moving-companies\/\" data-internallinksmanager029f6b8e52c=\"79\" title=\"Top 25 rahvusvahelist kolimisfirmat Internetis\">rahvusvahelised kolimisfirmad<\/a> kogu maailmast.<\/p>\n<p><strong>Liikmeks saamise kriteeriumid:<\/strong><\/p>\n<p>FIDI Global Alliance'iga liitumiseks peate t\u00e4itma j\u00e4rgmised kohustuslikud n\u00f5uded:<\/p>\n<ul>\n<li> j\u00e4rgida FIDI eeskirju<\/li>\n<li> tegutsenud kontinentidevaheliste kolimisteenuste valdkonnas v\u00e4hemalt 2 aastat enne taotluse esitamist.<\/li>\n<li> teostada v\u00e4hemalt 10 kontinentidevahelist kolimist aastas*.<\/li>\n<li> omama asjakohast ja piisavat kindlustuskaitset<\/li>\n<li> allkirjastada FIDI altk\u00e4emaksu- ja korruptsioonivastane harta (FIDI ABC-harta).<\/li>\n<li> olema rahaliselt usaldusv\u00e4\u00e4rne (teie rahalist seisundit kontrollib taotluse esitamise etapis s\u00f5ltumatu audiitor).<\/li>\n<li> olema FIDI-FAIM sertifitseeritud (taotlete FAIM sertifikaati samal ajal, kui taotlete FIDI liikmeks saamist).<\/li>\n<\/ul>\n<p><strong>FAIM sertifitseerimine:<\/strong><\/p>\n<p>FIDI-FAIMi sertifitseerimisprogramm n\u00f5uab, et rahvusvahelised kolijad hindaksid perioodiliselt s\u00f5ltumatult oma kontinentidevahelist kolimistegevust, mis toimub iga kolme aasta tagant s\u00f5ltumatu auditi kaudu.<\/p>\n<p>See tagab, et FIDI ettev\u00f5tted t\u00f6\u00f6tavad \u00fclemaailmselt \u00fchtse standardi alusel, et hallata ja teostada rahvusvahelisi kolimisteenuseid \u00fchtselt, kvaliteetselt ja t\u00f5husalt. Samuti pakub see l\u00e4bipaistvat mehhanismi, mis tagab, et standardid j\u00e4\u00e4vad k\u00f5rgeks.<\/p>\n<p>L\u00f5ppkliendi seisukohast annab FAIMi sertifitseeritud ettev\u00f5te kolijale ja tema kolimist korraldavale personaliosakonnale kindlustunde, et ettev\u00f5te tunneb oma ala ning tal on ressursid ja oskusteave, et teha t\u00f6\u00f6d korralikult.<\/p>\n<p>Kohapealse hindamise viivad s\u00f5ltumatult l\u00e4bi rahvusvahelised hindajad Ernst &amp; Young.<\/p>\n<p><strong>M\u00f5ned liikmesettev\u00f5tted<\/strong><\/p>\n<ul>\n<li> <a href=\"https:\/\/moverdb.com\/et\/aires\/\">Aires<\/a><\/li>\n<li> <a href=\"https:\/\/moverdb.com\/et\/cadogan-tate\/\">Cadogan Tate<\/a><\/li>\n<li> <a href=\"https:\/\/moverdb.com\/et\/harrow-green\/\">Harrow Green<\/a><\/li>\n<li> <a href=\"https:\/\/moverdb.com\/et\/santa-fe-relokatsioon\/\">Santa Fe \u00fcmberpaigutamine<\/a><\/li>\n<li> <a href=\"https:\/\/moverdb.com\/et\/team-relocations\/\">Meeskonna \u00fcmberpaigutused<\/a><\/li>\n<li> <a href=\"https:\/\/moverdb.com\/et\/nippon-express\/\">Nippon Express<\/a><\/li>\n<li> <a href=\"https:\/\/moverdb.com\/et\/settelen\/\">Settelen<\/a><\/li>\n<li> <a href=\"https:\/\/moverdb.com\/et\/conroy-removals\/\">Conroy kolimised<\/a><\/li>\n<li> <a href=\"https:\/\/moverdb.com\/et\/bolliger\/\">Bolliger<\/a><\/li>\n<li> <a href=\"https:\/\/moverdb.com\/et\/mudanzas-gou\/\">Mudanzas Gou<\/a><\/li>\n<li> <a href=\"https:\/\/moverdb.com\/et\/gil-stauffer\/\">Gil Stauffer<\/a><\/li>\n<li> <a href=\"https:\/\/moverdb.com\/et\/packimpex\/\">Packimpex<\/a><\/li>\n<\/ul>\n<p><strong>Arvamused organisatsiooni kohta<\/strong><\/p>\n<p>FIDI on v\u00e4ga hinnatud nende liiklejate poolt, kes seda oma veebisaitidel mainivad, nii seoses selle m\u00e4rkimisv\u00e4\u00e4rsete ressursside kui ka sellega, et auditeerimine on pidev. <\/p>\n<p>S\u00f5ltumatus on veel \u00fcks oluline tegur FIDI maine juures - iga kolimisettev\u00f5tte puhul viiakse kohapeal l\u00e4bi vastavusmenetlus, mille viib l\u00e4bi konsultant v\u00e4ljastpoolt riiki. <\/p>\n<blockquote><p>Maksimaalset kvaliteeditaset taotlevate kolimisettev\u00f5tete jaoks pakub FAIM\/ISO k\u00f5rgeimat sertifitseerimisstandardit maailmas.<\/p><\/blockquote>\n<p> - <a href=\"http:\/\/www.ossworldwidemovers.com\/fidi-accredited-international-mover\" target=\"_blank\" rel=\"noopener\">OSS World Wide Movers<\/a><\/p>\n<blockquote><p>Maailmas on arvukalt kolimisettev\u00f5tteid. Kuidas eristada h\u00e4id ja halbu? Alustage FIDI\/FAIMiga, mis on rahvusvahelise kolimise kuldstandard.<\/p><\/blockquote>\n<p>- <a href=\"http:\/\/www.jkmoving.com\/International\/International_Network-_FIDI\/FAIM\/\" target=\"_blank\" rel=\"noopener\">JK kolimisteenused<\/a><\/p>\n<p><a href=\"http:\/\/www.jkmoving.com\/International\/International_Network-_FIDI\/FAIM\/\" target=\"_blank\" rel=\"noopener\"><\/a><\/p>\n<blockquote><p>See on k\u00f5ige rangem, k\u00f5ikeh\u00f5lmav kvaliteediprogramm rahvusvahelise kolimist\u00f6\u00f6stuse jaoks ning selles on \u00fcle 200 kvaliteedin\u00f5ude, mis on seotud organisatsiooni tegevuse ja klientidele osutatavate teenustega. FIDI pakub n\u00fc\u00fcd akrediteeringut FAIM.<\/p><\/blockquote>\n<p>- <a href=\"http:\/\/www.suddathinternational.com\/news\/2013\/8\/1\/faim-plus.aspx\" target=\"_blank\" rel=\"noopener\">Suddath<\/a><\/p>\n<p><strong>Veebileht:<\/strong> <a href=\"https:\/\/www.fidi.org\" target=\"_blank\" rel=\"noopener\">https:\/\/www.fidi.org<\/a><\/p>","protected":false},"excerpt":{"rendered":"<p>FIDI (F\u00e9d\u00e9ration Internationale des D\u00e9m\u00e9nageurs Internationaux; The Federation of International Movers) is a global umbrella organisation of international moving and relocation businesses. It describes itself as a worldwide industry standard for top quality movers and has pioneered the FIDI Accredited International Mover (FAIM) Quality Management Programme, a quality certification programme dedicated exclusively to the international [&hellip;]<\/p>\n","protected":false},"author":1,"featured_media":0,"parent":0,"menu_order":0,"comment_status":"closed","ping_status":"closed","template":"","meta":{"_genesis_hide_title":false,"_genesis_hide_breadcrumbs":false,"_genesis_hide_singular_image":false,"_genesis_hide_footer_widgets":false,"_genesis_custom_body_class":"","_genesis_custom_post_class":"","_genesis_layout":"","footnotes":""},"class_list":{"0":"post-434","1":"page","2":"type-page","3":"status-publish","5":"entry"},"_links":{"self":[{"href":"https:\/\/moverdb.com\/et\/wp-json\/wp\/v2\/pages\/434","targetHints":{"allow":["GET"]}}],"collection":[{"href":"https:\/\/moverdb.com\/et\/wp-json\/wp\/v2\/pages"}],"about":[{"href":"https:\/\/moverdb.com\/et\/wp-json\/wp\/v2\/types\/page"}],"author":[{"embeddable":true,"href":"https:\/\/moverdb.com\/et\/wp-json\/wp\/v2\/users\/1"}],"replies":[{"embeddable":true,"href":"https:\/\/moverdb.com\/et\/wp-json\/wp\/v2\/comments?post=434"}],"version-history":[{"count":28,"href":"https:\/\/moverdb.com\/et\/wp-json\/wp\/v2\/pages\/434\/revisions"}],"predecessor-version":[{"id":6210,"href":"https:\/\/moverdb.com\/et\/wp-json\/wp\/v2\/pages\/434\/revisions\/6210"}],"wp:attachment":[{"href":"https:\/\/moverdb.com\/et\/wp-json\/wp\/v2\/media?parent=434"}],"curies":[{"name":"wp","href":"https:\/\/api.w.org\/{rel}","templated":true}]}}