{"id":4333,"date":"2022-07-23T02:03:57","date_gmt":"2022-07-23T02:03:57","guid":{"rendered":"https:\/\/moverdb.com\/?page_id=4333"},"modified":"2026-01-08T13:20:02","modified_gmt":"2026-01-08T13:20:02","slug":"island","status":"publish","type":"page","link":"https:\/\/moverdb.com\/et\/container-shipping\/iceland\/","title":{"rendered":"2023 Mereveo konteinerite veohinnad Islandile ja Islandilt"},"content":{"rendered":"<div class=\"wp-block-image\">\r\n<figure class=\"aligncenter size-full\"><img loading=\"lazy\" decoding=\"async\" width=\"1000\" height=\"664\" src=\"https:\/\/moverdb.com\/wp-content\/uploads\/iceland.jpg\" alt=\"Reykjaviki, Islandi \u00f5hust v\u00f5etud vaade talvel\" class=\"wp-image-4328\" srcset=\"https:\/\/moverdb.com\/wp-content\/uploads\/iceland.jpg 1000w, https:\/\/moverdb.com\/wp-content\/uploads\/iceland-300x200.jpg 300w, https:\/\/moverdb.com\/wp-content\/uploads\/iceland-18x12.jpg 18w, https:\/\/moverdb.com\/wp-content\/uploads\/iceland-600x398.jpg 600w\" sizes=\"auto, (max-width: 1000px) 100vw, 1000px\" \/><\/figure>\r\n<\/div>\r\n\r\n\r\n<p><strong><a href=\"https:\/\/moverdb.com\/et\/moving-to-iceland\/\" data-internallinksmanager029f6b8e52c=\"434\" title=\"Kolimine Islandile? 2023 elamiskulud ja kolimisn\u00f5uanded\">Island<\/a><\/strong> enamik inimesi, kes pole seal kunagi k\u00e4inud, m\u00f5tlevad k\u00fclma ja j\u00e4\u00e4 peale, kuid k\u00fcsige \u00fcksk\u00f5ik millise seal elava v\u00e4lismaalase k\u00e4est, ja nad \u00fctlevad teile, et see on tegelikult \u00fcks ilusamaid kohti maailmas.<\/p>\r\n\r\n\r\n\r\n<p>See P\u00f5hjamaade riik on kuulus oma looduslike vaatepiltide poolest, mis on t\u00e4is liustikke, geisreid, voolavaid vulkaane ja kuumaveeallikad. Islandi elukvaliteeti hinnatakse samuti erakordselt k\u00f5rgelt igas nimekirjas. Riik pakub suurep\u00e4raseid t\u00f6\u00f6v\u00f5imalusi, k\u00f5rget palka, suurep\u00e4raseid sotsiaaltoetusi, suurt turvalisust ja palju muud.<\/p>\r\n\r\n\r\n\r\n<p>On \u00fctlematagi selge, et teie majapidamistarvete vedu sellele P\u00f5hja-Euroopa saarele v\u00f5ib olla veidi kulukas.<\/p>\r\n\r\n\r\n\r\n<p>Selles artiklis n\u00e4itasime k\u00f5iki madalaimaid Islandi <a href=\"https:\/\/moverdb.com\/et\/container-shipping\/\" data-internallinksmanager029f6b8e52c=\"3\" title=\"Rahvusvaheliste konteinerite veohindade graafik: aprill 2026\">konteinerite veohinnad<\/a> mis me leidsime Reykjavisse ja sealt tagasi.<\/p>\r\n\r\n\r\n\r\n<p>Samuti saate vaadata t\u00e4pset hinnapakkumist teie asukohta v\u00f5i teie asukohast saatmiseks, kasutades meie tasuta hinnapakkumise t\u00f6\u00f6riista, mis asub selle lehek\u00fclje \u00fclaosas.<\/p>\r\n\r\n\r\n\r\n<div id=\"ez-toc-container\" class=\"ez-toc-v2_0_82_2 ez-toc-wrap-left counter-hierarchy ez-toc-counter ez-toc-transparent ez-toc-container-direction\">\n<div class=\"ez-toc-title-container\">\n<p class=\"ez-toc-title\" style=\"cursor:inherit\">Jaotised<\/p>\n<span class=\"ez-toc-title-toggle\"><a href=\"#\" class=\"ez-toc-pull-right ez-toc-btn ez-toc-btn-xs ez-toc-btn-default ez-toc-toggle\" aria-label=\"Sisukorra vaheldumine\"><span class=\"ez-toc-js-icon-con\"><span class=\"\"><span class=\"eztoc-hide\" style=\"display:none;\">Toggle<\/span><span class=\"ez-toc-icon-toggle-span\"><svg style=\"fill: #999;color:#999\" xmlns=\"http:\/\/www.w3.org\/2000\/svg\" class=\"list-377408\" width=\"20px\" height=\"20px\" viewbox=\"0 0 24 24\" fill=\"none\"><path d=\"M6 6H4v2h2V6zm14 0H8v2h12V6zM4 11h2v2H4v-2zm16 0H8v2h12v-2zM4 16h2v2H4v-2zm16 0H8v2h12v-2z\" fill=\"currentColor\"><\/path><\/svg><svg style=\"fill: #999;color:#999\" class=\"arrow-unsorted-368013\" xmlns=\"http:\/\/www.w3.org\/2000\/svg\" width=\"10px\" height=\"10px\" viewbox=\"0 0 24 24\" version=\"1.2\" baseprofile=\"tiny\"><path d=\"M18.2 9.3l-6.2-6.3-6.2 6.3c-.2.2-.3.4-.3.7s.1.5.3.7c.2.2.4.3.7.3h11c.3 0 .5-.1.7-.3.2-.2.3-.5.3-.7s-.1-.5-.3-.7zM5.8 14.7l6.2 6.3 6.2-6.3c.2-.2.3-.5.3-.7s-.1-.5-.3-.7c-.2-.2-.4-.3-.7-.3h-11c-.3 0-.5.1-.7.3-.2.2-.3.5-.3.7s.1.5.3.7z\"\/><\/svg><\/span><\/span><\/span><\/a><\/span><\/div>\n<nav><ul class='ez-toc-list ez-toc-list-level-1 eztoc-toggle-hide-by-default' ><li class='ez-toc-page-1 ez-toc-heading-level-2'><a class=\"ez-toc-link ez-toc-heading-1\" href=\"https:\/\/moverdb.com\/et\/container-shipping\/iceland\/#Shipping_Container_Costs_to_Iceland_Reykjavik\" >Laevakonteinerite kulud Islandile (Reykjav\u00edk)<\/a><\/li><li class='ez-toc-page-1 ez-toc-heading-level-2'><a class=\"ez-toc-link ez-toc-heading-2\" href=\"https:\/\/moverdb.com\/et\/container-shipping\/iceland\/#Shipping_Container_Costs_from_Iceland_Reykjavik\" >Laevakonteinerite kulud Islandilt (Reykjav\u00edk)<\/a><ul class='ez-toc-list-level-3' ><li class='ez-toc-heading-level-3'><a class=\"ez-toc-link ez-toc-heading-3\" href=\"https:\/\/moverdb.com\/et\/container-shipping\/iceland\/#Notes_about_data\" >M\u00e4rkused andmete kohta:<\/a><\/li><\/ul><\/li><li class='ez-toc-page-1 ez-toc-heading-level-2'><a class=\"ez-toc-link ez-toc-heading-4\" href=\"https:\/\/moverdb.com\/et\/container-shipping\/iceland\/#Other_Useful_Guides_to_Iceland\" >Muud kasulikud reisijuhid Islandi kohta<\/a><\/li><\/ul><\/nav><\/div>\n<h2 class=\"wp-block-heading\"><span class=\"ez-toc-section\" id=\"Shipping_Container_Costs_to_Iceland_Reykjavik\"><\/span>Laevakonteinerite kulud Islandile (Reykjav\u00edk)<span class=\"ez-toc-section-end\"><\/span><\/h2>\r\n\r\n\r\n<div class=\"wp-block-image\">\r\n<figure class=\"aligncenter size-large\"><img loading=\"lazy\" decoding=\"async\" width=\"1024\" height=\"539\" src=\"https:\/\/moverdb.com\/wp-content\/uploads\/Shipping-Container-Costs-to-Iceland-1024x539.png\" alt=\"Laevakonteinerite kulud Islandile (Reykjav\u00edk)\" class=\"wp-image-4335\" srcset=\"https:\/\/moverdb.com\/wp-content\/uploads\/Shipping-Container-Costs-to-Iceland-1024x539.png 1024w, https:\/\/moverdb.com\/wp-content\/uploads\/Shipping-Container-Costs-to-Iceland-300x158.png 300w, https:\/\/moverdb.com\/wp-content\/uploads\/Shipping-Container-Costs-to-Iceland-1536x809.png 1536w, https:\/\/moverdb.com\/wp-content\/uploads\/Shipping-Container-Costs-to-Iceland-18x9.png 18w, https:\/\/moverdb.com\/wp-content\/uploads\/Shipping-Container-Costs-to-Iceland-600x316.png 600w, https:\/\/moverdb.com\/wp-content\/uploads\/Shipping-Container-Costs-to-Iceland.png 2000w\" sizes=\"auto, (max-width: 1024px) 100vw, 1024px\" \/><\/figure>\r\n<\/div>\r\n\r\n\n<table id=\"tablepress-119\" class=\"tablepress tablepress-id-119\">\n<thead>\n<tr class=\"row-1\">\n\t<th class=\"column-1\">Sihtriik (<a href=\"https:\/\/moverdb.com\/et\/top-49-container-ports\/\" data-internallinksmanager029f6b8e52c=\"80\" title=\"Top 49 suurimat ja tihedaima liiklusega konteinersadamat 2025. aastal\">Sadam<\/a>\/linn)<\/th><th class=\"column-2\">20FT<\/th><th class=\"column-3\">40FT<\/th>\n<\/tr>\n<\/thead>\n<tbody class=\"row-striping row-hover\">\n<tr class=\"row-2\">\n\t<td class=\"column-1\"><a href=\"https:\/\/moverdb.com\/et\/container-shipping\/andorra\/\" data-internallinksmanager029f6b8e52c=\"88\" title=\"2023 Mereveo konteinerite veohinnad Andorrast ja Andorrast\">Andorra (Andorra la Vella)<\/a><\/td><td class=\"column-2\">$990<\/td><td class=\"column-3\">$1,662<\/td>\n<\/tr>\n<tr class=\"row-3\">\n\t<td class=\"column-1\"><a href=\"https:\/\/moverdb.com\/et\/container-shipping\/australia\/\" data-internallinksmanager029f6b8e52c=\"89\" title=\"2026 Konteinerite veohinnad Austraaliasse ja Austraaliast\">Austraalia (Sydney)<\/a><\/td><td class=\"column-2\">$1,511<\/td><td class=\"column-3\">$2,464<\/td>\n<\/tr>\n<tr class=\"row-4\">\n\t<td class=\"column-1\"><a href=\"https:\/\/moverdb.com\/et\/container-shipping\/bangladesh\/\" data-internallinksmanager029f6b8e52c=\"97\" title=\"2023 Mereveo konteinerite veohinnad Bangladeshi ja Bangladeshist\">Bangladesh (Chittagong)<\/a><\/td><td class=\"column-2\">$1,463<\/td><td class=\"column-3\">$2,016<\/td>\n<\/tr>\n<tr class=\"row-5\">\n\t<td class=\"column-1\"><a href=\"https:\/\/moverdb.com\/et\/container-shipping\/belgium\/\" data-internallinksmanager029f6b8e52c=\"86\" title=\"2023 Mereveo konteinerite veohinnad Belgiasse ja Belgiast\">Belgia (Antwerpen)<\/a><\/td><td class=\"column-2\">$2,794<\/td><td class=\"column-3\">$4,274<\/td>\n<\/tr>\n<tr class=\"row-6\">\n\t<td class=\"column-1\"><a href=\"https:\/\/moverdb.com\/et\/moving-to-canada\/\" data-internallinksmanager029f6b8e52c=\"265\" title=\"Kanadasse kolimine? 2023 elamiskulud ja kolimisn\u00f5uanded\">Kanada<\/a> (<a href=\"https:\/\/moverdb.com\/et\/moving-to-canada\/moving-to-vancouver\/\" data-internallinksmanager029f6b8e52c=\"438\" title=\"Kolimine Vancouverisse? 2023 elamiskulud ja kolimisn\u00f5uanded\">Vancouver<\/a>)<\/td><td class=\"column-2\">$5,789<\/td><td class=\"column-3\">$7,145<\/td>\n<\/tr>\n<tr class=\"row-7\">\n\t<td class=\"column-1\"><a href=\"https:\/\/moverdb.com\/et\/container-shipping\/china\/\" data-internallinksmanager029f6b8e52c=\"105\" title=\"2023 Mereveo konteinerite veohinnad Hiinasse ja Hiinast\">Hiina (Shanghai)<\/a><\/td><td class=\"column-2\">$3,960<\/td><td class=\"column-3\">$7,350<\/td>\n<\/tr>\n<tr class=\"row-8\">\n\t<td class=\"column-1\"><a href=\"https:\/\/moverdb.com\/et\/container-shipping\/croatia\/\" data-internallinksmanager029f6b8e52c=\"107\" title=\"2023 Mereveo konteinerite veohinnad Horvaatiasse ja Horvaatiast\">Horvaatia (Rijeka)<\/a><\/td><td class=\"column-2\">$3,883<\/td><td class=\"column-3\">$5,513<\/td>\n<\/tr>\n<tr class=\"row-9\">\n\t<td class=\"column-1\"><a href=\"https:\/\/moverdb.com\/et\/container-shipping\/germany\/\" data-internallinksmanager029f6b8e52c=\"118\" title=\"2023 Mereveo konteinerite veohinnad Saksamaale ja Saksamaalt\">Saksamaa (Hamburg)<\/a><\/td><td class=\"column-2\">$2,915<\/td><td class=\"column-3\">$4,326<\/td>\n<\/tr>\n<tr class=\"row-10\">\n\t<td class=\"column-1\"><a href=\"https:\/\/moverdb.com\/et\/container-shipping\/guernsey\/\" data-internallinksmanager029f6b8e52c=\"121\" title=\"2023 Mereveo konteinerite veohinnad Guernsey&#039;sse ja sealt v\u00e4lja\">Guernsey (St Peter Port)<\/a><\/td><td class=\"column-2\">$3,188<\/td><td class=\"column-3\">$4,628<\/td>\n<\/tr>\n<tr class=\"row-11\">\n\t<td class=\"column-1\"><a href=\"https:\/\/moverdb.com\/et\/container-shipping\/hong-kong\/\" data-internallinksmanager029f6b8e52c=\"123\" title=\"2023 Mereveo konteinerite veohinnad Hongkongi ja Hongkongist\">Hongkong (Hongkong)<\/a><\/td><td class=\"column-2\">$1,155<\/td><td class=\"column-3\">$2,111<\/td>\n<\/tr>\n<tr class=\"row-12\">\n\t<td class=\"column-1\"><a href=\"https:\/\/moverdb.com\/et\/container-shipping\/india\/\" data-internallinksmanager029f6b8e52c=\"125\" title=\"2023 Mereveo konteineri veohinnad Indiasse ja Indiast\">India (Mumbai)<\/a><\/td><td class=\"column-2\">$5,335<\/td><td class=\"column-3\">$6,720<\/td>\n<\/tr>\n<tr class=\"row-13\">\n\t<td class=\"column-1\"><a href=\"https:\/\/moverdb.com\/et\/container-shipping\/italy\/\" data-internallinksmanager029f6b8e52c=\"130\" title=\"2023 Mereveo konteinerite veohinnad Itaaliasse ja Itaaliast\">Itaalia (Trieste)<\/a><\/td><td class=\"column-2\">$3,883<\/td><td class=\"column-3\">$5,513<\/td>\n<\/tr>\n<tr class=\"row-14\">\n\t<td class=\"column-1\"><a href=\"https:\/\/moverdb.com\/et\/container-shipping\/jersey\/\" data-internallinksmanager029f6b8e52c=\"132\" title=\"2023 Mereveo konteinerite veohinnad Jersey&#039;sse ja sealt v\u00e4lja\">Jersey (St Helier)<\/a><\/td><td class=\"column-2\">$3,188<\/td><td class=\"column-3\">$4,628<\/td>\n<\/tr>\n<tr class=\"row-15\">\n\t<td class=\"column-1\"><a href=\"https:\/\/moverdb.com\/et\/container-shipping\/lithuania\/\" data-internallinksmanager029f6b8e52c=\"145\" title=\"2023 Mereveo konteinerite veohinnad Leetu ja Leedust\">Leedu (Klaipeda)<\/a><\/td><td class=\"column-2\">$3,289<\/td><td class=\"column-3\">$4,757<\/td>\n<\/tr>\n<tr class=\"row-16\">\n\t<td class=\"column-1\"><a href=\"https:\/\/moverdb.com\/et\/moving-to-luxembourg\/\" data-internallinksmanager029f6b8e52c=\"349\" title=\"Luksemburgi kolimine? 2023 elamiskulud ja kolimisn\u00f5uanded\">Luksemburg<\/a><\/td><td class=\"column-2\">$2,882<\/td><td class=\"column-3\">$4,274<\/td>\n<\/tr>\n<tr class=\"row-17\">\n\t<td class=\"column-1\"><a href=\"https:\/\/moverdb.com\/et\/container-shipping\/netherlands\/\" data-internallinksmanager029f6b8e52c=\"151\" title=\"2023 Mereveo konteinerite veohinnad Hollandisse ja Hollandist\">Madalmaad (Rotterdam)<\/a><\/td><td class=\"column-2\">$2,794<\/td><td class=\"column-3\">$4,274<\/td>\n<\/tr>\n<tr class=\"row-18\">\n\t<td class=\"column-1\"><a href=\"https:\/\/moverdb.com\/et\/container-shipping\/pakistan\/\" data-internallinksmanager029f6b8e52c=\"155\" title=\"2023 Mereveo konteineri veohinnad Pakistanisse ja Pakistanist\">Pakistan (Karachi)<\/a><\/td><td class=\"column-2\">$2,233<\/td><td class=\"column-3\">$2,793<\/td>\n<\/tr>\n<tr class=\"row-19\">\n\t<td class=\"column-1\"><a href=\"https:\/\/moverdb.com\/et\/container-shipping\/poland\/\" data-internallinksmanager029f6b8e52c=\"157\" title=\"2023 Mereveo konteinerite veohinnad Poolasse ja Poolast\">Poola (Gdansk)<\/a><\/td><td class=\"column-2\">$3,289<\/td><td class=\"column-3\">$4,757<\/td>\n<\/tr>\n<tr class=\"row-20\">\n\t<td class=\"column-1\"><a href=\"https:\/\/moverdb.com\/et\/container-shipping\/russia\/\" data-internallinksmanager029f6b8e52c=\"160\" title=\"2023 Mereveo konteinerite veohinnad Venemaale ja Venemaalt\">Venemaa (Peterburi)<\/a><\/td><td class=\"column-2\">$2,805<\/td><td class=\"column-3\">$4,200<\/td>\n<\/tr>\n<tr class=\"row-21\">\n\t<td class=\"column-1\"><a href=\"https:\/\/moverdb.com\/et\/container-shipping\/slovenia\/\" data-internallinksmanager029f6b8e52c=\"181\" title=\"2023 Mereveo konteinerite veohinnad Sloveeniasse ja Sloveeniast\">Sloveenia (Koper)<\/a><\/td><td class=\"column-2\">$3,883<\/td><td class=\"column-3\">$5,513<\/td>\n<\/tr>\n<tr class=\"row-22\">\n\t<td class=\"column-1\"><a href=\"https:\/\/moverdb.com\/et\/container-shipping\/south-korea\/\" data-internallinksmanager029f6b8e52c=\"180\" title=\"2023 Mereveo konteinerite veohinnad L\u00f5una-Koreasse ja sealt v\u00e4lja\">L\u00f5una-Korea (Busan)<\/a><\/td><td class=\"column-2\">$7,306<\/td><td class=\"column-3\">$13,737<\/td>\n<\/tr>\n<tr class=\"row-23\">\n\t<td class=\"column-1\"><a href=\"https:\/\/moverdb.com\/et\/container-shipping\/spain\/\" data-internallinksmanager029f6b8e52c=\"182\" title=\"2023 Mereveo konteinerite veohinnad Hispaaniasse ja Hispaaniast\">Hispaania (Valencia)<\/a><\/td><td class=\"column-2\">$1,067<\/td><td class=\"column-3\">$1,596<\/td>\n<\/tr>\n<tr class=\"row-24\">\n\t<td class=\"column-1\"><a href=\"https:\/\/moverdb.com\/et\/container-shipping\/thailand\/\" data-internallinksmanager029f6b8e52c=\"189\" title=\"2023 Mereveo konteinerite veohinnad Taisse ja Taist\">Tai (Laem Chabang)<\/a><\/td><td class=\"column-2\">$4,246<\/td><td class=\"column-3\">$7,886<\/td>\n<\/tr>\n<tr class=\"row-25\">\n\t<td class=\"column-1\"><a href=\"https:\/\/moverdb.com\/et\/moving-to-the-united-states\/\" data-internallinksmanager029f6b8e52c=\"94\" title=\"Kolimine Ameerika \u00dchendriikidesse? 2022 Elamiskulud ja kolimisn\u00f5uanded\">USA<\/a> (<a href=\"https:\/\/moverdb.com\/et\/moving-to-los-angeles\/\" data-internallinksmanager029f6b8e52c=\"51\" title=\"Kolimine Los Angelesse? 2026 LA elamiskulud ja kolimisn\u00f5uanded\">Los Angeles<\/a>)<\/td><td class=\"column-2\">$1,625<\/td><td class=\"column-3\">$1,855<\/td>\n<\/tr>\n<tr class=\"row-26\">\n\t<td class=\"column-1\"><a href=\"https:\/\/moverdb.com\/et\/container-shipping\/united-states\/\" data-internallinksmanager029f6b8e52c=\"87\" title=\"2023 Mereveo konteinerite veohinnad USAsse ja USAst\">USA (New York)<\/a><\/td><td class=\"column-2\">$2,452<\/td><td class=\"column-3\">$2,398<\/td>\n<\/tr>\n<tr class=\"row-27\">\n\t<td class=\"column-1\"><a href=\"https:\/\/moverdb.com\/et\/container-shipping\/vietnam\/\" data-internallinksmanager029f6b8e52c=\"245\" title=\"2023 Mereveo konteinerite veohinnad Vietnami ja Vietnamist\">Vietnam (Saigon)<\/a><\/td><td class=\"column-2\">$4,378<\/td><td class=\"column-3\">$8,148<\/td>\n<\/tr>\n<\/tbody>\n<\/table>\n<!-- #tablepress-119 from cache -->\n\r\n\r\n\r\n<h2 class=\"wp-block-heading\"><span class=\"ez-toc-section\" id=\"Shipping_Container_Costs_from_Iceland_Reykjavik\"><\/span>Laevakonteinerite kulud Islandilt (Reykjav\u00edk)<span class=\"ez-toc-section-end\"><\/span><\/h2>\r\n\r\n\r\n<div class=\"wp-block-image\">\r\n<figure class=\"aligncenter size-large\"><img loading=\"lazy\" decoding=\"async\" width=\"1024\" height=\"539\" src=\"https:\/\/moverdb.com\/wp-content\/uploads\/Shipping-Container-Costs-from-Iceland-1024x539.png\" alt=\"Laevakonteinerite kulud Islandilt (Reykjav\u00edk)\" class=\"wp-image-4336\" srcset=\"https:\/\/moverdb.com\/wp-content\/uploads\/Shipping-Container-Costs-from-Iceland-1024x539.png 1024w, https:\/\/moverdb.com\/wp-content\/uploads\/Shipping-Container-Costs-from-Iceland-300x158.png 300w, https:\/\/moverdb.com\/wp-content\/uploads\/Shipping-Container-Costs-from-Iceland-1536x809.png 1536w, https:\/\/moverdb.com\/wp-content\/uploads\/Shipping-Container-Costs-from-Iceland-18x9.png 18w, https:\/\/moverdb.com\/wp-content\/uploads\/Shipping-Container-Costs-from-Iceland-600x316.png 600w, https:\/\/moverdb.com\/wp-content\/uploads\/Shipping-Container-Costs-from-Iceland.png 2000w\" sizes=\"auto, (max-width: 1024px) 100vw, 1024px\" \/><\/figure>\r\n<\/div>\r\n\r\n\n<table id=\"tablepress-120\" class=\"tablepress tablepress-id-120\">\n<thead>\n<tr class=\"row-1\">\n\t<th class=\"column-1\">Sihtriik (sadam\/linn)<\/th><th class=\"column-2\">20FT<\/th><th class=\"column-3\">40FT<\/th>\n<\/tr>\n<\/thead>\n<tbody class=\"row-striping row-hover\">\n<tr class=\"row-2\">\n\t<td class=\"column-1\">Andorra (Andorra la Vella)<\/td><td class=\"column-2\">$949<\/td><td class=\"column-3\">$1,220<\/td>\n<\/tr>\n<tr class=\"row-3\">\n\t<td class=\"column-1\"><a href=\"https:\/\/moverdb.com\/et\/container-shipping\/antigua-and-barbuda\/\" data-internallinksmanager029f6b8e52c=\"92\" title=\"2023 Mereveo konteinerite veohinnad Antigua ja Barbudalt ja tagasi\">Antigua ja Barbuda (St John's)<\/a><\/td><td class=\"column-2\">$3,058<\/td><td class=\"column-3\">$5,300<\/td>\n<\/tr>\n<tr class=\"row-4\">\n\t<td class=\"column-1\"><a href=\"https:\/\/moverdb.com\/et\/container-shipping\/argentina\/\" data-internallinksmanager029f6b8e52c=\"91\" title=\"2023 Mereveo konteinerite veohinnad Argentinasse ja Argentinast\">Argentina (Buenos Aires)<\/a><\/td><td class=\"column-2\">$2,045<\/td><td class=\"column-3\">$3,617<\/td>\n<\/tr>\n<tr class=\"row-5\">\n\t<td class=\"column-1\"><a href=\"https:\/\/moverdb.com\/et\/container-shipping\/aruba\/\" data-internallinksmanager029f6b8e52c=\"90\" title=\"2023 Mereveo konteinerite veohinnad Arubale ja Arubalt\">Aruba (Oranjestad)<\/a><\/td><td class=\"column-2\">$2,045<\/td><td class=\"column-3\">$0<\/td>\n<\/tr>\n<tr class=\"row-6\">\n\t<td class=\"column-1\">Austraalia (Sydney)<\/td><td class=\"column-2\">$2,669<\/td><td class=\"column-3\">$4,859<\/td>\n<\/tr>\n<tr class=\"row-7\">\n\t<td class=\"column-1\"><a href=\"https:\/\/moverdb.com\/et\/container-shipping\/austria\/\" data-internallinksmanager029f6b8e52c=\"95\" title=\"2023 Mereveo konteineri veohinnad Austriasse ja Austriast\">Austria (Viin)<\/a><\/td><td class=\"column-2\">$300<\/td><td class=\"column-3\">$450<\/td>\n<\/tr>\n<tr class=\"row-8\">\n\t<td class=\"column-1\"><a href=\"https:\/\/moverdb.com\/et\/container-shipping\/brazil\/\" data-internallinksmanager029f6b8e52c=\"98\" title=\"2023 Mereveo konteinerite veohinnad Brasiiliasse ja Brasiiliast\">Brasiilia (Santos)<\/a><\/td><td class=\"column-2\">$1,936<\/td><td class=\"column-3\">$2,384<\/td>\n<\/tr>\n<tr class=\"row-9\">\n\t<td class=\"column-1\"><a href=\"https:\/\/moverdb.com\/et\/container-shipping\/canada\/\" data-internallinksmanager029f6b8e52c=\"102\" title=\"2023 Mereveo konteinerite veohinnad Kanadasse ja Kanadast\">Kanada (Toronto)<\/a><\/td><td class=\"column-2\">$2,356<\/td><td class=\"column-3\">$2,959<\/td>\n<\/tr>\n<tr class=\"row-10\">\n\t<td class=\"column-1\">Hiina (Shanghai)<\/td><td class=\"column-2\">$1,705<\/td><td class=\"column-3\">$1,914<\/td>\n<\/tr>\n<tr class=\"row-11\">\n\t<td class=\"column-1\"><a href=\"https:\/\/moverdb.com\/et\/container-shipping\/france\/\" data-internallinksmanager029f6b8e52c=\"116\" title=\"2023 Mereveo konteinerite veohinnad Prantsusmaale ja Prantsusmaalt\">Prantsusmaa (Marseille)<\/a><\/td><td class=\"column-2\">$1,096<\/td><td class=\"column-3\">$1,200<\/td>\n<\/tr>\n<tr class=\"row-12\">\n\t<td class=\"column-1\">Saksamaa (Hamburg)<\/td><td class=\"column-2\">$360<\/td><td class=\"column-3\">$600<\/td>\n<\/tr>\n<tr class=\"row-13\">\n\t<td class=\"column-1\">Hongkong (Hongkong)<\/td><td class=\"column-2\">$1,470<\/td><td class=\"column-3\">$1,265<\/td>\n<\/tr>\n<tr class=\"row-14\">\n\t<td class=\"column-1\">India (Mumbai)<\/td><td class=\"column-2\">$1,210<\/td><td class=\"column-3\">$1,287<\/td>\n<\/tr>\n<tr class=\"row-15\">\n\t<td class=\"column-1\">USA (Los Angeles)<\/td><td class=\"column-2\">$5,979<\/td><td class=\"column-3\">$9,080<\/td>\n<\/tr>\n<tr class=\"row-16\">\n\t<td class=\"column-1\">USA (New York)<\/td><td class=\"column-2\">$4,514<\/td><td class=\"column-3\">$7,028<\/td>\n<\/tr>\n<\/tbody>\n<\/table>\n<!-- #tablepress-120 from cache -->\n\r\n\r\n\r\n<h3 class=\"wp-block-heading\"><span class=\"ez-toc-section\" id=\"Notes_about_data\"><\/span>M\u00e4rkused andmete kohta:<span class=\"ez-toc-section-end\"><\/span><\/h3>\r\n\r\n\r\n\r\n<ul class=\"wp-block-list\"><li>K\u00f5ik $ arvud on v\u00e4ljendatud USA dollarites (USD);<\/li><li>Hinnad on t\u00e4psed alates 2022. aasta keskpaigast;<\/li><li>Selles artiklis olevad kaardid on loodud kasutades <a href=\"https:\/\/www.mapchart.net\" target=\"_blank\" rel=\"noreferrer noopener\">https:\/\/www.mapchart.net<\/a>. Te v\u00f5ite neid kaarte vabalt jagada, kui te annate lingi, mis viitab tagasi <a href=\"https:\/\/moverdb.com\/et\/\" target=\"_blank\" rel=\"noreferrer noopener\">MoverDB<\/a>;<\/li><li>\u00dclaltoodud m\u00e4\u00e4rad on ainult hinnangulised ja v\u00f5ivad olla muutunud alates k\u00e4esoleva artikli avaldamisest (aprill 2022). Need p\u00f5hinevad k\u00f5ige madalamal hinnangulisel m\u00e4\u00e4ral, mis on saadud kas <a href=\"https:\/\/www.icontainers.com\" target=\"_blank\" rel=\"noreferrer noopener\">https:\/\/www.icontainers.com<\/a> v\u00f5i <a href=\"https:\/\/www.freightos.com\" target=\"_blank\" rel=\"noreferrer noopener\">https:\/\/www.freightos.com<\/a>;<\/li><li>Selleks, et saada t\u00e4psem ettekujutus maksumusest, kasutage palun selle lehek\u00fclje \u00fclaosas olevat hinnapakkumise vormi;<\/li><li>Palun vaadake ka meie juhendit <a href=\"https:\/\/moverdb.com\/et\/konteiner-laevandus\/\" target=\"_blank\" rel=\"noreferrer noopener\">rahvusvaheline konteinervedu<\/a>.<\/li><\/ul>\r\n\r\n\r\n<h2><span class=\"ez-toc-section\" id=\"Other_Useful_Guides_to_Iceland\"><\/span>Muud kasulikud reisijuhid Islandi kohta<span class=\"ez-toc-section-end\"><\/span><\/h2>\r\n\r\n<ul>\r\n<li> <a href=\"https:\/\/moverdb.com\/et\/moving-to-iceland\/moving-to-iceland-from-the-uk\/\">\u00dchendkuningriigist Islandile kolimine<\/a><\/li>\r\n<li> <a href=\"https:\/\/moverdb.com\/et\/moving-to-iceland\/\">Kolimine Islandile? 2024 elamiskulud ja kolimisn\u00f5uanded<\/a><\/li>\r\n<\/ul>","protected":false},"excerpt":{"rendered":"<p>Iceland makes most people who\u2019ve never been there think of cold and ice, but ask any expat who lives there and they\u2019ll tell you it\u2019s actually one of the most beautiful places on Earth. This Nordic country is famous for its natural vistas filled with glaciers, geysers, flowing volcanoes, and hot springs. Life quality in [&hellip;]<\/p>\n","protected":false},"author":2,"featured_media":4328,"parent":44,"menu_order":0,"comment_status":"open","ping_status":"closed","template":"","meta":{"_genesis_hide_title":false,"_genesis_hide_breadcrumbs":false,"_genesis_hide_singular_image":false,"_genesis_hide_footer_widgets":false,"_genesis_custom_body_class":"","_genesis_custom_post_class":"","_genesis_layout":"","footnotes":""},"class_list":{"0":"post-4333","1":"page","2":"type-page","3":"status-publish","4":"has-post-thumbnail","6":"entry"},"_links":{"self":[{"href":"https:\/\/moverdb.com\/et\/wp-json\/wp\/v2\/pages\/4333","targetHints":{"allow":["GET"]}}],"collection":[{"href":"https:\/\/moverdb.com\/et\/wp-json\/wp\/v2\/pages"}],"about":[{"href":"https:\/\/moverdb.com\/et\/wp-json\/wp\/v2\/types\/page"}],"author":[{"embeddable":true,"href":"https:\/\/moverdb.com\/et\/wp-json\/wp\/v2\/users\/2"}],"replies":[{"embeddable":true,"href":"https:\/\/moverdb.com\/et\/wp-json\/wp\/v2\/comments?post=4333"}],"version-history":[{"count":5,"href":"https:\/\/moverdb.com\/et\/wp-json\/wp\/v2\/pages\/4333\/revisions"}],"predecessor-version":[{"id":17860,"href":"https:\/\/moverdb.com\/et\/wp-json\/wp\/v2\/pages\/4333\/revisions\/17860"}],"up":[{"embeddable":true,"href":"https:\/\/moverdb.com\/et\/wp-json\/wp\/v2\/pages\/44"}],"wp:featuredmedia":[{"embeddable":true,"href":"https:\/\/moverdb.com\/et\/wp-json\/wp\/v2\/media\/4328"}],"wp:attachment":[{"href":"https:\/\/moverdb.com\/et\/wp-json\/wp\/v2\/media?parent=4333"}],"curies":[{"name":"wp","href":"https:\/\/api.w.org\/{rel}","templated":true}]}}