{"id":433,"date":"2016-06-12T13:45:04","date_gmt":"2016-06-12T13:45:04","guid":{"rendered":"http:\/\/moverdb.com\/?page_id=433"},"modified":"2026-01-08T14:47:29","modified_gmt":"2026-01-08T14:47:29","slug":"amsa","status":"publish","type":"page","link":"https:\/\/moverdb.com\/et\/amsa\/","title":{"rendered":"Ameerika Kolimis- ja Ladustamisseltsi (AMSA) selgitused"},"content":{"rendered":"<p>American Moving &amp; Storage Association (AMSA) on Ameerika kolimis- ja ladustamissektori riiklik kutse\u00fching. <\/p>\n<p>See on loodud selleks, et aidata esindada kolimis- ja ladustamissektoris tegutsejate huve nii riigisiseselt kui ka rahvusvaheliselt ning pakkuda teabe- ja abiallikat klientidele, kes kasutavad selle sektori ettev\u00f5tteid.<\/p>\n<p><strong>Peamised faktid AMSA kohta:<\/strong><\/p>\n<ol>\n<li>  Sellel on umbes 4200 liiget.<\/li>\n<li>  AMSA liikmeteks on riikidevahelised kolimis- ja ladustamisettev\u00f5tted, kohalikud kolijad, <a href=\"https:\/\/moverdb.com\/et\/kolimisfirmad\/\">rahvusvahelised kolijad<\/a> lisaks t\u00f6\u00f6stustarnijad ja riigi\u00fchenduste liikmed.<\/li>\n<li>  See on ainus riiklik \u00fchendus, mis esindab k\u00f5iki kolimis- ja ladustamissektori sektoreid.<\/li>\n<li>  AMSA k\u00e4ivitas <a href=\"https:\/\/moverdb.com\/et\/rim-promover\/\" data-internallinksmanager029f6b8e52c=\"76\" title=\"RIM International ProMoveri sertifitseerimise selgitused\">ProMover<\/a> sertifitseerimine 2009. aastal, mille eesm\u00e4rk on suunata tarbijad kvaliteetsete kolijate juurde, kes j\u00e4rgivad AMSA eesm\u00e4rke.<\/li>\n<li>  Liikmeks v\u00f5ivad saada mitte ainult kolijad, vaid ka sidusettev\u00f5tjad (need, kes pakuvad kolimist\u00f6\u00f6stusega seotud tooteid v\u00f5i teenuseid), eraisikud ja kutse\u00fchingud.<\/li>\n<li>  AMSA liikmelisus on oluline osa taotlemise protsessist, et <a href=\"https:\/\/moverdb.com\/et\/rim-promover\/\">ProMoveri sertifitseerimine<\/a> - see peab olema 18 kuud ilma probleemideta hoitud.<\/li>\n<li>  Tarbijad tunnevad seda h\u00e4sti oma \"kolimisn\u00f5uannete\" andmebaasi poolest, mis pakub teavet k\u00f5ige kohta alates pakkimisest kuni kolimisp\u00e4eva korraldamiseni.<\/li>\n<li>  Ta pakub vaidluste lahendamise programmi ja tal on eetikakoodeks, mida tema liikmed peavad j\u00e4rgima.<\/li>\n<li>  Selle liikmed transpordivad igal aastal 1,3-1,5 miljonit majapidamist.<\/li>\n<\/ol>\n<p><strong>American Moving &amp; Storage Association profiil:<\/strong><\/p>\n<p>AMSA liikmed saavad kasutada mitmesuguseid teenuseid, alates uudistest ja teabest t\u00f6\u00f6stust m\u00f5jutavate k\u00fcsimuste kohta kuni f\u00f6deraalvalitsuse esindamise, maksualase abi, finants- ja statistikaaruandluse ning \u00f5igusabini. <\/p>\n<p>AMSA pakub ka vahekohtu teenust, et lahendada kahjujuhtumite ja -vaidlusi, samuti kutse\u00f5pet ja sertifitseerimisprogramme, nagu ProMover. <\/p>\n<p>AMSA sai alguse Ameerika vanimast kolijate kutse\u00fchingust - 1920. aastal asutatud National Furniture Warehousemen's Association. Selle ajalugu, laiaulatuslikkus ja eetikakoodeks muudavad selle v\u00e4ga lugupeetud organisatsiooniks. <\/p>\n<p>Ta vastutab ProMoveri sertifikaadi eest, mida on peetud usaldusv\u00e4\u00e4rse liikleja m\u00e4rgiks.<\/p>\n<p><strong>Liikmeks saamise kriteeriumid:<\/strong><\/p>\n<p>AMSAga liitumise kriteeriumid tunduvad olevat v\u00e4ga lihtsad - lihtsalt vormi t\u00e4itmine ja tasu maksmine. Siiski on ettev\u00f5tetelt, kes soovivad saada j\u00e4rgmist teavet, vaja rohkem. <a href=\"https:\/\/moverdb.com\/et\/rim-promover\/\">ProMoveri sertifitseerimine<\/a>.<\/p>\n<p><strong>Parimad liikmesettev\u00f5tted<\/strong><\/p>\n<ol>\n<li> <a href=\"https:\/\/moverdb.com\/et\/united-van-lines\/\">United Van Lines<\/a><\/li>\n<li> <a href=\"https:\/\/moverdb.com\/et\/atlas-van-lines-international\/\">Atlas Van Lines International<\/a><\/li>\n<li> <a href=\"https:\/\/moverdb.com\/et\/mayflower-transit\/\">Mayflower Transit<\/a><\/li>\n<li> <a href=\"https:\/\/moverdb.com\/et\/allied-van-lines\/\">Allied Van Lines<\/a><\/li>\n<li> <a href=\"https:\/\/moverdb.com\/et\/north-american-van-lines\/\">North American Van Lines<\/a><\/li>\n<li> <a href=\"https:\/\/moverdb.com\/et\/wheaton\/\">Wheaton World Wide Moving<\/a><\/li>\n<li> <a href=\"https:\/\/moverdb.com\/et\/bekins-van-lines\/\">Bekins Van Lines<\/a><\/li>\n<li> <a href=\"https:\/\/moverdb.com\/et\/graebel-van-lines\/\">Graebel Van Lines<\/a><\/li>\n<li> <a href=\"https:\/\/moverdb.com\/et\/arpin-van-lines\/\">Arpin Van Lines<\/a><\/li>\n<li> <a href=\"https:\/\/moverdb.com\/et\/stevens-worldwide-van-lines\/\">Stevens Worldwide Van Lines<\/a><\/li>\n<li> <a href=\"https:\/\/moverdb.com\/et\/vip-transport\/\">VIP transport<\/a><\/li>\n<li> <a href=\"https:\/\/moverdb.com\/et\/island-movers\/\">Saare kolijad<\/a><\/li>\n<li> <a href=\"https:\/\/moverdb.com\/et\/mudanzas-gou\/\">Mudanzas Gou<\/a><\/li>\n<li> <a href=\"https:\/\/moverdb.com\/et\/gil-stauffer\/\">Gil Stauffer<\/a><\/li>\n<\/ol>\n<p><strong>Arvamused American Moving &amp; Storage Association'i kohta<\/strong><\/p>\n<p>Kui AMSA-d mainitakse internetis, siis sageli seoses organisatsiooni ProMover sertifikaadiga, millest on saanud rahvusvaheline kvaliteedim\u00e4rk. <\/p>\n<p>Sertifitseerimist peetakse AMSA platvormi osaks, mille eesm\u00e4rk on esindada ja parandada t\u00f6\u00f6stusharu t\u00f6\u00f6tajaid - ja neid, kes kasutavad t\u00f6\u00f6stusharu ettev\u00f5tteid - t\u00f5husa propageerimise ja lugupeetud kaubam\u00e4rgi loomise kaudu. <\/p>\n<p>Online-arvamuses keskendutakse nii sellele, et AMSA p\u00e4rand seob seda Ameerika vanimate kaubandus\u00fchenduste hulka, kui ka selle missioonile muuta kolimine tarbijate jaoks lihtsamaks. Online-arvamustes mainitakse AMSA korraldatud \u00fcritusi, mis on ilmselgelt h\u00e4sti k\u00fclastatud ja mida hinnatakse k\u00f5rgelt, <em>\"Nagu alati, t\u00f5i ka t\u00e4navune AMSA konverents kokku m\u00f5ned kolimist\u00f6\u00f6stuse tippjuhid.\"<\/em> <\/p>\n<p>Mainitakse ka AMSA auhindu, mida peetakse t\u00f5eliseks saavutus- ja kvaliteedin\u00e4itajaks.<\/p>\n<blockquote><p>AMSA missioon on \"esindada kodumaise ja rahvusvahelise kolimis- ja ladustamist\u00f6\u00f6stuse huve ning aidata teenindatavaid kliente.\n<\/p><\/blockquote>\n<p>- <a href=\"http:\/\/www.atlasvanlines.com\/pro-mover\/\" target=\"_blank\" rel=\"noopener\">Atlas Van Lines<\/a><\/p>\n<blockquote><p>AMSA on p\u00fchendunud sellele, et k\u00f5ik 40 miljonit ameeriklast, kes igal aastal kolivad ja valivad professionaalse kolija, saaksid teha teadlikke otsuseid.<\/p><\/blockquote>\n<p>- <a href=\"http:\/\/www.ossworldwidemovers.com\/american-moving-and-storage-association\" target=\"_blank\" rel=\"noopener\">OSS World Wide Movers<\/a><\/p>\n<blockquote><p>AMSA kontrollib hoolikalt oma liiklejaid, tagades, et tarbijad leiavad kokku kolijad, kes on t\u00e4itnud k\u00f5ik litsentsi- ja kindlustusn\u00f5uded, ning pakub tarbijate ja kolijate vaheliste vaidluste lahendamise v\u00f5imalust oma \"Kodukaupade vaidluste lahendamise programmi\" kaudu. \u00dcks AMSA eesm\u00e4rke on h\u00e4sti informeeritud \u00fcldsus, kes m\u00f5istab paremini professionaalse kolimisteenuse v\u00e4\u00e4rtust.<\/p><\/blockquote>\n<p>- <a href=\"http:\/\/www.moving.com\/articles\/amsa\/who-is-amsa.asp\" target=\"_blank\" rel=\"noopener\">Moving.com<\/a><\/p>\n<p><strong>Veebileht:<\/strong> <a href=\"http:\/\/www.moving.org\/\" target=\"_blank\" rel=\"noopener\">http:\/\/www.moving.org\/<\/a><\/p>","protected":false},"excerpt":{"rendered":"<p>The American Moving &#038; Storage Association (AMSA) is the national trade association for the American moving industry. It has been set up to help represent the interests of those in the moving and storage industry, both domestic and international, and also to provide a source of information and assistance to customers using businesses in the [&hellip;]<\/p>\n","protected":false},"author":1,"featured_media":0,"parent":0,"menu_order":0,"comment_status":"closed","ping_status":"closed","template":"","meta":{"_genesis_hide_title":false,"_genesis_hide_breadcrumbs":false,"_genesis_hide_singular_image":false,"_genesis_hide_footer_widgets":false,"_genesis_custom_body_class":"","_genesis_custom_post_class":"","_genesis_layout":"","footnotes":""},"class_list":{"0":"post-433","1":"page","2":"type-page","3":"status-publish","5":"entry"},"_links":{"self":[{"href":"https:\/\/moverdb.com\/et\/wp-json\/wp\/v2\/pages\/433","targetHints":{"allow":["GET"]}}],"collection":[{"href":"https:\/\/moverdb.com\/et\/wp-json\/wp\/v2\/pages"}],"about":[{"href":"https:\/\/moverdb.com\/et\/wp-json\/wp\/v2\/types\/page"}],"author":[{"embeddable":true,"href":"https:\/\/moverdb.com\/et\/wp-json\/wp\/v2\/users\/1"}],"replies":[{"embeddable":true,"href":"https:\/\/moverdb.com\/et\/wp-json\/wp\/v2\/comments?post=433"}],"version-history":[{"count":25,"href":"https:\/\/moverdb.com\/et\/wp-json\/wp\/v2\/pages\/433\/revisions"}],"predecessor-version":[{"id":6170,"href":"https:\/\/moverdb.com\/et\/wp-json\/wp\/v2\/pages\/433\/revisions\/6170"}],"wp:attachment":[{"href":"https:\/\/moverdb.com\/et\/wp-json\/wp\/v2\/media?parent=433"}],"curies":[{"name":"wp","href":"https:\/\/api.w.org\/{rel}","templated":true}]}}