{"id":432,"date":"2016-06-12T09:28:19","date_gmt":"2016-06-12T09:28:19","guid":{"rendered":"http:\/\/moverdb.com\/?page_id=432"},"modified":"2026-01-08T14:47:56","modified_gmt":"2026-01-08T14:47:56","slug":"kanada-association-of-movers","status":"publish","type":"page","link":"https:\/\/moverdb.com\/et\/canadian-association-of-movers\/","title":{"rendered":"Kanada kolijate assotsiatsioon (CAM) Selgitatud"},"content":{"rendered":"<p>Kanada kolijate \u00fchendus on <a href=\"https:\/\/moverdb.com\/et\/moving-to-canada\/\" data-internallinksmanager029f6b8e52c=\"265\" title=\"Kanadasse kolimine? 2023 elamiskulud ja kolimisn\u00f5uanded\">Kanada<\/a>kolimis- ja ladustamisettev\u00f5tteid esindav kutse\u00fching. See loodi selleks, et aidata kaitsta ja kasvatada oma liikmesettev\u00f5tteid ning pakkuda tarbijatele v\u00f5imalust leida mainekaid, professionaalseid ja usaldusv\u00e4\u00e4rseid kolimisteenuseid.<\/p>\n<p><strong>Olulisemad faktid CAMi kohta:<\/strong><\/p>\n<ol>\n<li>  Liikmeks on nii Kanadas kui ka v\u00e4lismaal tegutsevad kolijad.<\/li>\n<li>  Liikmesus h\u00f5lmab kolijate ja kolimisfirmade, kaubaveoettev\u00f5tete, t\u00f6\u00f6stuse tarnijate, kolimisega seotud teenuseid (nt pakkimisteenused) pakkuvate ettev\u00f5tete liikmesust.<\/li>\n<li>  Eetikakoodeks n\u00f5uab, et liikmed j\u00e4rgiksid selliseid tingimusi nagu ausus ja ausus klientide suhtes ning ohutusest teadlik l\u00e4henemine igal ajal.<\/li>\n<li>  Canadian Association of Movers pakub tarbijatele kaebuste lahendamise protsessi.<\/li>\n<li>  CAM pakub Kanada sertifitseeritud kolijate programmi, mis annab tarbijatele kindlustunde, et nad saavad teenuseid, mis p\u00f5hinevad eetilisel k\u00e4itumisel, professionaalsel p\u00e4devusel ja t\u00f5husal kaebuste k\u00e4sitlemisel.<\/li>\n<li>  CAM on ainus kolijate \u00fchendus Kanadas, mis reguleerib ja peab arvestust heauskse ja k\u00f5lvatu kolijate kohta.<\/li>\n<\/ol>\n<p><strong>Canadian Association of Movers profiil:<\/strong><\/p>\n<p>Canadian Association of Movers on Kanada kolijate kutse\u00fching. See koosneb nii Kanada ettev\u00f5tetest kui ka v\u00e4lismaistest organisatsioonidest. <\/p>\n<p>CAMil on mitu eesm\u00e4rki, mille hulka kuuluvad erialaste teadmiste ja tegevusp\u00e4devuse suurendamine ning sidemete loomine kolijate ja kaubaveoettev\u00f5tete vahel, et jagada teavet ja edendada kodutarvete kolimist\u00f6\u00f6stust tervikuna.<\/p>\n<p>CAMi liikmeid peetakse riigi tipptasemel <a href=\"https:\/\/moverdb.com\/et\/moving-companies\/\" data-internallinksmanager029f6b8e52c=\"79\" title=\"Top 25 rahvusvahelist kolimisfirmat Internetis\">kolimisfirmad<\/a>. CAMi liikmetele on saadaval kaks sertifikaati - sertifitseeritud v\u00e4lismaine kolija ja sertifitseeritud Kanada kolija. <\/p>\n<p>M\u00f5lemad on loodud selleks, et pakkuda tarbijatele valikut usaldusv\u00e4\u00e4rsete kolijate vahel, kellel on ajakohastatud dokumendid, kes j\u00e4rgivad eetikakoodeksit, oskavad k\u00e4sitleda klientide kaebusi ja j\u00e4rgivad heade tavade suuniseid.<\/p>\n<p><strong>Liikmeks saamise kriteeriumid:<\/strong><\/p>\n<p>Taotlejatelt v\u00f5idakse n\u00f5uda erinevate dokumentide esitamist, et viia l\u00f5pule liikmeks saamise heakskiitmise protsess. K\u00f5ik liikmeks saamise taotlused tuleb heaks kiita direktorite n\u00f5ukogus.<\/p>\n<p><strong>Kolijad<\/strong><\/p>\n<p>CAM n\u00f5uab, et taotlejad peavad olema tegutsenud v\u00e4hemalt kaks aastat kolijate tegevusalal.<\/p>\n<p>Liikme liikmesuse taotlejad peavad t\u00e4itma avalduse ja esitama CAMile j\u00e4rgmised dokumendid (ainult koopiad):<\/p>\n<ul>\n<li> Ettev\u00f5tlusluba<\/li>\n<li> Fotod ruumidest ja s\u00f5idukitest<\/li>\n<li> GST\/HST registreerimine ja number<\/li>\n<li> T\u00f6\u00f6tajate h\u00fcvitissertifikaat<\/li>\n<li> kindlustustunnistus, mis n\u00e4itab v\u00e4hemalt $1 miljon vastutuse ja minimaalselt $250,000 veose limiidi.<\/li>\n<li> Asutustunnistus<\/li>\n<li> Kaks kaubanduslikku viidet, milles on m\u00e4rgitud suhete kestus (nt pank, kolimisseadmete tarnija jne).<\/li>\n<li> Kollaste Lehek\u00fclgede reklaam v\u00f5i reklaamiartiklid (vabatahtlik)<\/li>\n<li> Eetikakoodeksi allkirjastatud vorm<\/li>\n<\/ul>\n<p><strong>Affiliates<\/strong><\/p>\n<p>Partnerliikmeks v\u00f5ib saada ettev\u00f5te, mis ei liiguta kodutarbeid veoautoga, kuid pakub kolimisteenustega seotud teenuseid, n\u00e4iteks pakkimisteenuseid, v\u00e4hendamisteenuseid, r\u00e4mpsu \u00e4ravedu jne. <\/p>\n<p>Liikmesuse taotlejad peavad t\u00e4itma taotlusvormi ja neil v\u00f5idakse paluda esitada CAMile j\u00e4rgmised dokumendid, mis on nende ettev\u00f5tte jaoks asjakohased, n\u00e4iteks (ainult koopiad):<\/p>\n<ul>\n<li> Ettev\u00f5tlusluba<\/li>\n<li> Fotod ruumidest ja s\u00f5idukitest<\/li>\n<li> GST\/HST registreerimine ja number<\/li>\n<li> T\u00f6\u00f6tajate h\u00fcvitissertifikaat<\/li>\n<li> Kindlustustunnistus, mis n\u00e4itab v\u00e4hemalt $1 miljoni suurust vastutuskindlustust<\/li>\n<li> Asutustunnistus<\/li>\n<li> Kaks kaubanduslikku viidet koos suhte pikkusega (nt pank, kolimisfirma jne).<\/li>\n<li> Kollaste Lehek\u00fclgede reklaam v\u00f5i reklaamiartiklid (vabatahtlik)<\/li>\n<li> Eetikakoodeksi allkirjastatud vorm<\/li>\n<\/ul>\n<p><strong>Rahvusvahelised kolijad<\/strong><\/p>\n<ul>\n<li> Soovituskirjad kahelt rahvusvaheliselt kolijalt, kes on CAM, <a href=\"https:\/\/moverdb.com\/et\/fidi-faim\/\">FIDI<\/a> v\u00f5i <a href=\"https:\/\/moverdb.com\/et\/olen\/\">IAM<\/a> liikmed<\/li>\n<li> Allkirjastatud Kanada rahvusvaheliste kolijate eetikakoodeksi vorm<\/li>\n<\/ul>\n<p><strong>Top 10 liikmesettev\u00f5tte liikuvad ettev\u00f5tted<\/strong> (suuruse j\u00e4rgi)<\/p>\n<ol>\n<li> <a href=\"https:\/\/moverdb.com\/et\/united-van-lines\/\">United Van Lines<\/a><\/li>\n<li> <a href=\"https:\/\/moverdb.com\/et\/north-american-van-lines\/\">North American Van Lines<\/a><\/li>\n<li> <a href=\"https:\/\/moverdb.com\/et\/amj-campbell-van-lines\/\">AMJ Campbell Van Lines<\/a><\/li>\n<\/ol>\n<p><strong>Liiklejate arvamused CAMi kohta:<\/strong><\/p>\n<p>CAMi peetakse kasulikuks allikaks, mis aitab tarbijatel v\u00e4ltida pettusi ja ebarealistlikke alandatud hindu pakkuvaid ettev\u00f5tjaid, mis siis kolimisp\u00e4eval \u00fcle paisuvad. <\/p>\n<p>CAMi liikmeid peetakse v\u00f5imeliseks pakkuma teatud tasemel teenust, mida teised kolijad - ilma sertifitseerimiseta - ei paku. <\/p>\n<p>Interneti arvamuses n\u00e4hakse CAM-i kui v\u00f5imalust kontrollida kolimisettev\u00f5tte usaldusv\u00e4\u00e4rsust, eriti kuna CAM eraldab <em>\"headest, halbadest ja koledatest.\"<\/em> Organisatsioon on k\u00f5rgelt hinnatud oma soovi t\u00f5ttu edendada k\u00f5rgeid eetilisi standardeid ja sellep\u00e4rast, et tal on range taotlusprotsess. <\/p>\n<p>Need, kes mainivad organisatsiooni internetis, m\u00e4rgivad, et see on viis, kuidas olla kindel, et kolijal on piisav kindlustus ja teenindusstandardid. Sageli r\u00f5hutatakse, kuidas CAM ei pea arvestust mitte ainult oma liikmete, vaid ka nende kolimisettev\u00f5tete kohta, mis ei ole nii hea mainega. <\/p>\n<p>Seda peetakse n\u00e4itajaks, et organisatsioonil on hea \u00fclevaade liikuvast t\u00f6\u00f6stusest ja selle liikmed on \u00f5igel poolel.<\/p>\n<blockquote><p>CAM eristab kolimis- ja ladustamisfirmade seas head, halvad ja halvad. Selle eesm\u00e4rk on edendada kolimist\u00f6\u00f6stuses k\u00f5rgeid eetilisi k\u00e4itumisstandardeid, edendada kvaliteedialgatusi, koolitada ja harida personali ning j\u00e4lgida oma liikmete tegevust. <\/p>\n<p>See aitab tarbijatel kasutada usaldusv\u00e4\u00e4rseid ja professionaalseid kolimisteenuseid. Oma range taotlusprotsessi kaudu n\u00f5uab CAM oma liikmetelt, et nad allkirjastaksid range eetikakoodeksi, omaksid piisavat kindlustust ja s\u00e4ilitaksid oma rajatiste standardid.<\/p><\/blockquote>\n<p>- <a href=\"http:\/\/www.uvl.ca\/Content\/Canadian+Association+of+Movers\" target=\"_blank\" rel=\"noopener noreferrer\">United Van Lines Kanada<\/a> <\/p>\n<blockquote><p>Canadian Association of Movers (CAM) on ainuke kolijate \u00fchendus Kanadas, mis reguleerib ja s\u00e4ilitab andmeid mainekate ja halva mainega kolijate kohta. <\/p><\/blockquote>\n<p>- <a href=\"http:\/\/www.greatcanadianvanlines.com\/how-to-choose-a-moving-company\/\" target=\"_blank\" rel=\"noopener noreferrer\">Great Canadian Van Lines<\/a><\/p>\n<blockquote><p>Vale valik kolimisfirma valimisel eluaegse majapidamisvara kolimiseks v\u00f5ib olla katastroofiline. Kelmid kasutavad tarbijaid \u00e4ra, pakkudes soodsaid hindu, andes ebareaalseid lubadusi, paisutades hinda kolimisp\u00e4eval ja hoides majapidamisvara lunaraha eest. <\/p>\n<p>Need ettev\u00f5tted ei v\u00f5ta vastutust osutatud teenuse taseme eest. Kui kolija pakkumine tundub ja k\u00f5lab liiga hea, et olla t\u00f5si, siis see ongi nii.<\/p>\n<p>Miks v\u00f5tta see v\u00f5imalus? Liigutage koos kolijaga, kes on CAMi liige. CAM on Kanada kutse\u00fching, mis esindab kolimis- ja ladustamisettev\u00f5tteid.<\/p><\/blockquote>\n<p>- <a href=\"http:\/\/amjtorontomoving.com\/Partners\/ArticleID\/44\/Canadian-Association-of-Movers-CAM\" target=\"_blank\" rel=\"noopener noreferrer\">AMJ Campbell - Toronto<\/a><\/p>\n<p><strong>Veebileht:<\/strong> <a href=\"http:\/\/www.mover.net\/\" target=\"_blank\" rel=\"noopener noreferrer\">http:\/\/www.mover.net\/<\/a><\/p>\n<p><strong>M\u00c4RKUS! Allpool oleval vormil ei pruugi m\u00f5ned kolimisfirmad, kes teiega p\u00e4rast vormi esitamist \u00fchendust v\u00f5tavad, olla CAMi partnerid.<\/strong><\/p>","protected":false},"excerpt":{"rendered":"<p>The Canadian Association of Movers is Canada&#8217;s trade association representing moving and storage companies. It was established to help protect and grow its member businesses and also to offer consumers a way to find reputable, professional and reliable moving services. Key facts about CAM: Membership includes movers both in Canada and overseas. Membership covers movers [&hellip;]<\/p>\n","protected":false},"author":1,"featured_media":0,"parent":0,"menu_order":0,"comment_status":"closed","ping_status":"closed","template":"","meta":{"_genesis_hide_title":false,"_genesis_hide_breadcrumbs":false,"_genesis_hide_singular_image":false,"_genesis_hide_footer_widgets":false,"_genesis_custom_body_class":"","_genesis_custom_post_class":"","_genesis_layout":"","footnotes":""},"class_list":{"0":"post-432","1":"page","2":"type-page","3":"status-publish","5":"entry"},"_links":{"self":[{"href":"https:\/\/moverdb.com\/et\/wp-json\/wp\/v2\/pages\/432","targetHints":{"allow":["GET"]}}],"collection":[{"href":"https:\/\/moverdb.com\/et\/wp-json\/wp\/v2\/pages"}],"about":[{"href":"https:\/\/moverdb.com\/et\/wp-json\/wp\/v2\/types\/page"}],"author":[{"embeddable":true,"href":"https:\/\/moverdb.com\/et\/wp-json\/wp\/v2\/users\/1"}],"replies":[{"embeddable":true,"href":"https:\/\/moverdb.com\/et\/wp-json\/wp\/v2\/comments?post=432"}],"version-history":[{"count":9,"href":"https:\/\/moverdb.com\/et\/wp-json\/wp\/v2\/pages\/432\/revisions"}],"predecessor-version":[{"id":3502,"href":"https:\/\/moverdb.com\/et\/wp-json\/wp\/v2\/pages\/432\/revisions\/3502"}],"wp:attachment":[{"href":"https:\/\/moverdb.com\/et\/wp-json\/wp\/v2\/media?parent=432"}],"curies":[{"name":"wp","href":"https:\/\/api.w.org\/{rel}","templated":true}]}}