{"id":431,"date":"2016-06-05T20:02:57","date_gmt":"2016-06-05T20:02:57","guid":{"rendered":"http:\/\/moverdb.com\/?page_id=431"},"modified":"2026-01-08T13:19:02","modified_gmt":"2026-01-08T13:19:02","slug":"olen","status":"publish","type":"page","link":"https:\/\/moverdb.com\/et\/iam\/","title":{"rendered":"Rahvusvaheline kolijate assotsiatsioon (IAM) Selgitatud"},"content":{"rendered":"<p>Rahvusvaheline kolijate assotsiatsioon (IAM) on \u00fclemaailmne kaubandusorganisatsioon, mille liikmed pakuvad kolimis-, ekspedeerimis-, veo-, logistika- ja sellega seotud teenuseid. <\/p>\n<p>See on suurim rahvusvaheline t\u00f6\u00f6stusharu kaubandus\u00fching, mille asutasid algselt charterettev\u00f5tjad, kes tegid \u00e4ri koos <a href=\"https:\/\/moverdb.com\/et\/moving-to-the-united-states\/\" data-internallinksmanager029f6b8e52c=\"94\" title=\"Kolimine Ameerika \u00dchendriikidesse? 2022 Elamiskulud ja kolimisn\u00f5uanded\">USA<\/a> valitsus.<\/p>\n<p><strong>Peamised faktid IAMi kohta:<\/strong><\/p>\n<ol>\n<li>  Esindab rohkem kui <strong>2,000 <a href=\"https:\/\/moverdb.com\/et\/kolimisfirmad\/\" target=\"_blank\" rel=\"noopener\">ettev\u00f5tted<\/a><\/strong> \u00fcle <strong>170 riiki<\/strong>.<\/li>\n<li>  IAMil on eetikakoodeks, mis n\u00f5uab muu hulgas kultuuriliste erinevuste sallivust, professionaalset l\u00e4henemist ja teiste liikmetega ebaausa konkurentsi v\u00e4ltimist.<\/li>\n<li>  IAM asutati 1962. aastal ja on sellest ajast alates edendanud oma liikmete kasvu.<\/li>\n<li>  Tegemist on liikuva ja ekspedeerimissektori suurima \u00fclemaailmse kaubandus\u00fchinguga.<\/li>\n<li>  T\u00f6\u00f6stuse silmapaistvaid tegijaid tunnustatakse IAM-i aulas. Kandidaate v\u00f5ib esitada iga IAMi liige, klient v\u00f5i klient ning otsuse selle kohta teeb IAMi liikmeskond.<\/li>\n<li>  Varem oli see tuntud kui Household Good Forwarders Association of America - IAM muutis oma nime 2009. aastal.<\/li>\n<li>  IAM pakub liikmete vaheliste probleemide lahendamiseks vaidluste lahendamise protsessi - see h\u00f5lmab vaidlusi arvete \u00fcle.<\/li>\n<li>  IAMi n\u00f5uete kaitse programm pakub kaitset rahalistes raskustes olevatele IAMi liikmetele, v\u00f5imaldades liikmel esitada n\u00f5ude ja saada h\u00fcvitist tasumata kommertsarvete eest, kui tundub, et liige on pankrotistumas.<\/li>\n<\/ol>\n<p><strong>Rahvusvahelise kolijate liidu profiil:<\/strong><\/p>\n<p>IAM asutati rohkem kui 50 aastat tagasi ja praegu on sellel \u00fcle 2000 liikme, kes asuvad \u00fcle kogu maailma. IAM pakub mitmesuguseid programme, vahendeid ja liikmekaitset, samuti regulaarseid \u00fcritusi, mis on m\u00f5eldud v\u00f5rgustike loomise ja teadmiste jagamise soodustamiseks, sealhulgas IAMi aastakoosolekud. <\/p>\n<p>K\u00f5ik, mida IAM teeb, on m\u00f5eldud oma liikmete kasvu ja edu edendamiseks. IAMi liikmesuse kaitsemeetmed on m\u00f5eldud selleks, et kaitsta IAMi liikmesuse v\u00e4\u00e4rtust t\u00f6\u00f6stuse, klientide ja kolleegide \u00fchenduste silmis - need h\u00f5lmavad rangeid n\u00f5udeid IAMi liikmeks saamise kohta, eetikakoodeksi j\u00f5ustamist ja t\u00f6\u00f6d sellistes k\u00fcsimustes nagu kaubam\u00e4rgi j\u00e4relevalve. <\/p>\n<p>IAMil on otsitav veebip\u00f5hine liikmete kataloog, mida kliendid saavad kasutada organisatsiooni liikmeks olevate liiklejate leidmiseks.<\/p>\n<p><strong>Liikmeks saamise kriteeriumid:<\/strong><\/p>\n<ul>\n<li> v\u00e4hemalt \u00fcheaastane t\u00f6\u00f6kogemus<\/li>\n<li> Sponsorluskiri kahelt praeguselt IAMi liikmelt, milles nad kinnitavad, et nad soovitavad teid liikmeks, sponsorettev\u00f5tte kirjaplangil, allkirjastatud ettev\u00f5tte ametniku poolt.<\/li>\n<li> PDF v\u00f5i JPG kehtivast riigi\/riigi\/provintsi \u00e4rilitsentsist v\u00f5i registreerimisest ja vajaduse korral maksukohustuslasena registreerimise numbrist.<\/li>\n<li> PDF v\u00f5i JPG valitsuse v\u00e4ljastatud isikut t\u00f5endava foto (nt pass, juhiluba) iga ettev\u00f5tte peamise omaniku kohta, kes omab ja\/v\u00f5i kellel on kontrollosalus 5% v\u00f5i rohkem ettev\u00f5ttes<\/li>\n<li> Algatustasu ja liikmemaksu tasumine<\/li>\n<\/ul>\n<p>Tulevased liikmed pannakse IAMi veebisaidil 30 p\u00e4evaks \u00fcles, et praegused IAMi liikmed saaksid nendega tutvuda, mille l\u00f5ppedes kinnitatakse liikmelisus.<\/p>\n<p><strong>M\u00f5ned liikmesettev\u00f5tted<\/strong><\/p>\n<ul>\n<li> <a href=\"https:\/\/moverdb.com\/et\/aires\/\">Aires<\/a><\/li>\n<li> <a href=\"https:\/\/moverdb.com\/et\/matthew-james\/\">Matthew James globaalsed \u00fcmberpaigutused<\/a><\/li>\n<li> <a href=\"https:\/\/moverdb.com\/et\/santa-fe-relokatsioon\/\">Santa Fe \u00fcmberpaigutamise teenused<\/a><\/li>\n<li> <a href=\"https:\/\/moverdb.com\/et\/sterling-relokatsioon\/\">Sterling \u00fcmberpaigutamine<\/a><\/li>\n<li> <a href=\"https:\/\/moverdb.com\/et\/cadogan-tate\/\">Cadogan Tate<\/a><\/li>\n<li> <a href=\"https:\/\/moverdb.com\/et\/harrow-green\/\">Harrow Green<\/a><\/li>\n<li> <a href=\"https:\/\/moverdb.com\/et\/team-relocations\/\">Meeskonna \u00fcmberpaigutused<\/a><\/li>\n<li> <a href=\"https:\/\/moverdb.com\/et\/mcgimpsey-brothers-removals\/\">McGimpsey Brothers Removals<\/a><\/li>\n<li> <a href=\"https:\/\/moverdb.com\/et\/shore-porters-society\/\">Rannaport\u00f6\u00f6ride selts<\/a><\/li>\n<li> <a href=\"https:\/\/moverdb.com\/et\/nippon-express\/\">Nippon Express<\/a><\/li>\n<li> <a href=\"https:\/\/moverdb.com\/et\/sirva\/\">Sirva<\/a><\/li>\n<li> <a href=\"https:\/\/moverdb.com\/et\/krooni-umberpaigutused\/\">Crown \u00fcmberpaigutused<\/a><\/li>\n<li> <a href=\"https:\/\/moverdb.com\/et\/shipco-transport\/\">Shipco Transport<\/a><\/li>\n<li> <a href=\"https:\/\/moverdb.com\/et\/conroy-removals\/\">Conroy kolimised<\/a><\/li>\n<li> <a href=\"https:\/\/moverdb.com\/et\/bolliger\/\">Bolliger<\/a><\/li>\n<li> <a href=\"https:\/\/moverdb.com\/et\/island-movers\/\">Saare kolijad<\/a><\/li>\n<li> <a href=\"https:\/\/moverdb.com\/et\/gil-stauffer\/\">Gil Stauffer<\/a><\/li>\n<li> <a href=\"https:\/\/moverdb.com\/et\/royal-hawaiian-movers\/\">Royal Hawaii kolijad<\/a><\/li>\n<li> <a href=\"https:\/\/moverdb.com\/et\/teletrans\/\">Teletrans<\/a><\/li>\n<\/ul>\n<p><strong>Kolijate arvamused rahvusvahelise kolijate liidu kohta:<\/strong><\/p>\n<p>IAMi tsiteeritakse mitmetel veebisaitidel, kus sageli mainitakse selle \u00fclemaailmset olemust ja liikmete arvu. <\/p>\n<p>Paljud keskenduvad asjaolule, et tegemist on suurima t\u00f6\u00f6stusharu kutse\u00fchinguga ja selle haardeulatuse ulatusele - et see on t\u00f5eliselt \u00fclemaailmne ja selle liikmed asuvad isegi k\u00f5ige kaugemates nurkades. \u00dchel veebisaidil mainitakse ka, et IAMi liikmeks olemine aitab <a href=\"https:\/\/moverdb.com\/et\/moving-companies\/\" data-internallinksmanager029f6b8e52c=\"79\" title=\"Top 25 rahvusvahelist kolimisfirmat Internetis\">kolimisfirmad<\/a> et kliendid leiavad selle ja et see on n\u00e4itaja, mis n\u00e4itab, et ettev\u00f5te suudab pakkuda suurep\u00e4rast teenust. <\/p>\n<p>\u00dcldiselt tundub, et \u00fching on nii kvaliteedim\u00e4rk kui ka kasulik vahend \u00e4ri ja v\u00f5rgustike laiendamiseks.<\/p>\n<blockquote><p>\u00dclemaailmsed liikmed, kes tegelevad igap\u00e4evaselt kodutarvete ja isiklike asjade veoga, on sama mitmekesised kui rahvusvahelise \u00fcmberpaigutamise komponendid ise. Transport ning kaupade ja teenuste vahetus on t\u00e4nap\u00e4eva globaalse majanduskasvu mootoriks.\n<\/p><\/blockquote>\n<p>- <a href=\"http:\/\/www.abels.co.uk\/articles\/international-association-of-movers-iam-what-is-this\/\" target=\"_blank\" rel=\"noopener\">Abels<\/a><\/p>\n<blockquote><p>IAM on \u00fclemaailmne kolijate ja ekspedeerijate \u00fchendus, mis on p\u00fchendunud klientidele k\u00f5rgeima v\u00f5imaliku teenindustaseme pakkumisele.<\/p><\/blockquote>\n<p>- <a href=\"http:\/\/www.amjbc.ca\/international-moving-services\/\" target=\"_blank\" rel=\"noopener\">AMJ Campbell Worldwide<\/a><\/p>\n<blockquote><p>IAMi liikmelisus on t\u00f5eliselt \u00fclemaailmne K\u00f5ikjal maailmas leidub IAMi liiklejaid. See aitab meil pakkuda oma klientidele t\u00f5eliselt ukselt-uksele teenust. Kodust koju, nagu meile meeldib \u00f6elda.<\/p><\/blockquote>\n<p>- <a href=\"http:\/\/hometohome.nl\/2016\/02\/12\/iam-international-association-of-movers\/\" target=\"_blank\" rel=\"noopener\">Kodust koju<\/a><\/p>\n<p><strong>Veebileht:<\/strong> <a href=\"http:\/\/www.iamovers.org\/\" target=\"_blank\" rel=\"noopener\">http:\/\/www.iamovers.org<\/a><\/p>","protected":false},"excerpt":{"rendered":"<p>The International Association of Movers (IAM) is a global trade body with members who provide moving, forwarding, shipping, logistics, and related services. It is the largest international trade association for the industry, originally founded by charter businesses that were doing business with the US government. Key facts about the IAM: Represents more than 2,000 companies [&hellip;]<\/p>\n","protected":false},"author":1,"featured_media":0,"parent":0,"menu_order":0,"comment_status":"closed","ping_status":"closed","template":"","meta":{"_genesis_hide_title":false,"_genesis_hide_breadcrumbs":false,"_genesis_hide_singular_image":false,"_genesis_hide_footer_widgets":false,"_genesis_custom_body_class":"","_genesis_custom_post_class":"","_genesis_layout":"","footnotes":""},"class_list":{"0":"post-431","1":"page","2":"type-page","3":"status-publish","5":"entry"},"_links":{"self":[{"href":"https:\/\/moverdb.com\/et\/wp-json\/wp\/v2\/pages\/431","targetHints":{"allow":["GET"]}}],"collection":[{"href":"https:\/\/moverdb.com\/et\/wp-json\/wp\/v2\/pages"}],"about":[{"href":"https:\/\/moverdb.com\/et\/wp-json\/wp\/v2\/types\/page"}],"author":[{"embeddable":true,"href":"https:\/\/moverdb.com\/et\/wp-json\/wp\/v2\/users\/1"}],"replies":[{"embeddable":true,"href":"https:\/\/moverdb.com\/et\/wp-json\/wp\/v2\/comments?post=431"}],"version-history":[{"count":24,"href":"https:\/\/moverdb.com\/et\/wp-json\/wp\/v2\/pages\/431\/revisions"}],"predecessor-version":[{"id":13162,"href":"https:\/\/moverdb.com\/et\/wp-json\/wp\/v2\/pages\/431\/revisions\/13162"}],"wp:attachment":[{"href":"https:\/\/moverdb.com\/et\/wp-json\/wp\/v2\/media?parent=431"}],"curies":[{"name":"wp","href":"https:\/\/api.w.org\/{rel}","templated":true}]}}