{"id":430,"date":"2016-06-08T14:50:20","date_gmt":"2016-06-08T14:50:20","guid":{"rendered":"http:\/\/moverdb.com\/?page_id=430"},"modified":"2026-01-08T14:47:52","modified_gmt":"2026-01-08T14:47:52","slug":"bar-overseas","status":"publish","type":"page","link":"https:\/\/moverdb.com\/et\/bar-overseas\/","title":{"rendered":"Briti kolijate assotsiatsiooni (BAR) v\u00e4lismaine grupp selgitab"},"content":{"rendered":"<p><a href=\"https:\/\/moverdb.com\/et\/british-association-of-removers\/\" data-internallinksmanager029f6b8e52c=\"9\" title=\"Briti kolijate assotsiatsioon (BAR) Selgitatud\">BAR<\/a> Overseas Group on osa <a href=\"https:\/\/moverdb.com\/et\/british-association-of-removers\/\">Briti kolijate \u00fchendus<\/a> (BAR), kutse\u00fching. <\/p>\n<p>Nagu oma emaorganisatsioon, on see p\u00fchendunud professionaalse tipptaseme edendamisele kolimist\u00f6\u00f6stuses ning tal on eriline kogemus seoses osa- ja <a href=\"https:\/\/moverdb.com\/et\/konteiner-laevandus\/\">t\u00e4is konteinerlaadungi saadetised<\/a> \u00fclemaailmselt ja kaupu, mis saabuvad <a href=\"https:\/\/moverdb.com\/et\/moving-to-the-uk\/\" data-internallinksmanager029f6b8e52c=\"93\" title=\"Kolimine \u00dchendkuningriiki? 2022 Elamiskulud ja kolimisn\u00f5uanded\">UK<\/a> v\u00e4lismaalt.<\/p>\n<p><strong>Peamised faktid BAR Overseas Groupi kohta:<\/strong><\/p>\n<ol>\n<li>  BAR Overseas koosneb 50-st \u00dchendkuningriigi eksperdist koosnevast r\u00fchmast. <a href=\"https:\/\/moverdb.com\/et\/kolimisfirmad\/\">ettev\u00f5tted<\/a> kes on spetsialiseerunud igale aspektile <a href=\"https:\/\/moverdb.com\/et\/rahvusvahelised-kolimised\/\">v\u00e4lismaised ja rahvusvahelised kolimised<\/a> ja \u00fcmberpaigutused.<\/li>\n<li>  Liikmed liituvad ettemaksegarantii skeemiga, mille eesm\u00e4rk on kaitsta k\u00f5iki klientide ettemakseid.<\/li>\n<li>  Liikmed on professionaalsed ettev\u00f5tted, kes on p\u00fchendunud k\u00f5rgeimatele teenindusstandarditele ja kes on spetsialiseerunud v\u00e4lismaale \u00fcmberpaigutamisele.<\/li>\n<li>  BAR Overseas Group n\u00f5uab oma liikmetelt k\u00f5rgeid standardeid seoses selliste elementidega nagu t\u00f6\u00f6tajate koolitus, s\u00f5idukid ja seadmed ning kohapealsed k\u00fclastused v\u00f5ivad toimuda suvalisel ajal.<\/li>\n<li>  Kvaliteedistandardi BS 8564 t\u00f6\u00f6tas v\u00e4lja BAR Overseas Group koost\u00f6\u00f6s BSI-ga (British Standards Institution). K\u00f5ik liikmed peavad seda omama.<\/li>\n<li>  BAR ettemaksegarantii kaitseb kliente - kui kolija, kellega klient broneeris, on rahalistes raskustes, v\u00f5tab teine kolija \u00fcle, et tagada t\u00f6\u00f6 l\u00f5puleviimine ilma lisatasuta. <a href=\"https:\/\/moverdb.com\/et\/kolimiskulud\/\">kulud<\/a> kliendile.<\/li>\n<\/ol>\n<p><strong>Organisatsiooni profiil:<\/strong><\/p>\n<p>BAR on vanim kutse\u00fching kolimistesektoris ja <strong>Overseas Group<\/strong> eesm\u00e4rk on laiendada oma leviala \u00dchendkuningriigist sihtkohtadesse \u00fcle kogu maailma. <\/p>\n<p>Liikmeks v\u00f5ivad saada ainult need kolijad, kellel on juba BARi liikmesus, kuid see ei garanteeri, et nad v\u00f5etakse \u00fclemeremaade r\u00fchma liikmeks. R\u00fchma visioon on teha oma liikmetest usaldusv\u00e4\u00e4rsed kolijad, kes eelistavad v\u00e4lismaiste t\u00f6\u00f6de teostamist ning edendada ja arendada professionaalseid parimaid kolimistavasid v\u00e4lismaiste kolimiste puhul.<\/p>\n<p><strong>Liikmeks saamise kriteeriumid:<\/strong><\/p>\n<ul>\n<li> Liikmed peavad juba kuuluma advokatuuri.<\/li>\n<li> Liikmed peavad kuuluma heakskiidetud ettemaksete tagamise skeemi.<\/li>\n<li> Liikmetel peab olema kas <a href=\"https:\/\/moverdb.com\/et\/fidi-faim\/\">FIDI-FAIM<\/a>, v\u00f5i BS 8564 (The Overseas Moving Standard) v\u00f5i samav\u00e4\u00e4rne v\u00f5i k\u00f5rgem tunnustatud v\u00e4lisauditeeritud standard.<\/li>\n<\/ul>\n<p><strong>N\u00e4ide liikmesettev\u00f5tetest:<\/strong><\/p>\n<ul>\n<li> <a href=\"https:\/\/moverdb.com\/et\/harrow-green\/\">Harrow Green<\/a><\/li>\n<li> <a href=\"https:\/\/moverdb.com\/et\/anglo-vaikse-ookeani-piirkonna\/\">Anglo Pacific<\/a><\/li>\n<li> <a href=\"https:\/\/moverdb.com\/et\/matthew-james\/\">Matthew James<\/a><\/li>\n<li> <a href=\"https:\/\/moverdb.com\/et\/shore-porters-society\/\">Rannaport\u00f6\u00f6ride selts<\/a><\/li>\n<li> <a href=\"https:\/\/moverdb.com\/et\/pss-removals\/\">PSS Rahvusvaheline kolimine<\/a><\/li>\n<\/ul>\n<p><strong>Arvamused BAR Overseas Groupi kohta<\/strong><\/p>\n<p>BAR Overseas'ile kehtivad ranged liikmeskriteeriumid, kusjuures liikmeid kontrollitakse korrap\u00e4raselt, et tagada, et standardid ei ole langenud. Assotsiatsiooni maine p\u00f5hineb liikmete p\u00f5hjalikul \u00fclevaatusel, mis h\u00f5lmab k\u00f5ike alates tegevusest kuni rajatisteni. <\/p>\n<p>Finantskaitses\u00fcsteemi peetakse liikmete jaoks suureks eeliseks, kuna nad saavad pakkuda klientidele t\u00e4iendavat finantskaitset. BAR Overseas saab kasu British Association of Removers olemasolevast mainest ja seda peetakse v\u00e4lismaiste kolimiste kvaliteedistandardiks. <\/p>\n<p>\u00dcks ettev\u00f5te r\u00f5hutab asjaolu, et \u00dchendkuningriigis on ainult 50-60 ettev\u00f5tet, mis on t\u00e4itnud BAR Overseas Groupi kriteeriumid ja see on \u00fcks p\u00f5hjus, miks on liikmelisuse saamine selline saavutus.<\/p>\n<blockquote><p>Liikmed peavad vastama rangetele standarditele ja neid kontrollitakse korrap\u00e4raselt, et tagada nende rajatiste, seadmete, personali koolituse ja t\u00f6\u00f6protseduuride k\u00f5rgeim tase.<\/p><\/blockquote>\n<p>- <a href=\"http:\/\/www.abels.co.uk\/european-removals-moving-to-europe\/bar-overseas-group-what-is-this\/\" target=\"_blank\" rel=\"noopener\">Abels<\/a><\/p>\n<blockquote><p>BAR Overseas Group l\u00f5i klientide kaitsmiseks IMMI (International Movers Mutual Insurance) ettemaksukava.<\/p><\/blockquote>\n<p>- <a href=\"http:\/\/www.johnmason.com\/about-us\/accreditations\/bar-overseas-group\/\" target=\"_blank\" rel=\"noopener\">JohnMason<\/a> <\/p>\n<blockquote><p>Garanteeritud meelerahu teie v\u00e4lismaale kolimisel.BAR Overseas Group on Briti kolijate assotsiatsiooni erialaosakond, mille liikmed on eksperdid k\u00f5igis v\u00e4lismaale kolimise valdkondades. V\u00e4hem kui 60 ettev\u00f5tet \u00dchendkuningriigis vastab rangetele liikmeks saamise kriteeriumidele ja rangetele standarditele, mida selle liikmetelt n\u00f5utakse.<\/p><\/blockquote>\n<p>- <a href=\"http:\/\/www.simpsons-uk.com\/removals_accreditations\/overseas_group\" target=\"_blank\" rel=\"noopener\">Simpsonid<\/a><\/p>\n<p><strong>Veebileht:<\/strong> <a href=\"http:\/\/www.baroverseas.co.uk\/\" target=\"_blank\" rel=\"noopener\">http:\/\/www.baroverseas.co.uk\/<\/a><\/p>","protected":false},"excerpt":{"rendered":"<p>BAR Overseas Group is part of the British Association of Removers (BAR), a Trade Association. Just like its parent organisation, it is dedicated to promoting professional excellence in the removals industry and has particular experience dealing with part and full container load shipments worldwide and goods coming into the UK from abroad. Key facts about [&hellip;]<\/p>\n","protected":false},"author":1,"featured_media":0,"parent":0,"menu_order":0,"comment_status":"closed","ping_status":"closed","template":"","meta":{"_genesis_hide_title":false,"_genesis_hide_breadcrumbs":false,"_genesis_hide_singular_image":false,"_genesis_hide_footer_widgets":false,"_genesis_custom_body_class":"","_genesis_custom_post_class":"","_genesis_layout":"","footnotes":""},"class_list":{"0":"post-430","1":"page","2":"type-page","3":"status-publish","5":"entry"},"_links":{"self":[{"href":"https:\/\/moverdb.com\/et\/wp-json\/wp\/v2\/pages\/430","targetHints":{"allow":["GET"]}}],"collection":[{"href":"https:\/\/moverdb.com\/et\/wp-json\/wp\/v2\/pages"}],"about":[{"href":"https:\/\/moverdb.com\/et\/wp-json\/wp\/v2\/types\/page"}],"author":[{"embeddable":true,"href":"https:\/\/moverdb.com\/et\/wp-json\/wp\/v2\/users\/1"}],"replies":[{"embeddable":true,"href":"https:\/\/moverdb.com\/et\/wp-json\/wp\/v2\/comments?post=430"}],"version-history":[{"count":16,"href":"https:\/\/moverdb.com\/et\/wp-json\/wp\/v2\/pages\/430\/revisions"}],"predecessor-version":[{"id":6187,"href":"https:\/\/moverdb.com\/et\/wp-json\/wp\/v2\/pages\/430\/revisions\/6187"}],"wp:attachment":[{"href":"https:\/\/moverdb.com\/et\/wp-json\/wp\/v2\/media?parent=430"}],"curies":[{"name":"wp","href":"https:\/\/api.w.org\/{rel}","templated":true}]}}