{"id":429,"date":"2016-06-06T14:44:52","date_gmt":"2016-06-06T14:44:52","guid":{"rendered":"http:\/\/moverdb.com\/?page_id=429"},"modified":"2026-01-08T14:47:51","modified_gmt":"2026-01-08T14:47:51","slug":"british-association-of-removers","status":"publish","type":"page","link":"https:\/\/moverdb.com\/et\/british-association-of-removers\/","title":{"rendered":"Briti kolijate assotsiatsioon (BAR) Selgitatud"},"content":{"rendered":"<p>Briti kolijate assotsiatsioon (BAR) kirjeldab end kui \"professionaalse kolimist\u00f6\u00f6stuse tunnustatud h\u00e4\u00e4lt\" ja on v\u00f5tmeorganiks <a href=\"https:\/\/moverdb.com\/et\/moving-to-the-uk\/\" data-internallinksmanager029f6b8e52c=\"93\" title=\"Kolimine \u00dchendkuningriiki? 2022 Elamiskulud ja kolimisn\u00f5uanded\">UK<\/a> liikuvas t\u00f6\u00f6stuses. <\/p>\n<p>Koolitus, kutsestandardid ning klientide teavitamine ja n\u00f5ustamine kuuluvad advokatuuri p\u00e4devusse, samuti vaidluste lahendamise teenus.<\/p>\n<p><strong>Peamised faktid BARi kohta:<\/strong><\/p>\n<ol>\n<li>  BARil on mitmeid erinevaid liikmelisuse liike: \u00dchendkuningriigi liikmelisus, <a href=\"https:\/\/moverdb.com\/et\/bar-overseas\/\">\u00dclemeremaade r\u00fchma liikmelisus<\/a>, Commercial Moving Groupi liikmelisus, Self Storage Interest Groupi liikmelisus. <a href=\"https:\/\/moverdb.com\/et\/rahvusvahelised-kolimised\/\">Ettev\u00f5tted<\/a> v\u00f5ivad olla ka rahvusvahelised sidusettev\u00f5tjad (kolimis\u00e4ri valdkonnas tegutsevad \u00dchendkuningriigi-v\u00e4lised ettev\u00f5tted) ja sidusettev\u00f5tjad (ettev\u00f5tted, kes ei tegele kolimis- ja ladustamistegevusega, kuid pakuvad t\u00f6\u00f6stusele kaupu ja teenuseid).<\/li>\n<li>  BARil on ainus tegevusjuhend kolimist\u00f6\u00f6stuses, mille on heaks kiitnud ja mille \u00fcle teostab j\u00e4relevalvet kaubandusstandardite instituut.<\/li>\n<li>  Kauplemisstandardite Instituut j\u00e4lgib k\u00f5igi BARi liikmete tegevust.<\/li>\n<li>  BAR katab nii \u00dchendkuningriigi kui ka <a href=\"https:\/\/moverdb.com\/et\/kolimisfirmad\/\">rahvusvahelised kolimised<\/a>.<\/li>\n<li>  BARil on oma koolitusosakond - BAR Training Services, mis pakub professionaalseid \u00e4rikoolituskursusi, mis on t\u00f6\u00f6stusspetsiifilise koolituse standardiks.<\/li>\n<li>  BARi liikmed peavad oma liikmelisuse ajal l\u00e4bima pidevaid kohapealseid kontrolle.<\/li>\n<li> BAR juhib ka <a href=\"https:\/\/www.trustedmover.org\" target=\"_blank\" rel=\"noopener\">Usaldusv\u00e4\u00e4rne kolija<\/a> veebisait, mis aitab teil leida BAR eemaldajaid.<\/li>\n<\/ol>\n<p><strong>Organisatsiooni profiil:<\/strong><\/p>\n<p>BAR on loodud t\u00f6\u00f6stusharu organisatsioonina, mille \u00fclesanne on s\u00e4ilitada liikumissektori kutsestandardid nii oma liikmete kui ka klientide h\u00fcvanguks. Tal on tegevusjuhend, milles on s\u00e4testatud teenuse, materjalide, s\u00f5idukite ja ladustamise, t\u00f6\u00f6tajate koolituse ja olukorra lahendamise standardid, kui midagi l\u00e4heb valesti. <\/p>\n<p>Samuti pakub see klientidele rahalist kaitset, n\u00e4iteks juhul, kui kolija t\u00fchistab t\u00f6\u00f6. Kliendid v\u00f5ivad esitada liikme kohta kaebuse advokatuurile ning samuti on olemas alternatiivne vaidluste lahendamise teenus. <\/p>\n<p>Koolitus on BARi liikmeskonna programmi oluline osa ja liikmetel on juurdep\u00e4\u00e4s ELearning-moodulitele sellistel teemadel nagu juhtimine, rahandus, m\u00fc\u00fck ja m\u00fc\u00fck, klienditeenindus, turundus, coaching, juhtimine ja j\u00e4relevalveoskuste arendamine.<\/p>\n<p><strong>M\u00f5ned liikmesettev\u00f5tted<\/strong><\/p>\n<ul>\n<li> <a href=\"https:\/\/moverdb.com\/et\/cadogan-tate\/\">Cadogan Tate<\/a><\/li>\n<li> <a href=\"https:\/\/moverdb.com\/et\/anglo-vaikse-ookeani-piirkonna\/\">Anglo Pacific<\/a><\/li>\n<li> <a href=\"https:\/\/moverdb.com\/et\/shore-porters-society\/\">Rannaport\u00f6\u00f6ride selts<\/a><\/li>\n<li> <a href=\"https:\/\/moverdb.com\/et\/matthew-james\/\">Matthew James<\/a><\/li>\n<li> <a href=\"https:\/\/moverdb.com\/et\/robinsons\/\">Robinsoni \u00fcmberpaigutamine<\/a><\/li>\n<li> <a href=\"https:\/\/moverdb.com\/et\/conroy-removals\/\">Conroy kolimised<\/a><\/li>\n<\/ul>\n<p><strong>Liikmeks saamise kriteeriumid:<\/strong><\/p>\n<p>Liikmeks saamise kriteeriumid ei ole k\u00e4ttesaadavad veebilehe kaudu, kus \u00f6eldakse: \"Kui olete huvitatud BAR-i liikmeks saamisest ning liikmeks saamise kriteeriumide ja avalduse vormi saamiseks v\u00f5tke palun \u00fchendust BAR-iga, esitades oma ettev\u00f5tte andmed ja kontaktandmed.\"<\/p>\n<p><strong>T\u00f6\u00f6stuse arvamused Briti kolijate assotsiatsiooni kohta:<\/strong><\/p>\n<p>BAR esineb sageli Briti kolijate veebisaitidel ja paljud neist, kes seda loetlevad, keskenduvad selle pikaealisusele kui \u00fchele vanimale kutse\u00fchingule kolimissektoris ja selle enam kui sajandit kestnud ajaloole. <\/p>\n<p>Asjaolu, et kaubandusstandardid on heaks kiitnud oma tegevusjuhendi, on veel \u00fcks suur pluss, sest see annab tarbijatele kindlustunde, et nende huvid on kaitstud kaugemale kui seaduses s\u00e4testatud p\u00f5hin\u00f5uded. <\/p>\n<p>Oluliseks peetakse asjaolu, et \u00fchendus teostab pidevaid kohapealseid kontrolle, samuti asjaolu, et liikmed peavad esitama t\u00f5endeid klientide pideva rahulolu kohta. <\/p>\n<p>\u00dcldine arvamus on, et <em>\"valides BARi liikme, tagate, et teie kolimine kulgeb v\u00f5imalikult sujuvalt.\"<\/em> Kinnisvaraalased veebisaidid peavad BAR-i kolijate standardiks, kirjeldades seda kui p\u00f5hin\u00f5uet heale kolijale, kes peab j\u00e4rgima professionaalsuse miinimumstandardeid ja pakub teatavat rahalist kaitset.<\/p>\n<blockquote><p>Hea l\u00e4htepunkt on valida kolimisfirma, mis on v\u00f5tnud kohustuse BARi liikmeks saada, sest see n\u00e4itab, et nad on valmis j\u00e4rgima miinimumstandardeid. BARi liikmetel on liikmelisuse miinimumn\u00f5uded, mis on teie huvides, n\u00e4iteks seaduslikud, litsentseeritud s\u00f5idukid, teie tagatisraha kaitse ja vahekohtu v\u00f5i tasuta lepitusmenetlus ning ebat\u00f5en\u00e4olisel juhul, kui midagi l\u00e4heb valesti.<\/p><\/blockquote>\n<p>- <a href=\"http:\/\/www.rightmove.co.uk\/choosing-a-removal-company.html\" target=\"_blank\" rel=\"noopener\">rightmove<\/a><\/p>\n<blockquote><p>Iga BARi liige t\u00f6\u00f6tab vastavalt BARi tegevusjuhendile, mille on heaks kiitnud kaubandusstandardid. See range tegevusjuhend kaitseb ja edendab tarbijate huve seadusest tulenevatest p\u00f5hin\u00f5uetest kaugemale.<\/p><\/blockquote>\n<p>- <a href=\"http:\/\/www.pickfords.co.uk\/british-association-of-removers\" target=\"_blank\" rel=\"noopener\">Pickfords<\/a><\/p>\n<blockquote><p>Rohkem kui 97% tarbijaid soovitavad oma BAR eemaldajat.<\/p><\/blockquote>\n<p>- <a href=\"http:\/\/www.comparemymove.com\/blog\/our-partners\/a-guide-to-joining-the-british-association-of-removers\/\" target=\"_blank\" rel=\"noopener\">V\u00f5rdle minu liikumist<\/a><\/p>\n<p><strong>Veebileht:<\/strong> <a href=\"http:\/\/www.bar.co.uk\/\" target=\"_blank\" rel=\"noopener\">http:\/\/www.bar.co.uk\/<\/a><\/p>","protected":false},"excerpt":{"rendered":"<p>The British Association of Removers (BAR) describes itself as the &#8220;recognised voice of the professional moving industry&#8221; and it is a key body in the UK moving industry. Training, professional standards and providing information and advice to customers are included in the BAR&#8217;s remit, as well as a dispute resolution service. Key facts about BAR: [&hellip;]<\/p>\n","protected":false},"author":1,"featured_media":0,"parent":0,"menu_order":0,"comment_status":"closed","ping_status":"closed","template":"","meta":{"_genesis_hide_title":false,"_genesis_hide_breadcrumbs":false,"_genesis_hide_singular_image":false,"_genesis_hide_footer_widgets":false,"_genesis_custom_body_class":"","_genesis_custom_post_class":"","_genesis_layout":"","footnotes":""},"class_list":{"0":"post-429","1":"page","2":"type-page","3":"status-publish","5":"entry"},"_links":{"self":[{"href":"https:\/\/moverdb.com\/et\/wp-json\/wp\/v2\/pages\/429","targetHints":{"allow":["GET"]}}],"collection":[{"href":"https:\/\/moverdb.com\/et\/wp-json\/wp\/v2\/pages"}],"about":[{"href":"https:\/\/moverdb.com\/et\/wp-json\/wp\/v2\/types\/page"}],"author":[{"embeddable":true,"href":"https:\/\/moverdb.com\/et\/wp-json\/wp\/v2\/users\/1"}],"replies":[{"embeddable":true,"href":"https:\/\/moverdb.com\/et\/wp-json\/wp\/v2\/comments?post=429"}],"version-history":[{"count":18,"href":"https:\/\/moverdb.com\/et\/wp-json\/wp\/v2\/pages\/429\/revisions"}],"predecessor-version":[{"id":6186,"href":"https:\/\/moverdb.com\/et\/wp-json\/wp\/v2\/pages\/429\/revisions\/6186"}],"wp:attachment":[{"href":"https:\/\/moverdb.com\/et\/wp-json\/wp\/v2\/media?parent=429"}],"curies":[{"name":"wp","href":"https:\/\/api.w.org\/{rel}","templated":true}]}}