{"id":42,"date":"2016-03-19T18:09:36","date_gmt":"2016-03-19T18:09:36","guid":{"rendered":"http:\/\/moverdb.com\/?page_id=42"},"modified":"2026-01-08T15:20:50","modified_gmt":"2026-01-08T15:20:50","slug":"kasutustingimused","status":"publish","type":"page","link":"https:\/\/moverdb.com\/et\/terms-of-use\/","title":{"rendered":"Kasutustingimused"},"content":{"rendered":"<p><strong>PALUN LUGEGE NEID HOOLIKALT L\u00c4BI, ENNE KUI KASUTATE SEDA VEEBILEHTE.<\/strong><\/p>\n<p>Tere tulemast MoverDB.com veebilehele. Kui te j\u00e4tkate selle veebilehe sirvimist ja kasutamist, n\u00f5ustute j\u00e4rgima ja j\u00e4rgima j\u00e4rgmisi kasutustingimusi, mis koos meie <a href=\"https:\/\/MoverDB.com\/privacy-policy\/\" target=\"_blank\" rel=\"noopener\">privaatsuspoliitika<\/a> reguleerib MoverDB.com'i suhteid teiega seoses selle veebisaidiga. Kui te ei n\u00f5ustu nende tingimuste mis tahes osaga, \u00e4rge kasutage meie veebisaiti.<\/p>\n<p>K\u00e4esolevad kasutustingimused koos muude allpool nimetatud dokumentidega s\u00e4testavad tingimused, mille alusel v\u00f5ite kasutada veebilehte https:\/\/MoverDB.com\/ (\"meie veebileht\"). <\/p>\n<p>Muud olulised dokumendid <\/p>\n<p>Kasutustingimused viitavad meie <a href=\"https:\/\/MoverDB.com\/privacy-policy\/\" target=\"_blank\" rel=\"noopener\">Privaatsuspoliitika<\/a>milles on s\u00e4testatud tingimused, mille alusel me t\u00f6\u00f6tleme teie poolt esitatud isikuandmeid. <a href=\"https:\/\/moverdb.com\/et\/moving-to-the-united-states\/\" data-internallinksmanager029f6b8e52c=\"94\" title=\"Kolimine Ameerika \u00dchendriikidesse? 2022 Elamiskulud ja kolimisn\u00f5uanded\">us<\/a>v\u00f5i mida me sinult kogume. V\u00f5ite lugeda ka meie t\u00e4ielikku <a href=\"https:\/\/moverdb.com\/et\/data-processing-policy\/\">Andmet\u00f6\u00f6tluspoliitika<\/a>. Kasutades meie veebilehte, n\u00f5ustute sellise t\u00f6\u00f6tlemisega.<\/p>\n<p>Selle veebisaidi kasutamine toimub vastavalt j\u00e4rgmistele kasutustingimustele:<\/p>\n<ul>\n<li>K\u00e4esoleva veebisaidi lehek\u00fclgede sisu on m\u00f5eldud ainult teie \u00fcldiseks teavitamiseks ja kasutamiseks. See v\u00f5ib muutuda ilma ette teatamata.<\/li>\n<li> Pakkumisvormi t\u00e4itmisega n\u00f5ustute, et lubate meil jagada seda teavet kolmandate isikutega, et aidata teil saada parim hinnav\u00f5rdluspakkumine teie rahvusvahelise kolimise kohta.<\/li>\n<li>See veebisait kasutab k\u00fcpsiseid, et j\u00e4lgida sirvimiseelistusi. Kui lubate k\u00fcpsiste kasutamist, v\u00f5ime salvestada isikuandmeid kolmandate isikute poolt kasutamiseks.<\/li>\n<li> Ei meie ega \u00fckski kolmas osapool ei anna mingit garantiid ega garantiid sellel veebisaidil leiduva v\u00f5i pakutava teabe ja materjalide t\u00e4psuse, \u00f5igeaegsuse, toimivuse, t\u00e4ielikkuse v\u00f5i sobivuse kohta mis tahes konkreetseks otstarbeks. Te tunnistate, et selline teave ja materjalid v\u00f5ivad sisaldada ebat\u00e4psusi v\u00f5i vigu ning me v\u00e4listame selges\u00f5naliselt vastutuse selliste ebat\u00e4psuste v\u00f5i vigade eest seadusega lubatud ulatuses.<\/li>\n<li> Te kasutate sellel veebisaidil olevat teavet v\u00f5i materjale t\u00e4ielikult omal vastutusel, mille eest me ei vastuta. Te ise vastutate selle eest, et k\u00f5ik selle veebisaidi kaudu k\u00e4ttesaadavad tooted, teenused v\u00f5i teave vastaksid teie konkreetsetele n\u00f5uetele.<\/li>\n<li> See veebileht sisaldab materjali, mis kuulub meile v\u00f5i on meile litsentseeritud. See materjal h\u00f5lmab muu hulgas, kuid mitte ainult, kujundust, paigutust, v\u00e4limust, v\u00e4limust ja graafikat. Reprodutseerimine on keelatud, v\u00e4lja arvatud vastavalt autori\u00f5iguse teatele, mis on osa k\u00e4esolevatest tingimustest.<\/li>\n<li> K\u00e4esoleva veebisaidi loata kasutamine v\u00f5ib anda alust kahjun\u00f5ude esitamiseks ja\/v\u00f5i olla kriminaalkuritegu.<\/li>\n<li> Aeg-ajalt v\u00f5ib see veebisait sisaldada ka linke teistele veebisaitidele. Need lingid on esitatud teie mugavuse huvides, et anda lisateavet. Need ei t\u00e4henda, et me toetame veebilehte (veebilehti). Me ei vastuta lingitud veebisaidi(de) sisu eest.<\/li>\n<\/ul>","protected":false},"excerpt":{"rendered":"<p>PLEASE READ THESE CAREFULLY BEFORE USING THIS WEBSITE. Welcome to MoverDB.com. If you continue to browse and use this website, you are agreeing to comply with and be bound by the following terms and conditions of use, which together with our privacy policy govern MoverDB.com&#8217;s relationship with you in relation to this website. If you [&hellip;]<\/p>\n","protected":false},"author":1,"featured_media":0,"parent":0,"menu_order":0,"comment_status":"closed","ping_status":"closed","template":"","meta":{"_genesis_hide_title":false,"_genesis_hide_breadcrumbs":false,"_genesis_hide_singular_image":false,"_genesis_hide_footer_widgets":false,"_genesis_custom_body_class":"","_genesis_custom_post_class":"","_genesis_layout":"","footnotes":""},"class_list":{"0":"post-42","1":"page","2":"type-page","3":"status-publish","5":"entry"},"_links":{"self":[{"href":"https:\/\/moverdb.com\/et\/wp-json\/wp\/v2\/pages\/42","targetHints":{"allow":["GET"]}}],"collection":[{"href":"https:\/\/moverdb.com\/et\/wp-json\/wp\/v2\/pages"}],"about":[{"href":"https:\/\/moverdb.com\/et\/wp-json\/wp\/v2\/types\/page"}],"author":[{"embeddable":true,"href":"https:\/\/moverdb.com\/et\/wp-json\/wp\/v2\/users\/1"}],"replies":[{"embeddable":true,"href":"https:\/\/moverdb.com\/et\/wp-json\/wp\/v2\/comments?post=42"}],"version-history":[{"count":5,"href":"https:\/\/moverdb.com\/et\/wp-json\/wp\/v2\/pages\/42\/revisions"}],"predecessor-version":[{"id":3243,"href":"https:\/\/moverdb.com\/et\/wp-json\/wp\/v2\/pages\/42\/revisions\/3243"}],"wp:attachment":[{"href":"https:\/\/moverdb.com\/et\/wp-json\/wp\/v2\/media?parent=42"}],"curies":[{"name":"wp","href":"https:\/\/api.w.org\/{rel}","templated":true}]}}