{"id":4183,"date":"2022-06-17T03:27:11","date_gmt":"2022-06-17T03:27:11","guid":{"rendered":"https:\/\/moverdb.com\/?page_id=4183"},"modified":"2026-01-08T13:19:46","modified_gmt":"2026-01-08T13:19:46","slug":"curacao","status":"publish","type":"page","link":"https:\/\/moverdb.com\/et\/container-shipping\/curacao\/","title":{"rendered":"2023 Mereveo konteinerite veohinnad Cura\u00e7aole ja Cura\u00e7aolt"},"content":{"rendered":"<div class=\"wp-block-image\">\n<figure class=\"aligncenter size-full\"><img loading=\"lazy\" decoding=\"async\" width=\"1000\" height=\"667\" src=\"https:\/\/moverdb.com\/wp-content\/uploads\/willemstad-curacao.jpg\" alt=\"Kuulus kai Willemstadis, Cura\u00e7ao linnas\" class=\"wp-image-4140\" srcset=\"https:\/\/moverdb.com\/wp-content\/uploads\/willemstad-curacao.jpg 1000w, https:\/\/moverdb.com\/wp-content\/uploads\/willemstad-curacao-300x200.jpg 300w, https:\/\/moverdb.com\/wp-content\/uploads\/willemstad-curacao-18x12.jpg 18w, https:\/\/moverdb.com\/wp-content\/uploads\/willemstad-curacao-600x400.jpg 600w\" sizes=\"auto, (max-width: 1000px) 100vw, 1000px\" \/><\/figure>\n<\/div>\n\n\n<p><strong><a href=\"https:\/\/moverdb.com\/et\/moving-to-curacao\/\" data-internallinksmanager029f6b8e52c=\"429\" title=\"Kolimine Cura\u00e7aole? 2023 elamiskulud ja kolimisn\u00f5uanded\">Cura\u00e7ao<\/a><\/strong> on saareriik Kariibi mere piirkonnas ja Kuningriigi osa. <a href=\"https:\/\/moverdb.com\/et\/moving-to-the-netherlands\/\" data-internallinksmanager029f6b8e52c=\"328\" title=\"Kolimine Hollandisse? 2023 elamiskulud ja kolimisn\u00f5uanded\">Madalmaad<\/a>. Cura\u00e7ao elukvaliteedil on palju pakkuda, alates muuseumidest ja kultuurip\u00e4randi majadest kuni randade ja korallidest sukeldumiskohtadeni.<\/p>\n\n\n\n<p>Nii p\u00fcsielanikud kui ka k\u00fclastajad saavad Cura\u00e7aol nautida turvalist elu, suurt sallivust, majanduslikku stabiilsust, palju p\u00e4ikest ja m\u00f5nusat temperatuuri.<\/p>\n\n\n\n<p>Kui teie plaan on saada pikaajaliseks Cura\u00e7ao kodanikuks, siis t\u00f5en\u00e4oliselt tekiksid teil m\u00e4rkimisv\u00e4\u00e4rsed kulud oma majapidamistarvete kolimiseks sellesse imelisse kohta.<\/p>\n\n\n\n<p>Et seda v\u00e4lja selgitada (aga ka teada saada Cura\u00e7aolt kolimise kuludest), otsisime v\u00e4lja madalaima Cura\u00e7ao <a href=\"https:\/\/moverdb.com\/et\/container-shipping\/\" data-internallinksmanager029f6b8e52c=\"3\" title=\"Rahvusvaheliste konteinerite veohindade graafik: aprill 2026\">konteinerite veohinnad<\/a> 20' ja 40' veokonteinerite kohta ning koosnesid allpool olevatest kaartidest ja graafikutest.<\/p>\n\n\n\n<p>Cura\u00e7ao on tilluke saareriik, mida kaubalaevad ei k\u00fclasta sageli, mist\u00f5ttu selle pealinna Willemstadisse v\u00f5i sealt v\u00e4lja veetavate konteinerite hinnakujundusv\u00f5imalusi on v\u00e4he. Siiski saame teid t\u00e4iendavalt aidata, kui t\u00e4idate oma andmed \u00fclaltoodud hinnapakkumise t\u00f6\u00f6riistas ja k\u00fcsite kohandatud hinnapakkumist.<\/p>\n\n\n\n<h2 class=\"wp-block-heading\">Laevakonteinerite kulud Cura\u00e7aole (Willemstad)<\/h2>\n\n\n<div class=\"wp-block-image\">\n<figure class=\"aligncenter size-large\"><img loading=\"lazy\" decoding=\"async\" width=\"1024\" height=\"539\" src=\"https:\/\/moverdb.com\/wp-content\/uploads\/Shipping-Container-Costs-to-Curacao-1024x539.png\" alt=\"Laevakonteinerite kulud Cura\u00e7aole (Willemstad)\" class=\"wp-image-4142\" srcset=\"https:\/\/moverdb.com\/wp-content\/uploads\/Shipping-Container-Costs-to-Curacao-1024x539.png 1024w, https:\/\/moverdb.com\/wp-content\/uploads\/Shipping-Container-Costs-to-Curacao-300x158.png 300w, https:\/\/moverdb.com\/wp-content\/uploads\/Shipping-Container-Costs-to-Curacao-1536x809.png 1536w, https:\/\/moverdb.com\/wp-content\/uploads\/Shipping-Container-Costs-to-Curacao-18x9.png 18w, https:\/\/moverdb.com\/wp-content\/uploads\/Shipping-Container-Costs-to-Curacao-600x316.png 600w, https:\/\/moverdb.com\/wp-content\/uploads\/Shipping-Container-Costs-to-Curacao.png 2000w\" sizes=\"auto, (max-width: 1024px) 100vw, 1024px\" \/><\/figure>\n<\/div>\n\n\n<table id=\"tablepress-87\" class=\"tablepress tablepress-id-87\">\n<thead>\n<tr class=\"row-1\">\n\t<th class=\"column-1\">Sihtriik (<a href=\"https:\/\/moverdb.com\/et\/top-49-container-ports\/\" data-internallinksmanager029f6b8e52c=\"80\" title=\"Top 49 suurimat ja tihedaima liiklusega konteinersadamat 2025. aastal\">Sadam<\/a>\/linn)<\/th><th class=\"column-2\">20FT<\/th><th class=\"column-3\">40FT<\/th>\n<\/tr>\n<\/thead>\n<tbody class=\"row-striping row-hover\">\n<tr class=\"row-2\">\n\t<td class=\"column-1\"><a href=\"https:\/\/moverdb.com\/et\/container-shipping\/andorra\/\" data-internallinksmanager029f6b8e52c=\"88\" title=\"2023 Mereveo konteinerite veohinnad Andorrast ja Andorrast\">Andorra (Andorra la Vella)<\/a><\/td><td class=\"column-2\">1868<\/td><td class=\"column-3\">3171<\/td>\n<\/tr>\n<tr class=\"row-3\">\n\t<td class=\"column-1\"><a href=\"https:\/\/moverdb.com\/et\/container-shipping\/australia\/\" data-internallinksmanager029f6b8e52c=\"89\" title=\"2026 Konteinerite veohinnad Austraaliasse ja Austraaliast\">Austraalia (Sydney)<\/a><\/td><td class=\"column-2\">EI KOHALDATA<\/td><td class=\"column-3\">12406<\/td>\n<\/tr>\n<tr class=\"row-4\">\n\t<td class=\"column-1\"><a href=\"https:\/\/moverdb.com\/et\/container-shipping\/austria\/\" data-internallinksmanager029f6b8e52c=\"95\" title=\"2023 Mereveo konteineri veohinnad Austriasse ja Austriast\">Austria (Viin)<\/a><\/td><td class=\"column-2\">EI KOHALDATA<\/td><td class=\"column-3\">3739<\/td>\n<\/tr>\n<tr class=\"row-5\">\n\t<td class=\"column-1\"><a href=\"https:\/\/moverdb.com\/et\/container-shipping\/bahrain\/\" data-internallinksmanager029f6b8e52c=\"96\" title=\"2023 Mereveo konteinerite veohinnad Bahreinist ja Bahreinisse\">Bahrein (Manama)<\/a><\/td><td class=\"column-2\">EI KOHALDATA<\/td><td class=\"column-3\">12306<\/td>\n<\/tr>\n<tr class=\"row-6\">\n\t<td class=\"column-1\"><a href=\"https:\/\/moverdb.com\/et\/container-shipping\/belgium\/\" data-internallinksmanager029f6b8e52c=\"86\" title=\"2023 Mereveo konteinerite veohinnad Belgiasse ja Belgiast\">Belgia (Antwerpen)<\/a><\/td><td class=\"column-2\">1936<\/td><td class=\"column-3\">3276<\/td>\n<\/tr>\n<tr class=\"row-7\">\n\t<td class=\"column-1\"><a href=\"https:\/\/moverdb.com\/et\/container-shipping\/belize\/\" data-internallinksmanager029f6b8e52c=\"137\" title=\"2023 Mereveo konteinerite veohinnad Belize&#039;ile ja Belize&#039;ist\">Belize (Belize City)<\/a><\/td><td class=\"column-2\">2008<\/td><td class=\"column-3\">2839<\/td>\n<\/tr>\n<tr class=\"row-8\">\n\t<td class=\"column-1\"><a href=\"https:\/\/moverdb.com\/et\/container-shipping\/china\/\" data-internallinksmanager029f6b8e52c=\"105\" title=\"2023 Mereveo konteinerite veohinnad Hiinasse ja Hiinast\">Hiina (Peking)<\/a><\/td><td class=\"column-2\">13250<\/td><td class=\"column-3\">13750<\/td>\n<\/tr>\n<tr class=\"row-9\">\n\t<td class=\"column-1\">Hiina (Shanghai)<\/td><td class=\"column-2\">13250<\/td><td class=\"column-3\">13750<\/td>\n<\/tr>\n<tr class=\"row-10\">\n\t<td class=\"column-1\"><a href=\"https:\/\/moverdb.com\/et\/container-shipping\/colombia\/\" data-internallinksmanager029f6b8e52c=\"106\" title=\"2023 Mereveo konteinerite veohinnad Kolumbiasse ja Colombiast\">Colombia (Barranquilla)<\/a><\/td><td class=\"column-2\">1400<\/td><td class=\"column-3\">2336<\/td>\n<\/tr>\n<tr class=\"row-11\">\n\t<td class=\"column-1\"><a href=\"https:\/\/moverdb.com\/et\/container-shipping\/dominican-republic\/\" data-internallinksmanager029f6b8e52c=\"112\" title=\"2023 Mereveo konteinerite veohinnad Dominikaani Vabariigist ja Dominikaani Vabariiki\">Dominikaani Vabariik (Santo Domingo)<\/a><\/td><td class=\"column-2\">1969<\/td><td class=\"column-3\">3024<\/td>\n<\/tr>\n<tr class=\"row-12\">\n\t<td class=\"column-1\"><a href=\"https:\/\/moverdb.com\/et\/container-shipping\/germany\/\" data-internallinksmanager029f6b8e52c=\"118\" title=\"2023 Mereveo konteinerite veohinnad Saksamaale ja Saksamaalt\">Saksamaa (Hamburg)<\/a><\/td><td class=\"column-2\">4298<\/td><td class=\"column-3\">5834<\/td>\n<\/tr>\n<tr class=\"row-13\">\n\t<td class=\"column-1\"><a href=\"https:\/\/moverdb.com\/et\/container-shipping\/greece\/\" data-internallinksmanager029f6b8e52c=\"120\" title=\"2023 Mereveo konteinerite veohinnad Kreekasse ja Kreekast\">Kreeka (Piraeus)<\/a><\/td><td class=\"column-2\">2622<\/td><td class=\"column-3\">3835<\/td>\n<\/tr>\n<tr class=\"row-14\">\n\t<td class=\"column-1\"><a href=\"https:\/\/moverdb.com\/et\/container-shipping\/haiti\/\" data-internallinksmanager029f6b8e52c=\"122\" title=\"2023 Mereveo konteinerite veohinnad Haitile ja Haitilt\">Haiti (Port-au-Prince)<\/a><\/td><td class=\"column-2\">1969<\/td><td class=\"column-3\">3024<\/td>\n<\/tr>\n<tr class=\"row-15\">\n\t<td class=\"column-1\"><a href=\"https:\/\/moverdb.com\/et\/container-shipping\/hong-kong\/\" data-internallinksmanager029f6b8e52c=\"123\" title=\"2023 Mereveo konteinerite veohinnad Hongkongi ja Hongkongist\">Hongkong (Hongkong)<\/a><\/td><td class=\"column-2\">13250<\/td><td class=\"column-3\">13750<\/td>\n<\/tr>\n<tr class=\"row-16\">\n\t<td class=\"column-1\"><a href=\"https:\/\/moverdb.com\/et\/container-shipping\/india\/\" data-internallinksmanager029f6b8e52c=\"125\" title=\"2023 Mereveo konteineri veohinnad Indiasse ja Indiast\">India (Mumbai)<\/a><\/td><td class=\"column-2\">11935<\/td><td class=\"column-3\">12758<\/td>\n<\/tr>\n<tr class=\"row-17\">\n\t<td class=\"column-1\"><a href=\"https:\/\/moverdb.com\/et\/container-shipping\/indonesia\/\" data-internallinksmanager029f6b8e52c=\"126\" title=\"2023 Mereveo konteinerite veohinnad Indoneesiasse ja Indoneesiast\">Indoneesia (Jakarta)<\/a><\/td><td class=\"column-2\">5979<\/td><td class=\"column-3\">5822<\/td>\n<\/tr>\n<tr class=\"row-18\">\n\t<td class=\"column-1\"><a href=\"https:\/\/moverdb.com\/et\/container-shipping\/lithuania\/\" data-internallinksmanager029f6b8e52c=\"145\" title=\"2023 Mereveo konteinerite veohinnad Leetu ja Leedust\">Leedu (Klaipeda)<\/a><\/td><td class=\"column-2\">2202<\/td><td class=\"column-3\">3518<\/td>\n<\/tr>\n<tr class=\"row-19\">\n\t<td class=\"column-1\"><a href=\"https:\/\/moverdb.com\/et\/container-shipping\/luxembourg\/\" data-internallinksmanager029f6b8e52c=\"146\" title=\"2023 Mereveo konteinerite veohinnad Luksemburgi ja Luksemburgist\">Luksemburg (Luksemburg)<\/a><\/td><td class=\"column-2\">1936<\/td><td class=\"column-3\">3276<\/td>\n<\/tr>\n<tr class=\"row-20\">\n\t<td class=\"column-1\"><a href=\"https:\/\/moverdb.com\/et\/container-shipping\/macau\/\" data-internallinksmanager029f6b8e52c=\"147\" title=\"2023 Mereveo konteinerite veohinnad Aomeni ja Aomenist\">Macau (Macau)<\/a><\/td><td class=\"column-2\">5525<\/td><td class=\"column-3\">5331<\/td>\n<\/tr>\n<tr class=\"row-21\">\n\t<td class=\"column-1\"><a href=\"https:\/\/moverdb.com\/et\/container-shipping\/malaysia\/\" data-internallinksmanager029f6b8e52c=\"148\" title=\"2023 Mereveo konteinerite veohinnad Malaisiasse ja Malaisiast\">Malaisia (Port Kelang)<\/a><\/td><td class=\"column-2\">6039<\/td><td class=\"column-3\">5822<\/td>\n<\/tr>\n<tr class=\"row-22\">\n\t<td class=\"column-1\"><a href=\"https:\/\/moverdb.com\/et\/container-shipping\/mexico\/\" data-internallinksmanager029f6b8e52c=\"162\" title=\"2023 Mereveo konteinerite veohinnad Mehhikosse ja Mehhikost\">Mehhiko (Manzanillo)<\/a><\/td><td class=\"column-2\">2167<\/td><td class=\"column-3\">3161<\/td>\n<\/tr>\n<tr class=\"row-23\">\n\t<td class=\"column-1\"><a href=\"https:\/\/moverdb.com\/et\/container-shipping\/netherlands\/\" data-internallinksmanager029f6b8e52c=\"151\" title=\"2023 Mereveo konteinerite veohinnad Hollandisse ja Hollandist\">Madalmaad (Rotterdam)<\/a><\/td><td class=\"column-2\">1936<\/td><td class=\"column-3\">3276<\/td>\n<\/tr>\n<tr class=\"row-24\">\n\t<td class=\"column-1\"><a href=\"https:\/\/moverdb.com\/et\/container-shipping\/philippines\/\" data-internallinksmanager029f6b8e52c=\"156\" title=\"2023 Mereveo konteinerite veohinnad Filipiinidele ja Filipiinidelt\">Filipiinid (Manila)<\/a><\/td><td class=\"column-2\">6123<\/td><td class=\"column-3\">5993<\/td>\n<\/tr>\n<tr class=\"row-25\">\n\t<td class=\"column-1\"><a href=\"https:\/\/moverdb.com\/et\/container-shipping\/poland\/\" data-internallinksmanager029f6b8e52c=\"157\" title=\"2023 Mereveo konteinerite veohinnad Poolasse ja Poolast\">Poola (Gdansk)<\/a><\/td><td class=\"column-2\">2202<\/td><td class=\"column-3\">3518<\/td>\n<\/tr>\n<tr class=\"row-26\">\n\t<td class=\"column-1\"><a href=\"https:\/\/moverdb.com\/et\/container-shipping\/russia\/\" data-internallinksmanager029f6b8e52c=\"160\" title=\"2023 Mereveo konteinerite veohinnad Venemaale ja Venemaalt\">Venemaa (Peterburi)<\/a><\/td><td class=\"column-2\">2497<\/td><td class=\"column-3\">3791<\/td>\n<\/tr>\n<tr class=\"row-27\">\n\t<td class=\"column-1\"><a href=\"https:\/\/moverdb.com\/et\/container-shipping\/singapore\/\" data-internallinksmanager029f6b8e52c=\"179\" title=\"2023 Mereveo konteinerite veohinnad Singapuri ja Singapurist\">Singapur (Singapur)<\/a><\/td><td class=\"column-2\">5979<\/td><td class=\"column-3\">5765<\/td>\n<\/tr>\n<tr class=\"row-28\">\n\t<td class=\"column-1\"><a href=\"https:\/\/moverdb.com\/et\/container-shipping\/south-korea\/\" data-internallinksmanager029f6b8e52c=\"180\" title=\"2023 Mereveo konteinerite veohinnad L\u00f5una-Koreasse ja sealt v\u00e4lja\">L\u00f5una-Korea (Busan)<\/a><\/td><td class=\"column-2\">5979<\/td><td class=\"column-3\">5765<\/td>\n<\/tr>\n<tr class=\"row-29\">\n\t<td class=\"column-1\"><a href=\"https:\/\/moverdb.com\/et\/container-shipping\/spain\/\" data-internallinksmanager029f6b8e52c=\"182\" title=\"2023 Mereveo konteinerite veohinnad Hispaaniasse ja Hispaaniast\">Hispaania (Valencia)<\/a><\/td><td class=\"column-2\">3982<\/td><td class=\"column-3\">5875<\/td>\n<\/tr>\n<tr class=\"row-30\">\n\t<td class=\"column-1\"><a href=\"https:\/\/moverdb.com\/et\/container-shipping\/taiwan\/\" data-internallinksmanager029f6b8e52c=\"183\" title=\"2023 Mereveo konteineri veohinnad Taiwanile ja Taiwanist\">Taiwan (Kaohsiung)<\/a><\/td><td class=\"column-2\">5382<\/td><td class=\"column-3\">5137<\/td>\n<\/tr>\n<tr class=\"row-31\">\n\t<td class=\"column-1\"><a href=\"https:\/\/moverdb.com\/et\/container-shipping\/thailand\/\" data-internallinksmanager029f6b8e52c=\"189\" title=\"2023 Mereveo konteinerite veohinnad Taisse ja Taist\">Tai (Laem Chabang)<\/a><\/td><td class=\"column-2\">4895<\/td><td class=\"column-3\">4715<\/td>\n<\/tr>\n<tr class=\"row-32\">\n\t<td class=\"column-1\"><a href=\"https:\/\/moverdb.com\/et\/container-shipping\/turkey\/\" data-internallinksmanager029f6b8e52c=\"190\" title=\"2023 Mereveo konteinerite veohinnad T\u00fcrgist ja T\u00fcrgisse\">T\u00fcrgi (Istanbul)<\/a><\/td><td class=\"column-2\">8294<\/td><td class=\"column-3\">11613<\/td>\n<\/tr>\n<tr class=\"row-33\">\n\t<td class=\"column-1\"><a href=\"https:\/\/moverdb.com\/et\/container-shipping\/united-arab-emirates\/\" data-internallinksmanager029f6b8e52c=\"188\" title=\"2026 Konteinerite veohinnad A\u00dcEsse ja A\u00dcEst\">A\u00dcE (Jebel Ali)<\/a><\/td><td class=\"column-2\">2090<\/td><td class=\"column-3\">3465<\/td>\n<\/tr>\n<tr class=\"row-34\">\n\t<td class=\"column-1\"><a href=\"https:\/\/moverdb.com\/et\/moving-to-the-united-states\/\" data-internallinksmanager029f6b8e52c=\"94\" title=\"Kolimine Ameerika \u00dchendriikidesse? 2022 Elamiskulud ja kolimisn\u00f5uanded\">USA<\/a> (<a href=\"https:\/\/moverdb.com\/et\/moving-to-los-angeles\/\" data-internallinksmanager029f6b8e52c=\"51\" title=\"Kolimine Los Angelesse? 2026 LA elamiskulud ja kolimisn\u00f5uanded\">Los Angeles<\/a>)<\/td><td class=\"column-2\">912<\/td><td class=\"column-3\">1309<\/td>\n<\/tr>\n<tr class=\"row-35\">\n\t<td class=\"column-1\"><a href=\"https:\/\/moverdb.com\/et\/container-shipping\/united-states\/\" data-internallinksmanager029f6b8e52c=\"87\" title=\"2023 Mereveo konteinerite veohinnad USAsse ja USAst\">USA (New York)<\/a><\/td><td class=\"column-2\">2228<\/td><td class=\"column-3\">1937<\/td>\n<\/tr>\n<tr class=\"row-36\">\n\t<td class=\"column-1\">Venezuela (Puerto Cabello)<\/td><td class=\"column-2\">688<\/td><td class=\"column-3\">1250<\/td>\n<\/tr>\n<tr class=\"row-37\">\n\t<td class=\"column-1\"><a href=\"https:\/\/moverdb.com\/et\/container-shipping\/vietnam\/\" data-internallinksmanager029f6b8e52c=\"245\" title=\"2023 Mereveo konteinerite veohinnad Vietnami ja Vietnamist\">Vietnam (Saigon)<\/a><\/td><td class=\"column-2\">5979<\/td><td class=\"column-3\">5765<\/td>\n<\/tr>\n<\/tbody>\n<\/table>\n<!-- #tablepress-87 from cache -->\n\n\n\n<h2 class=\"wp-block-heading\">Laevakonteinerite kulud Cura\u00e7ao (Willemstad) lennujaamas<\/h2>\n\n\n<div class=\"wp-block-image\">\n<figure class=\"aligncenter size-large\"><img loading=\"lazy\" decoding=\"async\" width=\"1024\" height=\"539\" src=\"https:\/\/moverdb.com\/wp-content\/uploads\/Shipping-Container-Costs-from-Curacao-1024x539.png\" alt=\"Laevakonteinerite kulud Cura\u00e7ao (Willemstad) lennujaamas\" class=\"wp-image-4141\" srcset=\"https:\/\/moverdb.com\/wp-content\/uploads\/Shipping-Container-Costs-from-Curacao-1024x539.png 1024w, https:\/\/moverdb.com\/wp-content\/uploads\/Shipping-Container-Costs-from-Curacao-300x158.png 300w, https:\/\/moverdb.com\/wp-content\/uploads\/Shipping-Container-Costs-from-Curacao-1536x809.png 1536w, https:\/\/moverdb.com\/wp-content\/uploads\/Shipping-Container-Costs-from-Curacao-18x9.png 18w, https:\/\/moverdb.com\/wp-content\/uploads\/Shipping-Container-Costs-from-Curacao-600x316.png 600w, https:\/\/moverdb.com\/wp-content\/uploads\/Shipping-Container-Costs-from-Curacao.png 2000w\" sizes=\"auto, (max-width: 1024px) 100vw, 1024px\" \/><\/figure>\n<\/div>\n\n\n<table id=\"tablepress-83\" class=\"tablepress tablepress-id-83\">\n<thead>\n<tr class=\"row-1\">\n\t<th class=\"column-1\">Sihtriik (sadam\/linn)<\/th><th class=\"column-2\">20FT<\/th><th class=\"column-3\">40FT<\/th>\n<\/tr>\n<\/thead>\n<tbody class=\"row-striping row-hover\">\n<tr class=\"row-2\">\n\t<td class=\"column-1\">Andorra (Andorra la Vella)<\/td><td class=\"column-2\">346<\/td><td class=\"column-3\">355<\/td>\n<\/tr>\n<tr class=\"row-3\">\n\t<td class=\"column-1\"><a href=\"https:\/\/moverdb.com\/et\/container-shipping\/antigua-and-barbuda\/\" data-internallinksmanager029f6b8e52c=\"92\" title=\"2023 Mereveo konteinerite veohinnad Antigua ja Barbudalt ja tagasi\">Antigua ja Barbuda (St John's)<\/a><\/td><td class=\"column-2\">605<\/td><td class=\"column-3\">801<\/td>\n<\/tr>\n<tr class=\"row-4\">\n\t<td class=\"column-1\">Austraalia (Sydney)<\/td><td class=\"column-2\">2845<\/td><td class=\"column-3\">EI KOHALDATA<\/td>\n<\/tr>\n<tr class=\"row-5\">\n\t<td class=\"column-1\">Belgia (Antwerpen)<\/td><td class=\"column-2\">979<\/td><td class=\"column-3\">1344<\/td>\n<\/tr>\n<tr class=\"row-6\">\n\t<td class=\"column-1\"><a href=\"https:\/\/moverdb.com\/et\/container-shipping\/brazil\/\" data-internallinksmanager029f6b8e52c=\"98\" title=\"2023 Mereveo konteinerite veohinnad Brasiiliasse ja Brasiiliast\">Brasiilia (Santos)<\/a><\/td><td class=\"column-2\">1567<\/td><td class=\"column-3\">2434<\/td>\n<\/tr>\n<tr class=\"row-7\">\n\t<td class=\"column-1\">Hiina (Shanghai)<\/td><td class=\"column-2\">1012<\/td><td class=\"column-3\">1171<\/td>\n<\/tr>\n<tr class=\"row-8\">\n\t<td class=\"column-1\">Colombia (Barranquilla)<\/td><td class=\"column-2\">968<\/td><td class=\"column-3\">2037<\/td>\n<\/tr>\n<tr class=\"row-9\">\n\t<td class=\"column-1\">Dominikaani Vabariik (Santo Domingo)<\/td><td class=\"column-2\">704<\/td><td class=\"column-3\">1061<\/td>\n<\/tr>\n<tr class=\"row-10\">\n\t<td class=\"column-1\">Haiti (Port-au-Prince)<\/td><td class=\"column-2\">704<\/td><td class=\"column-3\">1061<\/td>\n<\/tr>\n<tr class=\"row-11\">\n\t<td class=\"column-1\">Hongkong (Hongkong)<\/td><td class=\"column-2\">1291<\/td><td class=\"column-3\">1171<\/td>\n<\/tr>\n<tr class=\"row-12\">\n\t<td class=\"column-1\">Indoneesia (Jakarta)<\/td><td class=\"column-2\">1392<\/td><td class=\"column-3\">1413<\/td>\n<\/tr>\n<tr class=\"row-13\">\n\t<td class=\"column-1\"><a href=\"https:\/\/moverdb.com\/et\/container-shipping\/japan\/\" data-internallinksmanager029f6b8e52c=\"131\" title=\"2023 Mereveo konteinerite veohinnad Jaapanisse ja Jaapanist\">Jaapan (Tokyo)<\/a><\/td><td class=\"column-2\">1265<\/td><td class=\"column-3\">1413<\/td>\n<\/tr>\n<tr class=\"row-14\">\n\t<td class=\"column-1\">Luksemburg (Luksemburg)<\/td><td class=\"column-2\">979<\/td><td class=\"column-3\">1344<\/td>\n<\/tr>\n<tr class=\"row-15\">\n\t<td class=\"column-1\">Madalmaad (Rotterdam)<\/td><td class=\"column-2\">979<\/td><td class=\"column-3\">1344<\/td>\n<\/tr>\n<tr class=\"row-16\">\n\t<td class=\"column-1\">Venemaa (Peterburi)<\/td><td class=\"column-2\">1593<\/td><td class=\"column-3\">2018<\/td>\n<\/tr>\n<tr class=\"row-17\">\n\t<td class=\"column-1\">L\u00f5una-Korea (Busan)<\/td><td class=\"column-2\">1076<\/td><td class=\"column-3\">1171<\/td>\n<\/tr>\n<tr class=\"row-18\">\n\t<td class=\"column-1\">Taiwan (Kaohsiung)<\/td><td class=\"column-2\">1076<\/td><td class=\"column-3\">1171<\/td>\n<\/tr>\n<tr class=\"row-19\">\n\t<td class=\"column-1\">Tai (Laem Chabang)<\/td><td class=\"column-2\">1391<\/td><td class=\"column-3\">1413<\/td>\n<\/tr>\n<tr class=\"row-20\">\n\t<td class=\"column-1\">USA (Los Angeles)<\/td><td class=\"column-2\">2068<\/td><td class=\"column-3\">2993<\/td>\n<\/tr>\n<tr class=\"row-21\">\n\t<td class=\"column-1\">USA (New York)<\/td><td class=\"column-2\">1297<\/td><td class=\"column-3\">1383<\/td>\n<\/tr>\n<\/tbody>\n<\/table>\n<!-- #tablepress-83 from cache -->\n\n\n\n<h3 class=\"wp-block-heading\">M\u00e4rkused andmete kohta:<\/h3>\n\n\n\n<ul class=\"wp-block-list\"><li>K\u00f5ik $ arvud on v\u00e4ljendatud USA dollarites (USD);<\/li><li>Hinnad on t\u00e4psed alates 2022. aasta keskpaigast;<\/li><li>Selles artiklis olevad kaardid on loodud kasutades <a href=\"https:\/\/www.mapchart.net\" target=\"_blank\" rel=\"noreferrer noopener\">https:\/\/www.mapchart.net<\/a>. Te v\u00f5ite neid kaarte vabalt jagada, kui te annate lingi, mis viitab tagasi <a href=\"https:\/\/moverdb.com\/et\/\" target=\"_blank\" rel=\"noreferrer noopener\">MoverDB<\/a>;<\/li><li>\u00dclaltoodud m\u00e4\u00e4rad on ainult hinnangulised ja v\u00f5ivad olla muutunud alates k\u00e4esoleva artikli avaldamisest (aprill 2022). Need p\u00f5hinevad k\u00f5ige madalamal hinnangulisel m\u00e4\u00e4ral, mis on saadud kas <a href=\"https:\/\/www.icontainers.com\" target=\"_blank\" rel=\"noreferrer noopener\">https:\/\/www.icontainers.com<\/a> v\u00f5i <a href=\"https:\/\/www.freightos.com\" target=\"_blank\" rel=\"noreferrer noopener\">https:\/\/www.freightos.com<\/a>;<\/li><li>Selleks, et saada t\u00e4psem ettekujutus maksumusest, kasutage palun selle lehek\u00fclje \u00fclaosas olevat hinnapakkumise vormi;<\/li><li>Palun vaadake ka meie juhendit <a href=\"https:\/\/moverdb.com\/et\/konteiner-laevandus\/\" target=\"_blank\" rel=\"noreferrer noopener\">rahvusvaheline konteinervedu<\/a>.<\/li><\/ul>","protected":false},"excerpt":{"rendered":"<p>Cura\u00e7ao is an island country in the Caribbean and a constituent of the Kingdom of the Netherlands. With much to offer, from museums and heritage houses to beaches and coral diving spots, Cura\u00e7ao\u2019s quality of life is of a high standard. Both permanent residents and visitors get to enjoy a life of security, high tolerance, [&hellip;]<\/p>\n","protected":false},"author":2,"featured_media":4140,"parent":44,"menu_order":0,"comment_status":"open","ping_status":"closed","template":"","meta":{"_genesis_hide_title":false,"_genesis_hide_breadcrumbs":false,"_genesis_hide_singular_image":false,"_genesis_hide_footer_widgets":false,"_genesis_custom_body_class":"","_genesis_custom_post_class":"","_genesis_layout":"","footnotes":""},"class_list":{"0":"post-4183","1":"page","2":"type-page","3":"status-publish","4":"has-post-thumbnail","6":"entry"},"_links":{"self":[{"href":"https:\/\/moverdb.com\/et\/wp-json\/wp\/v2\/pages\/4183","targetHints":{"allow":["GET"]}}],"collection":[{"href":"https:\/\/moverdb.com\/et\/wp-json\/wp\/v2\/pages"}],"about":[{"href":"https:\/\/moverdb.com\/et\/wp-json\/wp\/v2\/types\/page"}],"author":[{"embeddable":true,"href":"https:\/\/moverdb.com\/et\/wp-json\/wp\/v2\/users\/2"}],"replies":[{"embeddable":true,"href":"https:\/\/moverdb.com\/et\/wp-json\/wp\/v2\/comments?post=4183"}],"version-history":[{"count":1,"href":"https:\/\/moverdb.com\/et\/wp-json\/wp\/v2\/pages\/4183\/revisions"}],"predecessor-version":[{"id":4184,"href":"https:\/\/moverdb.com\/et\/wp-json\/wp\/v2\/pages\/4183\/revisions\/4184"}],"up":[{"embeddable":true,"href":"https:\/\/moverdb.com\/et\/wp-json\/wp\/v2\/pages\/44"}],"wp:featuredmedia":[{"embeddable":true,"href":"https:\/\/moverdb.com\/et\/wp-json\/wp\/v2\/media\/4140"}],"wp:attachment":[{"href":"https:\/\/moverdb.com\/et\/wp-json\/wp\/v2\/media?parent=4183"}],"curies":[{"name":"wp","href":"https:\/\/api.w.org\/{rel}","templated":true}]}}