{"id":414,"date":"2016-07-03T15:12:27","date_gmt":"2016-07-03T15:12:27","guid":{"rendered":"http:\/\/moverdb.com\/?page_id=414"},"modified":"2026-01-08T14:39:56","modified_gmt":"2026-01-08T14:39:56","slug":"kolimiskulud","status":"publish","type":"page","link":"https:\/\/moverdb.com\/et\/moving-costs\/","title":{"rendered":"Rahvusvahelised kolimiskulud: 9 asja, mida ei saa eirata"},"content":{"rendered":"<p><img loading=\"lazy\" decoding=\"async\" src=\"https:\/\/moverdb.com\/wp-content\/uploads\/International-Moving-Costs.jpg\" alt=\"Rahvusvahelised kolimiskulud\" width=\"720\" height=\"477\" class=\"aligncenter size-full wp-image-780\" srcset=\"https:\/\/moverdb.com\/wp-content\/uploads\/International-Moving-Costs.jpg 720w, https:\/\/moverdb.com\/wp-content\/uploads\/International-Moving-Costs-300x200.jpg 300w, https:\/\/moverdb.com\/wp-content\/uploads\/International-Moving-Costs-600x398.jpg 600w\" sizes=\"auto, (max-width: 720px) 100vw, 720px\" \/><\/p>\n<p>Paljud inimesed, kes kolivad v\u00e4lismaale, on \u00fcllatunud, kui suured v\u00f5ivad olla rahvusvahelised kolimiskulud. J\u00e4rgnevalt vaatleme mitmeid oodatavaid ja ootamatuid kulusid, millega v\u00f5ite kokku puutuda, ning kuidas raha s\u00e4\u00e4sta. <\/p>\n<div id=\"ez-toc-container\" class=\"ez-toc-v2_0_82_2 ez-toc-wrap-left counter-hierarchy ez-toc-counter ez-toc-transparent ez-toc-container-direction\">\n<div class=\"ez-toc-title-container\">\n<p class=\"ez-toc-title\" style=\"cursor:inherit\">Jaotised<\/p>\n<span class=\"ez-toc-title-toggle\"><a href=\"#\" class=\"ez-toc-pull-right ez-toc-btn ez-toc-btn-xs ez-toc-btn-default ez-toc-toggle\" aria-label=\"Sisukorra vaheldumine\"><span class=\"ez-toc-js-icon-con\"><span class=\"\"><span class=\"eztoc-hide\" style=\"display:none;\">Toggle<\/span><span class=\"ez-toc-icon-toggle-span\"><svg style=\"fill: #999;color:#999\" xmlns=\"http:\/\/www.w3.org\/2000\/svg\" class=\"list-377408\" width=\"20px\" height=\"20px\" viewbox=\"0 0 24 24\" fill=\"none\"><path d=\"M6 6H4v2h2V6zm14 0H8v2h12V6zM4 11h2v2H4v-2zm16 0H8v2h12v-2zM4 16h2v2H4v-2zm16 0H8v2h12v-2z\" fill=\"currentColor\"><\/path><\/svg><svg style=\"fill: #999;color:#999\" class=\"arrow-unsorted-368013\" xmlns=\"http:\/\/www.w3.org\/2000\/svg\" width=\"10px\" height=\"10px\" viewbox=\"0 0 24 24\" version=\"1.2\" baseprofile=\"tiny\"><path d=\"M18.2 9.3l-6.2-6.3-6.2 6.3c-.2.2-.3.4-.3.7s.1.5.3.7c.2.2.4.3.7.3h11c.3 0 .5-.1.7-.3.2-.2.3-.5.3-.7s-.1-.5-.3-.7zM5.8 14.7l6.2 6.3 6.2-6.3c.2-.2.3-.5.3-.7s-.1-.5-.3-.7c-.2-.2-.4-.3-.7-.3h-11c-.3 0-.5.1-.7.3-.2.2-.3.5-.3.7s.1.5.3.7z\"\/><\/svg><\/span><\/span><\/span><\/a><\/span><\/div>\n<nav><ul class='ez-toc-list ez-toc-list-level-1 eztoc-toggle-hide-by-default' ><li class='ez-toc-page-1 ez-toc-heading-level-2'><a class=\"ez-toc-link ez-toc-heading-1\" href=\"https:\/\/moverdb.com\/et\/moving-costs\/#1_Moving_Transportation_Costs\" >1. Kolimis- ja transpordikulud<\/a><\/li><li class='ez-toc-page-1 ez-toc-heading-level-2'><a class=\"ez-toc-link ez-toc-heading-2\" href=\"https:\/\/moverdb.com\/et\/moving-costs\/#2_Packing_Unpacking_Costs\" >2. Pakkimise ja lahtipakkimise kulud<\/a><\/li><li class='ez-toc-page-1 ez-toc-heading-level-2'><a class=\"ez-toc-link ez-toc-heading-3\" href=\"https:\/\/moverdb.com\/et\/moving-costs\/#3_Moving_Insurance_Costs\" >3. Liikumise kindlustuskulud<\/a><\/li><li class='ez-toc-page-1 ez-toc-heading-level-2'><a class=\"ez-toc-link ez-toc-heading-4\" href=\"https:\/\/moverdb.com\/et\/moving-costs\/#4_Storage_Costs\" >4. Ladustamiskulud<\/a><\/li><li class='ez-toc-page-1 ez-toc-heading-level-2'><a class=\"ez-toc-link ez-toc-heading-5\" href=\"https:\/\/moverdb.com\/et\/moving-costs\/#5Customs_Duty_Charges_Taxes\" >5.Tollimaksud ja maksud<\/a><\/li><li class='ez-toc-page-1 ez-toc-heading-level-2'><a class=\"ez-toc-link ez-toc-heading-6\" href=\"https:\/\/moverdb.com\/et\/moving-costs\/#6_Visa_Fees\" >6. Viisatasu<\/a><\/li><li class='ez-toc-page-1 ez-toc-heading-level-2'><a class=\"ez-toc-link ez-toc-heading-7\" href=\"https:\/\/moverdb.com\/et\/moving-costs\/#7_Lawyer_Fees\" >7. Advokaaditasud<\/a><\/li><li class='ez-toc-page-1 ez-toc-heading-level-2'><a class=\"ez-toc-link ez-toc-heading-8\" href=\"https:\/\/moverdb.com\/et\/moving-costs\/#8_Housing_Costs\" >8. Eluasemekulud<\/a><\/li><li class='ez-toc-page-1 ez-toc-heading-level-2'><a class=\"ez-toc-link ez-toc-heading-9\" href=\"https:\/\/moverdb.com\/et\/moving-costs\/#9_Other_Costs\" >9. Muud kulud<\/a><\/li><\/ul><\/nav><\/div>\n<h2><span class=\"ez-toc-section\" id=\"1_Moving_Transportation_Costs\"><\/span>1. Kolimis- ja transpordikulud<span class=\"ez-toc-section-end\"><\/span><\/h2>\n<p>Suurim \u00fcksikkulu, millega peate silmitsi seisma, on palgata <a href=\"https:\/\/moverdb.com\/et\/kolimisfirmad\/\">rahvusvaheline kolimisfirma<\/a> et kolida oma kaupu oma majast riigis A oma uude koju riigis B. V\u00f5ite v\u00f5rrelda ettev\u00f5tteid, kasutades \u00fclaltoodud vormi.<\/p>\n<p>Maksumus s\u00f5ltub m\u00f5nest peamisest tegurist:<\/p>\n<ul>\n<li> <strong>Liikumise suurus:<\/strong> Mida suurem on kolimine, seda kallim on see. See kehtib nii kaalu kui ka mahu kohta. Grupiveoteenused v\u00f5ivad seda tasu v\u00e4hendada, kui teil ei ole piisavalt kaupa t\u00e4iskoormuse jaoks.<\/li>\n<li> <strong>Kaugus:<\/strong> Mida kaugemale te peate kolima, seda kallimaks l\u00e4heb see.<\/li>\n<li> <strong>Marsruut:<\/strong> M\u00f5ned sihtkohad on \u00fcsna tavalised ja teised \u00fcsna haruldased. N\u00e4iteks rahvusvahelised kolimised j\u00e4rgmiste sihtkohtade vahel <a href=\"https:\/\/moverdb.com\/et\/moving-to-canada\/\" data-internallinksmanager029f6b8e52c=\"265\" title=\"Kanadasse kolimine? 2023 elamiskulud ja kolimisn\u00f5uanded\">Kanada<\/a> ja <a href=\"https:\/\/moverdb.com\/et\/moving-to-the-united-states\/\" data-internallinksmanager029f6b8e52c=\"94\" title=\"Kolimine Ameerika \u00dchendriikidesse? 2022 Elamiskulud ja kolimisn\u00f5uanded\">Ameerika \u00dchendriigid<\/a> v\u00f5i Euroopa piires on levinud ja need liinid on konkurentsi t\u00f5ttu \u00fcldiselt odavamad kui v\u00e4hem levinud liinid.<\/li>\n<li> <strong>Transpordimeetod:<\/strong> See, millise meetodi te valite oma kauba \u00fcmberpaigutamiseks, on suur tegur l\u00f5pphinnas, mida te maksate. Meretransport on k\u00f5ige odavam variant, samas kui \u00f5hutranspordi puhul on see k\u00f5ige kallim. Veoautod teostavad peaaegu alati iga kolimise esimese ja viimase etapi, olenemata vahepealsetest meetoditest.<\/li>\n<\/ul>\n<p>Arvestades, et meretransport on k\u00f5ige odavam variant, p\u00fc\u00fcavad m\u00f5ned inimesed minna otse koos <a href=\"https:\/\/moverdb.com\/et\/laevandusfirmad\/\">rahvusvaheline laevandusettev\u00f5te<\/a>. Kuigi see v\u00f5ib m\u00f5nikord olla odavam, ei ole enamik neist ettev\u00f5tetest tegelikult loodud koduste kolimiste jaoks, vaid tegelevad peamiselt <a href=\"https:\/\/moverdb.com\/et\/ekspediitor\/\">kaubaveo<\/a>.    <\/p>\n<p>Et paremini m\u00f5ista kolimis- ja transpordikulusid, v\u00f5ite lugeda ka meie juhendit, mis k\u00e4sitleb <a href=\"https:\/\/moverdb.com\/et\/konteiner-laevandus\/\">Rahvusvaheliste konteinerite veokulud<\/a> v\u00f5i h\u00fcpata otse saada <a href=\"https:\/\/moverdb.com\/et\/tsitaadid\/\">rahvusvahelised liikuvad hinnapakkumised<\/a>.<\/p>\n<p><strong>T\u00fc\u00fcpilised kulud:<\/strong> Alates <strong>$1,000<\/strong> USD (\u00a3750; \u20ac900) ja v\u00f5ib kergesti \u00fcletada $10,000 pikamaakolimiste puhul v\u00e4lismaale.<\/p>\n<h2><span class=\"ez-toc-section\" id=\"2_Packing_Unpacking_Costs\"><\/span>2. Pakkimise ja lahtipakkimise kulud<span class=\"ez-toc-section-end\"><\/span><\/h2>\n<p>Kuigi mitte k\u00f5ik <a href=\"https:\/\/moverdb.com\/et\/moving-companies\/\" data-internallinksmanager029f6b8e52c=\"79\" title=\"Top 25 rahvusvahelist kolimisfirmat Internetis\">kolimisfirmad<\/a> v\u00f5tavad pakkimise ja lahtipakkimise eest lisatasu, paljud teevad seda. S\u00f5ltuvalt riigist, kuhu te kolite, ei pruugi teil olla valikut selle kulu kandmiseks. P\u00f5hjuseks on see, et m\u00f5ne riigi tollidokumentide kohaselt peab kolimisfirma vastutama imporditavate kaupade eest ja tagama, et midagi ebaseaduslikku ei veeta.<\/p>\n<p>Ebaseaduslikud esemed h\u00f5lmavad ilmselgeid asju, nagu narkootikumid ja relvad, kuid v\u00f5ivad h\u00f5lmata ka asju, millest te v\u00f5ib-olla ei ole teadlikud, n\u00e4iteks teatud taimi v\u00f5i loomi. Seadust rikkuvatele kolimisettev\u00f5tetele v\u00f5idakse m\u00e4\u00e4rata trahve v\u00f5i kaotada nende tegevusluba ja seega ka v\u00f5imalus tegutseda k\u00f5nealuses riigis.<\/p>\n<p>Kui soovite seda kulu v\u00e4ltida v\u00f5i v\u00e4hendada, r\u00e4\u00e4kige kindlasti oma kolijaga ja uurige, kas te saate midagi teha. M\u00f5nikord saate raha s\u00e4\u00e4sta, kui pakite asjad ise, kuid j\u00e4tate kastid avatuks, et nad saaksid neid kontrollida. Ja te v\u00f5ite alati s\u00e4\u00e4sta raha ka teisest k\u00fcljest, kui otsustate asjad uues kodus ise lahti pakkida. <\/p>\n<p>L\u00f5petuseks, pidage meeles, et pakkimismaterjalide, n\u00e4iteks kastide, mullpakendi ja teibi eest tasumisest ei saa kuidagi m\u00f6\u00f6da minna. <\/p>\n<p><strong>T\u00fc\u00fcpilised kulud:<\/strong> Alates <strong>$100<\/strong> USD (\u00a375, \u20ac90), kuid tavaliselt m\u00f5nisada dollarit.    <\/p>\n<h2><span class=\"ez-toc-section\" id=\"3_Moving_Insurance_Costs\"><\/span>3. Liikumise kindlustuskulud<span class=\"ez-toc-section-end\"><\/span><\/h2>\n<p>M\u00f5ned kolimisfirmad lisavad kindlustuse oma hinnapakkumisse, kuid mitte k\u00f5ik. Kontrollige kindlasti, mida kindlustus t\u00e4pselt katab ja mida mitte. <\/p>\n<p>Kui teie kaubad saadetakse meritsi, peaksite veenduma, et teil on olemas mingi merekindlustus. \u00dcksk\u00f5ik, mida te ka ei soovi, et kindlustus kataks kogu teie kauba kaotuse, varguse ja\/v\u00f5i kahjustuse v\u00e4\u00e4rtuse.   <\/p>\n<p><strong>T\u00fc\u00fcpilised kulud:<\/strong> Alates <strong>$100<\/strong> USD (75 \u00a3, 90 \u20ac), kuid see v\u00f5ib olla palju k\u00f5rgem, kui veetakse k\u00f5rge v\u00e4\u00e4rtusega, ebatavalisi ja\/v\u00f5i haruldasi kaupu.<\/p>\n<h2><span class=\"ez-toc-section\" id=\"4_Storage_Costs\"><\/span>4. Ladustamiskulud<span class=\"ez-toc-section-end\"><\/span><\/h2>\n<p>V\u00e4lismaale kolimise korral v\u00f5ib juhtuda, et peate lisaks tavalistele kolimiskuludele maksma ka ladustamise eest. Selle p\u00f5hjuseks on asjaolu, et teie kolimise kuup\u00e4eva v\u00f5ib olla raske koosk\u00f5lastada transpordikuup\u00e4evadega, mida kasutavad <a href=\"https:\/\/moverdb.com\/et\/container-shipping\/\" data-internallinksmanager029f6b8e52c=\"3\" title=\"Rahvusvaheliste konteinerite veohindade graafik: aprill 2026\">rahvusvaheline laevandus<\/a> ettev\u00f5tted. <\/p>\n<p>Seega, kui teie kaup ei ole transpordis, tuleb seda kusagil ladustada. Pidage seda kindlasti meeles, kui m\u00e4\u00e4rate ootusi selle kohta, millal teie kaup kohale j\u00f5uab.<\/p>\n<p>Samuti v\u00f5ite hoida oma kaupu laos, kuni otsite elamispinda oma uues riigis. V\u00f5i v\u00f5ite lihtsalt maksta asjade hoiustamise eest kuni tagasitulekuni, kui te eeldate, et tegemist on ajutise kolimisega.  <\/p>\n<p><strong>T\u00fc\u00fcpilised kulud:<\/strong> Alates <strong>$100<\/strong> USD (\u00a375, \u20ac90) kuus v\u00e4ikese \u00fche- v\u00f5i kahekohalise korteri eest ja hinnad v\u00f5ivad sealt edasi t\u00f5usta. \u00d5nneks on selles valdkonnas \u00fcsna suur konkurents, mis aitab hindu madalal hoida. <\/p>\n<h2><span class=\"ez-toc-section\" id=\"5Customs_Duty_Charges_Taxes\"><\/span>5.Tollimaksud ja maksud<span class=\"ez-toc-section-end\"><\/span><\/h2>\n<p>Teine v\u00e4ike kulu, mida enne kolimist uurida, on selle riigi tollimaksud, kuhu te kolidate. M\u00f5nes riigis, n\u00e4iteks Ameerika \u00dchendriikides, on lubatud enamikku koduseks kasutamiseks m\u00f5eldud kaupu vedada tollimaksuvabalt. <\/p>\n<p>samas kui sellised riigid nagu <a href=\"https:\/\/moverdb.com\/et\/moving-to-the-uk\/\" data-internallinksmanager029f6b8e52c=\"93\" title=\"Kolimine \u00dchendkuningriiki? 2022 Elamiskulud ja kolimisn\u00f5uanded\">\u00dchendkuningriik<\/a> on keerulisemad eeskirjad, mis s\u00f5ltuvad sellest, kust te liigute. N\u00e4iteks ELi siseselt toimuvad kolimised (k\u00e4esoleva artikli kirjutamise ajal) on tollimaksuvabad, samas kui v\u00e4ljastpoolt ELi toimuvad kolimised v\u00f5ivad kaasa tuua tollimaksu ja makse, mille suhtes v\u00f5ite taotleda maksuvabastust. <\/p>\n<p>Enamasti v\u00f5etakse tolli- ja tollimaksud kaupade v\u00e4\u00e4rtuse alusel. <\/p>\n<p><strong>T\u00fc\u00fcpilised kulud:<\/strong> S\u00f5ltuvalt kaasa v\u00f5etavate kaupade v\u00e4\u00e4rtusest ja t\u00fc\u00fcbist v\u00f5ib see olla tasuta v\u00f5i peaaegu piiramatu. <\/p>\n<h2><span class=\"ez-toc-section\" id=\"6_Visa_Fees\"><\/span>6. Viisatasu<span class=\"ez-toc-section-end\"><\/span><\/h2>\n<p>Kui asute t\u00f6\u00f6le v\u00f5i \u00f5ppima teise riiki, peate tavaliselt taotlema viisat, v\u00e4lja arvatud juhul, kui asute elama ELi piires, mis v\u00f5imaldab teil liikuda \u00fchest riigist teise viisavabalt. T\u00f6\u00f6- ja \u00f5ppimisviisa n\u00f5uab peaaegu alati palju paberimajandust ja m\u00f5nikord \u00fcsna suurte tasude maksmist. <\/p>\n<p>N\u00e4iteks \u00dchendkuningriigis maksavad m\u00f5ned viisad \u00fcle 1000 naelsterlingi ($1 300 USD; 1200 eurot). Ja pidage meeles, et seda tasu tuleb maksta iga kord, kui te oma viisat uuendate. See v\u00f5ib teie kogukulusid m\u00e4rkimisv\u00e4\u00e4rselt suurendada ja seda peaksite arvestama oma eelarves.<\/p>\n<p><strong>T\u00fc\u00fcpilised kulud:<\/strong> ELis on see tasuta ja riigiti erinev, kuid v\u00f5ib ulatuda mitme tuhande dollarini \u00fche viisa kohta.<\/p>\n<h2><span class=\"ez-toc-section\" id=\"7_Lawyer_Fees\"><\/span>7. Advokaaditasud<span class=\"ez-toc-section-end\"><\/span><\/h2>\n<p>\u00dcldiselt saab viisasid ja muid tollidokumente t\u00e4ita ise, kasutades selleks veidi uurimist\u00f6\u00f6d internetis, kasutades oma koduriigi ja selle riigi valitsuse veebisaite, kuhu kavatsete kolida. <\/p>\n<p>Paljud inimesed tunnevad end siiski mugavamalt, kui nad kasutavad advokaati, et lahendada rahvusvaheliste kolimiste m\u00f5nikord \u00e4\u00e4rmiselt keerulist maailma. <\/p>\n<p>Seet\u00f5ttu otsustavad paljud inimesed palgata advokaadi, kes t\u00e4idab k\u00f5ik vajalikud paberid, selle asemel et ise asju ajada. Kuigi see v\u00f5ib anda meelerahu, v\u00f5ib sellega kaasneda \u00fcsna suur kulu. <\/p>\n<p><strong>T\u00fc\u00fcpilised kulud:<\/strong> Riigiti v\u00e4ga erinev, tavaliselt algavad hinnad v\u00e4hemalt alates <strong>$100USD\/tunnis<\/strong> (\u00a375, \u20ac90), kusjuures \u00fcldiste teenuste eest makstavad kindla suurusega tasud v\u00f5ivad kergesti t\u00f5usta \u00fcle <strong>$1,000 USD<\/strong> isegi k\u00f5ige elementaarsemate teenuste puhul.  <\/p>\n<h2><span class=\"ez-toc-section\" id=\"8_Housing_Costs\"><\/span>8. Eluasemekulud<span class=\"ez-toc-section-end\"><\/span><\/h2>\n<p>T\u00f5en\u00e4oliselt on teie suurim kulu uues riigis eluase. Olge aga teadlik, et elamispindade korraldus ning sellega seotud maksud ja tasud v\u00f5ivad riigiti suuresti erineda. <\/p>\n<p>N\u00e4iteks Ameerika \u00dchendriikides on kinnisvarahinnad v\u00e4ljaspool suuri rannikulinnu \u00e4\u00e4rmiselt madalad. Siiski peate igal aastal maksma kinnisvaramaksu, mis p\u00f5hineb teie kinnisvara v\u00e4\u00e4rtusel, kuid ainult siis, kui te olete omanik. Need ulatuvad 0,28% alates 0,28% aastal <a href=\"https:\/\/moverdb.com\/et\/moving-to-the-united-states\/moving-to-hawaii\/\" data-internallinksmanager029f6b8e52c=\"403\" title=\"Kolimine Hawaiile? 2023 elamiskulud ja kolimisn\u00f5uanded\">Hawaii<\/a> kuni 2,29% aastal <a href=\"https:\/\/moverdb.com\/et\/moving-to-the-united-states\/moving-to-new-jersey\/\" data-internallinksmanager029f6b8e52c=\"417\" title=\"Kolimine New Jersey&#039;sse? 2023 elamiskulud ja kolimisn\u00f5uanded\">New Jersey<\/a>.<\/p>\n<p>Teisalt ei ole sellistes riikides nagu \u00dchendkuningriik otseseid omandimakse. Selle asemel maksate te <a href=\"https:\/\/www.gov.uk\/stamp-duty-land-tax\/residential-property-rates\" target=\"_blank\" rel=\"noopener\">tempelmaks<\/a> ostes portsu, mis v\u00f5ib olla kuni 12% ostuhinnast (ostja maksab kogu tasu, m\u00fc\u00fcja mitte). Lisaks peavad nii koduomanikud kui ka \u00fc\u00fcrnikud maksma <a href=\"https:\/\/www.gov.uk\/council-tax\/working-out-your-council-tax\" target=\"_blank\" rel=\"noopener\">riigil\u00f5iv<\/a> igal aastal vara v\u00e4\u00e4rtuse alusel 1991. aastal. Keskmiselt on see umbes 1200 naelsterlingit ($1 600 USD; 1400 eurot) aastas.<\/p>\n<p>Seet\u00f5ttu \u00e4rge vaadake eluasemete puhul ainult kinnisvara ostu- ja\/v\u00f5i \u00fc\u00fcrihinda. Veenduge, et saate aru k\u00f5igist tasudest, l\u00f5ivudest ja maksudest, mida te peate maksma, arvestades kasutatava eluaseme t\u00fc\u00fcpi, asukohta ja \u00fc\u00fcrilepingut. <\/p>\n<p><strong>T\u00fc\u00fcpilised kulud:<\/strong> S\u00f5ltub t\u00e4ielikult riigist, kuid maksud on tavaliselt v\u00e4hemalt $1 000 USD aastas ja v\u00f5ivad olla oluliselt k\u00f5rgemad riikides, kus kehtib protsendip\u00f5hine kinnisvaramaks.    <\/p>\n<h2><span class=\"ez-toc-section\" id=\"9_Other_Costs\"><\/span>9. Muud kulud<span class=\"ez-toc-section-end\"><\/span><\/h2>\n<p>L\u00f5puks, kui te liigute rahvusvaheliselt, peate arvestama paljude muude v\u00e4ikeste ja mitte nii v\u00e4ikeste tasude ja kuludega. Nende hulka v\u00f5ivad kuuluda n\u00e4iteks uue m\u00f6\u00f6bli ostmine, kui te kolite riigist, kus m\u00f6bleeritud korterid on tavalised, sellistesse riikidesse nagu USA v\u00f5i Kanada, kus see on haruldane.<\/p>\n<p>Isegi kui teil on oma m\u00f6\u00f6bel, v\u00f5ite leida, et teil on vaja osta uusi seadmeid, sest eri riikides kasutatakse erinevaid pingeid ja\/v\u00f5i on erinevad pistikud. Vale seadmet\u00fc\u00fcbi kasutamine v\u00f5ib kahjustada teie elektris\u00fcsteemi, seega kontrollige seda alati enne kolimist. <\/p>\n<p>Samuti v\u00f5ite vajada uusi riideid, kui liigute k\u00fclma ilmaga piirkonnast sooja ilmaga piirkonda v\u00f5i vastupidi. Sellist t\u00fc\u00fcpi kulude kohta on k\u00f5ige parem, kui te saate rohkem teavet konkreetse riigi kohta, kuhu te kolite.<\/p>\n<p>Seep\u00e4rast oleme koostanud m\u00f5ned konkreetsed riigijuhised, mis peaksid aitama teil saada rohkem teavet selle riigi kulude kohta, kuhu te kavatsete kolida.   <\/p>","protected":false},"excerpt":{"rendered":"<p>Many people who move abroad are surprised a just how high international moving costs can be. Below we look at many of the expected and unexpected expenses you may face and how to save money. 1. Moving &#038; Transportation Costs The biggest single expense you&#8217;ll face is hiring an international moving company to move your [&hellip;]<\/p>\n","protected":false},"author":1,"featured_media":780,"parent":0,"menu_order":0,"comment_status":"closed","ping_status":"closed","template":"","meta":{"_genesis_hide_title":false,"_genesis_hide_breadcrumbs":false,"_genesis_hide_singular_image":false,"_genesis_hide_footer_widgets":false,"_genesis_custom_body_class":"","_genesis_custom_post_class":"","_genesis_layout":"","footnotes":""},"class_list":{"0":"post-414","1":"page","2":"type-page","3":"status-publish","4":"has-post-thumbnail","6":"entry"},"_links":{"self":[{"href":"https:\/\/moverdb.com\/et\/wp-json\/wp\/v2\/pages\/414","targetHints":{"allow":["GET"]}}],"collection":[{"href":"https:\/\/moverdb.com\/et\/wp-json\/wp\/v2\/pages"}],"about":[{"href":"https:\/\/moverdb.com\/et\/wp-json\/wp\/v2\/types\/page"}],"author":[{"embeddable":true,"href":"https:\/\/moverdb.com\/et\/wp-json\/wp\/v2\/users\/1"}],"replies":[{"embeddable":true,"href":"https:\/\/moverdb.com\/et\/wp-json\/wp\/v2\/comments?post=414"}],"version-history":[{"count":15,"href":"https:\/\/moverdb.com\/et\/wp-json\/wp\/v2\/pages\/414\/revisions"}],"predecessor-version":[{"id":13165,"href":"https:\/\/moverdb.com\/et\/wp-json\/wp\/v2\/pages\/414\/revisions\/13165"}],"wp:featuredmedia":[{"embeddable":true,"href":"https:\/\/moverdb.com\/et\/wp-json\/wp\/v2\/media\/780"}],"wp:attachment":[{"href":"https:\/\/moverdb.com\/et\/wp-json\/wp\/v2\/media?parent=414"}],"curies":[{"name":"wp","href":"https:\/\/api.w.org\/{rel}","templated":true}]}}