{"id":4126,"date":"2022-06-07T21:11:54","date_gmt":"2022-06-07T21:11:54","guid":{"rendered":"https:\/\/moverdb.com\/?page_id=4126"},"modified":"2026-01-08T14:38:32","modified_gmt":"2026-01-08T14:38:32","slug":"kajmani-saared","status":"publish","type":"page","link":"https:\/\/moverdb.com\/et\/container-shipping\/cayman-islands\/","title":{"rendered":"2023 Mereveo konteinerite veohinnad Kaimanisaartele ja Kaimanisaartelt"},"content":{"rendered":"<div class=\"wp-block-image\">\n<figure class=\"aligncenter size-full\"><img loading=\"lazy\" decoding=\"async\" width=\"1000\" height=\"668\" src=\"https:\/\/moverdb.com\/wp-content\/uploads\/cayman-islands.jpg\" alt=\"Ranna\u00e4\u00e4rsed kinnistud ja palmid Kaimanisaartel\" class=\"wp-image-4095\" srcset=\"https:\/\/moverdb.com\/wp-content\/uploads\/cayman-islands.jpg 1000w, https:\/\/moverdb.com\/wp-content\/uploads\/cayman-islands-300x200.jpg 300w, https:\/\/moverdb.com\/wp-content\/uploads\/cayman-islands-18x12.jpg 18w, https:\/\/moverdb.com\/wp-content\/uploads\/cayman-islands-600x401.jpg 600w\" sizes=\"auto, (max-width: 1000px) 100vw, 1000px\" \/><\/figure>\n<\/div>\n\n\n<p>The <strong><a href=\"https:\/\/moverdb.com\/et\/moving-to-cayman-islands\/\" data-internallinksmanager029f6b8e52c=\"425\" title=\"Kolimine Kaimanisaartele? 2023 elamiskulud ja kolimisn\u00f5uanded\">Kaimanisaared<\/a><\/strong> on kergesti ligip\u00e4\u00e4setav paradiis nagu ka \u00fclej\u00e4\u00e4nud Kariibi mere kaunid riigid. Tegelikult on kolm Kaimanisaart, mis k\u00f5ik on kaunistatud hingematvate randade, palmide ja puutumatute laguunidega.<\/p>\n\n\n\n<p>See v\u00e4ike riik sobib ideaalselt k\u00f5igile, kes soovivad nautida oma elu ja samal ajal t\u00f6\u00f6tada, sest see koht on tuntud oma paindliku t\u00f6\u00f6kultuuri ja \u00fcksikisiku tulumaksu puudumise poolest. Kaimanisaartel elamise plussideks on ka suurep\u00e4rane elukvaliteet ja suuremate transiidikeskuste l\u00e4hedus.<\/p>\n\n\n\n<p>Kui te plaanite oma suuremat kolimist sellesse riiki, siis oleks teile v\u00e4ga kasulik teada saada, millised on teie isiklike ja koduste asjade transpordi kulud sinna.<\/p>\n\n\n\n<p>Kaimanisaared <a href=\"https:\/\/moverdb.com\/et\/container-shipping\/\" data-internallinksmanager029f6b8e52c=\"3\" title=\"Rahvusvaheliste konteinerite veohindade graafik: mai 2026\">konteinerite veohinnad<\/a> mis on kokku pandud selles artiklis on madalaimad, mida sealt leida v\u00f5ib, seega vaadake kindlasti allpool olevaid graafikuid ja m\u00e4rkige, et <a href=\"https:\/\/moverdb.com\/et\/top-49-container-ports\/\" data-internallinksmanager029f6b8e52c=\"80\" title=\"Top 49 suurimat ja tihedaima liiklusega konteinersadamat 2025. aastal\">sadam<\/a> teile k\u00f5ige l\u00e4hemal asuv linn. Kui vajate t\u00e4pset hinnapakkumist, kasutage palun kohandatud hinnapakkumise t\u00f6\u00f6riista, mida pakub <a href=\"https:\/\/moverdb.com\/et\/\">MoverDB<\/a>.<\/p>\n\n\n\n<h2 class=\"wp-block-heading\">Laevakonteinerite kulud Kaimanisaartele (George Town)<\/h2>\n\n\n<div class=\"wp-block-image\">\n<figure class=\"aligncenter size-large\"><img loading=\"lazy\" decoding=\"async\" width=\"1024\" height=\"539\" src=\"https:\/\/moverdb.com\/wp-content\/uploads\/Shipping-Container-Costs-to-Cayman-Islands-1024x539.png\" alt=\"Laevakonteinerite kulud Kaimanisaartele (George Town)\" class=\"wp-image-4097\" srcset=\"https:\/\/moverdb.com\/wp-content\/uploads\/Shipping-Container-Costs-to-Cayman-Islands-1024x539.png 1024w, https:\/\/moverdb.com\/wp-content\/uploads\/Shipping-Container-Costs-to-Cayman-Islands-300x158.png 300w, https:\/\/moverdb.com\/wp-content\/uploads\/Shipping-Container-Costs-to-Cayman-Islands-1536x809.png 1536w, https:\/\/moverdb.com\/wp-content\/uploads\/Shipping-Container-Costs-to-Cayman-Islands-18x9.png 18w, https:\/\/moverdb.com\/wp-content\/uploads\/Shipping-Container-Costs-to-Cayman-Islands-600x316.png 600w, https:\/\/moverdb.com\/wp-content\/uploads\/Shipping-Container-Costs-to-Cayman-Islands.png 2000w\" sizes=\"auto, (max-width: 1024px) 100vw, 1024px\" \/><\/figure>\n<\/div>\n\n\n<table id=\"tablepress-79\" class=\"tablepress tablepress-id-79\">\n<thead>\n<tr class=\"row-1\">\n\t<th class=\"column-1\">Sihtriik (sadam\/linn)<\/th><th class=\"column-2\">20FT<\/th><th class=\"column-3\">40FT<\/th>\n<\/tr>\n<\/thead>\n<tbody class=\"row-striping row-hover\">\n<tr class=\"row-2\">\n\t<td class=\"column-1\"><a href=\"https:\/\/moverdb.com\/et\/container-shipping\/andorra\/\" data-internallinksmanager029f6b8e52c=\"88\" title=\"2023 Mereveo konteinerite veohinnad Andorrast ja Andorrast\">Andorra (Andorra la Vella)<\/a><\/td><td class=\"column-2\">1868<\/td><td class=\"column-3\">3171<\/td>\n<\/tr>\n<tr class=\"row-3\">\n\t<td class=\"column-1\"><a href=\"https:\/\/moverdb.com\/et\/container-shipping\/argentina\/\" data-internallinksmanager029f6b8e52c=\"91\" title=\"2023 Mereveo konteinerite veohinnad Argentinasse ja Argentinast\">Argentina (Buenos Aires)<\/a><\/td><td class=\"column-2\">3728<\/td><td class=\"column-3\">4313<\/td>\n<\/tr>\n<tr class=\"row-4\">\n\t<td class=\"column-1\"><a href=\"https:\/\/moverdb.com\/et\/container-shipping\/australia\/\" data-internallinksmanager029f6b8e52c=\"89\" title=\"2026 Konteinerite veohinnad Austraaliasse ja Austraaliast\">Austraalia (Sydney)<\/a><\/td><td class=\"column-2\">EI KOHALDATA<\/td><td class=\"column-3\">12406<\/td>\n<\/tr>\n<tr class=\"row-5\">\n\t<td class=\"column-1\"><a href=\"https:\/\/moverdb.com\/et\/container-shipping\/austria\/\" data-internallinksmanager029f6b8e52c=\"95\" title=\"2023 Mereveo konteineri veohinnad Austriasse ja Austriast\">Austria (Viin)<\/a><\/td><td class=\"column-2\">EI KOHALDATA<\/td><td class=\"column-3\">3739<\/td>\n<\/tr>\n<tr class=\"row-6\">\n\t<td class=\"column-1\"><a href=\"https:\/\/moverdb.com\/et\/container-shipping\/bahrain\/\" data-internallinksmanager029f6b8e52c=\"96\" title=\"2023 Mereveo konteinerite veohinnad Bahreinist ja Bahreinisse\">Bahrein (Manama)<\/a><\/td><td class=\"column-2\">EI KOHALDATA<\/td><td class=\"column-3\">12306<\/td>\n<\/tr>\n<tr class=\"row-7\">\n\t<td class=\"column-1\"><a href=\"https:\/\/moverdb.com\/et\/container-shipping\/belgium\/\" data-internallinksmanager029f6b8e52c=\"86\" title=\"2023 Mereveo konteinerite veohinnad Belgiasse ja Belgiast\">Belgia (Antwerpen)<\/a><\/td><td class=\"column-2\">2643<\/td><td class=\"column-3\">4077<\/td>\n<\/tr>\n<tr class=\"row-8\">\n\t<td class=\"column-1\"><a href=\"https:\/\/moverdb.com\/et\/container-shipping\/belize\/\" data-internallinksmanager029f6b8e52c=\"137\" title=\"2023 Mereveo konteinerite veohinnad Belize&#039;ile ja Belize&#039;ist\">Belize (Belize City)<\/a><\/td><td class=\"column-2\">2448<\/td><td class=\"column-3\">2804<\/td>\n<\/tr>\n<tr class=\"row-9\">\n\t<td class=\"column-1\"><a href=\"https:\/\/moverdb.com\/et\/container-shipping\/brazil\/\" data-internallinksmanager029f6b8e52c=\"98\" title=\"2023 Mereveo konteinerite veohinnad Brasiiliasse ja Brasiiliast\">Brasiilia (Santos)<\/a><\/td><td class=\"column-2\">3728<\/td><td class=\"column-3\">4327<\/td>\n<\/tr>\n<tr class=\"row-10\">\n\t<td class=\"column-1\"><a href=\"https:\/\/moverdb.com\/et\/container-shipping\/cambodia\/\" data-internallinksmanager029f6b8e52c=\"101\" title=\"2023 Mereveo konteinerite veohinnad Kambod\u017easse ja Kambod\u017east\">Kambod\u017ea (Sihanoukville)<\/a><\/td><td class=\"column-2\">7606<\/td><td class=\"column-3\">8276<\/td>\n<\/tr>\n<tr class=\"row-11\">\n\t<td class=\"column-1\"><a href=\"https:\/\/moverdb.com\/et\/container-shipping\/china\/\" data-internallinksmanager029f6b8e52c=\"105\" title=\"2023 Mereveo konteinerite veohinnad Hiinasse ja Hiinast\">Hiina (Peking)<\/a><\/td><td class=\"column-2\">6757<\/td><td class=\"column-3\">7134<\/td>\n<\/tr>\n<tr class=\"row-12\">\n\t<td class=\"column-1\">Hiina (Shanghai)<\/td><td class=\"column-2\">6696<\/td><td class=\"column-3\">7077<\/td>\n<\/tr>\n<tr class=\"row-13\">\n\t<td class=\"column-1\"><a href=\"https:\/\/moverdb.com\/et\/container-shipping\/germany\/\" data-internallinksmanager029f6b8e52c=\"118\" title=\"2023 Mereveo konteinerite veohinnad Saksamaale ja Saksamaalt\">Saksamaa (Hamburg)<\/a><\/td><td class=\"column-2\">2643<\/td><td class=\"column-3\">4077<\/td>\n<\/tr>\n<tr class=\"row-14\">\n\t<td class=\"column-1\"><a href=\"https:\/\/moverdb.com\/et\/container-shipping\/greece\/\" data-internallinksmanager029f6b8e52c=\"120\" title=\"2023 Mereveo konteinerite veohinnad Kreekasse ja Kreekast\">Kreeka (Piraeus)<\/a><\/td><td class=\"column-2\">4664<\/td><td class=\"column-3\">8058<\/td>\n<\/tr>\n<tr class=\"row-15\">\n\t<td class=\"column-1\"><a href=\"https:\/\/moverdb.com\/et\/container-shipping\/guernsey\/\" data-internallinksmanager029f6b8e52c=\"121\" title=\"2023 Mereveo konteinerite veohinnad Guernsey&#039;sse ja sealt v\u00e4lja\">Guernsey (St Peter Port)<\/a><\/td><td class=\"column-2\">3704<\/td><td class=\"column-3\">5620<\/td>\n<\/tr>\n<tr class=\"row-16\">\n\t<td class=\"column-1\"><a href=\"https:\/\/moverdb.com\/et\/container-shipping\/hong-kong\/\" data-internallinksmanager029f6b8e52c=\"123\" title=\"2023 Mereveo konteinerite veohinnad Hongkongi ja Hongkongist\">Hongkong (Hongkong)<\/a><\/td><td class=\"column-2\">6696<\/td><td class=\"column-3\">7077<\/td>\n<\/tr>\n<tr class=\"row-17\">\n\t<td class=\"column-1\"><a href=\"https:\/\/moverdb.com\/et\/container-shipping\/indonesia\/\" data-internallinksmanager029f6b8e52c=\"126\" title=\"2023 Mereveo konteinerite veohinnad Indoneesiasse ja Indoneesiast\">Indoneesia (Jakarta)<\/a><\/td><td class=\"column-2\">7295<\/td><td class=\"column-3\">7762<\/td>\n<\/tr>\n<tr class=\"row-18\">\n\t<td class=\"column-1\"><a href=\"https:\/\/moverdb.com\/et\/container-shipping\/isle-of-man\/\" data-internallinksmanager029f6b8e52c=\"128\" title=\"2023 Mereveo konteinerite veohinnad Mani saarele ja saarelt\">Mani saar (Douglas)<\/a><\/td><td class=\"column-2\">3718<\/td><td class=\"column-3\">5641<\/td>\n<\/tr>\n<tr class=\"row-19\">\n\t<td class=\"column-1\"><a href=\"https:\/\/moverdb.com\/et\/container-shipping\/jersey\/\" data-internallinksmanager029f6b8e52c=\"132\" title=\"2023 Mereveo konteinerite veohinnad Jersey&#039;sse ja sealt v\u00e4lja\">Jersey (St Helier)<\/a><\/td><td class=\"column-2\">3704<\/td><td class=\"column-3\">5620<\/td>\n<\/tr>\n<tr class=\"row-20\">\n\t<td class=\"column-1\"><a href=\"https:\/\/moverdb.com\/et\/container-shipping\/luxembourg\/\" data-internallinksmanager029f6b8e52c=\"146\" title=\"2023 Mereveo konteinerite veohinnad Luksemburgi ja Luksemburgist\">Luksemburg (Luksemburg)<\/a><\/td><td class=\"column-2\">2639<\/td><td class=\"column-3\">4071<\/td>\n<\/tr>\n<tr class=\"row-21\">\n\t<td class=\"column-1\"><a href=\"https:\/\/moverdb.com\/et\/container-shipping\/malaysia\/\" data-internallinksmanager029f6b8e52c=\"148\" title=\"2023 Mereveo konteinerite veohinnad Malaisiasse ja Malaisiast\">Malaisia (Port Kelang)<\/a><\/td><td class=\"column-2\">7354<\/td><td class=\"column-3\">7762<\/td>\n<\/tr>\n<tr class=\"row-22\">\n\t<td class=\"column-1\"><a href=\"https:\/\/moverdb.com\/et\/container-shipping\/netherlands\/\" data-internallinksmanager029f6b8e52c=\"151\" title=\"2023 Mereveo konteinerite veohinnad Hollandisse ja Hollandist\">Madalmaad (Rotterdam)<\/a><\/td><td class=\"column-2\">2643<\/td><td class=\"column-3\">4077<\/td>\n<\/tr>\n<tr class=\"row-23\">\n\t<td class=\"column-1\"><a href=\"https:\/\/moverdb.com\/et\/container-shipping\/philippines\/\" data-internallinksmanager029f6b8e52c=\"156\" title=\"2023 Mereveo konteinerite veohinnad Filipiinidele ja Filipiinidelt\">Filipiinid (Manila)<\/a><\/td><td class=\"column-2\">7438<\/td><td class=\"column-3\">7933<\/td>\n<\/tr>\n<tr class=\"row-24\">\n\t<td class=\"column-1\"><a href=\"https:\/\/moverdb.com\/et\/container-shipping\/russia\/\" data-internallinksmanager029f6b8e52c=\"160\" title=\"2023 Mereveo konteinerite veohinnad Venemaale ja Venemaalt\">Venemaa (Peterburi)<\/a><\/td><td class=\"column-2\">2087<\/td><td class=\"column-3\">3243<\/td>\n<\/tr>\n<tr class=\"row-25\">\n\t<td class=\"column-1\"><a href=\"https:\/\/moverdb.com\/et\/container-shipping\/saudi-arabia\/\" data-internallinksmanager029f6b8e52c=\"178\" title=\"2023 Mereveo konteinerite veohinnad Saudi Araabiasse ja Saudi Araabiast\">Saudi Araabia (Jeddah)<\/a><\/td><td class=\"column-2\">4098<\/td><td class=\"column-3\">5198<\/td>\n<\/tr>\n<tr class=\"row-26\">\n\t<td class=\"column-1\"><a href=\"https:\/\/moverdb.com\/et\/container-shipping\/singapore\/\" data-internallinksmanager029f6b8e52c=\"179\" title=\"2023 Mereveo konteinerite veohinnad Singapuri ja Singapurist\">Singapur (Singapur)<\/a><\/td><td class=\"column-2\">7295<\/td><td class=\"column-3\">7704<\/td>\n<\/tr>\n<tr class=\"row-27\">\n\t<td class=\"column-1\"><a href=\"https:\/\/moverdb.com\/et\/container-shipping\/south-korea\/\" data-internallinksmanager029f6b8e52c=\"180\" title=\"2023 Mereveo konteinerite veohinnad L\u00f5una-Koreasse ja sealt v\u00e4lja\">L\u00f5una-Korea (Busan)<\/a><\/td><td class=\"column-2\">7295<\/td><td class=\"column-3\">7704<\/td>\n<\/tr>\n<tr class=\"row-28\">\n\t<td class=\"column-1\"><a href=\"https:\/\/moverdb.com\/et\/container-shipping\/spain\/\" data-internallinksmanager029f6b8e52c=\"182\" title=\"2023 Mereveo konteinerite veohinnad Hispaaniasse ja Hispaaniast\">Hispaania (Valencia)<\/a><\/td><td class=\"column-2\">12974<\/td><td class=\"column-3\">17177<\/td>\n<\/tr>\n<tr class=\"row-29\">\n\t<td class=\"column-1\"><a href=\"https:\/\/moverdb.com\/et\/container-shipping\/taiwan\/\" data-internallinksmanager029f6b8e52c=\"183\" title=\"2023 Mereveo konteineri veohinnad Taiwanile ja Taiwanist\">Taiwan (Kaohsiung)<\/a><\/td><td class=\"column-2\">6696<\/td><td class=\"column-3\">7077<\/td>\n<\/tr>\n<tr class=\"row-30\">\n\t<td class=\"column-1\"><a href=\"https:\/\/moverdb.com\/et\/container-shipping\/thailand\/\" data-internallinksmanager029f6b8e52c=\"189\" title=\"2023 Mereveo konteinerite veohinnad Taisse ja Taist\">Tai (Laem Chabang)<\/a><\/td><td class=\"column-2\">7295<\/td><td class=\"column-3\">7933<\/td>\n<\/tr>\n<tr class=\"row-31\">\n\t<td class=\"column-1\"><a href=\"https:\/\/moverdb.com\/et\/container-shipping\/united-arab-emirates\/\" data-internallinksmanager029f6b8e52c=\"188\" title=\"2026 Konteinerite veohinnad A\u00dcEsse ja A\u00dcEst\">A\u00dcE (Jebel Ali)<\/a><\/td><td class=\"column-2\">4098<\/td><td class=\"column-3\">5198<\/td>\n<\/tr>\n<tr class=\"row-32\">\n\t<td class=\"column-1\"><a href=\"https:\/\/moverdb.com\/et\/container-shipping\/united-kingdom\/\" data-internallinksmanager029f6b8e52c=\"196\" title=\"2026 Konteinerite veohinnad \u00dchendkuningriiki ja \u00dchendkuningriigist\">\u00dchendkuningriik (London)<\/a><\/td><td class=\"column-2\">2756<\/td><td class=\"column-3\">2774<\/td>\n<\/tr>\n<tr class=\"row-33\">\n\t<td class=\"column-1\"><a href=\"https:\/\/moverdb.com\/et\/moving-to-the-united-states\/\" data-internallinksmanager029f6b8e52c=\"94\" title=\"Kolimine Ameerika \u00dchendriikidesse? 2022 Elamiskulud ja kolimisn\u00f5uanded\">USA<\/a> (<a href=\"https:\/\/moverdb.com\/et\/moving-to-los-angeles\/\" data-internallinksmanager029f6b8e52c=\"51\" title=\"Kolimine Los Angelesse? 2026 LA elamiskulud ja kolimisn\u00f5uanded\">Los Angeles<\/a>)<\/td><td class=\"column-2\">912<\/td><td class=\"column-3\">1309<\/td>\n<\/tr>\n<tr class=\"row-34\">\n\t<td class=\"column-1\"><a href=\"https:\/\/moverdb.com\/et\/container-shipping\/united-states\/\" data-internallinksmanager029f6b8e52c=\"87\" title=\"2023 Mereveo konteinerite veohinnad USAsse ja USAst\">USA (New York)<\/a><\/td><td class=\"column-2\">2624<\/td><td class=\"column-3\">1937<\/td>\n<\/tr>\n<tr class=\"row-35\">\n\t<td class=\"column-1\"><a href=\"https:\/\/moverdb.com\/et\/container-shipping\/vietnam\/\" data-internallinksmanager029f6b8e52c=\"245\" title=\"2023 Mereveo konteinerite veohinnad Vietnami ja Vietnamist\">Vietnam (Saigon)<\/a><\/td><td class=\"column-2\">7295<\/td><td class=\"column-3\">7704<\/td>\n<\/tr>\n<\/tbody>\n<\/table>\n<!-- #tablepress-79 from cache -->\n\n\n\n<h2 class=\"wp-block-heading\">Laevakonteinerite kulud Kaimanisaartelt (George Town)<\/h2>\n\n\n<div class=\"wp-block-image\">\n<figure class=\"aligncenter size-large\"><img loading=\"lazy\" decoding=\"async\" width=\"1024\" height=\"539\" src=\"https:\/\/moverdb.com\/wp-content\/uploads\/Shipping-Container-Costs-from-Cayman-Islands-1024x539.png\" alt=\"Laevakonteinerite kulud Kaimanisaartelt (George Town)\" class=\"wp-image-4096\" srcset=\"https:\/\/moverdb.com\/wp-content\/uploads\/Shipping-Container-Costs-from-Cayman-Islands-1024x539.png 1024w, https:\/\/moverdb.com\/wp-content\/uploads\/Shipping-Container-Costs-from-Cayman-Islands-300x158.png 300w, https:\/\/moverdb.com\/wp-content\/uploads\/Shipping-Container-Costs-from-Cayman-Islands-1536x809.png 1536w, https:\/\/moverdb.com\/wp-content\/uploads\/Shipping-Container-Costs-from-Cayman-Islands-18x9.png 18w, https:\/\/moverdb.com\/wp-content\/uploads\/Shipping-Container-Costs-from-Cayman-Islands-600x316.png 600w, https:\/\/moverdb.com\/wp-content\/uploads\/Shipping-Container-Costs-from-Cayman-Islands.png 2000w\" sizes=\"auto, (max-width: 1024px) 100vw, 1024px\" \/><\/figure>\n<\/div>\n\n\n<table id=\"tablepress-75\" class=\"tablepress tablepress-id-75\">\n<thead>\n<tr class=\"row-1\">\n\t<th class=\"column-1\">Sihtriik (sadam\/linn)<\/th><th class=\"column-2\">20FT<\/th><th class=\"column-3\">40FT<\/th>\n<\/tr>\n<\/thead>\n<tbody class=\"row-striping row-hover\">\n<tr class=\"row-2\">\n\t<td class=\"column-1\">Andorra (Andorra la Vella)<\/td><td class=\"column-2\">346<\/td><td class=\"column-3\">355<\/td>\n<\/tr>\n<tr class=\"row-3\">\n\t<td class=\"column-1\"><a href=\"https:\/\/moverdb.com\/et\/container-shipping\/antigua-and-barbuda\/\" data-internallinksmanager029f6b8e52c=\"92\" title=\"2023 Mereveo konteinerite veohinnad Antigua ja Barbudalt ja tagasi\">Antigua ja Barbuda (St John's)<\/a><\/td><td class=\"column-2\">600<\/td><td class=\"column-3\">801<\/td>\n<\/tr>\n<tr class=\"row-4\">\n\t<td class=\"column-1\">Argentina (Buenos Aires)<\/td><td class=\"column-2\">928<\/td><td class=\"column-3\">1416<\/td>\n<\/tr>\n<tr class=\"row-5\">\n\t<td class=\"column-1\">Austraalia (Sydney)<\/td><td class=\"column-2\">6430<\/td><td class=\"column-3\">8027<\/td>\n<\/tr>\n<tr class=\"row-6\">\n\t<td class=\"column-1\">Brasiilia (Santos)<\/td><td class=\"column-2\">928<\/td><td class=\"column-3\">1416<\/td>\n<\/tr>\n<tr class=\"row-7\">\n\t<td class=\"column-1\"><a href=\"https:\/\/moverdb.com\/et\/container-shipping\/canada\/\" data-internallinksmanager029f6b8e52c=\"102\" title=\"2023 Mereveo konteinerite veohinnad Kanadasse ja Kanadast\">Kanada (Toronto)<\/a><\/td><td class=\"column-2\">2331<\/td><td class=\"column-3\">3074<\/td>\n<\/tr>\n<tr class=\"row-8\">\n\t<td class=\"column-1\">Kanada (<a href=\"https:\/\/moverdb.com\/et\/moving-to-canada\/moving-to-vancouver\/\" data-internallinksmanager029f6b8e52c=\"438\" title=\"Kolimine Vancouverisse? 2023 elamiskulud ja kolimisn\u00f5uanded\">Vancouver<\/a>)<\/td><td class=\"column-2\">2842<\/td><td class=\"column-3\">3664<\/td>\n<\/tr>\n<tr class=\"row-9\">\n\t<td class=\"column-1\">Hiina (Peking)<\/td><td class=\"column-2\">3737<\/td><td class=\"column-3\">4102<\/td>\n<\/tr>\n<tr class=\"row-10\">\n\t<td class=\"column-1\">Hiina (Shanghai)<\/td><td class=\"column-2\">3449<\/td><td class=\"column-3\">4010<\/td>\n<\/tr>\n<tr class=\"row-11\">\n\t<td class=\"column-1\"><a href=\"https:\/\/moverdb.com\/et\/container-shipping\/colombia\/\" data-internallinksmanager029f6b8e52c=\"106\" title=\"2023 Mereveo konteinerite veohinnad Kolumbiasse ja Colombiast\">Colombia (Barranquilla)<\/a><\/td><td class=\"column-2\">638<\/td><td class=\"column-3\">870<\/td>\n<\/tr>\n<tr class=\"row-12\">\n\t<td class=\"column-1\">Indoneesia (Jakarta)<\/td><td class=\"column-2\">6307<\/td><td class=\"column-3\">7267<\/td>\n<\/tr>\n<tr class=\"row-13\">\n\t<td class=\"column-1\">Malaisia (Port Kelang)<\/td><td class=\"column-2\">6307<\/td><td class=\"column-3\">7267<\/td>\n<\/tr>\n<tr class=\"row-14\">\n\t<td class=\"column-1\"><a href=\"https:\/\/moverdb.com\/et\/container-shipping\/new-zealand\/\" data-internallinksmanager029f6b8e52c=\"163\" title=\"2023 Mereveo konteinerite veohinnad Uus-Meremaale ja Uus-Meremaalt\">Uus-Meremaa (Auckland)<\/a><\/td><td class=\"column-2\">6430<\/td><td class=\"column-3\">8027<\/td>\n<\/tr>\n<tr class=\"row-15\">\n\t<td class=\"column-1\"><a href=\"https:\/\/moverdb.com\/et\/container-shipping\/papua-new-guinea\/\" data-internallinksmanager029f6b8e52c=\"165\" title=\"2023 Mereveo konteinerite veohinnad Paapua Uus-Guineasse ja Paapua Uus-Guineast\">Paapua Uus-Guinea (Port Moresby)<\/a><\/td><td class=\"column-2\">6430<\/td><td class=\"column-3\">8027<\/td>\n<\/tr>\n<tr class=\"row-16\">\n\t<td class=\"column-1\">Singapur (Singapur)<\/td><td class=\"column-2\">6307<\/td><td class=\"column-3\">7267<\/td>\n<\/tr>\n<tr class=\"row-17\">\n\t<td class=\"column-1\"><a href=\"https:\/\/moverdb.com\/et\/container-shipping\/south-africa\/\" data-internallinksmanager029f6b8e52c=\"185\" title=\"2023 Mereveo konteinerite veohinnad L\u00f5una-Aafrikasse ja L\u00f5una-Aafrikast\">L\u00f5una-Aafrika Vabariik (Durban)<\/a><\/td><td class=\"column-2\">4806<\/td><td class=\"column-3\">5277<\/td>\n<\/tr>\n<tr class=\"row-18\">\n\t<td class=\"column-1\">USA (Los Angeles)<\/td><td class=\"column-2\">729<\/td><td class=\"column-3\">905<\/td>\n<\/tr>\n<tr class=\"row-19\">\n\t<td class=\"column-1\">USA (New York)<\/td><td class=\"column-2\">363<\/td><td class=\"column-3\">363<\/td>\n<\/tr>\n<\/tbody>\n<\/table>\n<!-- #tablepress-75 from cache -->\n\n\n\n<h3 class=\"wp-block-heading\">M\u00e4rkused andmete kohta:<\/h3>\n\n\n\n<ul class=\"wp-block-list\"><li>K\u00f5ik $ arvud on v\u00e4ljendatud USA dollarites (USD);<\/li><li>Hinnad on t\u00e4psed alates 2022. aasta keskpaigast;<\/li><li>Selles artiklis olevad kaardid on loodud kasutades <a href=\"https:\/\/www.mapchart.net\" target=\"_blank\" rel=\"noreferrer noopener\">https:\/\/www.mapchart.net<\/a>. Te v\u00f5ite neid kaarte vabalt jagada, kui te annate lingi, mis viitab tagasi <a href=\"https:\/\/moverdb.com\/et\/\" target=\"_blank\" rel=\"noreferrer noopener\">MoverDB<\/a>;<\/li><li>\u00dclaltoodud m\u00e4\u00e4rad on ainult hinnangulised ja v\u00f5ivad olla muutunud alates k\u00e4esoleva artikli avaldamisest (aprill 2022). Need p\u00f5hinevad k\u00f5ige madalamal hinnangulisel m\u00e4\u00e4ral, mis on saadud kas <a href=\"https:\/\/www.icontainers.com\" target=\"_blank\" rel=\"noreferrer noopener\">https:\/\/www.icontainers.com<\/a> v\u00f5i <a href=\"https:\/\/www.freightos.com\" target=\"_blank\" rel=\"noreferrer noopener\">https:\/\/www.freightos.com<\/a>;<\/li><li>Selleks, et saada t\u00e4psem ettekujutus maksumusest, kasutage palun selle lehek\u00fclje \u00fclaosas olevat hinnapakkumise vormi;<\/li><li>Palun vaadake ka meie juhendit <a href=\"https:\/\/moverdb.com\/et\/konteiner-laevandus\/\" target=\"_blank\" rel=\"noreferrer noopener\">rahvusvaheline konteinervedu<\/a><\/li><\/ul>","protected":false},"excerpt":{"rendered":"<p>The Cayman Islands are an easily-accessible paradise just like the rest of the beautiful countries in the Caribbean. There are, in fact, three Cayman islands that are all decorated with breathtaking beaches, palm trees, and pristine lagoons. This small country is perfect for anyone willing to enjoy their life while still working as the place [&hellip;]<\/p>\n","protected":false},"author":2,"featured_media":4095,"parent":44,"menu_order":0,"comment_status":"open","ping_status":"closed","template":"","meta":{"_genesis_hide_title":false,"_genesis_hide_breadcrumbs":false,"_genesis_hide_singular_image":false,"_genesis_hide_footer_widgets":false,"_genesis_custom_body_class":"","_genesis_custom_post_class":"","_genesis_layout":"","footnotes":""},"class_list":{"0":"post-4126","1":"page","2":"type-page","3":"status-publish","4":"has-post-thumbnail","6":"entry"},"_links":{"self":[{"href":"https:\/\/moverdb.com\/et\/wp-json\/wp\/v2\/pages\/4126","targetHints":{"allow":["GET"]}}],"collection":[{"href":"https:\/\/moverdb.com\/et\/wp-json\/wp\/v2\/pages"}],"about":[{"href":"https:\/\/moverdb.com\/et\/wp-json\/wp\/v2\/types\/page"}],"author":[{"embeddable":true,"href":"https:\/\/moverdb.com\/et\/wp-json\/wp\/v2\/users\/2"}],"replies":[{"embeddable":true,"href":"https:\/\/moverdb.com\/et\/wp-json\/wp\/v2\/comments?post=4126"}],"version-history":[{"count":1,"href":"https:\/\/moverdb.com\/et\/wp-json\/wp\/v2\/pages\/4126\/revisions"}],"predecessor-version":[{"id":4127,"href":"https:\/\/moverdb.com\/et\/wp-json\/wp\/v2\/pages\/4126\/revisions\/4127"}],"up":[{"embeddable":true,"href":"https:\/\/moverdb.com\/et\/wp-json\/wp\/v2\/pages\/44"}],"wp:featuredmedia":[{"embeddable":true,"href":"https:\/\/moverdb.com\/et\/wp-json\/wp\/v2\/media\/4095"}],"wp:attachment":[{"href":"https:\/\/moverdb.com\/et\/wp-json\/wp\/v2\/media?parent=4126"}],"curies":[{"name":"wp","href":"https:\/\/api.w.org\/{rel}","templated":true}]}}