{"id":384,"date":"2016-05-26T14:06:53","date_gmt":"2016-05-26T14:06:53","guid":{"rendered":"http:\/\/moverdb.com\/?page_id=384"},"modified":"2026-01-08T14:40:17","modified_gmt":"2026-01-08T14:40:17","slug":"arvustused","status":"publish","type":"page","link":"https:\/\/moverdb.com\/et\/reviews\/","title":{"rendered":"MoverDB International Moving Company Arvamused ja hinded Selgitused"},"content":{"rendered":"<p>MoverDB.com eesm\u00e4rk on tuua teile erapooletut teavet ja \u00fclevaateid maailma suurimatest ja <a href=\"https:\/\/moverdb.com\/et\/kolimisfirmad\/\">parimad rahvusvahelised kolimisfirmad<\/a>. Selleks oleme loonud profiilid iga liikleja jaoks.<\/p>\n<p>Iga profiil sisaldab j\u00e4rgmist teavet:<\/p>\n<ol>\n<li> Ettev\u00f5tte pakutavad kolimisteenused.<\/li>\n<li> Ettev\u00f5tte profiil: sealhulgas ajalugu, maine ja <a href=\"https:\/\/moverdb.com\/et\/organisatsioonid-uhendused\/\">organisatsioonid ja sidemed<\/a> koos muude huvitavate faktidega.<\/li>\n<li> Arvamused kogu veebist, mis aitavad teil valida parema kolija.<\/li>\n<\/ol>\n<p><strong>4. Veebisaidi l\u00e4bivaatamine selgitatud<\/strong><\/p>\n<p>L\u00f5puks sisaldab MoverDB.com ka iga kolija kohta veebilehe hinnangut. See on hinnang veebilehe kasulikkusele ja <strong>ei kajasta<\/strong> liikuri enda kvaliteet. Selle asemel vaadeldakse j\u00e4rgmisi asju:<\/p>\n<ol>\n<li> Selged kontaktandmed<\/li>\n<li> V\u00f5imalus h\u00f5lpsasti hinnapakkumist saada<\/li>\n<li> Selge ja kasulik teave veebilehel<\/li>\n<li> Liikmelisus rahvusvahelistes liikumisorganisatsioonides<\/li>\n<li> Arvustused ja iseloomustused<\/li>\n<\/ol>\n<p><em>Palun kasutage neid omal vastutusel. MoverDB.com ei v\u00f5ta vastutust esitatud teabe t\u00e4psuse eest. Peale selle ei v\u00f5ta me mingit vastutust sellel veebisaidil oleva teabe ja \u00fclevaadete kasutamise eest kolija valimisel. Me lihtsalt pakume v\u00f5imalust <a href=\"https:\/\/moverdb.com\/et\/tsitaadid\/\">v\u00f5rdle kolijaid tasuta hinnapakkumistega<\/a>.<\/em><\/p>","protected":false},"excerpt":{"rendered":"<p>At MoverDB.com our goal is to bring you unbiased information and reviews of the world&#8217;s biggest and best international moving companies. To do this we&#8217;ve created profiles for each and every mover. Each profile includes the following information: Moving services offered by the company. Company profile: including history, reputation and organizations &#038; affiliations along with [&hellip;]<\/p>\n","protected":false},"author":1,"featured_media":0,"parent":0,"menu_order":0,"comment_status":"closed","ping_status":"closed","template":"","meta":{"_genesis_hide_title":false,"_genesis_hide_breadcrumbs":false,"_genesis_hide_singular_image":false,"_genesis_hide_footer_widgets":false,"_genesis_custom_body_class":"","_genesis_custom_post_class":"","_genesis_layout":"","footnotes":""},"class_list":{"0":"post-384","1":"page","2":"type-page","3":"status-publish","5":"entry"},"_links":{"self":[{"href":"https:\/\/moverdb.com\/et\/wp-json\/wp\/v2\/pages\/384","targetHints":{"allow":["GET"]}}],"collection":[{"href":"https:\/\/moverdb.com\/et\/wp-json\/wp\/v2\/pages"}],"about":[{"href":"https:\/\/moverdb.com\/et\/wp-json\/wp\/v2\/types\/page"}],"author":[{"embeddable":true,"href":"https:\/\/moverdb.com\/et\/wp-json\/wp\/v2\/users\/1"}],"replies":[{"embeddable":true,"href":"https:\/\/moverdb.com\/et\/wp-json\/wp\/v2\/comments?post=384"}],"version-history":[{"count":3,"href":"https:\/\/moverdb.com\/et\/wp-json\/wp\/v2\/pages\/384\/revisions"}],"predecessor-version":[{"id":387,"href":"https:\/\/moverdb.com\/et\/wp-json\/wp\/v2\/pages\/384\/revisions\/387"}],"wp:attachment":[{"href":"https:\/\/moverdb.com\/et\/wp-json\/wp\/v2\/media?parent=384"}],"curies":[{"name":"wp","href":"https:\/\/api.w.org\/{rel}","templated":true}]}}